{"id":9951,"date":"2015-10-15T14:07:07","date_gmt":"2015-10-15T12:07:07","guid":{"rendered":"http:\/\/foliobooks.pl\/en\/?post_type=product&#038;p=9951"},"modified":"2021-03-03T17:05:28","modified_gmt":"2021-03-03T16:05:28","slug":"whet-my-appetite","status":"publish","type":"product","link":"https:\/\/foliobooks.pl\/en\/shop\/whet-my-appetite\/","title":{"rendered":"Whet My Appetite"},"content":{"rendered":"<p>For many of us, eating out is one of the supreme pleasures in life. The experience exposes us to the talents of a legion of chefs and entrepreneurs who find fulfillment in creating subtle and original experiences for our palates. This consideration does not stop at taste, but extends to the other senses as well, providing new combinations of form, color and texture that can comfort or tantalize. This can also be true of the design of restaurants. Through the skillful actions of designers, a brand\u2019s aims can be met as the overall experience is enhanced. For the eateries profiled here, every decision is deliberate and a part of the whole brief \u2014 from interior graphics and signage, to menu, packaging and utensil design. <em>Whet My Appetite<\/em> presents the cr\u00e8me de la cr\u00e8me of recent design for restaurants that are pushing the boundaries of taste.<\/p>\n","protected":false},"excerpt":{"rendered":"<p>For many of us, eating out is one of the supreme pleasures in life. The experience exposes us to the talents of a legion of chefs and entrepreneurs who find fulfillment in creating subtle and original experiences for our palates. This consideration does not stop at taste, but extends to the other senses as well,&#8230;<\/p>\n","protected":false},"featured_media":9940,"comment_status":"closed","ping_status":"closed","template":"","meta":[],"product_brand":[],"product_cat":[4516],"product_tag":[1156,1126,4524,290,1157],"class_list":{"0":"post-9951","1":"product","2":"type-product","3":"status-publish","4":"has-post-thumbnail","6":"product_cat-architecture-en","7":"product_tag-appliedarts-en","8":"product_tag-architects-en","9":"product_tag-design-en-en","10":"product_tag-interiors-en","11":"product_tag-restaurants","12":"pa_cover-hardcover","13":"pa_format-21-x-28-cm-en","14":"pa_isbn-9781584235200-en","15":"pa_language-eng","16":"pa_pages-240-en","17":"pa_published-2013-11-06-en","18":"pa_publisher-gingko-press-en","20":"first","21":"instock","22":"sale","23":"sold-individually","24":"shipping-taxable","25":"purchasable","26":"product-type-simple"},"yoast_head":"<!-- This site is optimized with the Yoast SEO plugin v27.6 - https:\/\/yoast.com\/product\/yoast-seo-wordpress\/ -->\n<title>Whet My Appetite () - book \/ album - Folio<\/title>\n<meta name=\"description\" content=\"Wejd\u017a i kup ksi\u0105\u017ck\u0119 Whet My Appetite autorstwa wydan\u0105 przez Gingko Press (2013-11-06) w formacie 21 x 28 cm (ISBN: 9781584235200). Zapraszamy!\" \/>\n<meta name=\"robots\" content=\"index, follow, max-snippet:-1, max-image-preview:large, max-video-preview:-1\" \/>\n<link rel=\"canonical\" href=\"https:\/\/foliobooks.pl\/en\/shop\/whet-my-appetite\/\" \/>\n<meta property=\"og:locale\" content=\"en_US\" \/>\n<meta property=\"og:type\" content=\"article\" \/>\n<meta property=\"og:title\" content=\"Whet My Appetite () - book \/ album - Folio\" \/>\n<meta property=\"og:description\" content=\"Wejd\u017a i kup ksi\u0105\u017ck\u0119 Whet My Appetite autorstwa wydan\u0105 przez Gingko Press (2013-11-06) w formacie 21 x 28 cm (ISBN: 9781584235200). Zapraszamy!\" \/>\n<meta property=\"og:url\" content=\"https:\/\/foliobooks.pl\/en\/shop\/whet-my-appetite\/\" \/>\n<meta property=\"og:site_name\" content=\"Folio\" \/>\n<meta property=\"article:modified_time\" content=\"2021-03-03T16:05:28+00:00\" \/>\n<meta property=\"og:image\" content=\"https:\/\/foliobooks.pl\/wp-content\/uploads\/2015\/10\/9781584235200.png\" \/>\n\t<meta property=\"og:image:width\" content=\"570\" \/>\n\t<meta property=\"og:image:height\" content=\"708\" \/>\n\t<meta property=\"og:image:type\" content=\"image\/png\" \/>\n<meta name=\"twitter:card\" content=\"summary_large_image\" \/>\n<meta name=\"twitter:label1\" content=\"Est. reading time\" \/>\n\t<meta name=\"twitter:data1\" content=\"1 minute\" \/>\n<script type=\"application\/ld+json\" class=\"yoast-schema-graph\">{\"@context\":\"https:\\\/\\\/schema.org\",\"@graph\":[{\"@type\":\"WebPage\",\"@id\":\"https:\\\/\\\/foliobooks.pl\\\/en\\\/shop\\\/whet-my-appetite\\\/\",\"url\":\"https:\\\/\\\/foliobooks.pl\\\/en\\\/shop\\\/whet-my-appetite\\\/\",\"name\":\"Whet My Appetite () - book \\\/ album - Folio\",\"isPartOf\":{\"@id\":\"https:\\\/\\\/foliobooks.pl\\\/en\\\/#website\"},\"primaryImageOfPage\":{\"@id\":\"https:\\\/\\\/foliobooks.pl\\\/en\\\/shop\\\/whet-my-appetite\\\/#primaryimage\"},\"image\":{\"@id\":\"https:\\\/\\\/foliobooks.pl\\\/en\\\/shop\\\/whet-my-appetite\\\/#primaryimage\"},\"thumbnailUrl\":\"https:\\\/\\\/foliobooks.pl\\\/wp-content\\\/uploads\\\/2015\\\/10\\\/9781584235200.png\",\"datePublished\":\"2015-10-15T12:07:07+00:00\",\"dateModified\":\"2021-03-03T16:05:28+00:00\",\"description\":\"Wejd\u017a i kup ksi\u0105\u017ck\u0119 Whet My Appetite autorstwa wydan\u0105 przez Gingko Press (2013-11-06) w formacie 21 x 28 cm (ISBN: 9781584235200). Zapraszamy!\",\"breadcrumb\":{\"@id\":\"https:\\\/\\\/foliobooks.pl\\\/en\\\/shop\\\/whet-my-appetite\\\/#breadcrumb\"},\"inLanguage\":\"en-US\",\"potentialAction\":[{\"@type\":\"ReadAction\",\"target\":[\"https:\\\/\\\/foliobooks.pl\\\/en\\\/shop\\\/whet-my-appetite\\\/\"]}]},{\"@type\":\"ImageObject\",\"inLanguage\":\"en-US\",\"@id\":\"https:\\\/\\\/foliobooks.pl\\\/en\\\/shop\\\/whet-my-appetite\\\/#primaryimage\",\"url\":\"https:\\\/\\\/foliobooks.pl\\\/wp-content\\\/uploads\\\/2015\\\/10\\\/9781584235200.png\",\"contentUrl\":\"https:\\\/\\\/foliobooks.pl\\\/wp-content\\\/uploads\\\/2015\\\/10\\\/9781584235200.png\",\"width\":570,\"height\":708},{\"@type\":\"BreadcrumbList\",\"@id\":\"https:\\\/\\\/foliobooks.pl\\\/en\\\/shop\\\/whet-my-appetite\\\/#breadcrumb\",\"itemListElement\":[{\"@type\":\"ListItem\",\"position\":1,\"name\":\"Strona g\u0142\u00f3wna\",\"item\":\"https:\\\/\\\/foliobooks.pl\\\/en\\\/\"},{\"@type\":\"ListItem\",\"position\":2,\"name\":\"Shop\",\"item\":\"https:\\\/\\\/foliobooks.pl\\\/en\\\/shop\\\/\"},{\"@type\":\"ListItem\",\"position\":3,\"name\":\"Whet My Appetite\"}]},{\"@type\":\"WebSite\",\"@id\":\"https:\\\/\\\/foliobooks.pl\\\/en\\\/#website\",\"url\":\"https:\\\/\\\/foliobooks.pl\\\/en\\\/\",\"name\":\"Folio\",\"description\":\"Ksi\u0119garnia internetowa\",\"potentialAction\":[{\"@type\":\"SearchAction\",\"target\":{\"@type\":\"EntryPoint\",\"urlTemplate\":\"https:\\\/\\\/foliobooks.pl\\\/en\\\/?s={search_term_string}\"},\"query-input\":{\"@type\":\"PropertyValueSpecification\",\"valueRequired\":true,\"valueName\":\"search_term_string\"}}],\"inLanguage\":\"en-US\"}]}<\/script>\n<!-- \/ Yoast SEO plugin. -->","yoast_head_json":{"title":"Whet My Appetite () - book \/ album - Folio","description":"Wejd\u017a i kup ksi\u0105\u017ck\u0119 Whet My Appetite autorstwa wydan\u0105 przez Gingko Press (2013-11-06) w formacie 21 x 28 cm (ISBN: 9781584235200). Zapraszamy!","robots":{"index":"index","follow":"follow","max-snippet":"max-snippet:-1","max-image-preview":"max-image-preview:large","max-video-preview":"max-video-preview:-1"},"canonical":"https:\/\/foliobooks.pl\/en\/shop\/whet-my-appetite\/","og_locale":"en_US","og_type":"article","og_title":"Whet My Appetite () - book \/ album - Folio","og_description":"Wejd\u017a i kup ksi\u0105\u017ck\u0119 Whet My Appetite autorstwa wydan\u0105 przez Gingko Press (2013-11-06) w formacie 21 x 28 cm (ISBN: 9781584235200). Zapraszamy!","og_url":"https:\/\/foliobooks.pl\/en\/shop\/whet-my-appetite\/","og_site_name":"Folio","article_modified_time":"2021-03-03T16:05:28+00:00","og_image":[{"width":570,"height":708,"url":"https:\/\/foliobooks.pl\/wp-content\/uploads\/2015\/10\/9781584235200.png","type":"image\/png"}],"twitter_card":"summary_large_image","twitter_misc":{"Est. reading time":"1 minute"},"schema":{"@context":"https:\/\/schema.org","@graph":[{"@type":"WebPage","@id":"https:\/\/foliobooks.pl\/en\/shop\/whet-my-appetite\/","url":"https:\/\/foliobooks.pl\/en\/shop\/whet-my-appetite\/","name":"Whet My Appetite () - book \/ album - Folio","isPartOf":{"@id":"https:\/\/foliobooks.pl\/en\/#website"},"primaryImageOfPage":{"@id":"https:\/\/foliobooks.pl\/en\/shop\/whet-my-appetite\/#primaryimage"},"image":{"@id":"https:\/\/foliobooks.pl\/en\/shop\/whet-my-appetite\/#primaryimage"},"thumbnailUrl":"https:\/\/foliobooks.pl\/wp-content\/uploads\/2015\/10\/9781584235200.png","datePublished":"2015-10-15T12:07:07+00:00","dateModified":"2021-03-03T16:05:28+00:00","description":"Wejd\u017a i kup ksi\u0105\u017ck\u0119 Whet My Appetite autorstwa wydan\u0105 przez Gingko Press (2013-11-06) w formacie 21 x 28 cm (ISBN: 9781584235200). Zapraszamy!","breadcrumb":{"@id":"https:\/\/foliobooks.pl\/en\/shop\/whet-my-appetite\/#breadcrumb"},"inLanguage":"en-US","potentialAction":[{"@type":"ReadAction","target":["https:\/\/foliobooks.pl\/en\/shop\/whet-my-appetite\/"]}]},{"@type":"ImageObject","inLanguage":"en-US","@id":"https:\/\/foliobooks.pl\/en\/shop\/whet-my-appetite\/#primaryimage","url":"https:\/\/foliobooks.pl\/wp-content\/uploads\/2015\/10\/9781584235200.png","contentUrl":"https:\/\/foliobooks.pl\/wp-content\/uploads\/2015\/10\/9781584235200.png","width":570,"height":708},{"@type":"BreadcrumbList","@id":"https:\/\/foliobooks.pl\/en\/shop\/whet-my-appetite\/#breadcrumb","itemListElement":[{"@type":"ListItem","position":1,"name":"Strona g\u0142\u00f3wna","item":"https:\/\/foliobooks.pl\/en\/"},{"@type":"ListItem","position":2,"name":"Shop","item":"https:\/\/foliobooks.pl\/en\/shop\/"},{"@type":"ListItem","position":3,"name":"Whet My Appetite"}]},{"@type":"WebSite","@id":"https:\/\/foliobooks.pl\/en\/#website","url":"https:\/\/foliobooks.pl\/en\/","name":"Folio","description":"Ksi\u0119garnia internetowa","potentialAction":[{"@type":"SearchAction","target":{"@type":"EntryPoint","urlTemplate":"https:\/\/foliobooks.pl\/en\/?s={search_term_string}"},"query-input":{"@type":"PropertyValueSpecification","valueRequired":true,"valueName":"search_term_string"}}],"inLanguage":"en-US"}]}},"_links":{"self":[{"href":"https:\/\/foliobooks.pl\/en\/wp-json\/wp\/v2\/product\/9951","targetHints":{"allow":["GET"]}}],"collection":[{"href":"https:\/\/foliobooks.pl\/en\/wp-json\/wp\/v2\/product"}],"about":[{"href":"https:\/\/foliobooks.pl\/en\/wp-json\/wp\/v2\/types\/product"}],"replies":[{"embeddable":true,"href":"https:\/\/foliobooks.pl\/en\/wp-json\/wp\/v2\/comments?post=9951"}],"wp:featuredmedia":[{"embeddable":true,"href":"https:\/\/foliobooks.pl\/en\/wp-json\/wp\/v2\/media\/9940"}],"wp:attachment":[{"href":"https:\/\/foliobooks.pl\/en\/wp-json\/wp\/v2\/media?parent=9951"}],"wp:term":[{"taxonomy":"product_brand","embeddable":true,"href":"https:\/\/foliobooks.pl\/en\/wp-json\/wp\/v2\/product_brand?post=9951"},{"taxonomy":"product_cat","embeddable":true,"href":"https:\/\/foliobooks.pl\/en\/wp-json\/wp\/v2\/product_cat?post=9951"},{"taxonomy":"product_tag","embeddable":true,"href":"https:\/\/foliobooks.pl\/en\/wp-json\/wp\/v2\/product_tag?post=9951"}],"curies":[{"name":"wp","href":"https:\/\/api.w.org\/{rel}","templated":true}]}}