{"id":99133,"date":"2023-12-19T10:40:15","date_gmt":"2023-12-19T09:40:15","guid":{"rendered":"https:\/\/foliobooks.pl\/sklep\/welcome-to-the-arts-dance\/"},"modified":"2023-12-19T10:40:15","modified_gmt":"2023-12-19T09:40:15","slug":"welcome-to-the-arts-dance","status":"publish","type":"product","link":"https:\/\/foliobooks.pl\/en\/shop\/welcome-to-the-arts-dance\/","title":{"rendered":"Welcome to the Arts. Dance"},"content":{"rendered":"<p>Brilliantly curated and beautifully illustrated, the Welcome to the Arts series offers all-hours admission to some of the world&#8217;s most wondrous performances.<\/p>\n<p>From Swan Lake to Riverdance, flamenco to tap, Dance features some of the most iconic performances and popular dances from around the world. Learn about the history, culture, evolution and technique of each dance, while also discovering the stars of past and present, including Fred Astaire, Carlos Acosta, Martha Graham and much more. Exclusive backstage access also allows you to see what goes on behind the theatre doors, including prop and costume design.<\/p>\n<p>Expertly written by Sir Alistair Spalding and published in conjunction with Sadler&#8217;s Wells, this beautifully illustrated book is also a large format, so the whole family can be immersed in the wonderful world of dance.<\/p>\n<p>The perfect gift for any Strictly fan, musical lover or budding dancer.<\/p>\n","protected":false},"excerpt":{"rendered":"<p>Brilliantly curated and beautifully illustrated, the Welcome to the Arts series offers all-hours admission to some of the world&#8217;s most wondrous performances. From Swan Lake to Riverdance, flamenco to tap, Dance features some of the most iconic performances and popular dances from around the world. Learn about the history, culture, evolution and technique of each&#8230;<\/p>\n","protected":false},"featured_media":99126,"comment_status":"closed","ping_status":"closed","template":"","meta":[],"product_brand":[],"product_cat":[13533,4517],"product_tag":[2655],"class_list":{"0":"post-99133","1":"product","2":"type-product","3":"status-publish","4":"has-post-thumbnail","6":"product_cat-books","7":"product_cat-photography-en","8":"product_tag-dance","9":"pa_author_att-alistair-spalding-en","10":"pa_cover-hardcover","11":"pa_isbn-9781800783362-en","12":"pa_language-eng","13":"pa_pages-112-en","14":"pa_published-2023-09-30-en","15":"pa_publisher-big-picture-press-en","17":"first","18":"instock","19":"sold-individually","20":"shipping-taxable","21":"purchasable","22":"product-type-simple"},"yoast_head":"<!-- This site is optimized with the Yoast SEO plugin v27.4 - https:\/\/yoast.com\/product\/yoast-seo-wordpress\/ -->\n<title>Welcome to the Arts. Dance (Alistair Spalding) - book \/ album - Folio<\/title>\n<meta name=\"description\" content=\"Wejd\u017a i kup ksi\u0105\u017ck\u0119 Welcome to the Arts. Dance autorstwa Alistair Spalding wydan\u0105 przez Big Picture Press (2023-09-30) w formacie (ISBN: 9781800783362). Zapraszamy!\" \/>\n<meta name=\"robots\" content=\"index, follow, max-snippet:-1, max-image-preview:large, max-video-preview:-1\" \/>\n<link rel=\"canonical\" href=\"https:\/\/foliobooks.pl\/en\/shop\/welcome-to-the-arts-dance\/\" \/>\n<meta property=\"og:locale\" content=\"en_US\" \/>\n<meta property=\"og:type\" content=\"article\" \/>\n<meta property=\"og:title\" content=\"Welcome to the Arts. Dance (Alistair Spalding) - book \/ album - Folio\" \/>\n<meta property=\"og:description\" content=\"Wejd\u017a i kup ksi\u0105\u017ck\u0119 Welcome to the Arts. Dance autorstwa Alistair Spalding wydan\u0105 przez Big Picture Press (2023-09-30) w formacie (ISBN: 9781800783362). Zapraszamy!\" \/>\n<meta property=\"og:url\" content=\"https:\/\/foliobooks.pl\/en\/shop\/welcome-to-the-arts-dance\/\" \/>\n<meta property=\"og:site_name\" content=\"Folio\" \/>\n<meta property=\"og:image\" content=\"https:\/\/foliobooks.pl\/wp-content\/uploads\/2023\/12\/9781800783362.png\" \/>\n\t<meta property=\"og:image:width\" content=\"570\" \/>\n\t<meta property=\"og:image:height\" content=\"708\" \/>\n\t<meta property=\"og:image:type\" content=\"image\/png\" \/>\n<meta name=\"twitter:card\" content=\"summary_large_image\" \/>\n<meta name=\"twitter:label1\" content=\"Est. reading time\" \/>\n\t<meta name=\"twitter:data1\" content=\"2 minutes\" \/>\n<script type=\"application\/ld+json\" class=\"yoast-schema-graph\">{\"@context\":\"https:\\\/\\\/schema.org\",\"@graph\":[{\"@type\":\"WebPage\",\"@id\":\"https:\\\/\\\/foliobooks.pl\\\/en\\\/shop\\\/welcome-to-the-arts-dance\\\/\",\"url\":\"https:\\\/\\\/foliobooks.pl\\\/en\\\/shop\\\/welcome-to-the-arts-dance\\\/\",\"name\":\"Welcome to the Arts. Dance (Alistair Spalding) - book \\\/ album - Folio\",\"isPartOf\":{\"@id\":\"https:\\\/\\\/foliobooks.pl\\\/en\\\/#website\"},\"primaryImageOfPage\":{\"@id\":\"https:\\\/\\\/foliobooks.pl\\\/en\\\/shop\\\/welcome-to-the-arts-dance\\\/#primaryimage\"},\"image\":{\"@id\":\"https:\\\/\\\/foliobooks.pl\\\/en\\\/shop\\\/welcome-to-the-arts-dance\\\/#primaryimage\"},\"thumbnailUrl\":\"https:\\\/\\\/foliobooks.pl\\\/wp-content\\\/uploads\\\/2023\\\/12\\\/9781800783362.png\",\"datePublished\":\"2023-12-19T09:40:15+00:00\",\"description\":\"Wejd\u017a i kup ksi\u0105\u017ck\u0119 Welcome to the Arts. Dance autorstwa Alistair Spalding wydan\u0105 przez Big Picture Press (2023-09-30) w formacie (ISBN: 9781800783362). Zapraszamy!\",\"breadcrumb\":{\"@id\":\"https:\\\/\\\/foliobooks.pl\\\/en\\\/shop\\\/welcome-to-the-arts-dance\\\/#breadcrumb\"},\"inLanguage\":\"en-US\",\"potentialAction\":[{\"@type\":\"ReadAction\",\"target\":[\"https:\\\/\\\/foliobooks.pl\\\/en\\\/shop\\\/welcome-to-the-arts-dance\\\/\"]}]},{\"@type\":\"ImageObject\",\"inLanguage\":\"en-US\",\"@id\":\"https:\\\/\\\/foliobooks.pl\\\/en\\\/shop\\\/welcome-to-the-arts-dance\\\/#primaryimage\",\"url\":\"https:\\\/\\\/foliobooks.pl\\\/wp-content\\\/uploads\\\/2023\\\/12\\\/9781800783362.png\",\"contentUrl\":\"https:\\\/\\\/foliobooks.pl\\\/wp-content\\\/uploads\\\/2023\\\/12\\\/9781800783362.png\",\"width\":570,\"height\":708},{\"@type\":\"BreadcrumbList\",\"@id\":\"https:\\\/\\\/foliobooks.pl\\\/en\\\/shop\\\/welcome-to-the-arts-dance\\\/#breadcrumb\",\"itemListElement\":[{\"@type\":\"ListItem\",\"position\":1,\"name\":\"Strona g\u0142\u00f3wna\",\"item\":\"https:\\\/\\\/foliobooks.pl\\\/en\\\/\"},{\"@type\":\"ListItem\",\"position\":2,\"name\":\"Shop\",\"item\":\"https:\\\/\\\/foliobooks.pl\\\/en\\\/shop\\\/\"},{\"@type\":\"ListItem\",\"position\":3,\"name\":\"Welcome to the Arts. Dance\"}]},{\"@type\":\"WebSite\",\"@id\":\"https:\\\/\\\/foliobooks.pl\\\/en\\\/#website\",\"url\":\"https:\\\/\\\/foliobooks.pl\\\/en\\\/\",\"name\":\"Folio\",\"description\":\"Ksi\u0119garnia internetowa\",\"potentialAction\":[{\"@type\":\"SearchAction\",\"target\":{\"@type\":\"EntryPoint\",\"urlTemplate\":\"https:\\\/\\\/foliobooks.pl\\\/en\\\/?s={search_term_string}\"},\"query-input\":{\"@type\":\"PropertyValueSpecification\",\"valueRequired\":true,\"valueName\":\"search_term_string\"}}],\"inLanguage\":\"en-US\"}]}<\/script>\n<!-- \/ Yoast SEO plugin. -->","yoast_head_json":{"title":"Welcome to the Arts. Dance (Alistair Spalding) - book \/ album - Folio","description":"Wejd\u017a i kup ksi\u0105\u017ck\u0119 Welcome to the Arts. Dance autorstwa Alistair Spalding wydan\u0105 przez Big Picture Press (2023-09-30) w formacie (ISBN: 9781800783362). Zapraszamy!","robots":{"index":"index","follow":"follow","max-snippet":"max-snippet:-1","max-image-preview":"max-image-preview:large","max-video-preview":"max-video-preview:-1"},"canonical":"https:\/\/foliobooks.pl\/en\/shop\/welcome-to-the-arts-dance\/","og_locale":"en_US","og_type":"article","og_title":"Welcome to the Arts. Dance (Alistair Spalding) - book \/ album - Folio","og_description":"Wejd\u017a i kup ksi\u0105\u017ck\u0119 Welcome to the Arts. Dance autorstwa Alistair Spalding wydan\u0105 przez Big Picture Press (2023-09-30) w formacie (ISBN: 9781800783362). Zapraszamy!","og_url":"https:\/\/foliobooks.pl\/en\/shop\/welcome-to-the-arts-dance\/","og_site_name":"Folio","og_image":[{"width":570,"height":708,"url":"https:\/\/foliobooks.pl\/wp-content\/uploads\/2023\/12\/9781800783362.png","type":"image\/png"}],"twitter_card":"summary_large_image","twitter_misc":{"Est. reading time":"2 minutes"},"schema":{"@context":"https:\/\/schema.org","@graph":[{"@type":"WebPage","@id":"https:\/\/foliobooks.pl\/en\/shop\/welcome-to-the-arts-dance\/","url":"https:\/\/foliobooks.pl\/en\/shop\/welcome-to-the-arts-dance\/","name":"Welcome to the Arts. Dance (Alistair Spalding) - book \/ album - Folio","isPartOf":{"@id":"https:\/\/foliobooks.pl\/en\/#website"},"primaryImageOfPage":{"@id":"https:\/\/foliobooks.pl\/en\/shop\/welcome-to-the-arts-dance\/#primaryimage"},"image":{"@id":"https:\/\/foliobooks.pl\/en\/shop\/welcome-to-the-arts-dance\/#primaryimage"},"thumbnailUrl":"https:\/\/foliobooks.pl\/wp-content\/uploads\/2023\/12\/9781800783362.png","datePublished":"2023-12-19T09:40:15+00:00","description":"Wejd\u017a i kup ksi\u0105\u017ck\u0119 Welcome to the Arts. Dance autorstwa Alistair Spalding wydan\u0105 przez Big Picture Press (2023-09-30) w formacie (ISBN: 9781800783362). Zapraszamy!","breadcrumb":{"@id":"https:\/\/foliobooks.pl\/en\/shop\/welcome-to-the-arts-dance\/#breadcrumb"},"inLanguage":"en-US","potentialAction":[{"@type":"ReadAction","target":["https:\/\/foliobooks.pl\/en\/shop\/welcome-to-the-arts-dance\/"]}]},{"@type":"ImageObject","inLanguage":"en-US","@id":"https:\/\/foliobooks.pl\/en\/shop\/welcome-to-the-arts-dance\/#primaryimage","url":"https:\/\/foliobooks.pl\/wp-content\/uploads\/2023\/12\/9781800783362.png","contentUrl":"https:\/\/foliobooks.pl\/wp-content\/uploads\/2023\/12\/9781800783362.png","width":570,"height":708},{"@type":"BreadcrumbList","@id":"https:\/\/foliobooks.pl\/en\/shop\/welcome-to-the-arts-dance\/#breadcrumb","itemListElement":[{"@type":"ListItem","position":1,"name":"Strona g\u0142\u00f3wna","item":"https:\/\/foliobooks.pl\/en\/"},{"@type":"ListItem","position":2,"name":"Shop","item":"https:\/\/foliobooks.pl\/en\/shop\/"},{"@type":"ListItem","position":3,"name":"Welcome to the Arts. Dance"}]},{"@type":"WebSite","@id":"https:\/\/foliobooks.pl\/en\/#website","url":"https:\/\/foliobooks.pl\/en\/","name":"Folio","description":"Ksi\u0119garnia internetowa","potentialAction":[{"@type":"SearchAction","target":{"@type":"EntryPoint","urlTemplate":"https:\/\/foliobooks.pl\/en\/?s={search_term_string}"},"query-input":{"@type":"PropertyValueSpecification","valueRequired":true,"valueName":"search_term_string"}}],"inLanguage":"en-US"}]}},"_links":{"self":[{"href":"https:\/\/foliobooks.pl\/en\/wp-json\/wp\/v2\/product\/99133","targetHints":{"allow":["GET"]}}],"collection":[{"href":"https:\/\/foliobooks.pl\/en\/wp-json\/wp\/v2\/product"}],"about":[{"href":"https:\/\/foliobooks.pl\/en\/wp-json\/wp\/v2\/types\/product"}],"replies":[{"embeddable":true,"href":"https:\/\/foliobooks.pl\/en\/wp-json\/wp\/v2\/comments?post=99133"}],"wp:featuredmedia":[{"embeddable":true,"href":"https:\/\/foliobooks.pl\/en\/wp-json\/wp\/v2\/media\/99126"}],"wp:attachment":[{"href":"https:\/\/foliobooks.pl\/en\/wp-json\/wp\/v2\/media?parent=99133"}],"wp:term":[{"taxonomy":"product_brand","embeddable":true,"href":"https:\/\/foliobooks.pl\/en\/wp-json\/wp\/v2\/product_brand?post=99133"},{"taxonomy":"product_cat","embeddable":true,"href":"https:\/\/foliobooks.pl\/en\/wp-json\/wp\/v2\/product_cat?post=99133"},{"taxonomy":"product_tag","embeddable":true,"href":"https:\/\/foliobooks.pl\/en\/wp-json\/wp\/v2\/product_tag?post=99133"}],"curies":[{"name":"wp","href":"https:\/\/api.w.org\/{rel}","templated":true}]}}