{"id":99119,"date":"2023-12-19T10:30:26","date_gmt":"2023-12-19T09:30:26","guid":{"rendered":"https:\/\/foliobooks.pl\/sklep\/tokyo-chic\/"},"modified":"2025-11-26T14:23:53","modified_gmt":"2025-11-26T13:23:53","slug":"tokyo-chic","status":"publish","type":"product","link":"https:\/\/foliobooks.pl\/en\/shop\/tokyo-chic\/","title":{"rendered":"Tokyo Chic"},"content":{"rendered":"<p>From captivating movies and novels to avant-garde fashion and refined cuisine, Tokyo has been a source of inspiration for generations. Celebrating the beauty of everything the city has to offer, this edition is testament to the beauty of the Japanese capital and pays tribute to its eye-catching architecture, sought-after food scene and unmatched sense of style.<\/p>\n","protected":false},"excerpt":{"rendered":"<p>From captivating movies and novels to avant-garde fashion and refined cuisine, Tokyo has been a source of inspiration for generations. Celebrating the beauty of everything the city has to offer, this edition is testament to the beauty of the Japanese capital and pays tribute to its eye-catching architecture, sought-after food scene and unmatched sense of&#8230;<\/p>\n","protected":false},"featured_media":99104,"comment_status":"closed","ping_status":"closed","template":"","meta":[],"product_brand":[],"product_cat":[13533,4517],"product_tag":[6929],"class_list":{"0":"post-99119","1":"product","2":"type-product","3":"status-publish","4":"has-post-thumbnail","6":"product_cat-books","7":"product_cat-photography-en","8":"product_tag-japan","9":"pa_author_att-andrea-fazzari-en","10":"pa_cover-hardcover","11":"pa_format-25-x-33-cm-en","12":"pa_isbn-9781649802361-en","13":"pa_language-eng","14":"pa_pages-314-en","15":"pa_published-2023-09-26-en","16":"pa_publisher-assouline-en","18":"first","19":"outofstock","20":"sold-individually","21":"shipping-taxable","22":"purchasable","23":"product-type-simple"},"yoast_head":"<!-- This site is optimized with the Yoast SEO plugin v27.4 - https:\/\/yoast.com\/product\/yoast-seo-wordpress\/ -->\n<title>Tokyo Chic (Andrea Fazzari) - book \/ album - Folio<\/title>\n<meta name=\"description\" content=\"Wejd\u017a i kup ksi\u0105\u017ck\u0119 Tokyo Chic autorstwa Andrea Fazzari wydan\u0105 przez Assouline (2023-09-26) w formacie 25 x 33 cm (ISBN: 9781649802361). Zapraszamy!\" \/>\n<meta name=\"robots\" content=\"index, follow, max-snippet:-1, max-image-preview:large, max-video-preview:-1\" \/>\n<link rel=\"canonical\" href=\"https:\/\/foliobooks.pl\/en\/shop\/tokyo-chic\/\" \/>\n<meta property=\"og:locale\" content=\"en_US\" \/>\n<meta property=\"og:type\" content=\"article\" \/>\n<meta property=\"og:title\" content=\"Tokyo Chic (Andrea Fazzari) - book \/ album - Folio\" \/>\n<meta property=\"og:description\" content=\"Wejd\u017a i kup ksi\u0105\u017ck\u0119 Tokyo Chic autorstwa Andrea Fazzari wydan\u0105 przez Assouline (2023-09-26) w formacie 25 x 33 cm (ISBN: 9781649802361). Zapraszamy!\" \/>\n<meta property=\"og:url\" content=\"https:\/\/foliobooks.pl\/en\/shop\/tokyo-chic\/\" \/>\n<meta property=\"og:site_name\" content=\"Folio\" \/>\n<meta property=\"article:modified_time\" content=\"2025-11-26T13:23:53+00:00\" \/>\n<meta property=\"og:image\" content=\"https:\/\/foliobooks.pl\/wp-content\/uploads\/2023\/12\/9781649802361.png\" \/>\n\t<meta property=\"og:image:width\" content=\"570\" \/>\n\t<meta property=\"og:image:height\" content=\"708\" \/>\n\t<meta property=\"og:image:type\" content=\"image\/png\" \/>\n<meta name=\"twitter:card\" content=\"summary_large_image\" \/>\n<meta name=\"twitter:label1\" content=\"Est. reading time\" \/>\n\t<meta name=\"twitter:data1\" content=\"1 minute\" \/>\n<script type=\"application\/ld+json\" class=\"yoast-schema-graph\">{\"@context\":\"https:\\\/\\\/schema.org\",\"@graph\":[{\"@type\":\"WebPage\",\"@id\":\"https:\\\/\\\/foliobooks.pl\\\/en\\\/shop\\\/tokyo-chic\\\/\",\"url\":\"https:\\\/\\\/foliobooks.pl\\\/en\\\/shop\\\/tokyo-chic\\\/\",\"name\":\"Tokyo Chic (Andrea Fazzari) - book \\\/ album - Folio\",\"isPartOf\":{\"@id\":\"https:\\\/\\\/foliobooks.pl\\\/en\\\/#website\"},\"primaryImageOfPage\":{\"@id\":\"https:\\\/\\\/foliobooks.pl\\\/en\\\/shop\\\/tokyo-chic\\\/#primaryimage\"},\"image\":{\"@id\":\"https:\\\/\\\/foliobooks.pl\\\/en\\\/shop\\\/tokyo-chic\\\/#primaryimage\"},\"thumbnailUrl\":\"https:\\\/\\\/foliobooks.pl\\\/wp-content\\\/uploads\\\/2023\\\/12\\\/9781649802361.png\",\"datePublished\":\"2023-12-19T09:30:26+00:00\",\"dateModified\":\"2025-11-26T13:23:53+00:00\",\"description\":\"Wejd\u017a i kup ksi\u0105\u017ck\u0119 Tokyo Chic autorstwa Andrea Fazzari wydan\u0105 przez Assouline (2023-09-26) w formacie 25 x 33 cm (ISBN: 9781649802361). Zapraszamy!\",\"breadcrumb\":{\"@id\":\"https:\\\/\\\/foliobooks.pl\\\/en\\\/shop\\\/tokyo-chic\\\/#breadcrumb\"},\"inLanguage\":\"en-US\",\"potentialAction\":[{\"@type\":\"ReadAction\",\"target\":[\"https:\\\/\\\/foliobooks.pl\\\/en\\\/shop\\\/tokyo-chic\\\/\"]}]},{\"@type\":\"ImageObject\",\"inLanguage\":\"en-US\",\"@id\":\"https:\\\/\\\/foliobooks.pl\\\/en\\\/shop\\\/tokyo-chic\\\/#primaryimage\",\"url\":\"https:\\\/\\\/foliobooks.pl\\\/wp-content\\\/uploads\\\/2023\\\/12\\\/9781649802361.png\",\"contentUrl\":\"https:\\\/\\\/foliobooks.pl\\\/wp-content\\\/uploads\\\/2023\\\/12\\\/9781649802361.png\",\"width\":570,\"height\":708},{\"@type\":\"BreadcrumbList\",\"@id\":\"https:\\\/\\\/foliobooks.pl\\\/en\\\/shop\\\/tokyo-chic\\\/#breadcrumb\",\"itemListElement\":[{\"@type\":\"ListItem\",\"position\":1,\"name\":\"Strona g\u0142\u00f3wna\",\"item\":\"https:\\\/\\\/foliobooks.pl\\\/en\\\/\"},{\"@type\":\"ListItem\",\"position\":2,\"name\":\"Shop\",\"item\":\"https:\\\/\\\/foliobooks.pl\\\/en\\\/shop\\\/\"},{\"@type\":\"ListItem\",\"position\":3,\"name\":\"Tokyo Chic\"}]},{\"@type\":\"WebSite\",\"@id\":\"https:\\\/\\\/foliobooks.pl\\\/en\\\/#website\",\"url\":\"https:\\\/\\\/foliobooks.pl\\\/en\\\/\",\"name\":\"Folio\",\"description\":\"Ksi\u0119garnia internetowa\",\"potentialAction\":[{\"@type\":\"SearchAction\",\"target\":{\"@type\":\"EntryPoint\",\"urlTemplate\":\"https:\\\/\\\/foliobooks.pl\\\/en\\\/?s={search_term_string}\"},\"query-input\":{\"@type\":\"PropertyValueSpecification\",\"valueRequired\":true,\"valueName\":\"search_term_string\"}}],\"inLanguage\":\"en-US\"}]}<\/script>\n<!-- \/ Yoast SEO plugin. -->","yoast_head_json":{"title":"Tokyo Chic (Andrea Fazzari) - book \/ album - Folio","description":"Wejd\u017a i kup ksi\u0105\u017ck\u0119 Tokyo Chic autorstwa Andrea Fazzari wydan\u0105 przez Assouline (2023-09-26) w formacie 25 x 33 cm (ISBN: 9781649802361). Zapraszamy!","robots":{"index":"index","follow":"follow","max-snippet":"max-snippet:-1","max-image-preview":"max-image-preview:large","max-video-preview":"max-video-preview:-1"},"canonical":"https:\/\/foliobooks.pl\/en\/shop\/tokyo-chic\/","og_locale":"en_US","og_type":"article","og_title":"Tokyo Chic (Andrea Fazzari) - book \/ album - Folio","og_description":"Wejd\u017a i kup ksi\u0105\u017ck\u0119 Tokyo Chic autorstwa Andrea Fazzari wydan\u0105 przez Assouline (2023-09-26) w formacie 25 x 33 cm (ISBN: 9781649802361). Zapraszamy!","og_url":"https:\/\/foliobooks.pl\/en\/shop\/tokyo-chic\/","og_site_name":"Folio","article_modified_time":"2025-11-26T13:23:53+00:00","og_image":[{"width":570,"height":708,"url":"https:\/\/foliobooks.pl\/wp-content\/uploads\/2023\/12\/9781649802361.png","type":"image\/png"}],"twitter_card":"summary_large_image","twitter_misc":{"Est. reading time":"1 minute"},"schema":{"@context":"https:\/\/schema.org","@graph":[{"@type":"WebPage","@id":"https:\/\/foliobooks.pl\/en\/shop\/tokyo-chic\/","url":"https:\/\/foliobooks.pl\/en\/shop\/tokyo-chic\/","name":"Tokyo Chic (Andrea Fazzari) - book \/ album - Folio","isPartOf":{"@id":"https:\/\/foliobooks.pl\/en\/#website"},"primaryImageOfPage":{"@id":"https:\/\/foliobooks.pl\/en\/shop\/tokyo-chic\/#primaryimage"},"image":{"@id":"https:\/\/foliobooks.pl\/en\/shop\/tokyo-chic\/#primaryimage"},"thumbnailUrl":"https:\/\/foliobooks.pl\/wp-content\/uploads\/2023\/12\/9781649802361.png","datePublished":"2023-12-19T09:30:26+00:00","dateModified":"2025-11-26T13:23:53+00:00","description":"Wejd\u017a i kup ksi\u0105\u017ck\u0119 Tokyo Chic autorstwa Andrea Fazzari wydan\u0105 przez Assouline (2023-09-26) w formacie 25 x 33 cm (ISBN: 9781649802361). Zapraszamy!","breadcrumb":{"@id":"https:\/\/foliobooks.pl\/en\/shop\/tokyo-chic\/#breadcrumb"},"inLanguage":"en-US","potentialAction":[{"@type":"ReadAction","target":["https:\/\/foliobooks.pl\/en\/shop\/tokyo-chic\/"]}]},{"@type":"ImageObject","inLanguage":"en-US","@id":"https:\/\/foliobooks.pl\/en\/shop\/tokyo-chic\/#primaryimage","url":"https:\/\/foliobooks.pl\/wp-content\/uploads\/2023\/12\/9781649802361.png","contentUrl":"https:\/\/foliobooks.pl\/wp-content\/uploads\/2023\/12\/9781649802361.png","width":570,"height":708},{"@type":"BreadcrumbList","@id":"https:\/\/foliobooks.pl\/en\/shop\/tokyo-chic\/#breadcrumb","itemListElement":[{"@type":"ListItem","position":1,"name":"Strona g\u0142\u00f3wna","item":"https:\/\/foliobooks.pl\/en\/"},{"@type":"ListItem","position":2,"name":"Shop","item":"https:\/\/foliobooks.pl\/en\/shop\/"},{"@type":"ListItem","position":3,"name":"Tokyo Chic"}]},{"@type":"WebSite","@id":"https:\/\/foliobooks.pl\/en\/#website","url":"https:\/\/foliobooks.pl\/en\/","name":"Folio","description":"Ksi\u0119garnia internetowa","potentialAction":[{"@type":"SearchAction","target":{"@type":"EntryPoint","urlTemplate":"https:\/\/foliobooks.pl\/en\/?s={search_term_string}"},"query-input":{"@type":"PropertyValueSpecification","valueRequired":true,"valueName":"search_term_string"}}],"inLanguage":"en-US"}]}},"_links":{"self":[{"href":"https:\/\/foliobooks.pl\/en\/wp-json\/wp\/v2\/product\/99119","targetHints":{"allow":["GET"]}}],"collection":[{"href":"https:\/\/foliobooks.pl\/en\/wp-json\/wp\/v2\/product"}],"about":[{"href":"https:\/\/foliobooks.pl\/en\/wp-json\/wp\/v2\/types\/product"}],"replies":[{"embeddable":true,"href":"https:\/\/foliobooks.pl\/en\/wp-json\/wp\/v2\/comments?post=99119"}],"wp:featuredmedia":[{"embeddable":true,"href":"https:\/\/foliobooks.pl\/en\/wp-json\/wp\/v2\/media\/99104"}],"wp:attachment":[{"href":"https:\/\/foliobooks.pl\/en\/wp-json\/wp\/v2\/media?parent=99119"}],"wp:term":[{"taxonomy":"product_brand","embeddable":true,"href":"https:\/\/foliobooks.pl\/en\/wp-json\/wp\/v2\/product_brand?post=99119"},{"taxonomy":"product_cat","embeddable":true,"href":"https:\/\/foliobooks.pl\/en\/wp-json\/wp\/v2\/product_cat?post=99119"},{"taxonomy":"product_tag","embeddable":true,"href":"https:\/\/foliobooks.pl\/en\/wp-json\/wp\/v2\/product_tag?post=99119"}],"curies":[{"name":"wp","href":"https:\/\/api.w.org\/{rel}","templated":true}]}}