{"id":99064,"date":"2023-12-19T09:34:03","date_gmt":"2023-12-19T08:34:03","guid":{"rendered":"https:\/\/foliobooks.pl\/sklep\/patek-philippe-investing-in-wristwatches\/"},"modified":"2025-08-19T14:24:49","modified_gmt":"2025-08-19T12:24:49","slug":"patek-philippe-investing-in-wristwatches","status":"publish","type":"product","link":"https:\/\/foliobooks.pl\/en\/shop\/patek-philippe-investing-in-wristwatches\/","title":{"rendered":"Patek Philippe. Investing in Wristwatches"},"content":{"rendered":"<p>Patek Philippe: Investing in Wristwatches offers detailed insights into the world of authenticating and pricing high-value wristwatches, for all collectors from amateur to connoisseur.<\/p>\n<p>This publication includes the vast majority of key Patek models, along with their relevant auction results. Each timepiece has been carefully selected by legendary horological expert Osvaldo Patrizzi. These wristwatches excel for a diverse range of reasons, including technical excellence, auction records, design and anecdotal history. A description of each watch is accompanied by its picture, reference and sales values (rights included).<br \/>\nThe follow-up to Investing in Wristwatches: Rolex, this vital and comprehensive work of reference also includes a system to calculate the currency exchange rate at the time of auction sales. And a comparative analysis of auction results, compiled through close collaboration with the Sotheby\u2019s auction house, shows the evolution of prices from the \u201980s up to the present day.<\/p>\n","protected":false},"excerpt":{"rendered":"<p>Patek Philippe: Investing in Wristwatches offers detailed insights into the world of authenticating and pricing high-value wristwatches, for all collectors from amateur to connoisseur. This publication includes the vast majority of key Patek models, along with their relevant auction results. Each timepiece has been carefully selected by legendary horological expert Osvaldo Patrizzi. These wristwatches excel&#8230;<\/p>\n","protected":false},"featured_media":99053,"comment_status":"closed","ping_status":"closed","template":"","meta":[],"product_brand":[],"product_cat":[13533,4517],"product_tag":[12010],"class_list":{"0":"post-99064","1":"product","2":"type-product","3":"status-publish","4":"has-post-thumbnail","6":"product_cat-books","7":"product_cat-photography-en","8":"product_tag-watches-en","9":"pa_author_att-mara-cappelletti-en","10":"pa_cover-hardcover","11":"pa_format-24-x-31-cm-en","12":"pa_isbn-9781788841252-en","13":"pa_language-eng","14":"pa_pages-368-en-2","15":"pa_published-2023-11-14-en","16":"pa_publisher-acc-art-books-en","18":"first","19":"instock","20":"sold-individually","21":"shipping-taxable","22":"purchasable","23":"product-type-simple"},"yoast_head":"<!-- This site is optimized with the Yoast SEO plugin v27.4 - https:\/\/yoast.com\/product\/yoast-seo-wordpress\/ -->\n<title>Patek Philippe. Investing in Wristwatches (Mara Cappelletti) - book \/ album - Folio<\/title>\n<meta name=\"description\" content=\"Wejd\u017a i kup ksi\u0105\u017ck\u0119 Patek Philippe. Investing in Wristwatches autorstwa Mara Cappelletti wydan\u0105 przez ACC Art Books (2023-11-14) w formacie 24 x 31 cm (ISBN: 9781788841252). Zapraszamy!\" \/>\n<meta name=\"robots\" content=\"index, follow, max-snippet:-1, max-image-preview:large, max-video-preview:-1\" \/>\n<link rel=\"canonical\" href=\"https:\/\/foliobooks.pl\/en\/shop\/patek-philippe-investing-in-wristwatches\/\" \/>\n<meta property=\"og:locale\" content=\"en_US\" \/>\n<meta property=\"og:type\" content=\"article\" \/>\n<meta property=\"og:title\" content=\"Patek Philippe. Investing in Wristwatches (Mara Cappelletti) - book \/ album - Folio\" \/>\n<meta property=\"og:description\" content=\"Wejd\u017a i kup ksi\u0105\u017ck\u0119 Patek Philippe. Investing in Wristwatches autorstwa Mara Cappelletti wydan\u0105 przez ACC Art Books (2023-11-14) w formacie 24 x 31 cm (ISBN: 9781788841252). Zapraszamy!\" \/>\n<meta property=\"og:url\" content=\"https:\/\/foliobooks.pl\/en\/shop\/patek-philippe-investing-in-wristwatches\/\" \/>\n<meta property=\"og:site_name\" content=\"Folio\" \/>\n<meta property=\"article:modified_time\" content=\"2025-08-19T12:24:49+00:00\" \/>\n<meta property=\"og:image\" content=\"https:\/\/foliobooks.pl\/wp-content\/uploads\/2023\/12\/9781788841252.png\" \/>\n\t<meta property=\"og:image:width\" content=\"570\" \/>\n\t<meta property=\"og:image:height\" content=\"708\" \/>\n\t<meta property=\"og:image:type\" content=\"image\/png\" \/>\n<meta name=\"twitter:card\" content=\"summary_large_image\" \/>\n<meta name=\"twitter:label1\" content=\"Est. reading time\" \/>\n\t<meta name=\"twitter:data1\" content=\"2 minutes\" \/>\n<script type=\"application\/ld+json\" class=\"yoast-schema-graph\">{\"@context\":\"https:\\\/\\\/schema.org\",\"@graph\":[{\"@type\":\"WebPage\",\"@id\":\"https:\\\/\\\/foliobooks.pl\\\/en\\\/shop\\\/patek-philippe-investing-in-wristwatches\\\/\",\"url\":\"https:\\\/\\\/foliobooks.pl\\\/en\\\/shop\\\/patek-philippe-investing-in-wristwatches\\\/\",\"name\":\"Patek Philippe. Investing in Wristwatches (Mara Cappelletti) - book \\\/ album - Folio\",\"isPartOf\":{\"@id\":\"https:\\\/\\\/foliobooks.pl\\\/en\\\/#website\"},\"primaryImageOfPage\":{\"@id\":\"https:\\\/\\\/foliobooks.pl\\\/en\\\/shop\\\/patek-philippe-investing-in-wristwatches\\\/#primaryimage\"},\"image\":{\"@id\":\"https:\\\/\\\/foliobooks.pl\\\/en\\\/shop\\\/patek-philippe-investing-in-wristwatches\\\/#primaryimage\"},\"thumbnailUrl\":\"https:\\\/\\\/foliobooks.pl\\\/wp-content\\\/uploads\\\/2023\\\/12\\\/9781788841252.png\",\"datePublished\":\"2023-12-19T08:34:03+00:00\",\"dateModified\":\"2025-08-19T12:24:49+00:00\",\"description\":\"Wejd\u017a i kup ksi\u0105\u017ck\u0119 Patek Philippe. Investing in Wristwatches autorstwa Mara Cappelletti wydan\u0105 przez ACC Art Books (2023-11-14) w formacie 24 x 31 cm (ISBN: 9781788841252). Zapraszamy!\",\"breadcrumb\":{\"@id\":\"https:\\\/\\\/foliobooks.pl\\\/en\\\/shop\\\/patek-philippe-investing-in-wristwatches\\\/#breadcrumb\"},\"inLanguage\":\"en-US\",\"potentialAction\":[{\"@type\":\"ReadAction\",\"target\":[\"https:\\\/\\\/foliobooks.pl\\\/en\\\/shop\\\/patek-philippe-investing-in-wristwatches\\\/\"]}]},{\"@type\":\"ImageObject\",\"inLanguage\":\"en-US\",\"@id\":\"https:\\\/\\\/foliobooks.pl\\\/en\\\/shop\\\/patek-philippe-investing-in-wristwatches\\\/#primaryimage\",\"url\":\"https:\\\/\\\/foliobooks.pl\\\/wp-content\\\/uploads\\\/2023\\\/12\\\/9781788841252.png\",\"contentUrl\":\"https:\\\/\\\/foliobooks.pl\\\/wp-content\\\/uploads\\\/2023\\\/12\\\/9781788841252.png\",\"width\":570,\"height\":708},{\"@type\":\"BreadcrumbList\",\"@id\":\"https:\\\/\\\/foliobooks.pl\\\/en\\\/shop\\\/patek-philippe-investing-in-wristwatches\\\/#breadcrumb\",\"itemListElement\":[{\"@type\":\"ListItem\",\"position\":1,\"name\":\"Strona g\u0142\u00f3wna\",\"item\":\"https:\\\/\\\/foliobooks.pl\\\/en\\\/\"},{\"@type\":\"ListItem\",\"position\":2,\"name\":\"Shop\",\"item\":\"https:\\\/\\\/foliobooks.pl\\\/en\\\/shop\\\/\"},{\"@type\":\"ListItem\",\"position\":3,\"name\":\"Patek Philippe. Investing in Wristwatches\"}]},{\"@type\":\"WebSite\",\"@id\":\"https:\\\/\\\/foliobooks.pl\\\/en\\\/#website\",\"url\":\"https:\\\/\\\/foliobooks.pl\\\/en\\\/\",\"name\":\"Folio\",\"description\":\"Ksi\u0119garnia internetowa\",\"potentialAction\":[{\"@type\":\"SearchAction\",\"target\":{\"@type\":\"EntryPoint\",\"urlTemplate\":\"https:\\\/\\\/foliobooks.pl\\\/en\\\/?s={search_term_string}\"},\"query-input\":{\"@type\":\"PropertyValueSpecification\",\"valueRequired\":true,\"valueName\":\"search_term_string\"}}],\"inLanguage\":\"en-US\"}]}<\/script>\n<!-- \/ Yoast SEO plugin. -->","yoast_head_json":{"title":"Patek Philippe. Investing in Wristwatches (Mara Cappelletti) - book \/ album - Folio","description":"Wejd\u017a i kup ksi\u0105\u017ck\u0119 Patek Philippe. Investing in Wristwatches autorstwa Mara Cappelletti wydan\u0105 przez ACC Art Books (2023-11-14) w formacie 24 x 31 cm (ISBN: 9781788841252). Zapraszamy!","robots":{"index":"index","follow":"follow","max-snippet":"max-snippet:-1","max-image-preview":"max-image-preview:large","max-video-preview":"max-video-preview:-1"},"canonical":"https:\/\/foliobooks.pl\/en\/shop\/patek-philippe-investing-in-wristwatches\/","og_locale":"en_US","og_type":"article","og_title":"Patek Philippe. Investing in Wristwatches (Mara Cappelletti) - book \/ album - Folio","og_description":"Wejd\u017a i kup ksi\u0105\u017ck\u0119 Patek Philippe. Investing in Wristwatches autorstwa Mara Cappelletti wydan\u0105 przez ACC Art Books (2023-11-14) w formacie 24 x 31 cm (ISBN: 9781788841252). Zapraszamy!","og_url":"https:\/\/foliobooks.pl\/en\/shop\/patek-philippe-investing-in-wristwatches\/","og_site_name":"Folio","article_modified_time":"2025-08-19T12:24:49+00:00","og_image":[{"width":570,"height":708,"url":"https:\/\/foliobooks.pl\/wp-content\/uploads\/2023\/12\/9781788841252.png","type":"image\/png"}],"twitter_card":"summary_large_image","twitter_misc":{"Est. reading time":"2 minutes"},"schema":{"@context":"https:\/\/schema.org","@graph":[{"@type":"WebPage","@id":"https:\/\/foliobooks.pl\/en\/shop\/patek-philippe-investing-in-wristwatches\/","url":"https:\/\/foliobooks.pl\/en\/shop\/patek-philippe-investing-in-wristwatches\/","name":"Patek Philippe. Investing in Wristwatches (Mara Cappelletti) - book \/ album - Folio","isPartOf":{"@id":"https:\/\/foliobooks.pl\/en\/#website"},"primaryImageOfPage":{"@id":"https:\/\/foliobooks.pl\/en\/shop\/patek-philippe-investing-in-wristwatches\/#primaryimage"},"image":{"@id":"https:\/\/foliobooks.pl\/en\/shop\/patek-philippe-investing-in-wristwatches\/#primaryimage"},"thumbnailUrl":"https:\/\/foliobooks.pl\/wp-content\/uploads\/2023\/12\/9781788841252.png","datePublished":"2023-12-19T08:34:03+00:00","dateModified":"2025-08-19T12:24:49+00:00","description":"Wejd\u017a i kup ksi\u0105\u017ck\u0119 Patek Philippe. Investing in Wristwatches autorstwa Mara Cappelletti wydan\u0105 przez ACC Art Books (2023-11-14) w formacie 24 x 31 cm (ISBN: 9781788841252). Zapraszamy!","breadcrumb":{"@id":"https:\/\/foliobooks.pl\/en\/shop\/patek-philippe-investing-in-wristwatches\/#breadcrumb"},"inLanguage":"en-US","potentialAction":[{"@type":"ReadAction","target":["https:\/\/foliobooks.pl\/en\/shop\/patek-philippe-investing-in-wristwatches\/"]}]},{"@type":"ImageObject","inLanguage":"en-US","@id":"https:\/\/foliobooks.pl\/en\/shop\/patek-philippe-investing-in-wristwatches\/#primaryimage","url":"https:\/\/foliobooks.pl\/wp-content\/uploads\/2023\/12\/9781788841252.png","contentUrl":"https:\/\/foliobooks.pl\/wp-content\/uploads\/2023\/12\/9781788841252.png","width":570,"height":708},{"@type":"BreadcrumbList","@id":"https:\/\/foliobooks.pl\/en\/shop\/patek-philippe-investing-in-wristwatches\/#breadcrumb","itemListElement":[{"@type":"ListItem","position":1,"name":"Strona g\u0142\u00f3wna","item":"https:\/\/foliobooks.pl\/en\/"},{"@type":"ListItem","position":2,"name":"Shop","item":"https:\/\/foliobooks.pl\/en\/shop\/"},{"@type":"ListItem","position":3,"name":"Patek Philippe. Investing in Wristwatches"}]},{"@type":"WebSite","@id":"https:\/\/foliobooks.pl\/en\/#website","url":"https:\/\/foliobooks.pl\/en\/","name":"Folio","description":"Ksi\u0119garnia internetowa","potentialAction":[{"@type":"SearchAction","target":{"@type":"EntryPoint","urlTemplate":"https:\/\/foliobooks.pl\/en\/?s={search_term_string}"},"query-input":{"@type":"PropertyValueSpecification","valueRequired":true,"valueName":"search_term_string"}}],"inLanguage":"en-US"}]}},"_links":{"self":[{"href":"https:\/\/foliobooks.pl\/en\/wp-json\/wp\/v2\/product\/99064","targetHints":{"allow":["GET"]}}],"collection":[{"href":"https:\/\/foliobooks.pl\/en\/wp-json\/wp\/v2\/product"}],"about":[{"href":"https:\/\/foliobooks.pl\/en\/wp-json\/wp\/v2\/types\/product"}],"replies":[{"embeddable":true,"href":"https:\/\/foliobooks.pl\/en\/wp-json\/wp\/v2\/comments?post=99064"}],"wp:featuredmedia":[{"embeddable":true,"href":"https:\/\/foliobooks.pl\/en\/wp-json\/wp\/v2\/media\/99053"}],"wp:attachment":[{"href":"https:\/\/foliobooks.pl\/en\/wp-json\/wp\/v2\/media?parent=99064"}],"wp:term":[{"taxonomy":"product_brand","embeddable":true,"href":"https:\/\/foliobooks.pl\/en\/wp-json\/wp\/v2\/product_brand?post=99064"},{"taxonomy":"product_cat","embeddable":true,"href":"https:\/\/foliobooks.pl\/en\/wp-json\/wp\/v2\/product_cat?post=99064"},{"taxonomy":"product_tag","embeddable":true,"href":"https:\/\/foliobooks.pl\/en\/wp-json\/wp\/v2\/product_tag?post=99064"}],"curies":[{"name":"wp","href":"https:\/\/api.w.org\/{rel}","templated":true}]}}