{"id":99050,"date":"2023-12-19T09:28:36","date_gmt":"2023-12-19T08:28:36","guid":{"rendered":"https:\/\/foliobooks.pl\/sklep\/ocean-wanderlust\/"},"modified":"2026-01-17T03:41:32","modified_gmt":"2026-01-17T02:41:32","slug":"ocean-wanderlust","status":"publish","type":"product","link":"https:\/\/foliobooks.pl\/en\/shop\/ocean-wanderlust\/","title":{"rendered":"Ocean Wanderlust"},"content":{"rendered":"<p>Prepare for an immersive journey beneath the waves with Ocean Wanderlust. Dive into the world of submarines, mythology, exotic marine species, and ocean-inspired fashion. Our signature Assouline style expands the horizons of travel, blending abstract interpretations like fashion, art, and architecture with the real and scientific aspects of underwater exploration.<\/p>\n<p>In the deep blue, endless mysteries await, sparking boundless imagination. Legendary writers like Jules Verne and Herman Melville, as well as visionary filmmaker James Cameron, have harnessed the creative potential of the underwater world, producing unparalleled artistic output.<\/p>\n<p>Yet, it&#8217;s crucial to safeguard this vast marine habitat from the threats of climate change and human progress, preserving the delicate ecosystem balance. Dive into the pages of Ocean Wanderlust, and you&#8217;ll discover the compelling case for protecting the ocean&#8217;s beauty.<\/p>\n","protected":false},"excerpt":{"rendered":"<p>Prepare for an immersive journey beneath the waves with Ocean Wanderlust. Dive into the world of submarines, mythology, exotic marine species, and ocean-inspired fashion. Our signature Assouline style expands the horizons of travel, blending abstract interpretations like fashion, art, and architecture with the real and scientific aspects of underwater exploration. In the deep blue, endless&#8230;<\/p>\n","protected":false},"featured_media":99049,"comment_status":"closed","ping_status":"closed","template":"","meta":[],"product_brand":[],"product_cat":[13533,4517],"product_tag":[14484,6816],"class_list":{"0":"post-99050","1":"product","2":"type-product","3":"status-publish","4":"has-post-thumbnail","6":"product_cat-books","7":"product_cat-photography-en","8":"product_tag-ocean-en","9":"product_tag-water","10":"pa_author_att-kevin-koenig-en","11":"pa_cover-softcover","12":"pa_format-25-x-33-cm-en","13":"pa_isbn-9781649802644-en","14":"pa_language-eng","15":"pa_pages-272-en-2","16":"pa_published-2023-09-26-en","17":"pa_publisher-assouline-en","19":"first","20":"outofstock","21":"sold-individually","22":"shipping-taxable","23":"purchasable","24":"product-type-simple"},"yoast_head":"<!-- This site is optimized with the Yoast SEO plugin v27.4 - https:\/\/yoast.com\/product\/yoast-seo-wordpress\/ -->\n<title>Ocean Wanderlust (Kevin Koenig) - book \/ album - Folio<\/title>\n<meta name=\"description\" content=\"Wejd\u017a i kup ksi\u0105\u017ck\u0119 Ocean Wanderlust autorstwa Kevin Koenig wydan\u0105 przez Assouline (2023-09-26) w formacie 25 x 33 cm (ISBN: 9781649802644). Zapraszamy!\" \/>\n<meta name=\"robots\" content=\"index, follow, max-snippet:-1, max-image-preview:large, max-video-preview:-1\" \/>\n<link rel=\"canonical\" href=\"https:\/\/foliobooks.pl\/en\/shop\/ocean-wanderlust\/\" \/>\n<meta property=\"og:locale\" content=\"en_US\" \/>\n<meta property=\"og:type\" content=\"article\" \/>\n<meta property=\"og:title\" content=\"Ocean Wanderlust (Kevin Koenig) - book \/ album - Folio\" \/>\n<meta property=\"og:description\" content=\"Wejd\u017a i kup ksi\u0105\u017ck\u0119 Ocean Wanderlust autorstwa Kevin Koenig wydan\u0105 przez Assouline (2023-09-26) w formacie 25 x 33 cm (ISBN: 9781649802644). Zapraszamy!\" \/>\n<meta property=\"og:url\" content=\"https:\/\/foliobooks.pl\/en\/shop\/ocean-wanderlust\/\" \/>\n<meta property=\"og:site_name\" content=\"Folio\" \/>\n<meta property=\"article:modified_time\" content=\"2026-01-17T02:41:32+00:00\" \/>\n<meta property=\"og:image\" content=\"https:\/\/foliobooks.pl\/wp-content\/uploads\/2023\/12\/9781649802644.png\" \/>\n\t<meta property=\"og:image:width\" content=\"570\" \/>\n\t<meta property=\"og:image:height\" content=\"708\" \/>\n\t<meta property=\"og:image:type\" content=\"image\/png\" \/>\n<meta name=\"twitter:card\" content=\"summary_large_image\" \/>\n<meta name=\"twitter:label1\" content=\"Est. reading time\" \/>\n\t<meta name=\"twitter:data1\" content=\"1 minute\" \/>\n<script type=\"application\/ld+json\" class=\"yoast-schema-graph\">{\"@context\":\"https:\\\/\\\/schema.org\",\"@graph\":[{\"@type\":\"WebPage\",\"@id\":\"https:\\\/\\\/foliobooks.pl\\\/en\\\/shop\\\/ocean-wanderlust\\\/\",\"url\":\"https:\\\/\\\/foliobooks.pl\\\/en\\\/shop\\\/ocean-wanderlust\\\/\",\"name\":\"Ocean Wanderlust (Kevin Koenig) - book \\\/ album - Folio\",\"isPartOf\":{\"@id\":\"https:\\\/\\\/foliobooks.pl\\\/en\\\/#website\"},\"primaryImageOfPage\":{\"@id\":\"https:\\\/\\\/foliobooks.pl\\\/en\\\/shop\\\/ocean-wanderlust\\\/#primaryimage\"},\"image\":{\"@id\":\"https:\\\/\\\/foliobooks.pl\\\/en\\\/shop\\\/ocean-wanderlust\\\/#primaryimage\"},\"thumbnailUrl\":\"https:\\\/\\\/foliobooks.pl\\\/wp-content\\\/uploads\\\/2023\\\/12\\\/9781649802644.png\",\"datePublished\":\"2023-12-19T08:28:36+00:00\",\"dateModified\":\"2026-01-17T02:41:32+00:00\",\"description\":\"Wejd\u017a i kup ksi\u0105\u017ck\u0119 Ocean Wanderlust autorstwa Kevin Koenig wydan\u0105 przez Assouline (2023-09-26) w formacie 25 x 33 cm (ISBN: 9781649802644). Zapraszamy!\",\"breadcrumb\":{\"@id\":\"https:\\\/\\\/foliobooks.pl\\\/en\\\/shop\\\/ocean-wanderlust\\\/#breadcrumb\"},\"inLanguage\":\"en-US\",\"potentialAction\":[{\"@type\":\"ReadAction\",\"target\":[\"https:\\\/\\\/foliobooks.pl\\\/en\\\/shop\\\/ocean-wanderlust\\\/\"]}]},{\"@type\":\"ImageObject\",\"inLanguage\":\"en-US\",\"@id\":\"https:\\\/\\\/foliobooks.pl\\\/en\\\/shop\\\/ocean-wanderlust\\\/#primaryimage\",\"url\":\"https:\\\/\\\/foliobooks.pl\\\/wp-content\\\/uploads\\\/2023\\\/12\\\/9781649802644.png\",\"contentUrl\":\"https:\\\/\\\/foliobooks.pl\\\/wp-content\\\/uploads\\\/2023\\\/12\\\/9781649802644.png\",\"width\":570,\"height\":708},{\"@type\":\"BreadcrumbList\",\"@id\":\"https:\\\/\\\/foliobooks.pl\\\/en\\\/shop\\\/ocean-wanderlust\\\/#breadcrumb\",\"itemListElement\":[{\"@type\":\"ListItem\",\"position\":1,\"name\":\"Strona g\u0142\u00f3wna\",\"item\":\"https:\\\/\\\/foliobooks.pl\\\/en\\\/\"},{\"@type\":\"ListItem\",\"position\":2,\"name\":\"Shop\",\"item\":\"https:\\\/\\\/foliobooks.pl\\\/en\\\/shop\\\/\"},{\"@type\":\"ListItem\",\"position\":3,\"name\":\"Ocean Wanderlust\"}]},{\"@type\":\"WebSite\",\"@id\":\"https:\\\/\\\/foliobooks.pl\\\/en\\\/#website\",\"url\":\"https:\\\/\\\/foliobooks.pl\\\/en\\\/\",\"name\":\"Folio\",\"description\":\"Ksi\u0119garnia internetowa\",\"potentialAction\":[{\"@type\":\"SearchAction\",\"target\":{\"@type\":\"EntryPoint\",\"urlTemplate\":\"https:\\\/\\\/foliobooks.pl\\\/en\\\/?s={search_term_string}\"},\"query-input\":{\"@type\":\"PropertyValueSpecification\",\"valueRequired\":true,\"valueName\":\"search_term_string\"}}],\"inLanguage\":\"en-US\"}]}<\/script>\n<!-- \/ Yoast SEO plugin. -->","yoast_head_json":{"title":"Ocean Wanderlust (Kevin Koenig) - book \/ album - Folio","description":"Wejd\u017a i kup ksi\u0105\u017ck\u0119 Ocean Wanderlust autorstwa Kevin Koenig wydan\u0105 przez Assouline (2023-09-26) w formacie 25 x 33 cm (ISBN: 9781649802644). Zapraszamy!","robots":{"index":"index","follow":"follow","max-snippet":"max-snippet:-1","max-image-preview":"max-image-preview:large","max-video-preview":"max-video-preview:-1"},"canonical":"https:\/\/foliobooks.pl\/en\/shop\/ocean-wanderlust\/","og_locale":"en_US","og_type":"article","og_title":"Ocean Wanderlust (Kevin Koenig) - book \/ album - Folio","og_description":"Wejd\u017a i kup ksi\u0105\u017ck\u0119 Ocean Wanderlust autorstwa Kevin Koenig wydan\u0105 przez Assouline (2023-09-26) w formacie 25 x 33 cm (ISBN: 9781649802644). Zapraszamy!","og_url":"https:\/\/foliobooks.pl\/en\/shop\/ocean-wanderlust\/","og_site_name":"Folio","article_modified_time":"2026-01-17T02:41:32+00:00","og_image":[{"width":570,"height":708,"url":"https:\/\/foliobooks.pl\/wp-content\/uploads\/2023\/12\/9781649802644.png","type":"image\/png"}],"twitter_card":"summary_large_image","twitter_misc":{"Est. reading time":"1 minute"},"schema":{"@context":"https:\/\/schema.org","@graph":[{"@type":"WebPage","@id":"https:\/\/foliobooks.pl\/en\/shop\/ocean-wanderlust\/","url":"https:\/\/foliobooks.pl\/en\/shop\/ocean-wanderlust\/","name":"Ocean Wanderlust (Kevin Koenig) - book \/ album - Folio","isPartOf":{"@id":"https:\/\/foliobooks.pl\/en\/#website"},"primaryImageOfPage":{"@id":"https:\/\/foliobooks.pl\/en\/shop\/ocean-wanderlust\/#primaryimage"},"image":{"@id":"https:\/\/foliobooks.pl\/en\/shop\/ocean-wanderlust\/#primaryimage"},"thumbnailUrl":"https:\/\/foliobooks.pl\/wp-content\/uploads\/2023\/12\/9781649802644.png","datePublished":"2023-12-19T08:28:36+00:00","dateModified":"2026-01-17T02:41:32+00:00","description":"Wejd\u017a i kup ksi\u0105\u017ck\u0119 Ocean Wanderlust autorstwa Kevin Koenig wydan\u0105 przez Assouline (2023-09-26) w formacie 25 x 33 cm (ISBN: 9781649802644). Zapraszamy!","breadcrumb":{"@id":"https:\/\/foliobooks.pl\/en\/shop\/ocean-wanderlust\/#breadcrumb"},"inLanguage":"en-US","potentialAction":[{"@type":"ReadAction","target":["https:\/\/foliobooks.pl\/en\/shop\/ocean-wanderlust\/"]}]},{"@type":"ImageObject","inLanguage":"en-US","@id":"https:\/\/foliobooks.pl\/en\/shop\/ocean-wanderlust\/#primaryimage","url":"https:\/\/foliobooks.pl\/wp-content\/uploads\/2023\/12\/9781649802644.png","contentUrl":"https:\/\/foliobooks.pl\/wp-content\/uploads\/2023\/12\/9781649802644.png","width":570,"height":708},{"@type":"BreadcrumbList","@id":"https:\/\/foliobooks.pl\/en\/shop\/ocean-wanderlust\/#breadcrumb","itemListElement":[{"@type":"ListItem","position":1,"name":"Strona g\u0142\u00f3wna","item":"https:\/\/foliobooks.pl\/en\/"},{"@type":"ListItem","position":2,"name":"Shop","item":"https:\/\/foliobooks.pl\/en\/shop\/"},{"@type":"ListItem","position":3,"name":"Ocean Wanderlust"}]},{"@type":"WebSite","@id":"https:\/\/foliobooks.pl\/en\/#website","url":"https:\/\/foliobooks.pl\/en\/","name":"Folio","description":"Ksi\u0119garnia internetowa","potentialAction":[{"@type":"SearchAction","target":{"@type":"EntryPoint","urlTemplate":"https:\/\/foliobooks.pl\/en\/?s={search_term_string}"},"query-input":{"@type":"PropertyValueSpecification","valueRequired":true,"valueName":"search_term_string"}}],"inLanguage":"en-US"}]}},"_links":{"self":[{"href":"https:\/\/foliobooks.pl\/en\/wp-json\/wp\/v2\/product\/99050","targetHints":{"allow":["GET"]}}],"collection":[{"href":"https:\/\/foliobooks.pl\/en\/wp-json\/wp\/v2\/product"}],"about":[{"href":"https:\/\/foliobooks.pl\/en\/wp-json\/wp\/v2\/types\/product"}],"replies":[{"embeddable":true,"href":"https:\/\/foliobooks.pl\/en\/wp-json\/wp\/v2\/comments?post=99050"}],"wp:featuredmedia":[{"embeddable":true,"href":"https:\/\/foliobooks.pl\/en\/wp-json\/wp\/v2\/media\/99049"}],"wp:attachment":[{"href":"https:\/\/foliobooks.pl\/en\/wp-json\/wp\/v2\/media?parent=99050"}],"wp:term":[{"taxonomy":"product_brand","embeddable":true,"href":"https:\/\/foliobooks.pl\/en\/wp-json\/wp\/v2\/product_brand?post=99050"},{"taxonomy":"product_cat","embeddable":true,"href":"https:\/\/foliobooks.pl\/en\/wp-json\/wp\/v2\/product_cat?post=99050"},{"taxonomy":"product_tag","embeddable":true,"href":"https:\/\/foliobooks.pl\/en\/wp-json\/wp\/v2\/product_tag?post=99050"}],"curies":[{"name":"wp","href":"https:\/\/api.w.org\/{rel}","templated":true}]}}