{"id":98976,"date":"2023-12-18T11:32:49","date_gmt":"2023-12-18T10:32:49","guid":{"rendered":"https:\/\/foliobooks.pl\/sklep\/dior-the-fashion-icons\/"},"modified":"2023-12-18T11:32:49","modified_gmt":"2023-12-18T10:32:49","slug":"dior-the-fashion-icons","status":"publish","type":"product","link":"https:\/\/foliobooks.pl\/en\/shop\/dior-the-fashion-icons\/","title":{"rendered":"Dior. The Fashion Icons"},"content":{"rendered":"<p>Christian Dior was a French fashion designer who founded the iconic fashion house Dior in 1946.He was known for his elegant, feminine designs, and his use of luxurious fabrics and intricate details.<\/p>\n<p>This beautifully illustrated book for every lover of fashion includes never to be forgotten images of Christian Dior\u2019s designs, and illuminates the talent of the man who was France\u2019s most unpredictable and spectacular fashion designer.<\/p>\n<p>The book includes a detailed look at some of Dior\u2019s most important creations: The \u201cNew Look\u201d silhouette &#8211; Dior\u2019s debut collection in 1947 featured a new silhouette that emphasized the female figure, with nipped-in waists, full skirts, and rounded shoulders.<\/p>\n<p>The Bar suit &#8211; this tailored suit was a cornerstone of Dior\u2019s early collections. The jacket featured a cinched waist, padded hips, and a deep V-neckline, while the skirt flared out from the hips to create a full, feminine silhouette.<\/p>\n","protected":false},"excerpt":{"rendered":"<p>Christian Dior was a French fashion designer who founded the iconic fashion house Dior in 1946.He was known for his elegant, feminine designs, and his use of luxurious fabrics and intricate details. This beautifully illustrated book for every lover of fashion includes never to be forgotten images of Christian Dior\u2019s designs, and illuminates the talent&#8230;<\/p>\n","protected":false},"featured_media":98961,"comment_status":"closed","ping_status":"closed","template":"","meta":[],"product_brand":[],"product_cat":[13533,4519],"product_tag":[6125],"class_list":{"0":"post-98976","1":"product","2":"type-product","3":"status-publish","4":"has-post-thumbnail","6":"product_cat-books","7":"product_cat-fashion-en-en","8":"product_tag-fashion","9":"pa_author_att-michael-oneill-en","10":"pa_cover-hardcover","11":"pa_format-216-x-276-cm-en","12":"pa_isbn-9781915343314-en","13":"pa_language-eng","14":"pa_pages-144-en","15":"pa_published-2024-02-20-en","16":"pa_publisher-sona-books-en","18":"first","19":"instock","20":"sold-individually","21":"shipping-taxable","22":"purchasable","23":"product-type-simple"},"yoast_head":"<!-- This site is optimized with the Yoast SEO plugin v27.4 - https:\/\/yoast.com\/product\/yoast-seo-wordpress\/ -->\n<title>Dior. The Fashion Icons (Michael O&#8217;Neill) - book \/ album - Folio<\/title>\n<meta name=\"description\" content=\"Wejd\u017a i kup ksi\u0105\u017ck\u0119 Dior. The Fashion Icons autorstwa Michael O&#8217;Neill wydan\u0105 przez Sona Books (2024-02-20) w formacie 21,6 x 27,6 cm (ISBN: 9781915343314). Zapraszamy!\" \/>\n<meta name=\"robots\" content=\"index, follow, max-snippet:-1, max-image-preview:large, max-video-preview:-1\" \/>\n<link rel=\"canonical\" href=\"https:\/\/foliobooks.pl\/en\/shop\/dior-the-fashion-icons\/\" \/>\n<meta property=\"og:locale\" content=\"en_US\" \/>\n<meta property=\"og:type\" content=\"article\" \/>\n<meta property=\"og:title\" content=\"Dior. The Fashion Icons (Michael O&#8217;Neill) - book \/ album - Folio\" \/>\n<meta property=\"og:description\" content=\"Wejd\u017a i kup ksi\u0105\u017ck\u0119 Dior. The Fashion Icons autorstwa Michael O&#8217;Neill wydan\u0105 przez Sona Books (2024-02-20) w formacie 21,6 x 27,6 cm (ISBN: 9781915343314). Zapraszamy!\" \/>\n<meta property=\"og:url\" content=\"https:\/\/foliobooks.pl\/en\/shop\/dior-the-fashion-icons\/\" \/>\n<meta property=\"og:site_name\" content=\"Folio\" \/>\n<meta property=\"og:image\" content=\"https:\/\/foliobooks.pl\/wp-content\/uploads\/2023\/12\/9781915343314.png\" \/>\n\t<meta property=\"og:image:width\" content=\"570\" \/>\n\t<meta property=\"og:image:height\" content=\"708\" \/>\n\t<meta property=\"og:image:type\" content=\"image\/png\" \/>\n<meta name=\"twitter:card\" content=\"summary_large_image\" \/>\n<meta name=\"twitter:label1\" content=\"Est. reading time\" \/>\n\t<meta name=\"twitter:data1\" content=\"2 minutes\" \/>\n<script type=\"application\/ld+json\" class=\"yoast-schema-graph\">{\"@context\":\"https:\\\/\\\/schema.org\",\"@graph\":[{\"@type\":\"WebPage\",\"@id\":\"https:\\\/\\\/foliobooks.pl\\\/en\\\/shop\\\/dior-the-fashion-icons\\\/\",\"url\":\"https:\\\/\\\/foliobooks.pl\\\/en\\\/shop\\\/dior-the-fashion-icons\\\/\",\"name\":\"Dior. The Fashion Icons (Michael O&#8217;Neill) - book \\\/ album - Folio\",\"isPartOf\":{\"@id\":\"https:\\\/\\\/foliobooks.pl\\\/en\\\/#website\"},\"primaryImageOfPage\":{\"@id\":\"https:\\\/\\\/foliobooks.pl\\\/en\\\/shop\\\/dior-the-fashion-icons\\\/#primaryimage\"},\"image\":{\"@id\":\"https:\\\/\\\/foliobooks.pl\\\/en\\\/shop\\\/dior-the-fashion-icons\\\/#primaryimage\"},\"thumbnailUrl\":\"https:\\\/\\\/foliobooks.pl\\\/wp-content\\\/uploads\\\/2023\\\/12\\\/9781915343314.png\",\"datePublished\":\"2023-12-18T10:32:49+00:00\",\"description\":\"Wejd\u017a i kup ksi\u0105\u017ck\u0119 Dior. The Fashion Icons autorstwa Michael O&#8217;Neill wydan\u0105 przez Sona Books (2024-02-20) w formacie 21,6 x 27,6 cm (ISBN: 9781915343314). Zapraszamy!\",\"breadcrumb\":{\"@id\":\"https:\\\/\\\/foliobooks.pl\\\/en\\\/shop\\\/dior-the-fashion-icons\\\/#breadcrumb\"},\"inLanguage\":\"en-US\",\"potentialAction\":[{\"@type\":\"ReadAction\",\"target\":[\"https:\\\/\\\/foliobooks.pl\\\/en\\\/shop\\\/dior-the-fashion-icons\\\/\"]}]},{\"@type\":\"ImageObject\",\"inLanguage\":\"en-US\",\"@id\":\"https:\\\/\\\/foliobooks.pl\\\/en\\\/shop\\\/dior-the-fashion-icons\\\/#primaryimage\",\"url\":\"https:\\\/\\\/foliobooks.pl\\\/wp-content\\\/uploads\\\/2023\\\/12\\\/9781915343314.png\",\"contentUrl\":\"https:\\\/\\\/foliobooks.pl\\\/wp-content\\\/uploads\\\/2023\\\/12\\\/9781915343314.png\",\"width\":570,\"height\":708},{\"@type\":\"BreadcrumbList\",\"@id\":\"https:\\\/\\\/foliobooks.pl\\\/en\\\/shop\\\/dior-the-fashion-icons\\\/#breadcrumb\",\"itemListElement\":[{\"@type\":\"ListItem\",\"position\":1,\"name\":\"Strona g\u0142\u00f3wna\",\"item\":\"https:\\\/\\\/foliobooks.pl\\\/en\\\/\"},{\"@type\":\"ListItem\",\"position\":2,\"name\":\"Shop\",\"item\":\"https:\\\/\\\/foliobooks.pl\\\/en\\\/shop\\\/\"},{\"@type\":\"ListItem\",\"position\":3,\"name\":\"Dior. The Fashion Icons\"}]},{\"@type\":\"WebSite\",\"@id\":\"https:\\\/\\\/foliobooks.pl\\\/en\\\/#website\",\"url\":\"https:\\\/\\\/foliobooks.pl\\\/en\\\/\",\"name\":\"Folio\",\"description\":\"Ksi\u0119garnia internetowa\",\"potentialAction\":[{\"@type\":\"SearchAction\",\"target\":{\"@type\":\"EntryPoint\",\"urlTemplate\":\"https:\\\/\\\/foliobooks.pl\\\/en\\\/?s={search_term_string}\"},\"query-input\":{\"@type\":\"PropertyValueSpecification\",\"valueRequired\":true,\"valueName\":\"search_term_string\"}}],\"inLanguage\":\"en-US\"}]}<\/script>\n<!-- \/ Yoast SEO plugin. -->","yoast_head_json":{"title":"Dior. The Fashion Icons (Michael O&#8217;Neill) - book \/ album - Folio","description":"Wejd\u017a i kup ksi\u0105\u017ck\u0119 Dior. The Fashion Icons autorstwa Michael O&#8217;Neill wydan\u0105 przez Sona Books (2024-02-20) w formacie 21,6 x 27,6 cm (ISBN: 9781915343314). Zapraszamy!","robots":{"index":"index","follow":"follow","max-snippet":"max-snippet:-1","max-image-preview":"max-image-preview:large","max-video-preview":"max-video-preview:-1"},"canonical":"https:\/\/foliobooks.pl\/en\/shop\/dior-the-fashion-icons\/","og_locale":"en_US","og_type":"article","og_title":"Dior. The Fashion Icons (Michael O&#8217;Neill) - book \/ album - Folio","og_description":"Wejd\u017a i kup ksi\u0105\u017ck\u0119 Dior. The Fashion Icons autorstwa Michael O&#8217;Neill wydan\u0105 przez Sona Books (2024-02-20) w formacie 21,6 x 27,6 cm (ISBN: 9781915343314). Zapraszamy!","og_url":"https:\/\/foliobooks.pl\/en\/shop\/dior-the-fashion-icons\/","og_site_name":"Folio","og_image":[{"width":570,"height":708,"url":"https:\/\/foliobooks.pl\/wp-content\/uploads\/2023\/12\/9781915343314.png","type":"image\/png"}],"twitter_card":"summary_large_image","twitter_misc":{"Est. reading time":"2 minutes"},"schema":{"@context":"https:\/\/schema.org","@graph":[{"@type":"WebPage","@id":"https:\/\/foliobooks.pl\/en\/shop\/dior-the-fashion-icons\/","url":"https:\/\/foliobooks.pl\/en\/shop\/dior-the-fashion-icons\/","name":"Dior. The Fashion Icons (Michael O&#8217;Neill) - book \/ album - Folio","isPartOf":{"@id":"https:\/\/foliobooks.pl\/en\/#website"},"primaryImageOfPage":{"@id":"https:\/\/foliobooks.pl\/en\/shop\/dior-the-fashion-icons\/#primaryimage"},"image":{"@id":"https:\/\/foliobooks.pl\/en\/shop\/dior-the-fashion-icons\/#primaryimage"},"thumbnailUrl":"https:\/\/foliobooks.pl\/wp-content\/uploads\/2023\/12\/9781915343314.png","datePublished":"2023-12-18T10:32:49+00:00","description":"Wejd\u017a i kup ksi\u0105\u017ck\u0119 Dior. The Fashion Icons autorstwa Michael O&#8217;Neill wydan\u0105 przez Sona Books (2024-02-20) w formacie 21,6 x 27,6 cm (ISBN: 9781915343314). Zapraszamy!","breadcrumb":{"@id":"https:\/\/foliobooks.pl\/en\/shop\/dior-the-fashion-icons\/#breadcrumb"},"inLanguage":"en-US","potentialAction":[{"@type":"ReadAction","target":["https:\/\/foliobooks.pl\/en\/shop\/dior-the-fashion-icons\/"]}]},{"@type":"ImageObject","inLanguage":"en-US","@id":"https:\/\/foliobooks.pl\/en\/shop\/dior-the-fashion-icons\/#primaryimage","url":"https:\/\/foliobooks.pl\/wp-content\/uploads\/2023\/12\/9781915343314.png","contentUrl":"https:\/\/foliobooks.pl\/wp-content\/uploads\/2023\/12\/9781915343314.png","width":570,"height":708},{"@type":"BreadcrumbList","@id":"https:\/\/foliobooks.pl\/en\/shop\/dior-the-fashion-icons\/#breadcrumb","itemListElement":[{"@type":"ListItem","position":1,"name":"Strona g\u0142\u00f3wna","item":"https:\/\/foliobooks.pl\/en\/"},{"@type":"ListItem","position":2,"name":"Shop","item":"https:\/\/foliobooks.pl\/en\/shop\/"},{"@type":"ListItem","position":3,"name":"Dior. The Fashion Icons"}]},{"@type":"WebSite","@id":"https:\/\/foliobooks.pl\/en\/#website","url":"https:\/\/foliobooks.pl\/en\/","name":"Folio","description":"Ksi\u0119garnia internetowa","potentialAction":[{"@type":"SearchAction","target":{"@type":"EntryPoint","urlTemplate":"https:\/\/foliobooks.pl\/en\/?s={search_term_string}"},"query-input":{"@type":"PropertyValueSpecification","valueRequired":true,"valueName":"search_term_string"}}],"inLanguage":"en-US"}]}},"_links":{"self":[{"href":"https:\/\/foliobooks.pl\/en\/wp-json\/wp\/v2\/product\/98976","targetHints":{"allow":["GET"]}}],"collection":[{"href":"https:\/\/foliobooks.pl\/en\/wp-json\/wp\/v2\/product"}],"about":[{"href":"https:\/\/foliobooks.pl\/en\/wp-json\/wp\/v2\/types\/product"}],"replies":[{"embeddable":true,"href":"https:\/\/foliobooks.pl\/en\/wp-json\/wp\/v2\/comments?post=98976"}],"wp:featuredmedia":[{"embeddable":true,"href":"https:\/\/foliobooks.pl\/en\/wp-json\/wp\/v2\/media\/98961"}],"wp:attachment":[{"href":"https:\/\/foliobooks.pl\/en\/wp-json\/wp\/v2\/media?parent=98976"}],"wp:term":[{"taxonomy":"product_brand","embeddable":true,"href":"https:\/\/foliobooks.pl\/en\/wp-json\/wp\/v2\/product_brand?post=98976"},{"taxonomy":"product_cat","embeddable":true,"href":"https:\/\/foliobooks.pl\/en\/wp-json\/wp\/v2\/product_cat?post=98976"},{"taxonomy":"product_tag","embeddable":true,"href":"https:\/\/foliobooks.pl\/en\/wp-json\/wp\/v2\/product_tag?post=98976"}],"curies":[{"name":"wp","href":"https:\/\/api.w.org\/{rel}","templated":true}]}}