{"id":98958,"date":"2023-12-18T11:26:06","date_gmt":"2023-12-18T10:26:06","guid":{"rendered":"https:\/\/foliobooks.pl\/sklep\/chanel-the-fashion-icons\/"},"modified":"2023-12-18T11:26:06","modified_gmt":"2023-12-18T10:26:06","slug":"chanel-the-fashion-icons","status":"publish","type":"product","link":"https:\/\/foliobooks.pl\/en\/shop\/chanel-the-fashion-icons\/","title":{"rendered":"Chanel. The Fashion Icons"},"content":{"rendered":"<p>The story of a young girl who transformed herself from an impoverished orphan to one of the wealthiest and most famous women in the world, this book features images and photographs of Chanel\u2019s many iconic contributions to women\u2019s fashion such as Chanel No. 5 perfume, the little black dress, the Chanel tweed suit, the Chanel 2.55 bag and the Chanel sling back shoes.<\/p>\n<p>The book details how Chanel was a friend to Winston Churchill and Edward Prince of Wales, whilst simultaneously embracing the carefree, unfettered bohemian life of Paris in the 1920\u2019s, where she moved easily amongst the great creatives of the era, writers, painters, musicians, actors, such as Jean Cocteau, Sergei Diaghilev, Igor Stravinsky, Jean Renoir and Luchino Visconti.<\/p>\n<p>Couturi\u00e8re to stars of the Hollywood silver screen, politics, and French and British high society, Coco Chanel counted Marlene Dietrich, Marilyn Monroe, Jackie Kennedy, Jane Fonda and myriad others among her customers. This is the story of her remarkable life and fashion, illustrated with beautiful images.<\/p>\n","protected":false},"excerpt":{"rendered":"<p>The story of a young girl who transformed herself from an impoverished orphan to one of the wealthiest and most famous women in the world, this book features images and photographs of Chanel\u2019s many iconic contributions to women\u2019s fashion such as Chanel No. 5 perfume, the little black dress, the Chanel tweed suit, the Chanel&#8230;<\/p>\n","protected":false},"featured_media":98941,"comment_status":"closed","ping_status":"closed","template":"","meta":[],"product_brand":[],"product_cat":[13533,4519],"product_tag":[6125,1681],"class_list":{"0":"post-98958","1":"product","2":"type-product","3":"status-publish","4":"has-post-thumbnail","6":"product_cat-books","7":"product_cat-fashion-en-en","8":"product_tag-fashion","9":"product_tag-history","10":"pa_author_att-michael-oneill-en","11":"pa_cover-hardcover","12":"pa_format-22-x-275-cm-en","13":"pa_isbn-9781915343215-en","14":"pa_language-eng","15":"pa_pages-144-en","16":"pa_published-2023-09-26-en","17":"pa_publisher-sona-books-en","19":"first","20":"outofstock","21":"sold-individually","22":"shipping-taxable","23":"purchasable","24":"product-type-simple"},"yoast_head":"<!-- This site is optimized with the Yoast SEO plugin v27.4 - https:\/\/yoast.com\/product\/yoast-seo-wordpress\/ -->\n<title>Chanel. The Fashion Icons (Michael O&#8217;Neill) - book \/ album - Folio<\/title>\n<meta name=\"description\" content=\"Wejd\u017a i kup ksi\u0105\u017ck\u0119 Chanel. The Fashion Icons autorstwa Michael O&#8217;Neill wydan\u0105 przez Sona Books (2023-09-26) w formacie 22 x 27,5 cm (ISBN: 9781915343215). Zapraszamy!\" \/>\n<meta name=\"robots\" content=\"index, follow, max-snippet:-1, max-image-preview:large, max-video-preview:-1\" \/>\n<link rel=\"canonical\" href=\"https:\/\/foliobooks.pl\/en\/shop\/chanel-the-fashion-icons\/\" \/>\n<meta property=\"og:locale\" content=\"en_US\" \/>\n<meta property=\"og:type\" content=\"article\" \/>\n<meta property=\"og:title\" content=\"Chanel. The Fashion Icons (Michael O&#8217;Neill) - book \/ album - Folio\" \/>\n<meta property=\"og:description\" content=\"Wejd\u017a i kup ksi\u0105\u017ck\u0119 Chanel. The Fashion Icons autorstwa Michael O&#8217;Neill wydan\u0105 przez Sona Books (2023-09-26) w formacie 22 x 27,5 cm (ISBN: 9781915343215). Zapraszamy!\" \/>\n<meta property=\"og:url\" content=\"https:\/\/foliobooks.pl\/en\/shop\/chanel-the-fashion-icons\/\" \/>\n<meta property=\"og:site_name\" content=\"Folio\" \/>\n<meta property=\"og:image\" content=\"https:\/\/foliobooks.pl\/wp-content\/uploads\/2023\/12\/9781915343215.png\" \/>\n\t<meta property=\"og:image:width\" content=\"570\" \/>\n\t<meta property=\"og:image:height\" content=\"708\" \/>\n\t<meta property=\"og:image:type\" content=\"image\/png\" \/>\n<meta name=\"twitter:card\" content=\"summary_large_image\" \/>\n<meta name=\"twitter:label1\" content=\"Est. reading time\" \/>\n\t<meta name=\"twitter:data1\" content=\"2 minutes\" \/>\n<script type=\"application\/ld+json\" class=\"yoast-schema-graph\">{\"@context\":\"https:\\\/\\\/schema.org\",\"@graph\":[{\"@type\":\"WebPage\",\"@id\":\"https:\\\/\\\/foliobooks.pl\\\/en\\\/shop\\\/chanel-the-fashion-icons\\\/\",\"url\":\"https:\\\/\\\/foliobooks.pl\\\/en\\\/shop\\\/chanel-the-fashion-icons\\\/\",\"name\":\"Chanel. The Fashion Icons (Michael O&#8217;Neill) - book \\\/ album - Folio\",\"isPartOf\":{\"@id\":\"https:\\\/\\\/foliobooks.pl\\\/en\\\/#website\"},\"primaryImageOfPage\":{\"@id\":\"https:\\\/\\\/foliobooks.pl\\\/en\\\/shop\\\/chanel-the-fashion-icons\\\/#primaryimage\"},\"image\":{\"@id\":\"https:\\\/\\\/foliobooks.pl\\\/en\\\/shop\\\/chanel-the-fashion-icons\\\/#primaryimage\"},\"thumbnailUrl\":\"https:\\\/\\\/foliobooks.pl\\\/wp-content\\\/uploads\\\/2023\\\/12\\\/9781915343215.png\",\"datePublished\":\"2023-12-18T10:26:06+00:00\",\"description\":\"Wejd\u017a i kup ksi\u0105\u017ck\u0119 Chanel. The Fashion Icons autorstwa Michael O&#8217;Neill wydan\u0105 przez Sona Books (2023-09-26) w formacie 22 x 27,5 cm (ISBN: 9781915343215). Zapraszamy!\",\"breadcrumb\":{\"@id\":\"https:\\\/\\\/foliobooks.pl\\\/en\\\/shop\\\/chanel-the-fashion-icons\\\/#breadcrumb\"},\"inLanguage\":\"en-US\",\"potentialAction\":[{\"@type\":\"ReadAction\",\"target\":[\"https:\\\/\\\/foliobooks.pl\\\/en\\\/shop\\\/chanel-the-fashion-icons\\\/\"]}]},{\"@type\":\"ImageObject\",\"inLanguage\":\"en-US\",\"@id\":\"https:\\\/\\\/foliobooks.pl\\\/en\\\/shop\\\/chanel-the-fashion-icons\\\/#primaryimage\",\"url\":\"https:\\\/\\\/foliobooks.pl\\\/wp-content\\\/uploads\\\/2023\\\/12\\\/9781915343215.png\",\"contentUrl\":\"https:\\\/\\\/foliobooks.pl\\\/wp-content\\\/uploads\\\/2023\\\/12\\\/9781915343215.png\",\"width\":570,\"height\":708},{\"@type\":\"BreadcrumbList\",\"@id\":\"https:\\\/\\\/foliobooks.pl\\\/en\\\/shop\\\/chanel-the-fashion-icons\\\/#breadcrumb\",\"itemListElement\":[{\"@type\":\"ListItem\",\"position\":1,\"name\":\"Strona g\u0142\u00f3wna\",\"item\":\"https:\\\/\\\/foliobooks.pl\\\/en\\\/\"},{\"@type\":\"ListItem\",\"position\":2,\"name\":\"Shop\",\"item\":\"https:\\\/\\\/foliobooks.pl\\\/en\\\/shop\\\/\"},{\"@type\":\"ListItem\",\"position\":3,\"name\":\"Chanel. The Fashion Icons\"}]},{\"@type\":\"WebSite\",\"@id\":\"https:\\\/\\\/foliobooks.pl\\\/en\\\/#website\",\"url\":\"https:\\\/\\\/foliobooks.pl\\\/en\\\/\",\"name\":\"Folio\",\"description\":\"Ksi\u0119garnia internetowa\",\"potentialAction\":[{\"@type\":\"SearchAction\",\"target\":{\"@type\":\"EntryPoint\",\"urlTemplate\":\"https:\\\/\\\/foliobooks.pl\\\/en\\\/?s={search_term_string}\"},\"query-input\":{\"@type\":\"PropertyValueSpecification\",\"valueRequired\":true,\"valueName\":\"search_term_string\"}}],\"inLanguage\":\"en-US\"}]}<\/script>\n<!-- \/ Yoast SEO plugin. -->","yoast_head_json":{"title":"Chanel. The Fashion Icons (Michael O&#8217;Neill) - book \/ album - Folio","description":"Wejd\u017a i kup ksi\u0105\u017ck\u0119 Chanel. The Fashion Icons autorstwa Michael O&#8217;Neill wydan\u0105 przez Sona Books (2023-09-26) w formacie 22 x 27,5 cm (ISBN: 9781915343215). Zapraszamy!","robots":{"index":"index","follow":"follow","max-snippet":"max-snippet:-1","max-image-preview":"max-image-preview:large","max-video-preview":"max-video-preview:-1"},"canonical":"https:\/\/foliobooks.pl\/en\/shop\/chanel-the-fashion-icons\/","og_locale":"en_US","og_type":"article","og_title":"Chanel. The Fashion Icons (Michael O&#8217;Neill) - book \/ album - Folio","og_description":"Wejd\u017a i kup ksi\u0105\u017ck\u0119 Chanel. The Fashion Icons autorstwa Michael O&#8217;Neill wydan\u0105 przez Sona Books (2023-09-26) w formacie 22 x 27,5 cm (ISBN: 9781915343215). Zapraszamy!","og_url":"https:\/\/foliobooks.pl\/en\/shop\/chanel-the-fashion-icons\/","og_site_name":"Folio","og_image":[{"width":570,"height":708,"url":"https:\/\/foliobooks.pl\/wp-content\/uploads\/2023\/12\/9781915343215.png","type":"image\/png"}],"twitter_card":"summary_large_image","twitter_misc":{"Est. reading time":"2 minutes"},"schema":{"@context":"https:\/\/schema.org","@graph":[{"@type":"WebPage","@id":"https:\/\/foliobooks.pl\/en\/shop\/chanel-the-fashion-icons\/","url":"https:\/\/foliobooks.pl\/en\/shop\/chanel-the-fashion-icons\/","name":"Chanel. The Fashion Icons (Michael O&#8217;Neill) - book \/ album - Folio","isPartOf":{"@id":"https:\/\/foliobooks.pl\/en\/#website"},"primaryImageOfPage":{"@id":"https:\/\/foliobooks.pl\/en\/shop\/chanel-the-fashion-icons\/#primaryimage"},"image":{"@id":"https:\/\/foliobooks.pl\/en\/shop\/chanel-the-fashion-icons\/#primaryimage"},"thumbnailUrl":"https:\/\/foliobooks.pl\/wp-content\/uploads\/2023\/12\/9781915343215.png","datePublished":"2023-12-18T10:26:06+00:00","description":"Wejd\u017a i kup ksi\u0105\u017ck\u0119 Chanel. The Fashion Icons autorstwa Michael O&#8217;Neill wydan\u0105 przez Sona Books (2023-09-26) w formacie 22 x 27,5 cm (ISBN: 9781915343215). Zapraszamy!","breadcrumb":{"@id":"https:\/\/foliobooks.pl\/en\/shop\/chanel-the-fashion-icons\/#breadcrumb"},"inLanguage":"en-US","potentialAction":[{"@type":"ReadAction","target":["https:\/\/foliobooks.pl\/en\/shop\/chanel-the-fashion-icons\/"]}]},{"@type":"ImageObject","inLanguage":"en-US","@id":"https:\/\/foliobooks.pl\/en\/shop\/chanel-the-fashion-icons\/#primaryimage","url":"https:\/\/foliobooks.pl\/wp-content\/uploads\/2023\/12\/9781915343215.png","contentUrl":"https:\/\/foliobooks.pl\/wp-content\/uploads\/2023\/12\/9781915343215.png","width":570,"height":708},{"@type":"BreadcrumbList","@id":"https:\/\/foliobooks.pl\/en\/shop\/chanel-the-fashion-icons\/#breadcrumb","itemListElement":[{"@type":"ListItem","position":1,"name":"Strona g\u0142\u00f3wna","item":"https:\/\/foliobooks.pl\/en\/"},{"@type":"ListItem","position":2,"name":"Shop","item":"https:\/\/foliobooks.pl\/en\/shop\/"},{"@type":"ListItem","position":3,"name":"Chanel. The Fashion Icons"}]},{"@type":"WebSite","@id":"https:\/\/foliobooks.pl\/en\/#website","url":"https:\/\/foliobooks.pl\/en\/","name":"Folio","description":"Ksi\u0119garnia internetowa","potentialAction":[{"@type":"SearchAction","target":{"@type":"EntryPoint","urlTemplate":"https:\/\/foliobooks.pl\/en\/?s={search_term_string}"},"query-input":{"@type":"PropertyValueSpecification","valueRequired":true,"valueName":"search_term_string"}}],"inLanguage":"en-US"}]}},"_links":{"self":[{"href":"https:\/\/foliobooks.pl\/en\/wp-json\/wp\/v2\/product\/98958","targetHints":{"allow":["GET"]}}],"collection":[{"href":"https:\/\/foliobooks.pl\/en\/wp-json\/wp\/v2\/product"}],"about":[{"href":"https:\/\/foliobooks.pl\/en\/wp-json\/wp\/v2\/types\/product"}],"replies":[{"embeddable":true,"href":"https:\/\/foliobooks.pl\/en\/wp-json\/wp\/v2\/comments?post=98958"}],"wp:featuredmedia":[{"embeddable":true,"href":"https:\/\/foliobooks.pl\/en\/wp-json\/wp\/v2\/media\/98941"}],"wp:attachment":[{"href":"https:\/\/foliobooks.pl\/en\/wp-json\/wp\/v2\/media?parent=98958"}],"wp:term":[{"taxonomy":"product_brand","embeddable":true,"href":"https:\/\/foliobooks.pl\/en\/wp-json\/wp\/v2\/product_brand?post=98958"},{"taxonomy":"product_cat","embeddable":true,"href":"https:\/\/foliobooks.pl\/en\/wp-json\/wp\/v2\/product_cat?post=98958"},{"taxonomy":"product_tag","embeddable":true,"href":"https:\/\/foliobooks.pl\/en\/wp-json\/wp\/v2\/product_tag?post=98958"}],"curies":[{"name":"wp","href":"https:\/\/api.w.org\/{rel}","templated":true}]}}