{"id":98924,"date":"2023-12-18T10:59:28","date_gmt":"2023-12-18T09:59:28","guid":{"rendered":"https:\/\/foliobooks.pl\/sklep\/98921\/"},"modified":"2024-05-06T16:03:53","modified_gmt":"2024-05-06T14:03:53","slug":"the-1990s-fashion-book","status":"publish","type":"product","link":"https:\/\/foliobooks.pl\/en\/shop\/the-1990s-fashion-book\/","title":{"rendered":"The 1990s Fashion Book"},"content":{"rendered":"<p>The 1990s Fashion Book is a tribute to the unique fashion of that time. Flashy, colorful, casual and sexy, these were the attributes that applied back then. Top models, hip-hoppers or pop groups like Take That and the Spice Girls exemplified a fashion style that triggered a boom all over the world. It is fair to say that, in retrospect, hardly any other decade has had such a formative effect on modern times as the 1990s. It is considered a decade of revolution, in which almost everything that had existed before changed at breakneck speed. This is when ground-breaking technologies such as the internet or nationwide mobile telephony came into being, without which our lives today would be unimaginable. Modern pop culture and current fashion design originate to a large extent from the cradle of the &#8217;90s. Sub-trends of the time such as grunge, hip-hop, minimalism, casual chic and deconstructivism are, in retrospect, what continues to have an impact today. Text in English and German.<\/p>\n","protected":false},"excerpt":{"rendered":"<p>The 1990s Fashion Book is a tribute to the unique fashion of that time. Flashy, colorful, casual and sexy, these were the attributes that applied back then. Top models, hip-hoppers or pop groups like Take That and the Spice Girls exemplified a fashion style that triggered a boom all over the world. It is fair&#8230;<\/p>\n","protected":false},"featured_media":98923,"comment_status":"closed","ping_status":"closed","template":"","meta":[],"product_brand":[],"product_cat":[13533,4519],"product_tag":[6125],"class_list":{"0":"post-98924","1":"product","2":"type-product","3":"status-publish","4":"has-post-thumbnail","6":"product_cat-books","7":"product_cat-fashion-en-en","8":"product_tag-fashion","9":"pa_author_att-agata-toromanoff-en","10":"pa_cover-hardcover","11":"pa_format-24-x-305-cm-en","12":"pa_isbn-9783961715206-en","13":"pa_language-eng","14":"pa_pages-224-2-en","15":"pa_published-2023-12-14-en","16":"pa_publisher-teneues-en","18":"first","19":"outofstock","20":"sale","21":"sold-individually","22":"shipping-taxable","23":"purchasable","24":"product-type-simple"},"yoast_head":"<!-- This site is optimized with the Yoast SEO plugin v27.4 - https:\/\/yoast.com\/product\/yoast-seo-wordpress\/ -->\n<title>The 1990s Fashion Book (Agata Toromanoff) - book \/ album - Folio<\/title>\n<meta name=\"description\" content=\"Wejd\u017a i kup ksi\u0105\u017ck\u0119 The 1990s Fashion Book autorstwa Agata Toromanoff wydan\u0105 przez teNeues (2023-12-14) w formacie 24 x 30,5 cm (ISBN: 9783961715206). Zapraszamy!\" \/>\n<meta name=\"robots\" content=\"index, follow, max-snippet:-1, max-image-preview:large, max-video-preview:-1\" \/>\n<link rel=\"canonical\" href=\"https:\/\/foliobooks.pl\/en\/shop\/the-1990s-fashion-book\/\" \/>\n<meta property=\"og:locale\" content=\"en_US\" \/>\n<meta property=\"og:type\" content=\"article\" \/>\n<meta property=\"og:title\" content=\"The 1990s Fashion Book (Agata Toromanoff) - book \/ album - Folio\" \/>\n<meta property=\"og:description\" content=\"Wejd\u017a i kup ksi\u0105\u017ck\u0119 The 1990s Fashion Book autorstwa Agata Toromanoff wydan\u0105 przez teNeues (2023-12-14) w formacie 24 x 30,5 cm (ISBN: 9783961715206). Zapraszamy!\" \/>\n<meta property=\"og:url\" content=\"https:\/\/foliobooks.pl\/en\/shop\/the-1990s-fashion-book\/\" \/>\n<meta property=\"og:site_name\" content=\"Folio\" \/>\n<meta property=\"article:modified_time\" content=\"2024-05-06T14:03:53+00:00\" \/>\n<meta property=\"og:image\" content=\"https:\/\/foliobooks.pl\/wp-content\/uploads\/2023\/12\/9783961715206.png\" \/>\n\t<meta property=\"og:image:width\" content=\"570\" \/>\n\t<meta property=\"og:image:height\" content=\"708\" \/>\n\t<meta property=\"og:image:type\" content=\"image\/png\" \/>\n<meta name=\"twitter:card\" content=\"summary_large_image\" \/>\n<meta name=\"twitter:label1\" content=\"Est. reading time\" \/>\n\t<meta name=\"twitter:data1\" content=\"2 minutes\" \/>\n<script type=\"application\/ld+json\" class=\"yoast-schema-graph\">{\"@context\":\"https:\\\/\\\/schema.org\",\"@graph\":[{\"@type\":\"WebPage\",\"@id\":\"https:\\\/\\\/foliobooks.pl\\\/en\\\/shop\\\/the-1990s-fashion-book\\\/\",\"url\":\"https:\\\/\\\/foliobooks.pl\\\/en\\\/shop\\\/the-1990s-fashion-book\\\/\",\"name\":\"The 1990s Fashion Book (Agata Toromanoff) - book \\\/ album - Folio\",\"isPartOf\":{\"@id\":\"https:\\\/\\\/foliobooks.pl\\\/en\\\/#website\"},\"primaryImageOfPage\":{\"@id\":\"https:\\\/\\\/foliobooks.pl\\\/en\\\/shop\\\/the-1990s-fashion-book\\\/#primaryimage\"},\"image\":{\"@id\":\"https:\\\/\\\/foliobooks.pl\\\/en\\\/shop\\\/the-1990s-fashion-book\\\/#primaryimage\"},\"thumbnailUrl\":\"https:\\\/\\\/foliobooks.pl\\\/wp-content\\\/uploads\\\/2023\\\/12\\\/9783961715206.png\",\"datePublished\":\"2023-12-18T09:59:28+00:00\",\"dateModified\":\"2024-05-06T14:03:53+00:00\",\"description\":\"Wejd\u017a i kup ksi\u0105\u017ck\u0119 The 1990s Fashion Book autorstwa Agata Toromanoff wydan\u0105 przez teNeues (2023-12-14) w formacie 24 x 30,5 cm (ISBN: 9783961715206). Zapraszamy!\",\"breadcrumb\":{\"@id\":\"https:\\\/\\\/foliobooks.pl\\\/en\\\/shop\\\/the-1990s-fashion-book\\\/#breadcrumb\"},\"inLanguage\":\"en-US\",\"potentialAction\":[{\"@type\":\"ReadAction\",\"target\":[\"https:\\\/\\\/foliobooks.pl\\\/en\\\/shop\\\/the-1990s-fashion-book\\\/\"]}]},{\"@type\":\"ImageObject\",\"inLanguage\":\"en-US\",\"@id\":\"https:\\\/\\\/foliobooks.pl\\\/en\\\/shop\\\/the-1990s-fashion-book\\\/#primaryimage\",\"url\":\"https:\\\/\\\/foliobooks.pl\\\/wp-content\\\/uploads\\\/2023\\\/12\\\/9783961715206.png\",\"contentUrl\":\"https:\\\/\\\/foliobooks.pl\\\/wp-content\\\/uploads\\\/2023\\\/12\\\/9783961715206.png\",\"width\":570,\"height\":708},{\"@type\":\"BreadcrumbList\",\"@id\":\"https:\\\/\\\/foliobooks.pl\\\/en\\\/shop\\\/the-1990s-fashion-book\\\/#breadcrumb\",\"itemListElement\":[{\"@type\":\"ListItem\",\"position\":1,\"name\":\"Strona g\u0142\u00f3wna\",\"item\":\"https:\\\/\\\/foliobooks.pl\\\/en\\\/\"},{\"@type\":\"ListItem\",\"position\":2,\"name\":\"Shop\",\"item\":\"https:\\\/\\\/foliobooks.pl\\\/en\\\/shop\\\/\"},{\"@type\":\"ListItem\",\"position\":3,\"name\":\"The 1990s Fashion Book\"}]},{\"@type\":\"WebSite\",\"@id\":\"https:\\\/\\\/foliobooks.pl\\\/en\\\/#website\",\"url\":\"https:\\\/\\\/foliobooks.pl\\\/en\\\/\",\"name\":\"Folio\",\"description\":\"Ksi\u0119garnia internetowa\",\"potentialAction\":[{\"@type\":\"SearchAction\",\"target\":{\"@type\":\"EntryPoint\",\"urlTemplate\":\"https:\\\/\\\/foliobooks.pl\\\/en\\\/?s={search_term_string}\"},\"query-input\":{\"@type\":\"PropertyValueSpecification\",\"valueRequired\":true,\"valueName\":\"search_term_string\"}}],\"inLanguage\":\"en-US\"}]}<\/script>\n<!-- \/ Yoast SEO plugin. -->","yoast_head_json":{"title":"The 1990s Fashion Book (Agata Toromanoff) - book \/ album - Folio","description":"Wejd\u017a i kup ksi\u0105\u017ck\u0119 The 1990s Fashion Book autorstwa Agata Toromanoff wydan\u0105 przez teNeues (2023-12-14) w formacie 24 x 30,5 cm (ISBN: 9783961715206). Zapraszamy!","robots":{"index":"index","follow":"follow","max-snippet":"max-snippet:-1","max-image-preview":"max-image-preview:large","max-video-preview":"max-video-preview:-1"},"canonical":"https:\/\/foliobooks.pl\/en\/shop\/the-1990s-fashion-book\/","og_locale":"en_US","og_type":"article","og_title":"The 1990s Fashion Book (Agata Toromanoff) - book \/ album - Folio","og_description":"Wejd\u017a i kup ksi\u0105\u017ck\u0119 The 1990s Fashion Book autorstwa Agata Toromanoff wydan\u0105 przez teNeues (2023-12-14) w formacie 24 x 30,5 cm (ISBN: 9783961715206). Zapraszamy!","og_url":"https:\/\/foliobooks.pl\/en\/shop\/the-1990s-fashion-book\/","og_site_name":"Folio","article_modified_time":"2024-05-06T14:03:53+00:00","og_image":[{"width":570,"height":708,"url":"https:\/\/foliobooks.pl\/wp-content\/uploads\/2023\/12\/9783961715206.png","type":"image\/png"}],"twitter_card":"summary_large_image","twitter_misc":{"Est. reading time":"2 minutes"},"schema":{"@context":"https:\/\/schema.org","@graph":[{"@type":"WebPage","@id":"https:\/\/foliobooks.pl\/en\/shop\/the-1990s-fashion-book\/","url":"https:\/\/foliobooks.pl\/en\/shop\/the-1990s-fashion-book\/","name":"The 1990s Fashion Book (Agata Toromanoff) - book \/ album - Folio","isPartOf":{"@id":"https:\/\/foliobooks.pl\/en\/#website"},"primaryImageOfPage":{"@id":"https:\/\/foliobooks.pl\/en\/shop\/the-1990s-fashion-book\/#primaryimage"},"image":{"@id":"https:\/\/foliobooks.pl\/en\/shop\/the-1990s-fashion-book\/#primaryimage"},"thumbnailUrl":"https:\/\/foliobooks.pl\/wp-content\/uploads\/2023\/12\/9783961715206.png","datePublished":"2023-12-18T09:59:28+00:00","dateModified":"2024-05-06T14:03:53+00:00","description":"Wejd\u017a i kup ksi\u0105\u017ck\u0119 The 1990s Fashion Book autorstwa Agata Toromanoff wydan\u0105 przez teNeues (2023-12-14) w formacie 24 x 30,5 cm (ISBN: 9783961715206). Zapraszamy!","breadcrumb":{"@id":"https:\/\/foliobooks.pl\/en\/shop\/the-1990s-fashion-book\/#breadcrumb"},"inLanguage":"en-US","potentialAction":[{"@type":"ReadAction","target":["https:\/\/foliobooks.pl\/en\/shop\/the-1990s-fashion-book\/"]}]},{"@type":"ImageObject","inLanguage":"en-US","@id":"https:\/\/foliobooks.pl\/en\/shop\/the-1990s-fashion-book\/#primaryimage","url":"https:\/\/foliobooks.pl\/wp-content\/uploads\/2023\/12\/9783961715206.png","contentUrl":"https:\/\/foliobooks.pl\/wp-content\/uploads\/2023\/12\/9783961715206.png","width":570,"height":708},{"@type":"BreadcrumbList","@id":"https:\/\/foliobooks.pl\/en\/shop\/the-1990s-fashion-book\/#breadcrumb","itemListElement":[{"@type":"ListItem","position":1,"name":"Strona g\u0142\u00f3wna","item":"https:\/\/foliobooks.pl\/en\/"},{"@type":"ListItem","position":2,"name":"Shop","item":"https:\/\/foliobooks.pl\/en\/shop\/"},{"@type":"ListItem","position":3,"name":"The 1990s Fashion Book"}]},{"@type":"WebSite","@id":"https:\/\/foliobooks.pl\/en\/#website","url":"https:\/\/foliobooks.pl\/en\/","name":"Folio","description":"Ksi\u0119garnia internetowa","potentialAction":[{"@type":"SearchAction","target":{"@type":"EntryPoint","urlTemplate":"https:\/\/foliobooks.pl\/en\/?s={search_term_string}"},"query-input":{"@type":"PropertyValueSpecification","valueRequired":true,"valueName":"search_term_string"}}],"inLanguage":"en-US"}]}},"_links":{"self":[{"href":"https:\/\/foliobooks.pl\/en\/wp-json\/wp\/v2\/product\/98924","targetHints":{"allow":["GET"]}}],"collection":[{"href":"https:\/\/foliobooks.pl\/en\/wp-json\/wp\/v2\/product"}],"about":[{"href":"https:\/\/foliobooks.pl\/en\/wp-json\/wp\/v2\/types\/product"}],"replies":[{"embeddable":true,"href":"https:\/\/foliobooks.pl\/en\/wp-json\/wp\/v2\/comments?post=98924"}],"wp:featuredmedia":[{"embeddable":true,"href":"https:\/\/foliobooks.pl\/en\/wp-json\/wp\/v2\/media\/98923"}],"wp:attachment":[{"href":"https:\/\/foliobooks.pl\/en\/wp-json\/wp\/v2\/media?parent=98924"}],"wp:term":[{"taxonomy":"product_brand","embeddable":true,"href":"https:\/\/foliobooks.pl\/en\/wp-json\/wp\/v2\/product_brand?post=98924"},{"taxonomy":"product_cat","embeddable":true,"href":"https:\/\/foliobooks.pl\/en\/wp-json\/wp\/v2\/product_cat?post=98924"},{"taxonomy":"product_tag","embeddable":true,"href":"https:\/\/foliobooks.pl\/en\/wp-json\/wp\/v2\/product_tag?post=98924"}],"curies":[{"name":"wp","href":"https:\/\/api.w.org\/{rel}","templated":true}]}}