{"id":98099,"date":"2023-12-06T11:56:38","date_gmt":"2023-12-06T10:56:38","guid":{"rendered":"https:\/\/foliobooks.pl\/sklep\/louis-vuitton-yayoi-kusama\/"},"modified":"2026-04-16T13:33:24","modified_gmt":"2026-04-16T11:33:24","slug":"louis-vuitton-yayoi-kusama","status":"publish","type":"product","link":"https:\/\/foliobooks.pl\/en\/shop\/louis-vuitton-yayoi-kusama\/","title":{"rendered":"Louis Vuitton Yayoi Kusama"},"content":{"rendered":"<p>Louis Vuitton, the global luxury fashion house, and world-famous artist Yayoi Kusama partner again, and in the storied history of the brand\u2019s epic collaborations with artists, this is the most ambitious to date.<\/p>\n<p>In this important volume about this powerhouse collaboration, artwork by trailblazing artist Yayoi Kusama is featured alongside the groundbreaking fashion collection she designed with Louis Vuitton, and is organized around the seminal artistic themes that inspired the project.<\/p>\n<p>Edited by Ferdinando Verdi and Isabel Venero, the volume includes contributions from renowned experts in both fashion and art, including writer Jo-Ann Furniss who explores the collaboration, designer Marc Jacobs who initiated the house\u2019s relationship with Kusama, and curators Mika Yoshitake and Philip Larratt-Smith, both of whom have organized important exhibitions on the artist\u2019s work. And Hans Ulrich Obrist, the renowned curator and Artistic Director of Serpentine Galleries, London, Hans Ulrich Obrist talks with longtime Kusama expert Akira Tatehata.<\/p>\n<p>In the spirit of this iconic partnership and with a nod to the popular fascination with Kusama, the book includes musings from some of the most important contemporary artists and musicians working today\u2014including Arca, Katherine Bradford, Anne Imhoff, Ryan McNamara, Ra\u00fal de Nieves, Ryan Trecartin, Nora Turato, and Jacolby Satterwhite\u2014talking about Kusama\u2019s impact and her extraordinary ability to build fantastical worlds through her signature polka dots and mirror balls, which are joyful representations of her deeply thoughtful philosophy about art and the universe.<\/p>\n","protected":false},"excerpt":{"rendered":"<p>Louis Vuitton, the global luxury fashion house, and world-famous artist Yayoi Kusama partner again, and in the storied history of the brand\u2019s epic collaborations with artists, this is the most ambitious to date. In this important volume about this powerhouse collaboration, artwork by trailblazing artist Yayoi Kusama is featured alongside the groundbreaking fashion collection she&#8230;<\/p>\n","protected":false},"featured_media":98070,"comment_status":"closed","ping_status":"closed","template":"","meta":[],"product_brand":[],"product_cat":[13533,4519],"product_tag":[157,6125,11253],"class_list":{"0":"post-98099","1":"product","2":"type-product","3":"status-publish","4":"has-post-thumbnail","6":"product_cat-books","7":"product_cat-fashion-en-en","8":"product_tag-designers","9":"product_tag-fashion","10":"product_tag-fashion-design-en","11":"pa_author_att-yayoi-kusama-en","12":"pa_cover-hardcover","13":"pa_format-236-x-303-cm-en","14":"pa_isbn-9780847873838-en","15":"pa_language-eng","16":"pa_pages-240-2-en","17":"pa_published-2023-09-26-en","18":"pa_publisher-rizzoli-en","20":"first","21":"instock","22":"sale","23":"sold-individually","24":"shipping-taxable","25":"purchasable","26":"product-type-simple"},"yoast_head":"<!-- This site is optimized with the Yoast SEO plugin v27.4 - https:\/\/yoast.com\/product\/yoast-seo-wordpress\/ -->\n<title>Louis Vuitton Yayoi Kusama (Yayoi Kusama) - book \/ album - Folio<\/title>\n<meta name=\"description\" content=\"Wejd\u017a i kup ksi\u0105\u017ck\u0119 Louis Vuitton Yayoi Kusama autorstwa Yayoi Kusama wydan\u0105 przez Rizzoli (2023-09-26) w formacie 23,6 x 30,3 cm (ISBN: 9780847873838). Zapraszamy!\" \/>\n<meta name=\"robots\" content=\"index, follow, max-snippet:-1, max-image-preview:large, max-video-preview:-1\" \/>\n<link rel=\"canonical\" href=\"https:\/\/foliobooks.pl\/en\/shop\/louis-vuitton-yayoi-kusama\/\" \/>\n<meta property=\"og:locale\" content=\"en_US\" \/>\n<meta property=\"og:type\" content=\"article\" \/>\n<meta property=\"og:title\" content=\"Louis Vuitton Yayoi Kusama (Yayoi Kusama) - book \/ album - Folio\" \/>\n<meta property=\"og:description\" content=\"Wejd\u017a i kup ksi\u0105\u017ck\u0119 Louis Vuitton Yayoi Kusama autorstwa Yayoi Kusama wydan\u0105 przez Rizzoli (2023-09-26) w formacie 23,6 x 30,3 cm (ISBN: 9780847873838). Zapraszamy!\" \/>\n<meta property=\"og:url\" content=\"https:\/\/foliobooks.pl\/en\/shop\/louis-vuitton-yayoi-kusama\/\" \/>\n<meta property=\"og:site_name\" content=\"Folio\" \/>\n<meta property=\"article:modified_time\" content=\"2026-04-16T11:33:24+00:00\" \/>\n<meta property=\"og:image\" content=\"https:\/\/foliobooks.pl\/wp-content\/uploads\/2023\/12\/9780847873838.png\" \/>\n\t<meta property=\"og:image:width\" content=\"570\" \/>\n\t<meta property=\"og:image:height\" content=\"708\" \/>\n\t<meta property=\"og:image:type\" content=\"image\/png\" \/>\n<meta name=\"twitter:card\" content=\"summary_large_image\" \/>\n<meta name=\"twitter:label1\" content=\"Est. reading time\" \/>\n\t<meta name=\"twitter:data1\" content=\"2 minutes\" \/>\n<script type=\"application\/ld+json\" class=\"yoast-schema-graph\">{\"@context\":\"https:\\\/\\\/schema.org\",\"@graph\":[{\"@type\":\"WebPage\",\"@id\":\"https:\\\/\\\/foliobooks.pl\\\/en\\\/shop\\\/louis-vuitton-yayoi-kusama\\\/\",\"url\":\"https:\\\/\\\/foliobooks.pl\\\/en\\\/shop\\\/louis-vuitton-yayoi-kusama\\\/\",\"name\":\"Louis Vuitton Yayoi Kusama (Yayoi Kusama) - book \\\/ album - Folio\",\"isPartOf\":{\"@id\":\"https:\\\/\\\/foliobooks.pl\\\/en\\\/#website\"},\"primaryImageOfPage\":{\"@id\":\"https:\\\/\\\/foliobooks.pl\\\/en\\\/shop\\\/louis-vuitton-yayoi-kusama\\\/#primaryimage\"},\"image\":{\"@id\":\"https:\\\/\\\/foliobooks.pl\\\/en\\\/shop\\\/louis-vuitton-yayoi-kusama\\\/#primaryimage\"},\"thumbnailUrl\":\"https:\\\/\\\/foliobooks.pl\\\/wp-content\\\/uploads\\\/2023\\\/12\\\/9780847873838.png\",\"datePublished\":\"2023-12-06T10:56:38+00:00\",\"dateModified\":\"2026-04-16T11:33:24+00:00\",\"description\":\"Wejd\u017a i kup ksi\u0105\u017ck\u0119 Louis Vuitton Yayoi Kusama autorstwa Yayoi Kusama wydan\u0105 przez Rizzoli (2023-09-26) w formacie 23,6 x 30,3 cm (ISBN: 9780847873838). Zapraszamy!\",\"breadcrumb\":{\"@id\":\"https:\\\/\\\/foliobooks.pl\\\/en\\\/shop\\\/louis-vuitton-yayoi-kusama\\\/#breadcrumb\"},\"inLanguage\":\"en-US\",\"potentialAction\":[{\"@type\":\"ReadAction\",\"target\":[\"https:\\\/\\\/foliobooks.pl\\\/en\\\/shop\\\/louis-vuitton-yayoi-kusama\\\/\"]}]},{\"@type\":\"ImageObject\",\"inLanguage\":\"en-US\",\"@id\":\"https:\\\/\\\/foliobooks.pl\\\/en\\\/shop\\\/louis-vuitton-yayoi-kusama\\\/#primaryimage\",\"url\":\"https:\\\/\\\/foliobooks.pl\\\/wp-content\\\/uploads\\\/2023\\\/12\\\/9780847873838.png\",\"contentUrl\":\"https:\\\/\\\/foliobooks.pl\\\/wp-content\\\/uploads\\\/2023\\\/12\\\/9780847873838.png\",\"width\":570,\"height\":708},{\"@type\":\"BreadcrumbList\",\"@id\":\"https:\\\/\\\/foliobooks.pl\\\/en\\\/shop\\\/louis-vuitton-yayoi-kusama\\\/#breadcrumb\",\"itemListElement\":[{\"@type\":\"ListItem\",\"position\":1,\"name\":\"Strona g\u0142\u00f3wna\",\"item\":\"https:\\\/\\\/foliobooks.pl\\\/en\\\/\"},{\"@type\":\"ListItem\",\"position\":2,\"name\":\"Shop\",\"item\":\"https:\\\/\\\/foliobooks.pl\\\/en\\\/shop\\\/\"},{\"@type\":\"ListItem\",\"position\":3,\"name\":\"Louis Vuitton Yayoi Kusama\"}]},{\"@type\":\"WebSite\",\"@id\":\"https:\\\/\\\/foliobooks.pl\\\/en\\\/#website\",\"url\":\"https:\\\/\\\/foliobooks.pl\\\/en\\\/\",\"name\":\"Folio\",\"description\":\"Ksi\u0119garnia internetowa\",\"potentialAction\":[{\"@type\":\"SearchAction\",\"target\":{\"@type\":\"EntryPoint\",\"urlTemplate\":\"https:\\\/\\\/foliobooks.pl\\\/en\\\/?s={search_term_string}\"},\"query-input\":{\"@type\":\"PropertyValueSpecification\",\"valueRequired\":true,\"valueName\":\"search_term_string\"}}],\"inLanguage\":\"en-US\"}]}<\/script>\n<!-- \/ Yoast SEO plugin. -->","yoast_head_json":{"title":"Louis Vuitton Yayoi Kusama (Yayoi Kusama) - book \/ album - Folio","description":"Wejd\u017a i kup ksi\u0105\u017ck\u0119 Louis Vuitton Yayoi Kusama autorstwa Yayoi Kusama wydan\u0105 przez Rizzoli (2023-09-26) w formacie 23,6 x 30,3 cm (ISBN: 9780847873838). Zapraszamy!","robots":{"index":"index","follow":"follow","max-snippet":"max-snippet:-1","max-image-preview":"max-image-preview:large","max-video-preview":"max-video-preview:-1"},"canonical":"https:\/\/foliobooks.pl\/en\/shop\/louis-vuitton-yayoi-kusama\/","og_locale":"en_US","og_type":"article","og_title":"Louis Vuitton Yayoi Kusama (Yayoi Kusama) - book \/ album - Folio","og_description":"Wejd\u017a i kup ksi\u0105\u017ck\u0119 Louis Vuitton Yayoi Kusama autorstwa Yayoi Kusama wydan\u0105 przez Rizzoli (2023-09-26) w formacie 23,6 x 30,3 cm (ISBN: 9780847873838). Zapraszamy!","og_url":"https:\/\/foliobooks.pl\/en\/shop\/louis-vuitton-yayoi-kusama\/","og_site_name":"Folio","article_modified_time":"2026-04-16T11:33:24+00:00","og_image":[{"width":570,"height":708,"url":"https:\/\/foliobooks.pl\/wp-content\/uploads\/2023\/12\/9780847873838.png","type":"image\/png"}],"twitter_card":"summary_large_image","twitter_misc":{"Est. reading time":"2 minutes"},"schema":{"@context":"https:\/\/schema.org","@graph":[{"@type":"WebPage","@id":"https:\/\/foliobooks.pl\/en\/shop\/louis-vuitton-yayoi-kusama\/","url":"https:\/\/foliobooks.pl\/en\/shop\/louis-vuitton-yayoi-kusama\/","name":"Louis Vuitton Yayoi Kusama (Yayoi Kusama) - book \/ album - Folio","isPartOf":{"@id":"https:\/\/foliobooks.pl\/en\/#website"},"primaryImageOfPage":{"@id":"https:\/\/foliobooks.pl\/en\/shop\/louis-vuitton-yayoi-kusama\/#primaryimage"},"image":{"@id":"https:\/\/foliobooks.pl\/en\/shop\/louis-vuitton-yayoi-kusama\/#primaryimage"},"thumbnailUrl":"https:\/\/foliobooks.pl\/wp-content\/uploads\/2023\/12\/9780847873838.png","datePublished":"2023-12-06T10:56:38+00:00","dateModified":"2026-04-16T11:33:24+00:00","description":"Wejd\u017a i kup ksi\u0105\u017ck\u0119 Louis Vuitton Yayoi Kusama autorstwa Yayoi Kusama wydan\u0105 przez Rizzoli (2023-09-26) w formacie 23,6 x 30,3 cm (ISBN: 9780847873838). Zapraszamy!","breadcrumb":{"@id":"https:\/\/foliobooks.pl\/en\/shop\/louis-vuitton-yayoi-kusama\/#breadcrumb"},"inLanguage":"en-US","potentialAction":[{"@type":"ReadAction","target":["https:\/\/foliobooks.pl\/en\/shop\/louis-vuitton-yayoi-kusama\/"]}]},{"@type":"ImageObject","inLanguage":"en-US","@id":"https:\/\/foliobooks.pl\/en\/shop\/louis-vuitton-yayoi-kusama\/#primaryimage","url":"https:\/\/foliobooks.pl\/wp-content\/uploads\/2023\/12\/9780847873838.png","contentUrl":"https:\/\/foliobooks.pl\/wp-content\/uploads\/2023\/12\/9780847873838.png","width":570,"height":708},{"@type":"BreadcrumbList","@id":"https:\/\/foliobooks.pl\/en\/shop\/louis-vuitton-yayoi-kusama\/#breadcrumb","itemListElement":[{"@type":"ListItem","position":1,"name":"Strona g\u0142\u00f3wna","item":"https:\/\/foliobooks.pl\/en\/"},{"@type":"ListItem","position":2,"name":"Shop","item":"https:\/\/foliobooks.pl\/en\/shop\/"},{"@type":"ListItem","position":3,"name":"Louis Vuitton Yayoi Kusama"}]},{"@type":"WebSite","@id":"https:\/\/foliobooks.pl\/en\/#website","url":"https:\/\/foliobooks.pl\/en\/","name":"Folio","description":"Ksi\u0119garnia internetowa","potentialAction":[{"@type":"SearchAction","target":{"@type":"EntryPoint","urlTemplate":"https:\/\/foliobooks.pl\/en\/?s={search_term_string}"},"query-input":{"@type":"PropertyValueSpecification","valueRequired":true,"valueName":"search_term_string"}}],"inLanguage":"en-US"}]}},"_links":{"self":[{"href":"https:\/\/foliobooks.pl\/en\/wp-json\/wp\/v2\/product\/98099","targetHints":{"allow":["GET"]}}],"collection":[{"href":"https:\/\/foliobooks.pl\/en\/wp-json\/wp\/v2\/product"}],"about":[{"href":"https:\/\/foliobooks.pl\/en\/wp-json\/wp\/v2\/types\/product"}],"replies":[{"embeddable":true,"href":"https:\/\/foliobooks.pl\/en\/wp-json\/wp\/v2\/comments?post=98099"}],"wp:featuredmedia":[{"embeddable":true,"href":"https:\/\/foliobooks.pl\/en\/wp-json\/wp\/v2\/media\/98070"}],"wp:attachment":[{"href":"https:\/\/foliobooks.pl\/en\/wp-json\/wp\/v2\/media?parent=98099"}],"wp:term":[{"taxonomy":"product_brand","embeddable":true,"href":"https:\/\/foliobooks.pl\/en\/wp-json\/wp\/v2\/product_brand?post=98099"},{"taxonomy":"product_cat","embeddable":true,"href":"https:\/\/foliobooks.pl\/en\/wp-json\/wp\/v2\/product_cat?post=98099"},{"taxonomy":"product_tag","embeddable":true,"href":"https:\/\/foliobooks.pl\/en\/wp-json\/wp\/v2\/product_tag?post=98099"}],"curies":[{"name":"wp","href":"https:\/\/api.w.org\/{rel}","templated":true}]}}