{"id":97898,"date":"2023-12-04T15:33:09","date_gmt":"2023-12-04T14:33:09","guid":{"rendered":"https:\/\/foliobooks.pl\/sklep\/oh-my-gosh-i-love-your-shoes\/"},"modified":"2026-04-16T12:47:51","modified_gmt":"2026-04-16T10:47:51","slug":"oh-my-gosh-i-love-your-shoes","status":"publish","type":"product","link":"https:\/\/foliobooks.pl\/en\/shop\/oh-my-gosh-i-love-your-shoes\/","title":{"rendered":"Oh My Gosh, I Love Your Shoes"},"content":{"rendered":"<p>Leading British shoe designer Sophia Webster is known for her sense of fun, playful and feminine touches &#8211; but less well known is the story behind the shoes, and how Sophia juggled a fledgling business with a young family, turning her love of drawing into a renowned brand.<\/p>\n<p>Charting her early days as a young creative, through her fashion inspirations (from the Spice Girls to Grayson Perry) and on to how her designs are brought to life, Oh My Gosh, I Love Your Shoes shines a spotlight on Sophia&#8217;s boundless imagination and enthusiasm for her craft. Sophia reflects on how her early life experiences set her up to face the challenges of establishing a fashion brand and the benefits of quick thinking and infinite determination when navigating the daily trials of business ownership. Her story is told through 365 sketches of her favourite designs, each evoking their own memories of this fascinating and colourful journey.<\/p>\n<p>Celebrating a decade of head-turning heels, Oh My Gosh, I Love Your Shoes is an inspiring, uplifting showcase of Sophia&#8217;s remarkable shoes, inspiration and expertise. Gathering together the stories and learnings behind Sophia&#8217;s most cherished designs, it&#8217;s also a celebration of the many famous feet who have worn Sophia&#8217;s shoes on red carpets all over the world &#8211; from Taylor Swift to Beyonc\u00e9, Gwen Stefani and Michelle Obama.<\/p>\n","protected":false},"excerpt":{"rendered":"<p>Leading British shoe designer Sophia Webster is known for her sense of fun, playful and feminine touches &#8211; but less well known is the story behind the shoes, and how Sophia juggled a fledgling business with a young family, turning her love of drawing into a renowned brand. Charting her early days as a young&#8230;<\/p>\n","protected":false},"featured_media":97875,"comment_status":"closed","ping_status":"closed","template":"","meta":[],"product_brand":[],"product_cat":[13533,4519],"product_tag":[6125,12488],"class_list":{"0":"post-97898","1":"product","2":"type-product","3":"status-publish","4":"has-post-thumbnail","6":"product_cat-books","7":"product_cat-fashion-en-en","8":"product_tag-fashion","9":"product_tag-shoes-en","10":"pa_author_att-sophia-webster-en","11":"pa_cover-hardcover","12":"pa_format-195-x-254-cm-en","13":"pa_isbn-9781787139275-en","14":"pa_language-eng","15":"pa_pages-352-en","16":"pa_published-2023-11-07-en","17":"pa_publisher-quadrille-en","19":"first","20":"instock","21":"sale","22":"sold-individually","23":"shipping-taxable","24":"purchasable","25":"product-type-simple"},"yoast_head":"<!-- This site is optimized with the Yoast SEO plugin v27.5 - https:\/\/yoast.com\/product\/yoast-seo-wordpress\/ -->\n<title>Oh My Gosh, I Love Your Shoes (Sophia Webster) - book \/ album - Folio<\/title>\n<meta name=\"description\" content=\"Wejd\u017a i kup ksi\u0105\u017ck\u0119 Oh My Gosh, I Love Your Shoes autorstwa Sophia Webster wydan\u0105 przez Quadrille (2023-11-07) w formacie 19,5 x 25,4 cm (ISBN: 9781787139275). Zapraszamy!\" \/>\n<meta name=\"robots\" content=\"index, follow, max-snippet:-1, max-image-preview:large, max-video-preview:-1\" \/>\n<link rel=\"canonical\" href=\"https:\/\/foliobooks.pl\/en\/shop\/oh-my-gosh-i-love-your-shoes\/\" \/>\n<meta property=\"og:locale\" content=\"en_US\" \/>\n<meta property=\"og:type\" content=\"article\" \/>\n<meta property=\"og:title\" content=\"Oh My Gosh, I Love Your Shoes (Sophia Webster) - book \/ album - Folio\" \/>\n<meta property=\"og:description\" content=\"Wejd\u017a i kup ksi\u0105\u017ck\u0119 Oh My Gosh, I Love Your Shoes autorstwa Sophia Webster wydan\u0105 przez Quadrille (2023-11-07) w formacie 19,5 x 25,4 cm (ISBN: 9781787139275). Zapraszamy!\" \/>\n<meta property=\"og:url\" content=\"https:\/\/foliobooks.pl\/en\/shop\/oh-my-gosh-i-love-your-shoes\/\" \/>\n<meta property=\"og:site_name\" content=\"Folio\" \/>\n<meta property=\"article:modified_time\" content=\"2026-04-16T10:47:51+00:00\" \/>\n<meta property=\"og:image\" content=\"https:\/\/foliobooks.pl\/wp-content\/uploads\/2023\/12\/9781787139275.png\" \/>\n\t<meta property=\"og:image:width\" content=\"570\" \/>\n\t<meta property=\"og:image:height\" content=\"708\" \/>\n\t<meta property=\"og:image:type\" content=\"image\/png\" \/>\n<meta name=\"twitter:card\" content=\"summary_large_image\" \/>\n<meta name=\"twitter:label1\" content=\"Est. reading time\" \/>\n\t<meta name=\"twitter:data1\" content=\"2 minutes\" \/>\n<script type=\"application\/ld+json\" class=\"yoast-schema-graph\">{\"@context\":\"https:\\\/\\\/schema.org\",\"@graph\":[{\"@type\":\"WebPage\",\"@id\":\"https:\\\/\\\/foliobooks.pl\\\/en\\\/shop\\\/oh-my-gosh-i-love-your-shoes\\\/\",\"url\":\"https:\\\/\\\/foliobooks.pl\\\/en\\\/shop\\\/oh-my-gosh-i-love-your-shoes\\\/\",\"name\":\"Oh My Gosh, I Love Your Shoes (Sophia Webster) - book \\\/ album - Folio\",\"isPartOf\":{\"@id\":\"https:\\\/\\\/foliobooks.pl\\\/en\\\/#website\"},\"primaryImageOfPage\":{\"@id\":\"https:\\\/\\\/foliobooks.pl\\\/en\\\/shop\\\/oh-my-gosh-i-love-your-shoes\\\/#primaryimage\"},\"image\":{\"@id\":\"https:\\\/\\\/foliobooks.pl\\\/en\\\/shop\\\/oh-my-gosh-i-love-your-shoes\\\/#primaryimage\"},\"thumbnailUrl\":\"https:\\\/\\\/foliobooks.pl\\\/wp-content\\\/uploads\\\/2023\\\/12\\\/9781787139275.png\",\"datePublished\":\"2023-12-04T14:33:09+00:00\",\"dateModified\":\"2026-04-16T10:47:51+00:00\",\"description\":\"Wejd\u017a i kup ksi\u0105\u017ck\u0119 Oh My Gosh, I Love Your Shoes autorstwa Sophia Webster wydan\u0105 przez Quadrille (2023-11-07) w formacie 19,5 x 25,4 cm (ISBN: 9781787139275). Zapraszamy!\",\"breadcrumb\":{\"@id\":\"https:\\\/\\\/foliobooks.pl\\\/en\\\/shop\\\/oh-my-gosh-i-love-your-shoes\\\/#breadcrumb\"},\"inLanguage\":\"en-US\",\"potentialAction\":[{\"@type\":\"ReadAction\",\"target\":[\"https:\\\/\\\/foliobooks.pl\\\/en\\\/shop\\\/oh-my-gosh-i-love-your-shoes\\\/\"]}]},{\"@type\":\"ImageObject\",\"inLanguage\":\"en-US\",\"@id\":\"https:\\\/\\\/foliobooks.pl\\\/en\\\/shop\\\/oh-my-gosh-i-love-your-shoes\\\/#primaryimage\",\"url\":\"https:\\\/\\\/foliobooks.pl\\\/wp-content\\\/uploads\\\/2023\\\/12\\\/9781787139275.png\",\"contentUrl\":\"https:\\\/\\\/foliobooks.pl\\\/wp-content\\\/uploads\\\/2023\\\/12\\\/9781787139275.png\",\"width\":570,\"height\":708},{\"@type\":\"BreadcrumbList\",\"@id\":\"https:\\\/\\\/foliobooks.pl\\\/en\\\/shop\\\/oh-my-gosh-i-love-your-shoes\\\/#breadcrumb\",\"itemListElement\":[{\"@type\":\"ListItem\",\"position\":1,\"name\":\"Strona g\u0142\u00f3wna\",\"item\":\"https:\\\/\\\/foliobooks.pl\\\/en\\\/\"},{\"@type\":\"ListItem\",\"position\":2,\"name\":\"Shop\",\"item\":\"https:\\\/\\\/foliobooks.pl\\\/en\\\/shop\\\/\"},{\"@type\":\"ListItem\",\"position\":3,\"name\":\"Oh My Gosh, I Love Your Shoes\"}]},{\"@type\":\"WebSite\",\"@id\":\"https:\\\/\\\/foliobooks.pl\\\/en\\\/#website\",\"url\":\"https:\\\/\\\/foliobooks.pl\\\/en\\\/\",\"name\":\"Folio\",\"description\":\"Ksi\u0119garnia internetowa\",\"potentialAction\":[{\"@type\":\"SearchAction\",\"target\":{\"@type\":\"EntryPoint\",\"urlTemplate\":\"https:\\\/\\\/foliobooks.pl\\\/en\\\/?s={search_term_string}\"},\"query-input\":{\"@type\":\"PropertyValueSpecification\",\"valueRequired\":true,\"valueName\":\"search_term_string\"}}],\"inLanguage\":\"en-US\"}]}<\/script>\n<!-- \/ Yoast SEO plugin. -->","yoast_head_json":{"title":"Oh My Gosh, I Love Your Shoes (Sophia Webster) - book \/ album - Folio","description":"Wejd\u017a i kup ksi\u0105\u017ck\u0119 Oh My Gosh, I Love Your Shoes autorstwa Sophia Webster wydan\u0105 przez Quadrille (2023-11-07) w formacie 19,5 x 25,4 cm (ISBN: 9781787139275). Zapraszamy!","robots":{"index":"index","follow":"follow","max-snippet":"max-snippet:-1","max-image-preview":"max-image-preview:large","max-video-preview":"max-video-preview:-1"},"canonical":"https:\/\/foliobooks.pl\/en\/shop\/oh-my-gosh-i-love-your-shoes\/","og_locale":"en_US","og_type":"article","og_title":"Oh My Gosh, I Love Your Shoes (Sophia Webster) - book \/ album - Folio","og_description":"Wejd\u017a i kup ksi\u0105\u017ck\u0119 Oh My Gosh, I Love Your Shoes autorstwa Sophia Webster wydan\u0105 przez Quadrille (2023-11-07) w formacie 19,5 x 25,4 cm (ISBN: 9781787139275). Zapraszamy!","og_url":"https:\/\/foliobooks.pl\/en\/shop\/oh-my-gosh-i-love-your-shoes\/","og_site_name":"Folio","article_modified_time":"2026-04-16T10:47:51+00:00","og_image":[{"width":570,"height":708,"url":"https:\/\/foliobooks.pl\/wp-content\/uploads\/2023\/12\/9781787139275.png","type":"image\/png"}],"twitter_card":"summary_large_image","twitter_misc":{"Est. reading time":"2 minutes"},"schema":{"@context":"https:\/\/schema.org","@graph":[{"@type":"WebPage","@id":"https:\/\/foliobooks.pl\/en\/shop\/oh-my-gosh-i-love-your-shoes\/","url":"https:\/\/foliobooks.pl\/en\/shop\/oh-my-gosh-i-love-your-shoes\/","name":"Oh My Gosh, I Love Your Shoes (Sophia Webster) - book \/ album - Folio","isPartOf":{"@id":"https:\/\/foliobooks.pl\/en\/#website"},"primaryImageOfPage":{"@id":"https:\/\/foliobooks.pl\/en\/shop\/oh-my-gosh-i-love-your-shoes\/#primaryimage"},"image":{"@id":"https:\/\/foliobooks.pl\/en\/shop\/oh-my-gosh-i-love-your-shoes\/#primaryimage"},"thumbnailUrl":"https:\/\/foliobooks.pl\/wp-content\/uploads\/2023\/12\/9781787139275.png","datePublished":"2023-12-04T14:33:09+00:00","dateModified":"2026-04-16T10:47:51+00:00","description":"Wejd\u017a i kup ksi\u0105\u017ck\u0119 Oh My Gosh, I Love Your Shoes autorstwa Sophia Webster wydan\u0105 przez Quadrille (2023-11-07) w formacie 19,5 x 25,4 cm (ISBN: 9781787139275). Zapraszamy!","breadcrumb":{"@id":"https:\/\/foliobooks.pl\/en\/shop\/oh-my-gosh-i-love-your-shoes\/#breadcrumb"},"inLanguage":"en-US","potentialAction":[{"@type":"ReadAction","target":["https:\/\/foliobooks.pl\/en\/shop\/oh-my-gosh-i-love-your-shoes\/"]}]},{"@type":"ImageObject","inLanguage":"en-US","@id":"https:\/\/foliobooks.pl\/en\/shop\/oh-my-gosh-i-love-your-shoes\/#primaryimage","url":"https:\/\/foliobooks.pl\/wp-content\/uploads\/2023\/12\/9781787139275.png","contentUrl":"https:\/\/foliobooks.pl\/wp-content\/uploads\/2023\/12\/9781787139275.png","width":570,"height":708},{"@type":"BreadcrumbList","@id":"https:\/\/foliobooks.pl\/en\/shop\/oh-my-gosh-i-love-your-shoes\/#breadcrumb","itemListElement":[{"@type":"ListItem","position":1,"name":"Strona g\u0142\u00f3wna","item":"https:\/\/foliobooks.pl\/en\/"},{"@type":"ListItem","position":2,"name":"Shop","item":"https:\/\/foliobooks.pl\/en\/shop\/"},{"@type":"ListItem","position":3,"name":"Oh My Gosh, I Love Your Shoes"}]},{"@type":"WebSite","@id":"https:\/\/foliobooks.pl\/en\/#website","url":"https:\/\/foliobooks.pl\/en\/","name":"Folio","description":"Ksi\u0119garnia internetowa","potentialAction":[{"@type":"SearchAction","target":{"@type":"EntryPoint","urlTemplate":"https:\/\/foliobooks.pl\/en\/?s={search_term_string}"},"query-input":{"@type":"PropertyValueSpecification","valueRequired":true,"valueName":"search_term_string"}}],"inLanguage":"en-US"}]}},"_links":{"self":[{"href":"https:\/\/foliobooks.pl\/en\/wp-json\/wp\/v2\/product\/97898","targetHints":{"allow":["GET"]}}],"collection":[{"href":"https:\/\/foliobooks.pl\/en\/wp-json\/wp\/v2\/product"}],"about":[{"href":"https:\/\/foliobooks.pl\/en\/wp-json\/wp\/v2\/types\/product"}],"replies":[{"embeddable":true,"href":"https:\/\/foliobooks.pl\/en\/wp-json\/wp\/v2\/comments?post=97898"}],"wp:featuredmedia":[{"embeddable":true,"href":"https:\/\/foliobooks.pl\/en\/wp-json\/wp\/v2\/media\/97875"}],"wp:attachment":[{"href":"https:\/\/foliobooks.pl\/en\/wp-json\/wp\/v2\/media?parent=97898"}],"wp:term":[{"taxonomy":"product_brand","embeddable":true,"href":"https:\/\/foliobooks.pl\/en\/wp-json\/wp\/v2\/product_brand?post=97898"},{"taxonomy":"product_cat","embeddable":true,"href":"https:\/\/foliobooks.pl\/en\/wp-json\/wp\/v2\/product_cat?post=97898"},{"taxonomy":"product_tag","embeddable":true,"href":"https:\/\/foliobooks.pl\/en\/wp-json\/wp\/v2\/product_tag?post=97898"}],"curies":[{"name":"wp","href":"https:\/\/api.w.org\/{rel}","templated":true}]}}