{"id":97833,"date":"2023-12-03T16:24:57","date_gmt":"2023-12-03T15:24:57","guid":{"rendered":"https:\/\/foliobooks.pl\/sklep\/luxury\/"},"modified":"2024-03-04T14:25:09","modified_gmt":"2024-03-04T13:25:09","slug":"luxury","status":"publish","type":"product","link":"https:\/\/foliobooks.pl\/en\/shop\/luxury\/","title":{"rendered":"Luxury"},"content":{"rendered":"<p>Luxury &#8211; the name of this opulent coffee table book alone says it all. It&#8217;s all about aesthetics, decadence, beauty, trends, glamor, and money. The well-known photographer, journalist, brand and communications consultant Michael K\u00f6ckritz has taken a detailed look at this fascinating world of the rich, celebrities and stars in his latest coffee table book. In an impressive visual language, backed by informative texts, he shows the most important luxury brands of our modern times. Watches, cars, bags, buildings, holiday resorts and jewelry, the author touches on all luxury-related subject areas and unerringly pinpoints the respective key items. K\u00f6ckritz approaches the phenomenon of luxury from an artistic-scientific perspective and sheds light on profound questions such as &#8220;What is luxury?&#8221;, &#8220;Why do we strive for luxury?&#8221; or &#8220;How does luxury affect the reality of our lives?&#8221;. Luxury is bursting with outstanding images and high-quality texts. The coffee table book embodies its own theme to perfection and thus becomes an art project that is even accompanied by an art exhibition and a film\/moving image production. Text in English and German.<\/p>\n","protected":false},"excerpt":{"rendered":"<p>Luxury &#8211; the name of this opulent coffee table book alone says it all. It&#8217;s all about aesthetics, decadence, beauty, trends, glamor, and money. The well-known photographer, journalist, brand and communications consultant Michael K\u00f6ckritz has taken a detailed look at this fascinating world of the rich, celebrities and stars in his latest coffee table book&#8230;.<\/p>\n","protected":false},"featured_media":97816,"comment_status":"closed","ping_status":"closed","template":"","meta":[],"product_brand":[],"product_cat":[13533,4517],"product_tag":[6104],"class_list":{"0":"post-97833","1":"product","2":"type-product","3":"status-publish","4":"has-post-thumbnail","6":"product_cat-books","7":"product_cat-photography-en","8":"product_tag-lifestyle","9":"pa_author_att-michael-kockritz-en","10":"pa_cover-hardcover","11":"pa_format-28-x-34-cm-en","12":"pa_isbn-9783961715312-en","13":"pa_language-eng","14":"pa_pages-272-en-2","15":"pa_published-2023-10-30-en","16":"pa_publisher-teneues-en","18":"first","19":"outofstock","20":"sold-individually","21":"shipping-taxable","22":"purchasable","23":"product-type-simple"},"yoast_head":"<!-- This site is optimized with the Yoast SEO plugin v27.4 - https:\/\/yoast.com\/product\/yoast-seo-wordpress\/ -->\n<title>Luxury (Michael K\u00f6ckritz) - book \/ album - Folio<\/title>\n<meta name=\"description\" content=\"Wejd\u017a i kup ksi\u0105\u017ck\u0119 Luxury autorstwa Michael K\u00f6ckritz wydan\u0105 przez teNeues (2023-10-30) w formacie 28 x 34 cm (ISBN: 9783961715312). Zapraszamy!\" \/>\n<meta name=\"robots\" content=\"index, follow, max-snippet:-1, max-image-preview:large, max-video-preview:-1\" \/>\n<link rel=\"canonical\" href=\"https:\/\/foliobooks.pl\/en\/shop\/luxury\/\" \/>\n<meta property=\"og:locale\" content=\"en_US\" \/>\n<meta property=\"og:type\" content=\"article\" \/>\n<meta property=\"og:title\" content=\"Luxury (Michael K\u00f6ckritz) - book \/ album - Folio\" \/>\n<meta property=\"og:description\" content=\"Wejd\u017a i kup ksi\u0105\u017ck\u0119 Luxury autorstwa Michael K\u00f6ckritz wydan\u0105 przez teNeues (2023-10-30) w formacie 28 x 34 cm (ISBN: 9783961715312). Zapraszamy!\" \/>\n<meta property=\"og:url\" content=\"https:\/\/foliobooks.pl\/en\/shop\/luxury\/\" \/>\n<meta property=\"og:site_name\" content=\"Folio\" \/>\n<meta property=\"article:modified_time\" content=\"2024-03-04T13:25:09+00:00\" \/>\n<meta property=\"og:image\" content=\"https:\/\/foliobooks.pl\/wp-content\/uploads\/2023\/12\/9783961715312.png\" \/>\n\t<meta property=\"og:image:width\" content=\"570\" \/>\n\t<meta property=\"og:image:height\" content=\"708\" \/>\n\t<meta property=\"og:image:type\" content=\"image\/png\" \/>\n<meta name=\"twitter:card\" content=\"summary_large_image\" \/>\n<meta name=\"twitter:label1\" content=\"Est. reading time\" \/>\n\t<meta name=\"twitter:data1\" content=\"2 minutes\" \/>\n<script type=\"application\/ld+json\" class=\"yoast-schema-graph\">{\"@context\":\"https:\\\/\\\/schema.org\",\"@graph\":[{\"@type\":\"WebPage\",\"@id\":\"https:\\\/\\\/foliobooks.pl\\\/en\\\/shop\\\/luxury\\\/\",\"url\":\"https:\\\/\\\/foliobooks.pl\\\/en\\\/shop\\\/luxury\\\/\",\"name\":\"Luxury (Michael K\u00f6ckritz) - book \\\/ album - Folio\",\"isPartOf\":{\"@id\":\"https:\\\/\\\/foliobooks.pl\\\/en\\\/#website\"},\"primaryImageOfPage\":{\"@id\":\"https:\\\/\\\/foliobooks.pl\\\/en\\\/shop\\\/luxury\\\/#primaryimage\"},\"image\":{\"@id\":\"https:\\\/\\\/foliobooks.pl\\\/en\\\/shop\\\/luxury\\\/#primaryimage\"},\"thumbnailUrl\":\"https:\\\/\\\/foliobooks.pl\\\/wp-content\\\/uploads\\\/2023\\\/12\\\/9783961715312.png\",\"datePublished\":\"2023-12-03T15:24:57+00:00\",\"dateModified\":\"2024-03-04T13:25:09+00:00\",\"description\":\"Wejd\u017a i kup ksi\u0105\u017ck\u0119 Luxury autorstwa Michael K\u00f6ckritz wydan\u0105 przez teNeues (2023-10-30) w formacie 28 x 34 cm (ISBN: 9783961715312). Zapraszamy!\",\"breadcrumb\":{\"@id\":\"https:\\\/\\\/foliobooks.pl\\\/en\\\/shop\\\/luxury\\\/#breadcrumb\"},\"inLanguage\":\"en-US\",\"potentialAction\":[{\"@type\":\"ReadAction\",\"target\":[\"https:\\\/\\\/foliobooks.pl\\\/en\\\/shop\\\/luxury\\\/\"]}]},{\"@type\":\"ImageObject\",\"inLanguage\":\"en-US\",\"@id\":\"https:\\\/\\\/foliobooks.pl\\\/en\\\/shop\\\/luxury\\\/#primaryimage\",\"url\":\"https:\\\/\\\/foliobooks.pl\\\/wp-content\\\/uploads\\\/2023\\\/12\\\/9783961715312.png\",\"contentUrl\":\"https:\\\/\\\/foliobooks.pl\\\/wp-content\\\/uploads\\\/2023\\\/12\\\/9783961715312.png\",\"width\":570,\"height\":708},{\"@type\":\"BreadcrumbList\",\"@id\":\"https:\\\/\\\/foliobooks.pl\\\/en\\\/shop\\\/luxury\\\/#breadcrumb\",\"itemListElement\":[{\"@type\":\"ListItem\",\"position\":1,\"name\":\"Strona g\u0142\u00f3wna\",\"item\":\"https:\\\/\\\/foliobooks.pl\\\/en\\\/\"},{\"@type\":\"ListItem\",\"position\":2,\"name\":\"Shop\",\"item\":\"https:\\\/\\\/foliobooks.pl\\\/en\\\/shop\\\/\"},{\"@type\":\"ListItem\",\"position\":3,\"name\":\"Luxury\"}]},{\"@type\":\"WebSite\",\"@id\":\"https:\\\/\\\/foliobooks.pl\\\/en\\\/#website\",\"url\":\"https:\\\/\\\/foliobooks.pl\\\/en\\\/\",\"name\":\"Folio\",\"description\":\"Ksi\u0119garnia internetowa\",\"potentialAction\":[{\"@type\":\"SearchAction\",\"target\":{\"@type\":\"EntryPoint\",\"urlTemplate\":\"https:\\\/\\\/foliobooks.pl\\\/en\\\/?s={search_term_string}\"},\"query-input\":{\"@type\":\"PropertyValueSpecification\",\"valueRequired\":true,\"valueName\":\"search_term_string\"}}],\"inLanguage\":\"en-US\"}]}<\/script>\n<!-- \/ Yoast SEO plugin. -->","yoast_head_json":{"title":"Luxury (Michael K\u00f6ckritz) - book \/ album - Folio","description":"Wejd\u017a i kup ksi\u0105\u017ck\u0119 Luxury autorstwa Michael K\u00f6ckritz wydan\u0105 przez teNeues (2023-10-30) w formacie 28 x 34 cm (ISBN: 9783961715312). Zapraszamy!","robots":{"index":"index","follow":"follow","max-snippet":"max-snippet:-1","max-image-preview":"max-image-preview:large","max-video-preview":"max-video-preview:-1"},"canonical":"https:\/\/foliobooks.pl\/en\/shop\/luxury\/","og_locale":"en_US","og_type":"article","og_title":"Luxury (Michael K\u00f6ckritz) - book \/ album - Folio","og_description":"Wejd\u017a i kup ksi\u0105\u017ck\u0119 Luxury autorstwa Michael K\u00f6ckritz wydan\u0105 przez teNeues (2023-10-30) w formacie 28 x 34 cm (ISBN: 9783961715312). Zapraszamy!","og_url":"https:\/\/foliobooks.pl\/en\/shop\/luxury\/","og_site_name":"Folio","article_modified_time":"2024-03-04T13:25:09+00:00","og_image":[{"width":570,"height":708,"url":"https:\/\/foliobooks.pl\/wp-content\/uploads\/2023\/12\/9783961715312.png","type":"image\/png"}],"twitter_card":"summary_large_image","twitter_misc":{"Est. reading time":"2 minutes"},"schema":{"@context":"https:\/\/schema.org","@graph":[{"@type":"WebPage","@id":"https:\/\/foliobooks.pl\/en\/shop\/luxury\/","url":"https:\/\/foliobooks.pl\/en\/shop\/luxury\/","name":"Luxury (Michael K\u00f6ckritz) - book \/ album - Folio","isPartOf":{"@id":"https:\/\/foliobooks.pl\/en\/#website"},"primaryImageOfPage":{"@id":"https:\/\/foliobooks.pl\/en\/shop\/luxury\/#primaryimage"},"image":{"@id":"https:\/\/foliobooks.pl\/en\/shop\/luxury\/#primaryimage"},"thumbnailUrl":"https:\/\/foliobooks.pl\/wp-content\/uploads\/2023\/12\/9783961715312.png","datePublished":"2023-12-03T15:24:57+00:00","dateModified":"2024-03-04T13:25:09+00:00","description":"Wejd\u017a i kup ksi\u0105\u017ck\u0119 Luxury autorstwa Michael K\u00f6ckritz wydan\u0105 przez teNeues (2023-10-30) w formacie 28 x 34 cm (ISBN: 9783961715312). Zapraszamy!","breadcrumb":{"@id":"https:\/\/foliobooks.pl\/en\/shop\/luxury\/#breadcrumb"},"inLanguage":"en-US","potentialAction":[{"@type":"ReadAction","target":["https:\/\/foliobooks.pl\/en\/shop\/luxury\/"]}]},{"@type":"ImageObject","inLanguage":"en-US","@id":"https:\/\/foliobooks.pl\/en\/shop\/luxury\/#primaryimage","url":"https:\/\/foliobooks.pl\/wp-content\/uploads\/2023\/12\/9783961715312.png","contentUrl":"https:\/\/foliobooks.pl\/wp-content\/uploads\/2023\/12\/9783961715312.png","width":570,"height":708},{"@type":"BreadcrumbList","@id":"https:\/\/foliobooks.pl\/en\/shop\/luxury\/#breadcrumb","itemListElement":[{"@type":"ListItem","position":1,"name":"Strona g\u0142\u00f3wna","item":"https:\/\/foliobooks.pl\/en\/"},{"@type":"ListItem","position":2,"name":"Shop","item":"https:\/\/foliobooks.pl\/en\/shop\/"},{"@type":"ListItem","position":3,"name":"Luxury"}]},{"@type":"WebSite","@id":"https:\/\/foliobooks.pl\/en\/#website","url":"https:\/\/foliobooks.pl\/en\/","name":"Folio","description":"Ksi\u0119garnia internetowa","potentialAction":[{"@type":"SearchAction","target":{"@type":"EntryPoint","urlTemplate":"https:\/\/foliobooks.pl\/en\/?s={search_term_string}"},"query-input":{"@type":"PropertyValueSpecification","valueRequired":true,"valueName":"search_term_string"}}],"inLanguage":"en-US"}]}},"_links":{"self":[{"href":"https:\/\/foliobooks.pl\/en\/wp-json\/wp\/v2\/product\/97833","targetHints":{"allow":["GET"]}}],"collection":[{"href":"https:\/\/foliobooks.pl\/en\/wp-json\/wp\/v2\/product"}],"about":[{"href":"https:\/\/foliobooks.pl\/en\/wp-json\/wp\/v2\/types\/product"}],"replies":[{"embeddable":true,"href":"https:\/\/foliobooks.pl\/en\/wp-json\/wp\/v2\/comments?post=97833"}],"wp:featuredmedia":[{"embeddable":true,"href":"https:\/\/foliobooks.pl\/en\/wp-json\/wp\/v2\/media\/97816"}],"wp:attachment":[{"href":"https:\/\/foliobooks.pl\/en\/wp-json\/wp\/v2\/media?parent=97833"}],"wp:term":[{"taxonomy":"product_brand","embeddable":true,"href":"https:\/\/foliobooks.pl\/en\/wp-json\/wp\/v2\/product_brand?post=97833"},{"taxonomy":"product_cat","embeddable":true,"href":"https:\/\/foliobooks.pl\/en\/wp-json\/wp\/v2\/product_cat?post=97833"},{"taxonomy":"product_tag","embeddable":true,"href":"https:\/\/foliobooks.pl\/en\/wp-json\/wp\/v2\/product_tag?post=97833"}],"curies":[{"name":"wp","href":"https:\/\/api.w.org\/{rel}","templated":true}]}}