{"id":97809,"date":"2023-12-03T16:13:56","date_gmt":"2023-12-03T15:13:56","guid":{"rendered":"https:\/\/foliobooks.pl\/sklep\/lamborghini\/"},"modified":"2025-08-29T13:16:27","modified_gmt":"2025-08-29T11:16:27","slug":"lamborghini","status":"publish","type":"product","link":"https:\/\/foliobooks.pl\/en\/shop\/lamborghini\/","title":{"rendered":"Lamborghini"},"content":{"rendered":"<p>This official book is dedicated to the history of the Italian car brand founded in Sant\u2019Agata Bolognese in 1963 by Ferruccio Lamborghini. Ferruccio\u2019s dream was to create the perfect car and still today, more than half a century later, Lamborghini continues to produce super sport cars that are sought after and renowned throughout the world.<\/p>\n<p>The book is divided into five macro-sections:<\/p>\n<ul>\n<li>Where: In Sant\u2019Agata Bolognese, Emilia, Italy\u2014a small remote village now known throughout the world.<\/li>\n<li>How: With the ingredients that make it unique\u2014the passion of the local people, mechanical purity and unstoppable technical innovation, forward-looking design, stylish and original use of color, and a constant dialogue with new generations.<\/li>\n<li>Who: Lamborghini\u2019s strength is its people, from the past and the present, who deserve respect for what they do and what they have done.<\/li>\n<li>When: The history of Lamborghini spans from 1963 to today, from the brilliant moments from the past to the successes of today, as well as the more difficult periods that were overcome with great dignity and commitment.<\/li>\n<li>Why: All the models that have shaped the history of Lamborghini are illustrated here, including special editions, those that underwent significant evolution, and unreleased models.<\/li>\n<\/ul>\n","protected":false},"excerpt":{"rendered":"<p>This official book is dedicated to the history of the Italian car brand founded in Sant\u2019Agata Bolognese in 1963 by Ferruccio Lamborghini. Ferruccio\u2019s dream was to create the perfect car and still today, more than half a century later, Lamborghini continues to produce super sport cars that are sought after and renowned throughout the world&#8230;.<\/p>\n","protected":false},"featured_media":97807,"comment_status":"closed","ping_status":"closed","template":"","meta":[],"product_brand":[],"product_cat":[13533,4520],"product_tag":[216],"class_list":{"0":"post-97809","1":"product","2":"type-product","3":"status-publish","4":"has-post-thumbnail","6":"product_cat-books","7":"product_cat-motorsport-en","8":"product_tag-cars-en","9":"pa_author_att-antonio-ghini-en","10":"pa_cover-hardcover","11":"pa_format-247-x-315-cm-en","12":"pa_isbn-9788891839381-en","13":"pa_language-eng","14":"pa_pages-240-2-en","15":"pa_published-2023-10-10-en","16":"pa_publisher-rizzoli-en","18":"first","19":"outofstock","20":"sold-individually","21":"shipping-taxable","22":"purchasable","23":"product-type-simple"},"yoast_head":"<!-- This site is optimized with the Yoast SEO plugin v27.4 - https:\/\/yoast.com\/product\/yoast-seo-wordpress\/ -->\n<title>Lamborghini (Antonio Ghini) - book \/ album - Folio<\/title>\n<meta name=\"description\" content=\"Wejd\u017a i kup ksi\u0105\u017ck\u0119 Lamborghini autorstwa Antonio Ghini wydan\u0105 przez Rizzoli (2023-10-10) w formacie 24,7 x 31,5 cm (ISBN: 9788891839381). Zapraszamy!\" \/>\n<meta name=\"robots\" content=\"index, follow, max-snippet:-1, max-image-preview:large, max-video-preview:-1\" \/>\n<link rel=\"canonical\" href=\"https:\/\/foliobooks.pl\/en\/shop\/lamborghini\/\" \/>\n<meta property=\"og:locale\" content=\"en_US\" \/>\n<meta property=\"og:type\" content=\"article\" \/>\n<meta property=\"og:title\" content=\"Lamborghini (Antonio Ghini) - book \/ album - Folio\" \/>\n<meta property=\"og:description\" content=\"Wejd\u017a i kup ksi\u0105\u017ck\u0119 Lamborghini autorstwa Antonio Ghini wydan\u0105 przez Rizzoli (2023-10-10) w formacie 24,7 x 31,5 cm (ISBN: 9788891839381). Zapraszamy!\" \/>\n<meta property=\"og:url\" content=\"https:\/\/foliobooks.pl\/en\/shop\/lamborghini\/\" \/>\n<meta property=\"og:site_name\" content=\"Folio\" \/>\n<meta property=\"article:modified_time\" content=\"2025-08-29T11:16:27+00:00\" \/>\n<meta property=\"og:image\" content=\"https:\/\/foliobooks.pl\/wp-content\/uploads\/2023\/12\/9788891839381.png\" \/>\n\t<meta property=\"og:image:width\" content=\"570\" \/>\n\t<meta property=\"og:image:height\" content=\"708\" \/>\n\t<meta property=\"og:image:type\" content=\"image\/png\" \/>\n<meta name=\"twitter:card\" content=\"summary_large_image\" \/>\n<meta name=\"twitter:label1\" content=\"Est. reading time\" \/>\n\t<meta name=\"twitter:data1\" content=\"2 minutes\" \/>\n<script type=\"application\/ld+json\" class=\"yoast-schema-graph\">{\"@context\":\"https:\\\/\\\/schema.org\",\"@graph\":[{\"@type\":\"WebPage\",\"@id\":\"https:\\\/\\\/foliobooks.pl\\\/en\\\/shop\\\/lamborghini\\\/\",\"url\":\"https:\\\/\\\/foliobooks.pl\\\/en\\\/shop\\\/lamborghini\\\/\",\"name\":\"Lamborghini (Antonio Ghini) - book \\\/ album - Folio\",\"isPartOf\":{\"@id\":\"https:\\\/\\\/foliobooks.pl\\\/en\\\/#website\"},\"primaryImageOfPage\":{\"@id\":\"https:\\\/\\\/foliobooks.pl\\\/en\\\/shop\\\/lamborghini\\\/#primaryimage\"},\"image\":{\"@id\":\"https:\\\/\\\/foliobooks.pl\\\/en\\\/shop\\\/lamborghini\\\/#primaryimage\"},\"thumbnailUrl\":\"https:\\\/\\\/foliobooks.pl\\\/wp-content\\\/uploads\\\/2023\\\/12\\\/9788891839381.png\",\"datePublished\":\"2023-12-03T15:13:56+00:00\",\"dateModified\":\"2025-08-29T11:16:27+00:00\",\"description\":\"Wejd\u017a i kup ksi\u0105\u017ck\u0119 Lamborghini autorstwa Antonio Ghini wydan\u0105 przez Rizzoli (2023-10-10) w formacie 24,7 x 31,5 cm (ISBN: 9788891839381). Zapraszamy!\",\"breadcrumb\":{\"@id\":\"https:\\\/\\\/foliobooks.pl\\\/en\\\/shop\\\/lamborghini\\\/#breadcrumb\"},\"inLanguage\":\"en-US\",\"potentialAction\":[{\"@type\":\"ReadAction\",\"target\":[\"https:\\\/\\\/foliobooks.pl\\\/en\\\/shop\\\/lamborghini\\\/\"]}]},{\"@type\":\"ImageObject\",\"inLanguage\":\"en-US\",\"@id\":\"https:\\\/\\\/foliobooks.pl\\\/en\\\/shop\\\/lamborghini\\\/#primaryimage\",\"url\":\"https:\\\/\\\/foliobooks.pl\\\/wp-content\\\/uploads\\\/2023\\\/12\\\/9788891839381.png\",\"contentUrl\":\"https:\\\/\\\/foliobooks.pl\\\/wp-content\\\/uploads\\\/2023\\\/12\\\/9788891839381.png\",\"width\":570,\"height\":708},{\"@type\":\"BreadcrumbList\",\"@id\":\"https:\\\/\\\/foliobooks.pl\\\/en\\\/shop\\\/lamborghini\\\/#breadcrumb\",\"itemListElement\":[{\"@type\":\"ListItem\",\"position\":1,\"name\":\"Strona g\u0142\u00f3wna\",\"item\":\"https:\\\/\\\/foliobooks.pl\\\/en\\\/\"},{\"@type\":\"ListItem\",\"position\":2,\"name\":\"Shop\",\"item\":\"https:\\\/\\\/foliobooks.pl\\\/en\\\/shop\\\/\"},{\"@type\":\"ListItem\",\"position\":3,\"name\":\"Lamborghini\"}]},{\"@type\":\"WebSite\",\"@id\":\"https:\\\/\\\/foliobooks.pl\\\/en\\\/#website\",\"url\":\"https:\\\/\\\/foliobooks.pl\\\/en\\\/\",\"name\":\"Folio\",\"description\":\"Ksi\u0119garnia internetowa\",\"potentialAction\":[{\"@type\":\"SearchAction\",\"target\":{\"@type\":\"EntryPoint\",\"urlTemplate\":\"https:\\\/\\\/foliobooks.pl\\\/en\\\/?s={search_term_string}\"},\"query-input\":{\"@type\":\"PropertyValueSpecification\",\"valueRequired\":true,\"valueName\":\"search_term_string\"}}],\"inLanguage\":\"en-US\"}]}<\/script>\n<!-- \/ Yoast SEO plugin. -->","yoast_head_json":{"title":"Lamborghini (Antonio Ghini) - book \/ album - Folio","description":"Wejd\u017a i kup ksi\u0105\u017ck\u0119 Lamborghini autorstwa Antonio Ghini wydan\u0105 przez Rizzoli (2023-10-10) w formacie 24,7 x 31,5 cm (ISBN: 9788891839381). Zapraszamy!","robots":{"index":"index","follow":"follow","max-snippet":"max-snippet:-1","max-image-preview":"max-image-preview:large","max-video-preview":"max-video-preview:-1"},"canonical":"https:\/\/foliobooks.pl\/en\/shop\/lamborghini\/","og_locale":"en_US","og_type":"article","og_title":"Lamborghini (Antonio Ghini) - book \/ album - Folio","og_description":"Wejd\u017a i kup ksi\u0105\u017ck\u0119 Lamborghini autorstwa Antonio Ghini wydan\u0105 przez Rizzoli (2023-10-10) w formacie 24,7 x 31,5 cm (ISBN: 9788891839381). Zapraszamy!","og_url":"https:\/\/foliobooks.pl\/en\/shop\/lamborghini\/","og_site_name":"Folio","article_modified_time":"2025-08-29T11:16:27+00:00","og_image":[{"width":570,"height":708,"url":"https:\/\/foliobooks.pl\/wp-content\/uploads\/2023\/12\/9788891839381.png","type":"image\/png"}],"twitter_card":"summary_large_image","twitter_misc":{"Est. reading time":"2 minutes"},"schema":{"@context":"https:\/\/schema.org","@graph":[{"@type":"WebPage","@id":"https:\/\/foliobooks.pl\/en\/shop\/lamborghini\/","url":"https:\/\/foliobooks.pl\/en\/shop\/lamborghini\/","name":"Lamborghini (Antonio Ghini) - book \/ album - Folio","isPartOf":{"@id":"https:\/\/foliobooks.pl\/en\/#website"},"primaryImageOfPage":{"@id":"https:\/\/foliobooks.pl\/en\/shop\/lamborghini\/#primaryimage"},"image":{"@id":"https:\/\/foliobooks.pl\/en\/shop\/lamborghini\/#primaryimage"},"thumbnailUrl":"https:\/\/foliobooks.pl\/wp-content\/uploads\/2023\/12\/9788891839381.png","datePublished":"2023-12-03T15:13:56+00:00","dateModified":"2025-08-29T11:16:27+00:00","description":"Wejd\u017a i kup ksi\u0105\u017ck\u0119 Lamborghini autorstwa Antonio Ghini wydan\u0105 przez Rizzoli (2023-10-10) w formacie 24,7 x 31,5 cm (ISBN: 9788891839381). Zapraszamy!","breadcrumb":{"@id":"https:\/\/foliobooks.pl\/en\/shop\/lamborghini\/#breadcrumb"},"inLanguage":"en-US","potentialAction":[{"@type":"ReadAction","target":["https:\/\/foliobooks.pl\/en\/shop\/lamborghini\/"]}]},{"@type":"ImageObject","inLanguage":"en-US","@id":"https:\/\/foliobooks.pl\/en\/shop\/lamborghini\/#primaryimage","url":"https:\/\/foliobooks.pl\/wp-content\/uploads\/2023\/12\/9788891839381.png","contentUrl":"https:\/\/foliobooks.pl\/wp-content\/uploads\/2023\/12\/9788891839381.png","width":570,"height":708},{"@type":"BreadcrumbList","@id":"https:\/\/foliobooks.pl\/en\/shop\/lamborghini\/#breadcrumb","itemListElement":[{"@type":"ListItem","position":1,"name":"Strona g\u0142\u00f3wna","item":"https:\/\/foliobooks.pl\/en\/"},{"@type":"ListItem","position":2,"name":"Shop","item":"https:\/\/foliobooks.pl\/en\/shop\/"},{"@type":"ListItem","position":3,"name":"Lamborghini"}]},{"@type":"WebSite","@id":"https:\/\/foliobooks.pl\/en\/#website","url":"https:\/\/foliobooks.pl\/en\/","name":"Folio","description":"Ksi\u0119garnia internetowa","potentialAction":[{"@type":"SearchAction","target":{"@type":"EntryPoint","urlTemplate":"https:\/\/foliobooks.pl\/en\/?s={search_term_string}"},"query-input":{"@type":"PropertyValueSpecification","valueRequired":true,"valueName":"search_term_string"}}],"inLanguage":"en-US"}]}},"_links":{"self":[{"href":"https:\/\/foliobooks.pl\/en\/wp-json\/wp\/v2\/product\/97809","targetHints":{"allow":["GET"]}}],"collection":[{"href":"https:\/\/foliobooks.pl\/en\/wp-json\/wp\/v2\/product"}],"about":[{"href":"https:\/\/foliobooks.pl\/en\/wp-json\/wp\/v2\/types\/product"}],"replies":[{"embeddable":true,"href":"https:\/\/foliobooks.pl\/en\/wp-json\/wp\/v2\/comments?post=97809"}],"wp:featuredmedia":[{"embeddable":true,"href":"https:\/\/foliobooks.pl\/en\/wp-json\/wp\/v2\/media\/97807"}],"wp:attachment":[{"href":"https:\/\/foliobooks.pl\/en\/wp-json\/wp\/v2\/media?parent=97809"}],"wp:term":[{"taxonomy":"product_brand","embeddable":true,"href":"https:\/\/foliobooks.pl\/en\/wp-json\/wp\/v2\/product_brand?post=97809"},{"taxonomy":"product_cat","embeddable":true,"href":"https:\/\/foliobooks.pl\/en\/wp-json\/wp\/v2\/product_cat?post=97809"},{"taxonomy":"product_tag","embeddable":true,"href":"https:\/\/foliobooks.pl\/en\/wp-json\/wp\/v2\/product_tag?post=97809"}],"curies":[{"name":"wp","href":"https:\/\/api.w.org\/{rel}","templated":true}]}}