{"id":97746,"date":"2023-12-03T15:53:49","date_gmt":"2023-12-03T14:53:49","guid":{"rendered":"https:\/\/foliobooks.pl\/sklep\/francesca-amfitheatrof-fantastical-jewels\/"},"modified":"2024-04-26T15:03:15","modified_gmt":"2024-04-26T13:03:15","slug":"francesca-amfitheatrof-fantastical-jewels","status":"publish","type":"product","link":"https:\/\/foliobooks.pl\/en\/shop\/francesca-amfitheatrof-fantastical-jewels\/","title":{"rendered":"Francesca Amfitheatrof. Fantastical Jewels"},"content":{"rendered":"<p>A privileged look at visionary jewelry designer Francesca Amfitheatrof\u2019s unique approach to creating collections of high jewelry for Louis Vuitton.<\/p>\n<p>Working in the heart of Paris, Francesca Amfitheatrof brings a new perspective to the ancient art of jewelry design, translating her love of fashion into the jewelry collections she creates for Louis Vuitton. She approaches each collection following a theme, as a storyteller would approach a novel, but written in the oldest materials on our planet\u2014diamonds and gold.<\/p>\n<p>This book is a fascinating look at four extraordinary jewelry collections, exploring the designer\u2019s alchemical process from raw materials and inspiration to polished jewel. Journal-like in style, and featuring unique sketches, gouaches, collages, and personal photographs the book highlights how Amfitheatrof and Louis Vuitton have given the ancient craft of jewelry-making a modern approach. The book also reveals how Amfitheatrof\u2019s personal journey, and her creativity, are perfectly matched with the pioneering and visionary spirit of Louis Vuitton, a house with its roots in luggage and travel. Amfitheatrof, working together with renowned art director Fabien Baron, has created a stunning and highly personal volume that beautifully reflects her singular artistry, within a unique and luxurious package that features a ribbon tie closure and vellum inserts.<\/p>\n","protected":false},"excerpt":{"rendered":"<p>A privileged look at visionary jewelry designer Francesca Amfitheatrof\u2019s unique approach to creating collections of high jewelry for Louis Vuitton. Working in the heart of Paris, Francesca Amfitheatrof brings a new perspective to the ancient art of jewelry design, translating her love of fashion into the jewelry collections she creates for Louis Vuitton. She approaches&#8230;<\/p>\n","protected":false},"featured_media":97745,"comment_status":"closed","ping_status":"closed","template":"","meta":[],"product_brand":[],"product_cat":[13533,4519],"product_tag":[6125,522],"class_list":{"0":"post-97746","1":"product","2":"type-product","3":"status-publish","4":"has-post-thumbnail","6":"product_cat-books","7":"product_cat-fashion-en-en","8":"product_tag-fashion","9":"product_tag-jewelry-en","10":"pa_author_att-stefania-amfitheatrof-en","11":"pa_cover-hardcover","12":"pa_format-268-x-33-cm-en","13":"pa_isbn-9780847873210-en","14":"pa_language-eng","15":"pa_pages-264-en","16":"pa_published-2023-09-26-en","17":"pa_publisher-rizzoli-en","19":"first","20":"outofstock","21":"sold-individually","22":"shipping-taxable","23":"purchasable","24":"product-type-simple"},"yoast_head":"<!-- This site is optimized with the Yoast SEO plugin v27.4 - https:\/\/yoast.com\/product\/yoast-seo-wordpress\/ -->\n<title>Francesca Amfitheatrof. Fantastical Jewels (Stefania Amfitheatrof) - book \/ album - Folio<\/title>\n<meta name=\"description\" content=\"Wejd\u017a i kup ksi\u0105\u017ck\u0119 Francesca Amfitheatrof. Fantastical Jewels autorstwa Stefania Amfitheatrof wydan\u0105 przez Rizzoli (2023-09-26) w formacie 26,8 x 33 cm (ISBN: 9780847873210). Zapraszamy!\" \/>\n<meta name=\"robots\" content=\"index, follow, max-snippet:-1, max-image-preview:large, max-video-preview:-1\" \/>\n<link rel=\"canonical\" href=\"https:\/\/foliobooks.pl\/en\/shop\/francesca-amfitheatrof-fantastical-jewels\/\" \/>\n<meta property=\"og:locale\" content=\"en_US\" \/>\n<meta property=\"og:type\" content=\"article\" \/>\n<meta property=\"og:title\" content=\"Francesca Amfitheatrof. Fantastical Jewels (Stefania Amfitheatrof) - book \/ album - Folio\" \/>\n<meta property=\"og:description\" content=\"Wejd\u017a i kup ksi\u0105\u017ck\u0119 Francesca Amfitheatrof. Fantastical Jewels autorstwa Stefania Amfitheatrof wydan\u0105 przez Rizzoli (2023-09-26) w formacie 26,8 x 33 cm (ISBN: 9780847873210). Zapraszamy!\" \/>\n<meta property=\"og:url\" content=\"https:\/\/foliobooks.pl\/en\/shop\/francesca-amfitheatrof-fantastical-jewels\/\" \/>\n<meta property=\"og:site_name\" content=\"Folio\" \/>\n<meta property=\"article:modified_time\" content=\"2024-04-26T13:03:15+00:00\" \/>\n<meta property=\"og:image\" content=\"https:\/\/foliobooks.pl\/wp-content\/uploads\/2023\/12\/9780847873210.png\" \/>\n\t<meta property=\"og:image:width\" content=\"570\" \/>\n\t<meta property=\"og:image:height\" content=\"708\" \/>\n\t<meta property=\"og:image:type\" content=\"image\/png\" \/>\n<meta name=\"twitter:card\" content=\"summary_large_image\" \/>\n<meta name=\"twitter:label1\" content=\"Est. reading time\" \/>\n\t<meta name=\"twitter:data1\" content=\"2 minutes\" \/>\n<script type=\"application\/ld+json\" class=\"yoast-schema-graph\">{\"@context\":\"https:\\\/\\\/schema.org\",\"@graph\":[{\"@type\":\"WebPage\",\"@id\":\"https:\\\/\\\/foliobooks.pl\\\/en\\\/shop\\\/francesca-amfitheatrof-fantastical-jewels\\\/\",\"url\":\"https:\\\/\\\/foliobooks.pl\\\/en\\\/shop\\\/francesca-amfitheatrof-fantastical-jewels\\\/\",\"name\":\"Francesca Amfitheatrof. Fantastical Jewels (Stefania Amfitheatrof) - book \\\/ album - Folio\",\"isPartOf\":{\"@id\":\"https:\\\/\\\/foliobooks.pl\\\/en\\\/#website\"},\"primaryImageOfPage\":{\"@id\":\"https:\\\/\\\/foliobooks.pl\\\/en\\\/shop\\\/francesca-amfitheatrof-fantastical-jewels\\\/#primaryimage\"},\"image\":{\"@id\":\"https:\\\/\\\/foliobooks.pl\\\/en\\\/shop\\\/francesca-amfitheatrof-fantastical-jewels\\\/#primaryimage\"},\"thumbnailUrl\":\"https:\\\/\\\/foliobooks.pl\\\/wp-content\\\/uploads\\\/2023\\\/12\\\/9780847873210.png\",\"datePublished\":\"2023-12-03T14:53:49+00:00\",\"dateModified\":\"2024-04-26T13:03:15+00:00\",\"description\":\"Wejd\u017a i kup ksi\u0105\u017ck\u0119 Francesca Amfitheatrof. Fantastical Jewels autorstwa Stefania Amfitheatrof wydan\u0105 przez Rizzoli (2023-09-26) w formacie 26,8 x 33 cm (ISBN: 9780847873210). Zapraszamy!\",\"breadcrumb\":{\"@id\":\"https:\\\/\\\/foliobooks.pl\\\/en\\\/shop\\\/francesca-amfitheatrof-fantastical-jewels\\\/#breadcrumb\"},\"inLanguage\":\"en-US\",\"potentialAction\":[{\"@type\":\"ReadAction\",\"target\":[\"https:\\\/\\\/foliobooks.pl\\\/en\\\/shop\\\/francesca-amfitheatrof-fantastical-jewels\\\/\"]}]},{\"@type\":\"ImageObject\",\"inLanguage\":\"en-US\",\"@id\":\"https:\\\/\\\/foliobooks.pl\\\/en\\\/shop\\\/francesca-amfitheatrof-fantastical-jewels\\\/#primaryimage\",\"url\":\"https:\\\/\\\/foliobooks.pl\\\/wp-content\\\/uploads\\\/2023\\\/12\\\/9780847873210.png\",\"contentUrl\":\"https:\\\/\\\/foliobooks.pl\\\/wp-content\\\/uploads\\\/2023\\\/12\\\/9780847873210.png\",\"width\":570,\"height\":708},{\"@type\":\"BreadcrumbList\",\"@id\":\"https:\\\/\\\/foliobooks.pl\\\/en\\\/shop\\\/francesca-amfitheatrof-fantastical-jewels\\\/#breadcrumb\",\"itemListElement\":[{\"@type\":\"ListItem\",\"position\":1,\"name\":\"Strona g\u0142\u00f3wna\",\"item\":\"https:\\\/\\\/foliobooks.pl\\\/en\\\/\"},{\"@type\":\"ListItem\",\"position\":2,\"name\":\"Shop\",\"item\":\"https:\\\/\\\/foliobooks.pl\\\/en\\\/shop\\\/\"},{\"@type\":\"ListItem\",\"position\":3,\"name\":\"Francesca Amfitheatrof. Fantastical Jewels\"}]},{\"@type\":\"WebSite\",\"@id\":\"https:\\\/\\\/foliobooks.pl\\\/en\\\/#website\",\"url\":\"https:\\\/\\\/foliobooks.pl\\\/en\\\/\",\"name\":\"Folio\",\"description\":\"Ksi\u0119garnia internetowa\",\"potentialAction\":[{\"@type\":\"SearchAction\",\"target\":{\"@type\":\"EntryPoint\",\"urlTemplate\":\"https:\\\/\\\/foliobooks.pl\\\/en\\\/?s={search_term_string}\"},\"query-input\":{\"@type\":\"PropertyValueSpecification\",\"valueRequired\":true,\"valueName\":\"search_term_string\"}}],\"inLanguage\":\"en-US\"}]}<\/script>\n<!-- \/ Yoast SEO plugin. -->","yoast_head_json":{"title":"Francesca Amfitheatrof. Fantastical Jewels (Stefania Amfitheatrof) - book \/ album - Folio","description":"Wejd\u017a i kup ksi\u0105\u017ck\u0119 Francesca Amfitheatrof. Fantastical Jewels autorstwa Stefania Amfitheatrof wydan\u0105 przez Rizzoli (2023-09-26) w formacie 26,8 x 33 cm (ISBN: 9780847873210). Zapraszamy!","robots":{"index":"index","follow":"follow","max-snippet":"max-snippet:-1","max-image-preview":"max-image-preview:large","max-video-preview":"max-video-preview:-1"},"canonical":"https:\/\/foliobooks.pl\/en\/shop\/francesca-amfitheatrof-fantastical-jewels\/","og_locale":"en_US","og_type":"article","og_title":"Francesca Amfitheatrof. Fantastical Jewels (Stefania Amfitheatrof) - book \/ album - Folio","og_description":"Wejd\u017a i kup ksi\u0105\u017ck\u0119 Francesca Amfitheatrof. Fantastical Jewels autorstwa Stefania Amfitheatrof wydan\u0105 przez Rizzoli (2023-09-26) w formacie 26,8 x 33 cm (ISBN: 9780847873210). Zapraszamy!","og_url":"https:\/\/foliobooks.pl\/en\/shop\/francesca-amfitheatrof-fantastical-jewels\/","og_site_name":"Folio","article_modified_time":"2024-04-26T13:03:15+00:00","og_image":[{"width":570,"height":708,"url":"https:\/\/foliobooks.pl\/wp-content\/uploads\/2023\/12\/9780847873210.png","type":"image\/png"}],"twitter_card":"summary_large_image","twitter_misc":{"Est. reading time":"2 minutes"},"schema":{"@context":"https:\/\/schema.org","@graph":[{"@type":"WebPage","@id":"https:\/\/foliobooks.pl\/en\/shop\/francesca-amfitheatrof-fantastical-jewels\/","url":"https:\/\/foliobooks.pl\/en\/shop\/francesca-amfitheatrof-fantastical-jewels\/","name":"Francesca Amfitheatrof. Fantastical Jewels (Stefania Amfitheatrof) - book \/ album - Folio","isPartOf":{"@id":"https:\/\/foliobooks.pl\/en\/#website"},"primaryImageOfPage":{"@id":"https:\/\/foliobooks.pl\/en\/shop\/francesca-amfitheatrof-fantastical-jewels\/#primaryimage"},"image":{"@id":"https:\/\/foliobooks.pl\/en\/shop\/francesca-amfitheatrof-fantastical-jewels\/#primaryimage"},"thumbnailUrl":"https:\/\/foliobooks.pl\/wp-content\/uploads\/2023\/12\/9780847873210.png","datePublished":"2023-12-03T14:53:49+00:00","dateModified":"2024-04-26T13:03:15+00:00","description":"Wejd\u017a i kup ksi\u0105\u017ck\u0119 Francesca Amfitheatrof. Fantastical Jewels autorstwa Stefania Amfitheatrof wydan\u0105 przez Rizzoli (2023-09-26) w formacie 26,8 x 33 cm (ISBN: 9780847873210). Zapraszamy!","breadcrumb":{"@id":"https:\/\/foliobooks.pl\/en\/shop\/francesca-amfitheatrof-fantastical-jewels\/#breadcrumb"},"inLanguage":"en-US","potentialAction":[{"@type":"ReadAction","target":["https:\/\/foliobooks.pl\/en\/shop\/francesca-amfitheatrof-fantastical-jewels\/"]}]},{"@type":"ImageObject","inLanguage":"en-US","@id":"https:\/\/foliobooks.pl\/en\/shop\/francesca-amfitheatrof-fantastical-jewels\/#primaryimage","url":"https:\/\/foliobooks.pl\/wp-content\/uploads\/2023\/12\/9780847873210.png","contentUrl":"https:\/\/foliobooks.pl\/wp-content\/uploads\/2023\/12\/9780847873210.png","width":570,"height":708},{"@type":"BreadcrumbList","@id":"https:\/\/foliobooks.pl\/en\/shop\/francesca-amfitheatrof-fantastical-jewels\/#breadcrumb","itemListElement":[{"@type":"ListItem","position":1,"name":"Strona g\u0142\u00f3wna","item":"https:\/\/foliobooks.pl\/en\/"},{"@type":"ListItem","position":2,"name":"Shop","item":"https:\/\/foliobooks.pl\/en\/shop\/"},{"@type":"ListItem","position":3,"name":"Francesca Amfitheatrof. Fantastical Jewels"}]},{"@type":"WebSite","@id":"https:\/\/foliobooks.pl\/en\/#website","url":"https:\/\/foliobooks.pl\/en\/","name":"Folio","description":"Ksi\u0119garnia internetowa","potentialAction":[{"@type":"SearchAction","target":{"@type":"EntryPoint","urlTemplate":"https:\/\/foliobooks.pl\/en\/?s={search_term_string}"},"query-input":{"@type":"PropertyValueSpecification","valueRequired":true,"valueName":"search_term_string"}}],"inLanguage":"en-US"}]}},"_links":{"self":[{"href":"https:\/\/foliobooks.pl\/en\/wp-json\/wp\/v2\/product\/97746","targetHints":{"allow":["GET"]}}],"collection":[{"href":"https:\/\/foliobooks.pl\/en\/wp-json\/wp\/v2\/product"}],"about":[{"href":"https:\/\/foliobooks.pl\/en\/wp-json\/wp\/v2\/types\/product"}],"replies":[{"embeddable":true,"href":"https:\/\/foliobooks.pl\/en\/wp-json\/wp\/v2\/comments?post=97746"}],"wp:featuredmedia":[{"embeddable":true,"href":"https:\/\/foliobooks.pl\/en\/wp-json\/wp\/v2\/media\/97745"}],"wp:attachment":[{"href":"https:\/\/foliobooks.pl\/en\/wp-json\/wp\/v2\/media?parent=97746"}],"wp:term":[{"taxonomy":"product_brand","embeddable":true,"href":"https:\/\/foliobooks.pl\/en\/wp-json\/wp\/v2\/product_brand?post=97746"},{"taxonomy":"product_cat","embeddable":true,"href":"https:\/\/foliobooks.pl\/en\/wp-json\/wp\/v2\/product_cat?post=97746"},{"taxonomy":"product_tag","embeddable":true,"href":"https:\/\/foliobooks.pl\/en\/wp-json\/wp\/v2\/product_tag?post=97746"}],"curies":[{"name":"wp","href":"https:\/\/api.w.org\/{rel}","templated":true}]}}