{"id":97720,"date":"2023-12-03T15:39:44","date_gmt":"2023-12-03T14:39:44","guid":{"rendered":"https:\/\/foliobooks.pl\/sklep\/dolce-gabbana-alta-gioielleria-masterpieces-of-high-jewellery\/"},"modified":"2026-04-16T11:27:17","modified_gmt":"2026-04-16T09:27:17","slug":"dolce-gabbana-alta-gioielleria-masterpieces-of-high-jewellery","status":"publish","type":"product","link":"https:\/\/foliobooks.pl\/en\/shop\/dolce-gabbana-alta-gioielleria-masterpieces-of-high-jewellery\/","title":{"rendered":"Dolce &#038; Gabbana Alta Gioielleria. Masterpieces of High Jewellery"},"content":{"rendered":"<p>The first book celebrating Dolce &amp; Gabbana Alta Gioielleria, a kaleidoscope of creativity in which formal invention is accompanied by rediscovery of historical Italian craftsmanship.<\/p>\n<p>Dolce &amp; Gabbana Alta Gioielleria (High Jewelry) inaugurated its first collection in Taormina in 2012. Ten years after that memorable date, the fashion house has decided to celebrate this precious universe of art, beauty, and knowledge in a book for the first time.<\/p>\n<p>The creations of Dolce &amp; Gabbana Alta Gioielleria have always been unique pieces. While the exceptional quality of gems and diamonds is certified by the most renowned international gemological institutes, the goldsmithery\u2014which is carried out entirely by hand in the brand\u2019s workshops by skilled goldsmiths\u2014reinterprets highly refined processes, such as milgrain, filigree, and twisted wire.<\/p>\n<p>It embodies an extraordinary heritage of tradition and know-how, forging material to transform it into a work of art. Miniatures, enamels, corals, and marvelous gems from the most important deposits in the world and magnificent diamonds, some of which are characterized by the unprecedented Dolce &amp; Gabbana cut, are the absolute stars of this volume. Edited by Carol Woolton, it reveals the unique creations of Dolce &amp; Gabbana Alta Gioielleria to the general public for the first time.<\/p>\n","protected":false},"excerpt":{"rendered":"<p>The first book celebrating Dolce &amp; Gabbana Alta Gioielleria, a kaleidoscope of creativity in which formal invention is accompanied by rediscovery of historical Italian craftsmanship. Dolce &amp; Gabbana Alta Gioielleria (High Jewelry) inaugurated its first collection in Taormina in 2012. Ten years after that memorable date, the fashion house has decided to celebrate this precious&#8230;<\/p>\n","protected":false},"featured_media":97719,"comment_status":"closed","ping_status":"closed","template":"","meta":[],"product_brand":[],"product_cat":[13533,4519],"product_tag":[6125,522],"class_list":{"0":"post-97720","1":"product","2":"type-product","3":"status-publish","4":"has-post-thumbnail","6":"product_cat-books","7":"product_cat-fashion-en-en","8":"product_tag-fashion","9":"product_tag-jewelry-en","10":"pa_author_att-carol-woolton-en","11":"pa_cover-hardcover","12":"pa_format-25-x-333-cm-en","13":"pa_isbn-9788891836946-en","14":"pa_language-eng","15":"pa_pages-384-en","16":"pa_published-2023-10-10-en","17":"pa_publisher-rizzoli-en","19":"first","20":"instock","21":"sale","22":"sold-individually","23":"shipping-taxable","24":"purchasable","25":"product-type-simple"},"yoast_head":"<!-- This site is optimized with the Yoast SEO plugin v27.4 - https:\/\/yoast.com\/product\/yoast-seo-wordpress\/ -->\n<title>Dolce &amp; Gabbana Alta Gioielleria. Masterpieces of High Jewellery (Carol Woolton) - book \/ album - Folio<\/title>\n<meta name=\"description\" content=\"Wejd\u017a i kup ksi\u0105\u017ck\u0119 Dolce &amp; Gabbana Alta Gioielleria. Masterpieces of High Jewellery autorstwa Carol Woolton wydan\u0105 przez Rizzoli (2023-10-10) w formacie 25 x 33,3 cm (ISBN: 9788891836946). Zapraszamy!\" \/>\n<meta name=\"robots\" content=\"index, follow, max-snippet:-1, max-image-preview:large, max-video-preview:-1\" \/>\n<link rel=\"canonical\" href=\"https:\/\/foliobooks.pl\/en\/shop\/dolce-gabbana-alta-gioielleria-masterpieces-of-high-jewellery\/\" \/>\n<meta property=\"og:locale\" content=\"en_US\" \/>\n<meta property=\"og:type\" content=\"article\" \/>\n<meta property=\"og:title\" content=\"Dolce &amp; Gabbana Alta Gioielleria. Masterpieces of High Jewellery (Carol Woolton) - book \/ album - Folio\" \/>\n<meta property=\"og:description\" content=\"Wejd\u017a i kup ksi\u0105\u017ck\u0119 Dolce &amp; Gabbana Alta Gioielleria. Masterpieces of High Jewellery autorstwa Carol Woolton wydan\u0105 przez Rizzoli (2023-10-10) w formacie 25 x 33,3 cm (ISBN: 9788891836946). Zapraszamy!\" \/>\n<meta property=\"og:url\" content=\"https:\/\/foliobooks.pl\/en\/shop\/dolce-gabbana-alta-gioielleria-masterpieces-of-high-jewellery\/\" \/>\n<meta property=\"og:site_name\" content=\"Folio\" \/>\n<meta property=\"article:modified_time\" content=\"2026-04-16T09:27:17+00:00\" \/>\n<meta property=\"og:image\" content=\"https:\/\/foliobooks.pl\/wp-content\/uploads\/2023\/12\/9788891836946.png\" \/>\n\t<meta property=\"og:image:width\" content=\"570\" \/>\n\t<meta property=\"og:image:height\" content=\"708\" \/>\n\t<meta property=\"og:image:type\" content=\"image\/png\" \/>\n<meta name=\"twitter:card\" content=\"summary_large_image\" \/>\n<meta name=\"twitter:label1\" content=\"Est. reading time\" \/>\n\t<meta name=\"twitter:data1\" content=\"2 minutes\" \/>\n<script type=\"application\/ld+json\" class=\"yoast-schema-graph\">{\"@context\":\"https:\\\/\\\/schema.org\",\"@graph\":[{\"@type\":\"WebPage\",\"@id\":\"https:\\\/\\\/foliobooks.pl\\\/en\\\/shop\\\/dolce-gabbana-alta-gioielleria-masterpieces-of-high-jewellery\\\/\",\"url\":\"https:\\\/\\\/foliobooks.pl\\\/en\\\/shop\\\/dolce-gabbana-alta-gioielleria-masterpieces-of-high-jewellery\\\/\",\"name\":\"Dolce & Gabbana Alta Gioielleria. Masterpieces of High Jewellery (Carol Woolton) - book \\\/ album - Folio\",\"isPartOf\":{\"@id\":\"https:\\\/\\\/foliobooks.pl\\\/en\\\/#website\"},\"primaryImageOfPage\":{\"@id\":\"https:\\\/\\\/foliobooks.pl\\\/en\\\/shop\\\/dolce-gabbana-alta-gioielleria-masterpieces-of-high-jewellery\\\/#primaryimage\"},\"image\":{\"@id\":\"https:\\\/\\\/foliobooks.pl\\\/en\\\/shop\\\/dolce-gabbana-alta-gioielleria-masterpieces-of-high-jewellery\\\/#primaryimage\"},\"thumbnailUrl\":\"https:\\\/\\\/foliobooks.pl\\\/wp-content\\\/uploads\\\/2023\\\/12\\\/9788891836946.png\",\"datePublished\":\"2023-12-03T14:39:44+00:00\",\"dateModified\":\"2026-04-16T09:27:17+00:00\",\"description\":\"Wejd\u017a i kup ksi\u0105\u017ck\u0119 Dolce & Gabbana Alta Gioielleria. Masterpieces of High Jewellery autorstwa Carol Woolton wydan\u0105 przez Rizzoli (2023-10-10) w formacie 25 x 33,3 cm (ISBN: 9788891836946). Zapraszamy!\",\"breadcrumb\":{\"@id\":\"https:\\\/\\\/foliobooks.pl\\\/en\\\/shop\\\/dolce-gabbana-alta-gioielleria-masterpieces-of-high-jewellery\\\/#breadcrumb\"},\"inLanguage\":\"en-US\",\"potentialAction\":[{\"@type\":\"ReadAction\",\"target\":[\"https:\\\/\\\/foliobooks.pl\\\/en\\\/shop\\\/dolce-gabbana-alta-gioielleria-masterpieces-of-high-jewellery\\\/\"]}]},{\"@type\":\"ImageObject\",\"inLanguage\":\"en-US\",\"@id\":\"https:\\\/\\\/foliobooks.pl\\\/en\\\/shop\\\/dolce-gabbana-alta-gioielleria-masterpieces-of-high-jewellery\\\/#primaryimage\",\"url\":\"https:\\\/\\\/foliobooks.pl\\\/wp-content\\\/uploads\\\/2023\\\/12\\\/9788891836946.png\",\"contentUrl\":\"https:\\\/\\\/foliobooks.pl\\\/wp-content\\\/uploads\\\/2023\\\/12\\\/9788891836946.png\",\"width\":570,\"height\":708},{\"@type\":\"BreadcrumbList\",\"@id\":\"https:\\\/\\\/foliobooks.pl\\\/en\\\/shop\\\/dolce-gabbana-alta-gioielleria-masterpieces-of-high-jewellery\\\/#breadcrumb\",\"itemListElement\":[{\"@type\":\"ListItem\",\"position\":1,\"name\":\"Strona g\u0142\u00f3wna\",\"item\":\"https:\\\/\\\/foliobooks.pl\\\/en\\\/\"},{\"@type\":\"ListItem\",\"position\":2,\"name\":\"Shop\",\"item\":\"https:\\\/\\\/foliobooks.pl\\\/en\\\/shop\\\/\"},{\"@type\":\"ListItem\",\"position\":3,\"name\":\"Dolce &#038; Gabbana Alta Gioielleria. Masterpieces of High Jewellery\"}]},{\"@type\":\"WebSite\",\"@id\":\"https:\\\/\\\/foliobooks.pl\\\/en\\\/#website\",\"url\":\"https:\\\/\\\/foliobooks.pl\\\/en\\\/\",\"name\":\"Folio\",\"description\":\"Ksi\u0119garnia internetowa\",\"potentialAction\":[{\"@type\":\"SearchAction\",\"target\":{\"@type\":\"EntryPoint\",\"urlTemplate\":\"https:\\\/\\\/foliobooks.pl\\\/en\\\/?s={search_term_string}\"},\"query-input\":{\"@type\":\"PropertyValueSpecification\",\"valueRequired\":true,\"valueName\":\"search_term_string\"}}],\"inLanguage\":\"en-US\"}]}<\/script>\n<!-- \/ Yoast SEO plugin. -->","yoast_head_json":{"title":"Dolce & Gabbana Alta Gioielleria. Masterpieces of High Jewellery (Carol Woolton) - book \/ album - Folio","description":"Wejd\u017a i kup ksi\u0105\u017ck\u0119 Dolce & Gabbana Alta Gioielleria. Masterpieces of High Jewellery autorstwa Carol Woolton wydan\u0105 przez Rizzoli (2023-10-10) w formacie 25 x 33,3 cm (ISBN: 9788891836946). Zapraszamy!","robots":{"index":"index","follow":"follow","max-snippet":"max-snippet:-1","max-image-preview":"max-image-preview:large","max-video-preview":"max-video-preview:-1"},"canonical":"https:\/\/foliobooks.pl\/en\/shop\/dolce-gabbana-alta-gioielleria-masterpieces-of-high-jewellery\/","og_locale":"en_US","og_type":"article","og_title":"Dolce & Gabbana Alta Gioielleria. Masterpieces of High Jewellery (Carol Woolton) - book \/ album - Folio","og_description":"Wejd\u017a i kup ksi\u0105\u017ck\u0119 Dolce & Gabbana Alta Gioielleria. Masterpieces of High Jewellery autorstwa Carol Woolton wydan\u0105 przez Rizzoli (2023-10-10) w formacie 25 x 33,3 cm (ISBN: 9788891836946). Zapraszamy!","og_url":"https:\/\/foliobooks.pl\/en\/shop\/dolce-gabbana-alta-gioielleria-masterpieces-of-high-jewellery\/","og_site_name":"Folio","article_modified_time":"2026-04-16T09:27:17+00:00","og_image":[{"width":570,"height":708,"url":"https:\/\/foliobooks.pl\/wp-content\/uploads\/2023\/12\/9788891836946.png","type":"image\/png"}],"twitter_card":"summary_large_image","twitter_misc":{"Est. reading time":"2 minutes"},"schema":{"@context":"https:\/\/schema.org","@graph":[{"@type":"WebPage","@id":"https:\/\/foliobooks.pl\/en\/shop\/dolce-gabbana-alta-gioielleria-masterpieces-of-high-jewellery\/","url":"https:\/\/foliobooks.pl\/en\/shop\/dolce-gabbana-alta-gioielleria-masterpieces-of-high-jewellery\/","name":"Dolce & Gabbana Alta Gioielleria. Masterpieces of High Jewellery (Carol Woolton) - book \/ album - Folio","isPartOf":{"@id":"https:\/\/foliobooks.pl\/en\/#website"},"primaryImageOfPage":{"@id":"https:\/\/foliobooks.pl\/en\/shop\/dolce-gabbana-alta-gioielleria-masterpieces-of-high-jewellery\/#primaryimage"},"image":{"@id":"https:\/\/foliobooks.pl\/en\/shop\/dolce-gabbana-alta-gioielleria-masterpieces-of-high-jewellery\/#primaryimage"},"thumbnailUrl":"https:\/\/foliobooks.pl\/wp-content\/uploads\/2023\/12\/9788891836946.png","datePublished":"2023-12-03T14:39:44+00:00","dateModified":"2026-04-16T09:27:17+00:00","description":"Wejd\u017a i kup ksi\u0105\u017ck\u0119 Dolce & Gabbana Alta Gioielleria. Masterpieces of High Jewellery autorstwa Carol Woolton wydan\u0105 przez Rizzoli (2023-10-10) w formacie 25 x 33,3 cm (ISBN: 9788891836946). Zapraszamy!","breadcrumb":{"@id":"https:\/\/foliobooks.pl\/en\/shop\/dolce-gabbana-alta-gioielleria-masterpieces-of-high-jewellery\/#breadcrumb"},"inLanguage":"en-US","potentialAction":[{"@type":"ReadAction","target":["https:\/\/foliobooks.pl\/en\/shop\/dolce-gabbana-alta-gioielleria-masterpieces-of-high-jewellery\/"]}]},{"@type":"ImageObject","inLanguage":"en-US","@id":"https:\/\/foliobooks.pl\/en\/shop\/dolce-gabbana-alta-gioielleria-masterpieces-of-high-jewellery\/#primaryimage","url":"https:\/\/foliobooks.pl\/wp-content\/uploads\/2023\/12\/9788891836946.png","contentUrl":"https:\/\/foliobooks.pl\/wp-content\/uploads\/2023\/12\/9788891836946.png","width":570,"height":708},{"@type":"BreadcrumbList","@id":"https:\/\/foliobooks.pl\/en\/shop\/dolce-gabbana-alta-gioielleria-masterpieces-of-high-jewellery\/#breadcrumb","itemListElement":[{"@type":"ListItem","position":1,"name":"Strona g\u0142\u00f3wna","item":"https:\/\/foliobooks.pl\/en\/"},{"@type":"ListItem","position":2,"name":"Shop","item":"https:\/\/foliobooks.pl\/en\/shop\/"},{"@type":"ListItem","position":3,"name":"Dolce &#038; Gabbana Alta Gioielleria. Masterpieces of High Jewellery"}]},{"@type":"WebSite","@id":"https:\/\/foliobooks.pl\/en\/#website","url":"https:\/\/foliobooks.pl\/en\/","name":"Folio","description":"Ksi\u0119garnia internetowa","potentialAction":[{"@type":"SearchAction","target":{"@type":"EntryPoint","urlTemplate":"https:\/\/foliobooks.pl\/en\/?s={search_term_string}"},"query-input":{"@type":"PropertyValueSpecification","valueRequired":true,"valueName":"search_term_string"}}],"inLanguage":"en-US"}]}},"_links":{"self":[{"href":"https:\/\/foliobooks.pl\/en\/wp-json\/wp\/v2\/product\/97720","targetHints":{"allow":["GET"]}}],"collection":[{"href":"https:\/\/foliobooks.pl\/en\/wp-json\/wp\/v2\/product"}],"about":[{"href":"https:\/\/foliobooks.pl\/en\/wp-json\/wp\/v2\/types\/product"}],"replies":[{"embeddable":true,"href":"https:\/\/foliobooks.pl\/en\/wp-json\/wp\/v2\/comments?post=97720"}],"wp:featuredmedia":[{"embeddable":true,"href":"https:\/\/foliobooks.pl\/en\/wp-json\/wp\/v2\/media\/97719"}],"wp:attachment":[{"href":"https:\/\/foliobooks.pl\/en\/wp-json\/wp\/v2\/media?parent=97720"}],"wp:term":[{"taxonomy":"product_brand","embeddable":true,"href":"https:\/\/foliobooks.pl\/en\/wp-json\/wp\/v2\/product_brand?post=97720"},{"taxonomy":"product_cat","embeddable":true,"href":"https:\/\/foliobooks.pl\/en\/wp-json\/wp\/v2\/product_cat?post=97720"},{"taxonomy":"product_tag","embeddable":true,"href":"https:\/\/foliobooks.pl\/en\/wp-json\/wp\/v2\/product_tag?post=97720"}],"curies":[{"name":"wp","href":"https:\/\/api.w.org\/{rel}","templated":true}]}}