{"id":97699,"date":"2023-12-03T15:18:06","date_gmt":"2023-12-03T14:18:06","guid":{"rendered":"https:\/\/foliobooks.pl\/sklep\/barbie-takes-the-catwalk-a-style-icons-history-in-fashion\/"},"modified":"2023-12-03T15:18:06","modified_gmt":"2023-12-03T14:18:06","slug":"barbie-takes-the-catwalk-a-style-icons-history-in-fashion","status":"publish","type":"product","link":"https:\/\/foliobooks.pl\/en\/shop\/barbie-takes-the-catwalk-a-style-icons-history-in-fashion\/","title":{"rendered":"Barbie Takes the Catwalk A Style Icon&#8217;s History in Fashion"},"content":{"rendered":"<p>For more than 60 years, Barbie has reflected fashion trends and set them. Now, her iconic outfits are paired with the legendary looks from iconic designers for a fascinating celebration of the relationship between the runway and the toy aisle.<br \/>\nBarbie has always been a fashion icon, with a wardrobe of looks inspired by the world&#8217;s great fashion designers, and inspiring them as well with her signature style.<\/p>\n<p>From decade-defining designs by formidable fashion royalty such as Dior, Balenciaga, Yves St. Laurent, Pucci, and Chanel, to skateboard culture and rave fashion, Barbie doll&#8217;s outfits have reflected the fashion and the time.<\/p>\n<p>In Barbie Takes the Catwalk, hundreds of images from designer runways, magazine editorials, and fashion archives are paired with detailed photographs of vintage Barbie outfits to offer an unprecedented examination of the Barbie brand&#8217;s sartorial impact.<\/p>\n<p>Author and costume historian Karan Feder thoughtfully explores Barbie doll&#8217;s first 40 years to highlight the vast artistry and cultural significance of the doll&#8217;s fashion canon, and looks at contemporary fashion designers influenced by the Barbie legacy. This meticulously researched and gorgeous book is a must for any fan of fashion, pop culture, and Barbie.<\/p>\n","protected":false},"excerpt":{"rendered":"<p>For more than 60 years, Barbie has reflected fashion trends and set them. Now, her iconic outfits are paired with the legendary looks from iconic designers for a fascinating celebration of the relationship between the runway and the toy aisle. Barbie has always been a fashion icon, with a wardrobe of looks inspired by the&#8230;<\/p>\n","protected":false},"featured_media":97682,"comment_status":"closed","ping_status":"closed","template":"","meta":[],"product_brand":[],"product_cat":[13533,4519,4517],"product_tag":[6125,12269],"class_list":{"0":"post-97699","1":"product","2":"type-product","3":"status-publish","4":"has-post-thumbnail","6":"product_cat-books","7":"product_cat-fashion-en-en","8":"product_cat-photography-en","9":"product_tag-fashion","10":"product_tag-toys-en","11":"pa_author_att-karan-feder-en","12":"pa_cover-hardcover","13":"pa_format-235-x-325-cm-en","14":"pa_isbn-9798886740493-en","15":"pa_language-eng","16":"pa_pages-224-2-en","17":"pa_published-2023-10-03-en","18":"pa_publisher-weldon-owen-en","20":"first","21":"outofstock","22":"sold-individually","23":"shipping-taxable","24":"purchasable","25":"product-type-simple"},"yoast_head":"<!-- This site is optimized with the Yoast SEO plugin v27.4 - https:\/\/yoast.com\/product\/yoast-seo-wordpress\/ -->\n<title>Barbie Takes the Catwalk A Style Icon&#039;s History in Fashion (Karan Feder) - book \/ album - Folio<\/title>\n<meta name=\"description\" content=\"Wejd\u017a i kup ksi\u0105\u017ck\u0119 Barbie Takes the Catwalk A Style Icon&#039;s History in Fashion autorstwa Karan Feder wydan\u0105 przez Weldon Owen (2023-10-03) w formacie 23,5 x 32,5 cm (ISBN: 9798886740493). Zapraszamy!\" \/>\n<meta name=\"robots\" content=\"index, follow, max-snippet:-1, max-image-preview:large, max-video-preview:-1\" \/>\n<link rel=\"canonical\" href=\"https:\/\/foliobooks.pl\/en\/shop\/barbie-takes-the-catwalk-a-style-icons-history-in-fashion\/\" \/>\n<meta property=\"og:locale\" content=\"en_US\" \/>\n<meta property=\"og:type\" content=\"article\" \/>\n<meta property=\"og:title\" content=\"Barbie Takes the Catwalk A Style Icon&#039;s History in Fashion (Karan Feder) - book \/ album - Folio\" \/>\n<meta property=\"og:description\" content=\"Wejd\u017a i kup ksi\u0105\u017ck\u0119 Barbie Takes the Catwalk A Style Icon&#039;s History in Fashion autorstwa Karan Feder wydan\u0105 przez Weldon Owen (2023-10-03) w formacie 23,5 x 32,5 cm (ISBN: 9798886740493). Zapraszamy!\" \/>\n<meta property=\"og:url\" content=\"https:\/\/foliobooks.pl\/en\/shop\/barbie-takes-the-catwalk-a-style-icons-history-in-fashion\/\" \/>\n<meta property=\"og:site_name\" content=\"Folio\" \/>\n<meta property=\"og:image\" content=\"https:\/\/foliobooks.pl\/wp-content\/uploads\/2023\/12\/9798886740493.png\" \/>\n\t<meta property=\"og:image:width\" content=\"570\" \/>\n\t<meta property=\"og:image:height\" content=\"708\" \/>\n\t<meta property=\"og:image:type\" content=\"image\/png\" \/>\n<meta name=\"twitter:card\" content=\"summary_large_image\" \/>\n<meta name=\"twitter:label1\" content=\"Est. reading time\" \/>\n\t<meta name=\"twitter:data1\" content=\"2 minutes\" \/>\n<script type=\"application\/ld+json\" class=\"yoast-schema-graph\">{\"@context\":\"https:\\\/\\\/schema.org\",\"@graph\":[{\"@type\":\"WebPage\",\"@id\":\"https:\\\/\\\/foliobooks.pl\\\/en\\\/shop\\\/barbie-takes-the-catwalk-a-style-icons-history-in-fashion\\\/\",\"url\":\"https:\\\/\\\/foliobooks.pl\\\/en\\\/shop\\\/barbie-takes-the-catwalk-a-style-icons-history-in-fashion\\\/\",\"name\":\"Barbie Takes the Catwalk A Style Icon's History in Fashion (Karan Feder) - book \\\/ album - Folio\",\"isPartOf\":{\"@id\":\"https:\\\/\\\/foliobooks.pl\\\/en\\\/#website\"},\"primaryImageOfPage\":{\"@id\":\"https:\\\/\\\/foliobooks.pl\\\/en\\\/shop\\\/barbie-takes-the-catwalk-a-style-icons-history-in-fashion\\\/#primaryimage\"},\"image\":{\"@id\":\"https:\\\/\\\/foliobooks.pl\\\/en\\\/shop\\\/barbie-takes-the-catwalk-a-style-icons-history-in-fashion\\\/#primaryimage\"},\"thumbnailUrl\":\"https:\\\/\\\/foliobooks.pl\\\/wp-content\\\/uploads\\\/2023\\\/12\\\/9798886740493.png\",\"datePublished\":\"2023-12-03T14:18:06+00:00\",\"description\":\"Wejd\u017a i kup ksi\u0105\u017ck\u0119 Barbie Takes the Catwalk A Style Icon's History in Fashion autorstwa Karan Feder wydan\u0105 przez Weldon Owen (2023-10-03) w formacie 23,5 x 32,5 cm (ISBN: 9798886740493). Zapraszamy!\",\"breadcrumb\":{\"@id\":\"https:\\\/\\\/foliobooks.pl\\\/en\\\/shop\\\/barbie-takes-the-catwalk-a-style-icons-history-in-fashion\\\/#breadcrumb\"},\"inLanguage\":\"en-US\",\"potentialAction\":[{\"@type\":\"ReadAction\",\"target\":[\"https:\\\/\\\/foliobooks.pl\\\/en\\\/shop\\\/barbie-takes-the-catwalk-a-style-icons-history-in-fashion\\\/\"]}]},{\"@type\":\"ImageObject\",\"inLanguage\":\"en-US\",\"@id\":\"https:\\\/\\\/foliobooks.pl\\\/en\\\/shop\\\/barbie-takes-the-catwalk-a-style-icons-history-in-fashion\\\/#primaryimage\",\"url\":\"https:\\\/\\\/foliobooks.pl\\\/wp-content\\\/uploads\\\/2023\\\/12\\\/9798886740493.png\",\"contentUrl\":\"https:\\\/\\\/foliobooks.pl\\\/wp-content\\\/uploads\\\/2023\\\/12\\\/9798886740493.png\",\"width\":570,\"height\":708},{\"@type\":\"BreadcrumbList\",\"@id\":\"https:\\\/\\\/foliobooks.pl\\\/en\\\/shop\\\/barbie-takes-the-catwalk-a-style-icons-history-in-fashion\\\/#breadcrumb\",\"itemListElement\":[{\"@type\":\"ListItem\",\"position\":1,\"name\":\"Strona g\u0142\u00f3wna\",\"item\":\"https:\\\/\\\/foliobooks.pl\\\/en\\\/\"},{\"@type\":\"ListItem\",\"position\":2,\"name\":\"Shop\",\"item\":\"https:\\\/\\\/foliobooks.pl\\\/en\\\/shop\\\/\"},{\"@type\":\"ListItem\",\"position\":3,\"name\":\"Barbie Takes the Catwalk A Style Icon&#8217;s History in Fashion\"}]},{\"@type\":\"WebSite\",\"@id\":\"https:\\\/\\\/foliobooks.pl\\\/en\\\/#website\",\"url\":\"https:\\\/\\\/foliobooks.pl\\\/en\\\/\",\"name\":\"Folio\",\"description\":\"Ksi\u0119garnia internetowa\",\"potentialAction\":[{\"@type\":\"SearchAction\",\"target\":{\"@type\":\"EntryPoint\",\"urlTemplate\":\"https:\\\/\\\/foliobooks.pl\\\/en\\\/?s={search_term_string}\"},\"query-input\":{\"@type\":\"PropertyValueSpecification\",\"valueRequired\":true,\"valueName\":\"search_term_string\"}}],\"inLanguage\":\"en-US\"}]}<\/script>\n<!-- \/ Yoast SEO plugin. -->","yoast_head_json":{"title":"Barbie Takes the Catwalk A Style Icon's History in Fashion (Karan Feder) - book \/ album - Folio","description":"Wejd\u017a i kup ksi\u0105\u017ck\u0119 Barbie Takes the Catwalk A Style Icon's History in Fashion autorstwa Karan Feder wydan\u0105 przez Weldon Owen (2023-10-03) w formacie 23,5 x 32,5 cm (ISBN: 9798886740493). Zapraszamy!","robots":{"index":"index","follow":"follow","max-snippet":"max-snippet:-1","max-image-preview":"max-image-preview:large","max-video-preview":"max-video-preview:-1"},"canonical":"https:\/\/foliobooks.pl\/en\/shop\/barbie-takes-the-catwalk-a-style-icons-history-in-fashion\/","og_locale":"en_US","og_type":"article","og_title":"Barbie Takes the Catwalk A Style Icon's History in Fashion (Karan Feder) - book \/ album - Folio","og_description":"Wejd\u017a i kup ksi\u0105\u017ck\u0119 Barbie Takes the Catwalk A Style Icon's History in Fashion autorstwa Karan Feder wydan\u0105 przez Weldon Owen (2023-10-03) w formacie 23,5 x 32,5 cm (ISBN: 9798886740493). Zapraszamy!","og_url":"https:\/\/foliobooks.pl\/en\/shop\/barbie-takes-the-catwalk-a-style-icons-history-in-fashion\/","og_site_name":"Folio","og_image":[{"width":570,"height":708,"url":"https:\/\/foliobooks.pl\/wp-content\/uploads\/2023\/12\/9798886740493.png","type":"image\/png"}],"twitter_card":"summary_large_image","twitter_misc":{"Est. reading time":"2 minutes"},"schema":{"@context":"https:\/\/schema.org","@graph":[{"@type":"WebPage","@id":"https:\/\/foliobooks.pl\/en\/shop\/barbie-takes-the-catwalk-a-style-icons-history-in-fashion\/","url":"https:\/\/foliobooks.pl\/en\/shop\/barbie-takes-the-catwalk-a-style-icons-history-in-fashion\/","name":"Barbie Takes the Catwalk A Style Icon's History in Fashion (Karan Feder) - book \/ album - Folio","isPartOf":{"@id":"https:\/\/foliobooks.pl\/en\/#website"},"primaryImageOfPage":{"@id":"https:\/\/foliobooks.pl\/en\/shop\/barbie-takes-the-catwalk-a-style-icons-history-in-fashion\/#primaryimage"},"image":{"@id":"https:\/\/foliobooks.pl\/en\/shop\/barbie-takes-the-catwalk-a-style-icons-history-in-fashion\/#primaryimage"},"thumbnailUrl":"https:\/\/foliobooks.pl\/wp-content\/uploads\/2023\/12\/9798886740493.png","datePublished":"2023-12-03T14:18:06+00:00","description":"Wejd\u017a i kup ksi\u0105\u017ck\u0119 Barbie Takes the Catwalk A Style Icon's History in Fashion autorstwa Karan Feder wydan\u0105 przez Weldon Owen (2023-10-03) w formacie 23,5 x 32,5 cm (ISBN: 9798886740493). Zapraszamy!","breadcrumb":{"@id":"https:\/\/foliobooks.pl\/en\/shop\/barbie-takes-the-catwalk-a-style-icons-history-in-fashion\/#breadcrumb"},"inLanguage":"en-US","potentialAction":[{"@type":"ReadAction","target":["https:\/\/foliobooks.pl\/en\/shop\/barbie-takes-the-catwalk-a-style-icons-history-in-fashion\/"]}]},{"@type":"ImageObject","inLanguage":"en-US","@id":"https:\/\/foliobooks.pl\/en\/shop\/barbie-takes-the-catwalk-a-style-icons-history-in-fashion\/#primaryimage","url":"https:\/\/foliobooks.pl\/wp-content\/uploads\/2023\/12\/9798886740493.png","contentUrl":"https:\/\/foliobooks.pl\/wp-content\/uploads\/2023\/12\/9798886740493.png","width":570,"height":708},{"@type":"BreadcrumbList","@id":"https:\/\/foliobooks.pl\/en\/shop\/barbie-takes-the-catwalk-a-style-icons-history-in-fashion\/#breadcrumb","itemListElement":[{"@type":"ListItem","position":1,"name":"Strona g\u0142\u00f3wna","item":"https:\/\/foliobooks.pl\/en\/"},{"@type":"ListItem","position":2,"name":"Shop","item":"https:\/\/foliobooks.pl\/en\/shop\/"},{"@type":"ListItem","position":3,"name":"Barbie Takes the Catwalk A Style Icon&#8217;s History in Fashion"}]},{"@type":"WebSite","@id":"https:\/\/foliobooks.pl\/en\/#website","url":"https:\/\/foliobooks.pl\/en\/","name":"Folio","description":"Ksi\u0119garnia internetowa","potentialAction":[{"@type":"SearchAction","target":{"@type":"EntryPoint","urlTemplate":"https:\/\/foliobooks.pl\/en\/?s={search_term_string}"},"query-input":{"@type":"PropertyValueSpecification","valueRequired":true,"valueName":"search_term_string"}}],"inLanguage":"en-US"}]}},"_links":{"self":[{"href":"https:\/\/foliobooks.pl\/en\/wp-json\/wp\/v2\/product\/97699","targetHints":{"allow":["GET"]}}],"collection":[{"href":"https:\/\/foliobooks.pl\/en\/wp-json\/wp\/v2\/product"}],"about":[{"href":"https:\/\/foliobooks.pl\/en\/wp-json\/wp\/v2\/types\/product"}],"replies":[{"embeddable":true,"href":"https:\/\/foliobooks.pl\/en\/wp-json\/wp\/v2\/comments?post=97699"}],"wp:featuredmedia":[{"embeddable":true,"href":"https:\/\/foliobooks.pl\/en\/wp-json\/wp\/v2\/media\/97682"}],"wp:attachment":[{"href":"https:\/\/foliobooks.pl\/en\/wp-json\/wp\/v2\/media?parent=97699"}],"wp:term":[{"taxonomy":"product_brand","embeddable":true,"href":"https:\/\/foliobooks.pl\/en\/wp-json\/wp\/v2\/product_brand?post=97699"},{"taxonomy":"product_cat","embeddable":true,"href":"https:\/\/foliobooks.pl\/en\/wp-json\/wp\/v2\/product_cat?post=97699"},{"taxonomy":"product_tag","embeddable":true,"href":"https:\/\/foliobooks.pl\/en\/wp-json\/wp\/v2\/product_tag?post=97699"}],"curies":[{"name":"wp","href":"https:\/\/api.w.org\/{rel}","templated":true}]}}