{"id":97679,"date":"2023-12-03T15:10:24","date_gmt":"2023-12-03T14:10:24","guid":{"rendered":"https:\/\/foliobooks.pl\/sklep\/art-of-kinfolk\/"},"modified":"2023-12-03T15:10:24","modified_gmt":"2023-12-03T14:10:24","slug":"art-of-kinfolk","status":"publish","type":"product","link":"https:\/\/foliobooks.pl\/en\/shop\/art-of-kinfolk\/","title":{"rendered":"Art of Kinfolk"},"content":{"rendered":"<p>An inspiring collection of the best images from the tastemaking Kinfolk magazine. With over 650,000 copies of their books in print and nearly 50 issues of their magazine distributed worldwide, Kinfolk has come to define the taste of a generation: From interiors to fashion, portraiture, food and travel, the consistently boundary-pushing photography produced by the brand has coalesced into one of the most influential and immersive lifestyle aesthetics of the last decade. The Art of Kinfolk brings more than 300 of the most iconic images from the first decade of the magazine into focus. Ranging from the deceptively simple to the surreal to the perennially stylish, this collection of originally commissioned photography captures the arc of an artistic adventure, a creative community at work, and in the process illuminates one of the most enigmatic aesthetics of the era.<\/p>\n","protected":false},"excerpt":{"rendered":"<p>An inspiring collection of the best images from the tastemaking Kinfolk magazine. With over 650,000 copies of their books in print and nearly 50 issues of their magazine distributed worldwide, Kinfolk has come to define the taste of a generation: From interiors to fashion, portraiture, food and travel, the consistently boundary-pushing photography produced by the&#8230;<\/p>\n","protected":false},"featured_media":97660,"comment_status":"closed","ping_status":"closed","template":"","meta":[],"product_brand":[],"product_cat":[13533,4517],"product_tag":[919,6121],"class_list":{"0":"post-97679","1":"product","2":"type-product","3":"status-publish","4":"has-post-thumbnail","6":"product_cat-books","7":"product_cat-photography-en","8":"product_tag-magazines","9":"product_tag-photography","10":"pa_author_att-john-burns-en","11":"pa_cover-hardcover","12":"pa_format-275-x-34-cm-en","13":"pa_isbn-9781648293061-en","14":"pa_language-eng","15":"pa_pages-320-en","16":"pa_published-2023-10-30-en","17":"pa_publisher-workman-publishing-en","19":"first","20":"outofstock","21":"sold-individually","22":"shipping-taxable","23":"purchasable","24":"product-type-simple"},"yoast_head":"<!-- This site is optimized with the Yoast SEO plugin v27.6 - https:\/\/yoast.com\/product\/yoast-seo-wordpress\/ -->\n<title>Art of Kinfolk (John Burns) - book \/ album - Folio<\/title>\n<meta name=\"description\" content=\"Wejd\u017a i kup ksi\u0105\u017ck\u0119 Art of Kinfolk autorstwa John Burns wydan\u0105 przez Workman Publishing (2023-10-30) w formacie 27,5 x 34 cm (ISBN: 9781648293061). Zapraszamy!\" \/>\n<meta name=\"robots\" content=\"index, follow, max-snippet:-1, max-image-preview:large, max-video-preview:-1\" \/>\n<link rel=\"canonical\" href=\"https:\/\/foliobooks.pl\/en\/shop\/art-of-kinfolk\/\" \/>\n<meta property=\"og:locale\" content=\"en_US\" \/>\n<meta property=\"og:type\" content=\"article\" \/>\n<meta property=\"og:title\" content=\"Art of Kinfolk (John Burns) - book \/ album - Folio\" \/>\n<meta property=\"og:description\" content=\"Wejd\u017a i kup ksi\u0105\u017ck\u0119 Art of Kinfolk autorstwa John Burns wydan\u0105 przez Workman Publishing (2023-10-30) w formacie 27,5 x 34 cm (ISBN: 9781648293061). Zapraszamy!\" \/>\n<meta property=\"og:url\" content=\"https:\/\/foliobooks.pl\/en\/shop\/art-of-kinfolk\/\" \/>\n<meta property=\"og:site_name\" content=\"Folio\" \/>\n<meta property=\"og:image\" content=\"https:\/\/foliobooks.pl\/wp-content\/uploads\/2023\/12\/9781648293061.png\" \/>\n\t<meta property=\"og:image:width\" content=\"570\" \/>\n\t<meta property=\"og:image:height\" content=\"708\" \/>\n\t<meta property=\"og:image:type\" content=\"image\/png\" \/>\n<meta name=\"twitter:card\" content=\"summary_large_image\" \/>\n<meta name=\"twitter:label1\" content=\"Est. reading time\" \/>\n\t<meta name=\"twitter:data1\" content=\"1 minute\" \/>\n<script type=\"application\/ld+json\" class=\"yoast-schema-graph\">{\"@context\":\"https:\\\/\\\/schema.org\",\"@graph\":[{\"@type\":\"WebPage\",\"@id\":\"https:\\\/\\\/foliobooks.pl\\\/en\\\/shop\\\/art-of-kinfolk\\\/\",\"url\":\"https:\\\/\\\/foliobooks.pl\\\/en\\\/shop\\\/art-of-kinfolk\\\/\",\"name\":\"Art of Kinfolk (John Burns) - book \\\/ album - Folio\",\"isPartOf\":{\"@id\":\"https:\\\/\\\/foliobooks.pl\\\/en\\\/#website\"},\"primaryImageOfPage\":{\"@id\":\"https:\\\/\\\/foliobooks.pl\\\/en\\\/shop\\\/art-of-kinfolk\\\/#primaryimage\"},\"image\":{\"@id\":\"https:\\\/\\\/foliobooks.pl\\\/en\\\/shop\\\/art-of-kinfolk\\\/#primaryimage\"},\"thumbnailUrl\":\"https:\\\/\\\/foliobooks.pl\\\/wp-content\\\/uploads\\\/2023\\\/12\\\/9781648293061.png\",\"datePublished\":\"2023-12-03T14:10:24+00:00\",\"description\":\"Wejd\u017a i kup ksi\u0105\u017ck\u0119 Art of Kinfolk autorstwa John Burns wydan\u0105 przez Workman Publishing (2023-10-30) w formacie 27,5 x 34 cm (ISBN: 9781648293061). Zapraszamy!\",\"breadcrumb\":{\"@id\":\"https:\\\/\\\/foliobooks.pl\\\/en\\\/shop\\\/art-of-kinfolk\\\/#breadcrumb\"},\"inLanguage\":\"en-US\",\"potentialAction\":[{\"@type\":\"ReadAction\",\"target\":[\"https:\\\/\\\/foliobooks.pl\\\/en\\\/shop\\\/art-of-kinfolk\\\/\"]}]},{\"@type\":\"ImageObject\",\"inLanguage\":\"en-US\",\"@id\":\"https:\\\/\\\/foliobooks.pl\\\/en\\\/shop\\\/art-of-kinfolk\\\/#primaryimage\",\"url\":\"https:\\\/\\\/foliobooks.pl\\\/wp-content\\\/uploads\\\/2023\\\/12\\\/9781648293061.png\",\"contentUrl\":\"https:\\\/\\\/foliobooks.pl\\\/wp-content\\\/uploads\\\/2023\\\/12\\\/9781648293061.png\",\"width\":570,\"height\":708},{\"@type\":\"BreadcrumbList\",\"@id\":\"https:\\\/\\\/foliobooks.pl\\\/en\\\/shop\\\/art-of-kinfolk\\\/#breadcrumb\",\"itemListElement\":[{\"@type\":\"ListItem\",\"position\":1,\"name\":\"Strona g\u0142\u00f3wna\",\"item\":\"https:\\\/\\\/foliobooks.pl\\\/en\\\/\"},{\"@type\":\"ListItem\",\"position\":2,\"name\":\"Shop\",\"item\":\"https:\\\/\\\/foliobooks.pl\\\/en\\\/shop\\\/\"},{\"@type\":\"ListItem\",\"position\":3,\"name\":\"Art of Kinfolk\"}]},{\"@type\":\"WebSite\",\"@id\":\"https:\\\/\\\/foliobooks.pl\\\/en\\\/#website\",\"url\":\"https:\\\/\\\/foliobooks.pl\\\/en\\\/\",\"name\":\"Folio\",\"description\":\"Ksi\u0119garnia internetowa\",\"potentialAction\":[{\"@type\":\"SearchAction\",\"target\":{\"@type\":\"EntryPoint\",\"urlTemplate\":\"https:\\\/\\\/foliobooks.pl\\\/en\\\/?s={search_term_string}\"},\"query-input\":{\"@type\":\"PropertyValueSpecification\",\"valueRequired\":true,\"valueName\":\"search_term_string\"}}],\"inLanguage\":\"en-US\"}]}<\/script>\n<!-- \/ Yoast SEO plugin. -->","yoast_head_json":{"title":"Art of Kinfolk (John Burns) - book \/ album - Folio","description":"Wejd\u017a i kup ksi\u0105\u017ck\u0119 Art of Kinfolk autorstwa John Burns wydan\u0105 przez Workman Publishing (2023-10-30) w formacie 27,5 x 34 cm (ISBN: 9781648293061). Zapraszamy!","robots":{"index":"index","follow":"follow","max-snippet":"max-snippet:-1","max-image-preview":"max-image-preview:large","max-video-preview":"max-video-preview:-1"},"canonical":"https:\/\/foliobooks.pl\/en\/shop\/art-of-kinfolk\/","og_locale":"en_US","og_type":"article","og_title":"Art of Kinfolk (John Burns) - book \/ album - Folio","og_description":"Wejd\u017a i kup ksi\u0105\u017ck\u0119 Art of Kinfolk autorstwa John Burns wydan\u0105 przez Workman Publishing (2023-10-30) w formacie 27,5 x 34 cm (ISBN: 9781648293061). Zapraszamy!","og_url":"https:\/\/foliobooks.pl\/en\/shop\/art-of-kinfolk\/","og_site_name":"Folio","og_image":[{"width":570,"height":708,"url":"https:\/\/foliobooks.pl\/wp-content\/uploads\/2023\/12\/9781648293061.png","type":"image\/png"}],"twitter_card":"summary_large_image","twitter_misc":{"Est. reading time":"1 minute"},"schema":{"@context":"https:\/\/schema.org","@graph":[{"@type":"WebPage","@id":"https:\/\/foliobooks.pl\/en\/shop\/art-of-kinfolk\/","url":"https:\/\/foliobooks.pl\/en\/shop\/art-of-kinfolk\/","name":"Art of Kinfolk (John Burns) - book \/ album - Folio","isPartOf":{"@id":"https:\/\/foliobooks.pl\/en\/#website"},"primaryImageOfPage":{"@id":"https:\/\/foliobooks.pl\/en\/shop\/art-of-kinfolk\/#primaryimage"},"image":{"@id":"https:\/\/foliobooks.pl\/en\/shop\/art-of-kinfolk\/#primaryimage"},"thumbnailUrl":"https:\/\/foliobooks.pl\/wp-content\/uploads\/2023\/12\/9781648293061.png","datePublished":"2023-12-03T14:10:24+00:00","description":"Wejd\u017a i kup ksi\u0105\u017ck\u0119 Art of Kinfolk autorstwa John Burns wydan\u0105 przez Workman Publishing (2023-10-30) w formacie 27,5 x 34 cm (ISBN: 9781648293061). Zapraszamy!","breadcrumb":{"@id":"https:\/\/foliobooks.pl\/en\/shop\/art-of-kinfolk\/#breadcrumb"},"inLanguage":"en-US","potentialAction":[{"@type":"ReadAction","target":["https:\/\/foliobooks.pl\/en\/shop\/art-of-kinfolk\/"]}]},{"@type":"ImageObject","inLanguage":"en-US","@id":"https:\/\/foliobooks.pl\/en\/shop\/art-of-kinfolk\/#primaryimage","url":"https:\/\/foliobooks.pl\/wp-content\/uploads\/2023\/12\/9781648293061.png","contentUrl":"https:\/\/foliobooks.pl\/wp-content\/uploads\/2023\/12\/9781648293061.png","width":570,"height":708},{"@type":"BreadcrumbList","@id":"https:\/\/foliobooks.pl\/en\/shop\/art-of-kinfolk\/#breadcrumb","itemListElement":[{"@type":"ListItem","position":1,"name":"Strona g\u0142\u00f3wna","item":"https:\/\/foliobooks.pl\/en\/"},{"@type":"ListItem","position":2,"name":"Shop","item":"https:\/\/foliobooks.pl\/en\/shop\/"},{"@type":"ListItem","position":3,"name":"Art of Kinfolk"}]},{"@type":"WebSite","@id":"https:\/\/foliobooks.pl\/en\/#website","url":"https:\/\/foliobooks.pl\/en\/","name":"Folio","description":"Ksi\u0119garnia internetowa","potentialAction":[{"@type":"SearchAction","target":{"@type":"EntryPoint","urlTemplate":"https:\/\/foliobooks.pl\/en\/?s={search_term_string}"},"query-input":{"@type":"PropertyValueSpecification","valueRequired":true,"valueName":"search_term_string"}}],"inLanguage":"en-US"}]}},"_links":{"self":[{"href":"https:\/\/foliobooks.pl\/en\/wp-json\/wp\/v2\/product\/97679","targetHints":{"allow":["GET"]}}],"collection":[{"href":"https:\/\/foliobooks.pl\/en\/wp-json\/wp\/v2\/product"}],"about":[{"href":"https:\/\/foliobooks.pl\/en\/wp-json\/wp\/v2\/types\/product"}],"replies":[{"embeddable":true,"href":"https:\/\/foliobooks.pl\/en\/wp-json\/wp\/v2\/comments?post=97679"}],"wp:featuredmedia":[{"embeddable":true,"href":"https:\/\/foliobooks.pl\/en\/wp-json\/wp\/v2\/media\/97660"}],"wp:attachment":[{"href":"https:\/\/foliobooks.pl\/en\/wp-json\/wp\/v2\/media?parent=97679"}],"wp:term":[{"taxonomy":"product_brand","embeddable":true,"href":"https:\/\/foliobooks.pl\/en\/wp-json\/wp\/v2\/product_brand?post=97679"},{"taxonomy":"product_cat","embeddable":true,"href":"https:\/\/foliobooks.pl\/en\/wp-json\/wp\/v2\/product_cat?post=97679"},{"taxonomy":"product_tag","embeddable":true,"href":"https:\/\/foliobooks.pl\/en\/wp-json\/wp\/v2\/product_tag?post=97679"}],"curies":[{"name":"wp","href":"https:\/\/api.w.org\/{rel}","templated":true}]}}