{"id":9764,"date":"2015-10-09T16:14:12","date_gmt":"2015-10-09T14:14:12","guid":{"rendered":"http:\/\/foliobooks.pl\/en\/?post_type=product&#038;p=9764"},"modified":"2025-12-15T12:59:09","modified_gmt":"2025-12-15T11:59:09","slug":"100-interiors-around-the-world","status":"publish","type":"product","link":"https:\/\/foliobooks.pl\/en\/shop\/100-interiors-around-the-world\/","title":{"rendered":"100 Interiors Around the World"},"content":{"rendered":"<p>Making stops in North and South America, Europe, Asia, Africa and Australia, this edition rounds up some of today\u2019s most exceptional and inspiring interiors across six continents. From rustic minimalism to urbane eclecticism, the selection celebrates a global spectrum of styles, united by authenticity, a love of detail, and a zest for individual expression that will never go out of fashion.<\/p>\n<p>Includes interiors in Argentina, Brasil, China, Cuba, Denmark, France, Germany, Greece, Indonesia, Italy, Japan, Kenya, Morocco, South Africa, Spain, Sweden, Turkey, the UK, the USA, and many more countries.<\/p>\n<p>With pictures by leading interior photographers including: Xavier B\u00e9jot, Pieter Estersohn, Marina Faust, Reto Guntli, Fran\u00e7ois Halard, HieplerBrunier, Ditte Isager, Nikolas Koenig, Ricardo Labougle, Eric Laignel, \u00c5ke Lindman, Thomas Loof, Jason Schmidt, Mark Seelen, Ren\u00e9 Stoeltie, Tim Street-Porter, Vincent Thibert, Simon Upton, Paul Warchol.<\/p>\n","protected":false},"excerpt":{"rendered":"<p>Making stops in North and South America, Europe, Asia, Africa and Australia, this edition rounds up some of today\u2019s most exceptional and inspiring interiors across six continents. From rustic minimalism to urbane eclecticism, the selection celebrates a global spectrum of styles, united by authenticity, a love of detail, and a zest for individual expression that&#8230;<\/p>\n","protected":false},"featured_media":9766,"comment_status":"closed","ping_status":"closed","template":"","meta":[],"product_brand":[],"product_cat":[4516],"product_tag":[1126,4524,1122,290,516,1185],"class_list":{"0":"post-9764","1":"product","2":"type-product","3":"status-publish","4":"has-post-thumbnail","6":"product_cat-architecture-en","7":"product_tag-architects-en","8":"product_tag-design-en-en","9":"product_tag-houses-en","10":"product_tag-interiors-en","11":"product_tag-places-en","12":"product_tag-world-en","13":"pa_author_att-balthazar-taschen-en","14":"pa_author_att-laszlo-taschen-en","15":"pa_cover-hardcover","16":"pa_format-20-x-145-cm-en","17":"pa_isbn-9783836557269-en","18":"pa_language-multi","19":"pa_pages-720-en","20":"pa_published-2015-10-01-en","21":"pa_publisher-taschen-en-en","23":"first","24":"instock","25":"sold-individually","26":"shipping-taxable","27":"purchasable","28":"product-type-simple"},"yoast_head":"<!-- This site is optimized with the Yoast SEO plugin v27.4 - https:\/\/yoast.com\/product\/yoast-seo-wordpress\/ -->\n<title>100 Interiors Around the World (Balthazar Taschen, Laszlo Taschen) - book \/ album - Folio<\/title>\n<meta name=\"description\" content=\"Wejd\u017a i kup ksi\u0105\u017ck\u0119 100 Interiors Around the World autorstwa Balthazar Taschen, Laszlo Taschen wydan\u0105 przez TASCHEN (2015-10-01) w formacie 20 x 14,5 cm (ISBN: 9783836557269). Zapraszamy!\" \/>\n<meta name=\"robots\" content=\"index, follow, max-snippet:-1, max-image-preview:large, max-video-preview:-1\" \/>\n<link rel=\"canonical\" href=\"https:\/\/foliobooks.pl\/en\/shop\/100-interiors-around-the-world\/\" \/>\n<meta property=\"og:locale\" content=\"en_US\" \/>\n<meta property=\"og:type\" content=\"article\" \/>\n<meta property=\"og:title\" content=\"100 Interiors Around the World (Balthazar Taschen, Laszlo Taschen) - book \/ album - Folio\" \/>\n<meta property=\"og:description\" content=\"Wejd\u017a i kup ksi\u0105\u017ck\u0119 100 Interiors Around the World autorstwa Balthazar Taschen, Laszlo Taschen wydan\u0105 przez TASCHEN (2015-10-01) w formacie 20 x 14,5 cm (ISBN: 9783836557269). Zapraszamy!\" \/>\n<meta property=\"og:url\" content=\"https:\/\/foliobooks.pl\/en\/shop\/100-interiors-around-the-world\/\" \/>\n<meta property=\"og:site_name\" content=\"Folio\" \/>\n<meta property=\"article:modified_time\" content=\"2025-12-15T11:59:09+00:00\" \/>\n<meta property=\"og:image\" content=\"https:\/\/foliobooks.pl\/wp-content\/uploads\/2015\/10\/9783836557269.png\" \/>\n\t<meta property=\"og:image:width\" content=\"570\" \/>\n\t<meta property=\"og:image:height\" content=\"708\" \/>\n\t<meta property=\"og:image:type\" content=\"image\/png\" \/>\n<meta name=\"twitter:card\" content=\"summary_large_image\" \/>\n<meta name=\"twitter:label1\" content=\"Est. reading time\" \/>\n\t<meta name=\"twitter:data1\" content=\"1 minute\" \/>\n<script type=\"application\/ld+json\" class=\"yoast-schema-graph\">{\"@context\":\"https:\\\/\\\/schema.org\",\"@graph\":[{\"@type\":\"WebPage\",\"@id\":\"https:\\\/\\\/foliobooks.pl\\\/en\\\/shop\\\/100-interiors-around-the-world\\\/\",\"url\":\"https:\\\/\\\/foliobooks.pl\\\/en\\\/shop\\\/100-interiors-around-the-world\\\/\",\"name\":\"100 Interiors Around the World (Balthazar Taschen, Laszlo Taschen) - book \\\/ album - Folio\",\"isPartOf\":{\"@id\":\"https:\\\/\\\/foliobooks.pl\\\/en\\\/#website\"},\"primaryImageOfPage\":{\"@id\":\"https:\\\/\\\/foliobooks.pl\\\/en\\\/shop\\\/100-interiors-around-the-world\\\/#primaryimage\"},\"image\":{\"@id\":\"https:\\\/\\\/foliobooks.pl\\\/en\\\/shop\\\/100-interiors-around-the-world\\\/#primaryimage\"},\"thumbnailUrl\":\"https:\\\/\\\/foliobooks.pl\\\/wp-content\\\/uploads\\\/2015\\\/10\\\/9783836557269.png\",\"datePublished\":\"2015-10-09T14:14:12+00:00\",\"dateModified\":\"2025-12-15T11:59:09+00:00\",\"description\":\"Wejd\u017a i kup ksi\u0105\u017ck\u0119 100 Interiors Around the World autorstwa Balthazar Taschen, Laszlo Taschen wydan\u0105 przez TASCHEN (2015-10-01) w formacie 20 x 14,5 cm (ISBN: 9783836557269). Zapraszamy!\",\"breadcrumb\":{\"@id\":\"https:\\\/\\\/foliobooks.pl\\\/en\\\/shop\\\/100-interiors-around-the-world\\\/#breadcrumb\"},\"inLanguage\":\"en-US\",\"potentialAction\":[{\"@type\":\"ReadAction\",\"target\":[\"https:\\\/\\\/foliobooks.pl\\\/en\\\/shop\\\/100-interiors-around-the-world\\\/\"]}]},{\"@type\":\"ImageObject\",\"inLanguage\":\"en-US\",\"@id\":\"https:\\\/\\\/foliobooks.pl\\\/en\\\/shop\\\/100-interiors-around-the-world\\\/#primaryimage\",\"url\":\"https:\\\/\\\/foliobooks.pl\\\/wp-content\\\/uploads\\\/2015\\\/10\\\/9783836557269.png\",\"contentUrl\":\"https:\\\/\\\/foliobooks.pl\\\/wp-content\\\/uploads\\\/2015\\\/10\\\/9783836557269.png\",\"width\":570,\"height\":708},{\"@type\":\"BreadcrumbList\",\"@id\":\"https:\\\/\\\/foliobooks.pl\\\/en\\\/shop\\\/100-interiors-around-the-world\\\/#breadcrumb\",\"itemListElement\":[{\"@type\":\"ListItem\",\"position\":1,\"name\":\"Strona g\u0142\u00f3wna\",\"item\":\"https:\\\/\\\/foliobooks.pl\\\/en\\\/\"},{\"@type\":\"ListItem\",\"position\":2,\"name\":\"Shop\",\"item\":\"https:\\\/\\\/foliobooks.pl\\\/en\\\/shop\\\/\"},{\"@type\":\"ListItem\",\"position\":3,\"name\":\"100 Interiors Around the World\"}]},{\"@type\":\"WebSite\",\"@id\":\"https:\\\/\\\/foliobooks.pl\\\/en\\\/#website\",\"url\":\"https:\\\/\\\/foliobooks.pl\\\/en\\\/\",\"name\":\"Folio\",\"description\":\"Ksi\u0119garnia internetowa\",\"potentialAction\":[{\"@type\":\"SearchAction\",\"target\":{\"@type\":\"EntryPoint\",\"urlTemplate\":\"https:\\\/\\\/foliobooks.pl\\\/en\\\/?s={search_term_string}\"},\"query-input\":{\"@type\":\"PropertyValueSpecification\",\"valueRequired\":true,\"valueName\":\"search_term_string\"}}],\"inLanguage\":\"en-US\"}]}<\/script>\n<!-- \/ Yoast SEO plugin. -->","yoast_head_json":{"title":"100 Interiors Around the World (Balthazar Taschen, Laszlo Taschen) - book \/ album - Folio","description":"Wejd\u017a i kup ksi\u0105\u017ck\u0119 100 Interiors Around the World autorstwa Balthazar Taschen, Laszlo Taschen wydan\u0105 przez TASCHEN (2015-10-01) w formacie 20 x 14,5 cm (ISBN: 9783836557269). Zapraszamy!","robots":{"index":"index","follow":"follow","max-snippet":"max-snippet:-1","max-image-preview":"max-image-preview:large","max-video-preview":"max-video-preview:-1"},"canonical":"https:\/\/foliobooks.pl\/en\/shop\/100-interiors-around-the-world\/","og_locale":"en_US","og_type":"article","og_title":"100 Interiors Around the World (Balthazar Taschen, Laszlo Taschen) - book \/ album - Folio","og_description":"Wejd\u017a i kup ksi\u0105\u017ck\u0119 100 Interiors Around the World autorstwa Balthazar Taschen, Laszlo Taschen wydan\u0105 przez TASCHEN (2015-10-01) w formacie 20 x 14,5 cm (ISBN: 9783836557269). Zapraszamy!","og_url":"https:\/\/foliobooks.pl\/en\/shop\/100-interiors-around-the-world\/","og_site_name":"Folio","article_modified_time":"2025-12-15T11:59:09+00:00","og_image":[{"width":570,"height":708,"url":"https:\/\/foliobooks.pl\/wp-content\/uploads\/2015\/10\/9783836557269.png","type":"image\/png"}],"twitter_card":"summary_large_image","twitter_misc":{"Est. reading time":"1 minute"},"schema":{"@context":"https:\/\/schema.org","@graph":[{"@type":"WebPage","@id":"https:\/\/foliobooks.pl\/en\/shop\/100-interiors-around-the-world\/","url":"https:\/\/foliobooks.pl\/en\/shop\/100-interiors-around-the-world\/","name":"100 Interiors Around the World (Balthazar Taschen, Laszlo Taschen) - book \/ album - Folio","isPartOf":{"@id":"https:\/\/foliobooks.pl\/en\/#website"},"primaryImageOfPage":{"@id":"https:\/\/foliobooks.pl\/en\/shop\/100-interiors-around-the-world\/#primaryimage"},"image":{"@id":"https:\/\/foliobooks.pl\/en\/shop\/100-interiors-around-the-world\/#primaryimage"},"thumbnailUrl":"https:\/\/foliobooks.pl\/wp-content\/uploads\/2015\/10\/9783836557269.png","datePublished":"2015-10-09T14:14:12+00:00","dateModified":"2025-12-15T11:59:09+00:00","description":"Wejd\u017a i kup ksi\u0105\u017ck\u0119 100 Interiors Around the World autorstwa Balthazar Taschen, Laszlo Taschen wydan\u0105 przez TASCHEN (2015-10-01) w formacie 20 x 14,5 cm (ISBN: 9783836557269). Zapraszamy!","breadcrumb":{"@id":"https:\/\/foliobooks.pl\/en\/shop\/100-interiors-around-the-world\/#breadcrumb"},"inLanguage":"en-US","potentialAction":[{"@type":"ReadAction","target":["https:\/\/foliobooks.pl\/en\/shop\/100-interiors-around-the-world\/"]}]},{"@type":"ImageObject","inLanguage":"en-US","@id":"https:\/\/foliobooks.pl\/en\/shop\/100-interiors-around-the-world\/#primaryimage","url":"https:\/\/foliobooks.pl\/wp-content\/uploads\/2015\/10\/9783836557269.png","contentUrl":"https:\/\/foliobooks.pl\/wp-content\/uploads\/2015\/10\/9783836557269.png","width":570,"height":708},{"@type":"BreadcrumbList","@id":"https:\/\/foliobooks.pl\/en\/shop\/100-interiors-around-the-world\/#breadcrumb","itemListElement":[{"@type":"ListItem","position":1,"name":"Strona g\u0142\u00f3wna","item":"https:\/\/foliobooks.pl\/en\/"},{"@type":"ListItem","position":2,"name":"Shop","item":"https:\/\/foliobooks.pl\/en\/shop\/"},{"@type":"ListItem","position":3,"name":"100 Interiors Around the World"}]},{"@type":"WebSite","@id":"https:\/\/foliobooks.pl\/en\/#website","url":"https:\/\/foliobooks.pl\/en\/","name":"Folio","description":"Ksi\u0119garnia internetowa","potentialAction":[{"@type":"SearchAction","target":{"@type":"EntryPoint","urlTemplate":"https:\/\/foliobooks.pl\/en\/?s={search_term_string}"},"query-input":{"@type":"PropertyValueSpecification","valueRequired":true,"valueName":"search_term_string"}}],"inLanguage":"en-US"}]}},"_links":{"self":[{"href":"https:\/\/foliobooks.pl\/en\/wp-json\/wp\/v2\/product\/9764","targetHints":{"allow":["GET"]}}],"collection":[{"href":"https:\/\/foliobooks.pl\/en\/wp-json\/wp\/v2\/product"}],"about":[{"href":"https:\/\/foliobooks.pl\/en\/wp-json\/wp\/v2\/types\/product"}],"replies":[{"embeddable":true,"href":"https:\/\/foliobooks.pl\/en\/wp-json\/wp\/v2\/comments?post=9764"}],"wp:featuredmedia":[{"embeddable":true,"href":"https:\/\/foliobooks.pl\/en\/wp-json\/wp\/v2\/media\/9766"}],"wp:attachment":[{"href":"https:\/\/foliobooks.pl\/en\/wp-json\/wp\/v2\/media?parent=9764"}],"wp:term":[{"taxonomy":"product_brand","embeddable":true,"href":"https:\/\/foliobooks.pl\/en\/wp-json\/wp\/v2\/product_brand?post=9764"},{"taxonomy":"product_cat","embeddable":true,"href":"https:\/\/foliobooks.pl\/en\/wp-json\/wp\/v2\/product_cat?post=9764"},{"taxonomy":"product_tag","embeddable":true,"href":"https:\/\/foliobooks.pl\/en\/wp-json\/wp\/v2\/product_tag?post=9764"}],"curies":[{"name":"wp","href":"https:\/\/api.w.org\/{rel}","templated":true}]}}