{"id":97234,"date":"2023-11-26T01:09:09","date_gmt":"2023-11-26T00:09:09","guid":{"rendered":"https:\/\/foliobooks.pl\/sklep\/the-watch-book-compendium-2\/"},"modified":"2025-07-01T18:25:14","modified_gmt":"2025-07-01T16:25:14","slug":"the-watch-book-compendium-2","status":"publish","type":"product","link":"https:\/\/foliobooks.pl\/en\/shop\/the-watch-book-compendium-2\/","title":{"rendered":"The Watch Book. Compendium"},"content":{"rendered":"<p>For all chrono fans, collectors and watch enthusiasts, there is now the brilliant and completely revised new edition The Watch Book. The comprehensive coffee-table book replaces the earlier The Watch Book Compendium and combines The Watch Book I and II. As usual, the successful author Gisbert L. Brunner shines with his extensive expertise and brings his readers closer to the history of the wristwatch with more than 1,000 high-resolution photographs. With over 40 pieces, hardly any other illustrated book gathers more premium watch brands under one roof. The predecessors of The Watch Book have long been regarded as standard works by experts &#8211; because no other photo book depicts more of the noble timepieces. The author does not only show the luxury timepieces in a frontal and side view, as many catalogs have to offer. The reader often gets a direct view of the sophisticated mechanics of these small masterpieces of extraordinary craftsmanship. There is no more beautiful and artistic way to present accomplished technology. Gisbert invites his interested reader on a journey through time in the world of clocks. Beginning with the earliest beginnings of the art of watchmaking, we accompany him piece by piece into the modern age. Because even today, premium watches are a sign of style, taste and status symbol. Text in English, German and French.<\/p>\n","protected":false},"excerpt":{"rendered":"<p>For all chrono fans, collectors and watch enthusiasts, there is now the brilliant and completely revised new edition The Watch Book. The comprehensive coffee-table book replaces the earlier The Watch Book Compendium and combines The Watch Book I and II. As usual, the successful author Gisbert L. Brunner shines with his extensive expertise and brings&#8230;<\/p>\n","protected":false},"featured_media":97233,"comment_status":"closed","ping_status":"closed","template":"","meta":[],"product_brand":[],"product_cat":[13533,4519],"product_tag":[12010],"class_list":{"0":"post-97234","1":"product","2":"type-product","3":"status-publish","4":"has-post-thumbnail","6":"product_cat-books","7":"product_cat-fashion-en-en","8":"product_tag-watches-en","9":"pa_author_att-gisbert-brunner-en","10":"pa_cover-hardcover","11":"pa_format-25-x-32-cm-en","12":"pa_isbn-9783961715022-en","13":"pa_language-eng","14":"pa_pages-536-en","15":"pa_published-2023-09-30-en","16":"pa_publisher-teneues-en","18":"first","19":"instock","20":"sold-individually","21":"shipping-taxable","22":"purchasable","23":"product-type-simple"},"yoast_head":"<!-- This site is optimized with the Yoast SEO plugin v27.4 - https:\/\/yoast.com\/product\/yoast-seo-wordpress\/ -->\n<title>The Watch Book. Compendium (Gisbert Brunner) - book \/ album - Folio<\/title>\n<meta name=\"description\" content=\"Wejd\u017a i kup ksi\u0105\u017ck\u0119 The Watch Book. Compendium autorstwa Gisbert Brunner wydan\u0105 przez teNeues (2023-09-30) w formacie 25 x 32 cm (ISBN: 9783961715022). Zapraszamy!\" \/>\n<meta name=\"robots\" content=\"index, follow, max-snippet:-1, max-image-preview:large, max-video-preview:-1\" \/>\n<link rel=\"canonical\" href=\"https:\/\/foliobooks.pl\/en\/shop\/the-watch-book-compendium-2\/\" \/>\n<meta property=\"og:locale\" content=\"en_US\" \/>\n<meta property=\"og:type\" content=\"article\" \/>\n<meta property=\"og:title\" content=\"The Watch Book. Compendium (Gisbert Brunner) - book \/ album - Folio\" \/>\n<meta property=\"og:description\" content=\"Wejd\u017a i kup ksi\u0105\u017ck\u0119 The Watch Book. Compendium autorstwa Gisbert Brunner wydan\u0105 przez teNeues (2023-09-30) w formacie 25 x 32 cm (ISBN: 9783961715022). Zapraszamy!\" \/>\n<meta property=\"og:url\" content=\"https:\/\/foliobooks.pl\/en\/shop\/the-watch-book-compendium-2\/\" \/>\n<meta property=\"og:site_name\" content=\"Folio\" \/>\n<meta property=\"article:modified_time\" content=\"2025-07-01T16:25:14+00:00\" \/>\n<meta property=\"og:image\" content=\"https:\/\/foliobooks.pl\/wp-content\/uploads\/2023\/11\/9783961715022.png\" \/>\n\t<meta property=\"og:image:width\" content=\"570\" \/>\n\t<meta property=\"og:image:height\" content=\"708\" \/>\n\t<meta property=\"og:image:type\" content=\"image\/png\" \/>\n<meta name=\"twitter:card\" content=\"summary_large_image\" \/>\n<meta name=\"twitter:label1\" content=\"Est. reading time\" \/>\n\t<meta name=\"twitter:data1\" content=\"2 minutes\" \/>\n<script type=\"application\/ld+json\" class=\"yoast-schema-graph\">{\"@context\":\"https:\\\/\\\/schema.org\",\"@graph\":[{\"@type\":\"WebPage\",\"@id\":\"https:\\\/\\\/foliobooks.pl\\\/en\\\/shop\\\/the-watch-book-compendium-2\\\/\",\"url\":\"https:\\\/\\\/foliobooks.pl\\\/en\\\/shop\\\/the-watch-book-compendium-2\\\/\",\"name\":\"The Watch Book. Compendium (Gisbert Brunner) - book \\\/ album - Folio\",\"isPartOf\":{\"@id\":\"https:\\\/\\\/foliobooks.pl\\\/en\\\/#website\"},\"primaryImageOfPage\":{\"@id\":\"https:\\\/\\\/foliobooks.pl\\\/en\\\/shop\\\/the-watch-book-compendium-2\\\/#primaryimage\"},\"image\":{\"@id\":\"https:\\\/\\\/foliobooks.pl\\\/en\\\/shop\\\/the-watch-book-compendium-2\\\/#primaryimage\"},\"thumbnailUrl\":\"https:\\\/\\\/foliobooks.pl\\\/wp-content\\\/uploads\\\/2023\\\/11\\\/9783961715022.png\",\"datePublished\":\"2023-11-26T00:09:09+00:00\",\"dateModified\":\"2025-07-01T16:25:14+00:00\",\"description\":\"Wejd\u017a i kup ksi\u0105\u017ck\u0119 The Watch Book. Compendium autorstwa Gisbert Brunner wydan\u0105 przez teNeues (2023-09-30) w formacie 25 x 32 cm (ISBN: 9783961715022). Zapraszamy!\",\"breadcrumb\":{\"@id\":\"https:\\\/\\\/foliobooks.pl\\\/en\\\/shop\\\/the-watch-book-compendium-2\\\/#breadcrumb\"},\"inLanguage\":\"en-US\",\"potentialAction\":[{\"@type\":\"ReadAction\",\"target\":[\"https:\\\/\\\/foliobooks.pl\\\/en\\\/shop\\\/the-watch-book-compendium-2\\\/\"]}]},{\"@type\":\"ImageObject\",\"inLanguage\":\"en-US\",\"@id\":\"https:\\\/\\\/foliobooks.pl\\\/en\\\/shop\\\/the-watch-book-compendium-2\\\/#primaryimage\",\"url\":\"https:\\\/\\\/foliobooks.pl\\\/wp-content\\\/uploads\\\/2023\\\/11\\\/9783961715022.png\",\"contentUrl\":\"https:\\\/\\\/foliobooks.pl\\\/wp-content\\\/uploads\\\/2023\\\/11\\\/9783961715022.png\",\"width\":570,\"height\":708},{\"@type\":\"BreadcrumbList\",\"@id\":\"https:\\\/\\\/foliobooks.pl\\\/en\\\/shop\\\/the-watch-book-compendium-2\\\/#breadcrumb\",\"itemListElement\":[{\"@type\":\"ListItem\",\"position\":1,\"name\":\"Strona g\u0142\u00f3wna\",\"item\":\"https:\\\/\\\/foliobooks.pl\\\/en\\\/\"},{\"@type\":\"ListItem\",\"position\":2,\"name\":\"Shop\",\"item\":\"https:\\\/\\\/foliobooks.pl\\\/en\\\/shop\\\/\"},{\"@type\":\"ListItem\",\"position\":3,\"name\":\"The Watch Book. Compendium\"}]},{\"@type\":\"WebSite\",\"@id\":\"https:\\\/\\\/foliobooks.pl\\\/en\\\/#website\",\"url\":\"https:\\\/\\\/foliobooks.pl\\\/en\\\/\",\"name\":\"Folio\",\"description\":\"Ksi\u0119garnia internetowa\",\"potentialAction\":[{\"@type\":\"SearchAction\",\"target\":{\"@type\":\"EntryPoint\",\"urlTemplate\":\"https:\\\/\\\/foliobooks.pl\\\/en\\\/?s={search_term_string}\"},\"query-input\":{\"@type\":\"PropertyValueSpecification\",\"valueRequired\":true,\"valueName\":\"search_term_string\"}}],\"inLanguage\":\"en-US\"}]}<\/script>\n<!-- \/ Yoast SEO plugin. -->","yoast_head_json":{"title":"The Watch Book. Compendium (Gisbert Brunner) - book \/ album - Folio","description":"Wejd\u017a i kup ksi\u0105\u017ck\u0119 The Watch Book. Compendium autorstwa Gisbert Brunner wydan\u0105 przez teNeues (2023-09-30) w formacie 25 x 32 cm (ISBN: 9783961715022). Zapraszamy!","robots":{"index":"index","follow":"follow","max-snippet":"max-snippet:-1","max-image-preview":"max-image-preview:large","max-video-preview":"max-video-preview:-1"},"canonical":"https:\/\/foliobooks.pl\/en\/shop\/the-watch-book-compendium-2\/","og_locale":"en_US","og_type":"article","og_title":"The Watch Book. Compendium (Gisbert Brunner) - book \/ album - Folio","og_description":"Wejd\u017a i kup ksi\u0105\u017ck\u0119 The Watch Book. Compendium autorstwa Gisbert Brunner wydan\u0105 przez teNeues (2023-09-30) w formacie 25 x 32 cm (ISBN: 9783961715022). Zapraszamy!","og_url":"https:\/\/foliobooks.pl\/en\/shop\/the-watch-book-compendium-2\/","og_site_name":"Folio","article_modified_time":"2025-07-01T16:25:14+00:00","og_image":[{"width":570,"height":708,"url":"https:\/\/foliobooks.pl\/wp-content\/uploads\/2023\/11\/9783961715022.png","type":"image\/png"}],"twitter_card":"summary_large_image","twitter_misc":{"Est. reading time":"2 minutes"},"schema":{"@context":"https:\/\/schema.org","@graph":[{"@type":"WebPage","@id":"https:\/\/foliobooks.pl\/en\/shop\/the-watch-book-compendium-2\/","url":"https:\/\/foliobooks.pl\/en\/shop\/the-watch-book-compendium-2\/","name":"The Watch Book. Compendium (Gisbert Brunner) - book \/ album - Folio","isPartOf":{"@id":"https:\/\/foliobooks.pl\/en\/#website"},"primaryImageOfPage":{"@id":"https:\/\/foliobooks.pl\/en\/shop\/the-watch-book-compendium-2\/#primaryimage"},"image":{"@id":"https:\/\/foliobooks.pl\/en\/shop\/the-watch-book-compendium-2\/#primaryimage"},"thumbnailUrl":"https:\/\/foliobooks.pl\/wp-content\/uploads\/2023\/11\/9783961715022.png","datePublished":"2023-11-26T00:09:09+00:00","dateModified":"2025-07-01T16:25:14+00:00","description":"Wejd\u017a i kup ksi\u0105\u017ck\u0119 The Watch Book. Compendium autorstwa Gisbert Brunner wydan\u0105 przez teNeues (2023-09-30) w formacie 25 x 32 cm (ISBN: 9783961715022). Zapraszamy!","breadcrumb":{"@id":"https:\/\/foliobooks.pl\/en\/shop\/the-watch-book-compendium-2\/#breadcrumb"},"inLanguage":"en-US","potentialAction":[{"@type":"ReadAction","target":["https:\/\/foliobooks.pl\/en\/shop\/the-watch-book-compendium-2\/"]}]},{"@type":"ImageObject","inLanguage":"en-US","@id":"https:\/\/foliobooks.pl\/en\/shop\/the-watch-book-compendium-2\/#primaryimage","url":"https:\/\/foliobooks.pl\/wp-content\/uploads\/2023\/11\/9783961715022.png","contentUrl":"https:\/\/foliobooks.pl\/wp-content\/uploads\/2023\/11\/9783961715022.png","width":570,"height":708},{"@type":"BreadcrumbList","@id":"https:\/\/foliobooks.pl\/en\/shop\/the-watch-book-compendium-2\/#breadcrumb","itemListElement":[{"@type":"ListItem","position":1,"name":"Strona g\u0142\u00f3wna","item":"https:\/\/foliobooks.pl\/en\/"},{"@type":"ListItem","position":2,"name":"Shop","item":"https:\/\/foliobooks.pl\/en\/shop\/"},{"@type":"ListItem","position":3,"name":"The Watch Book. Compendium"}]},{"@type":"WebSite","@id":"https:\/\/foliobooks.pl\/en\/#website","url":"https:\/\/foliobooks.pl\/en\/","name":"Folio","description":"Ksi\u0119garnia internetowa","potentialAction":[{"@type":"SearchAction","target":{"@type":"EntryPoint","urlTemplate":"https:\/\/foliobooks.pl\/en\/?s={search_term_string}"},"query-input":{"@type":"PropertyValueSpecification","valueRequired":true,"valueName":"search_term_string"}}],"inLanguage":"en-US"}]}},"_links":{"self":[{"href":"https:\/\/foliobooks.pl\/en\/wp-json\/wp\/v2\/product\/97234","targetHints":{"allow":["GET"]}}],"collection":[{"href":"https:\/\/foliobooks.pl\/en\/wp-json\/wp\/v2\/product"}],"about":[{"href":"https:\/\/foliobooks.pl\/en\/wp-json\/wp\/v2\/types\/product"}],"replies":[{"embeddable":true,"href":"https:\/\/foliobooks.pl\/en\/wp-json\/wp\/v2\/comments?post=97234"}],"wp:featuredmedia":[{"embeddable":true,"href":"https:\/\/foliobooks.pl\/en\/wp-json\/wp\/v2\/media\/97233"}],"wp:attachment":[{"href":"https:\/\/foliobooks.pl\/en\/wp-json\/wp\/v2\/media?parent=97234"}],"wp:term":[{"taxonomy":"product_brand","embeddable":true,"href":"https:\/\/foliobooks.pl\/en\/wp-json\/wp\/v2\/product_brand?post=97234"},{"taxonomy":"product_cat","embeddable":true,"href":"https:\/\/foliobooks.pl\/en\/wp-json\/wp\/v2\/product_cat?post=97234"},{"taxonomy":"product_tag","embeddable":true,"href":"https:\/\/foliobooks.pl\/en\/wp-json\/wp\/v2\/product_tag?post=97234"}],"curies":[{"name":"wp","href":"https:\/\/api.w.org\/{rel}","templated":true}]}}