{"id":97198,"date":"2023-11-26T00:51:36","date_gmt":"2023-11-25T23:51:36","guid":{"rendered":"https:\/\/foliobooks.pl\/sklep\/rodney-smith-a-leap-of-faith\/"},"modified":"2023-11-26T00:51:36","modified_gmt":"2023-11-25T23:51:36","slug":"rodney-smith-a-leap-of-faith","status":"publish","type":"product","link":"https:\/\/foliobooks.pl\/en\/shop\/rodney-smith-a-leap-of-faith\/","title":{"rendered":"Rodney Smith. A Leap of Faith"},"content":{"rendered":"<p>Mystery and manners, romance and fun\u2014the sophisticated compositions and stylish characters in the extraordinary pictures of fashion photographer Rodney Smith (1947\u20132016) exist in a timeless world of his imagination. Born in New York City, Smith started out as a photo-essayist, turned to portrait photography, and found his niche, and greatest success, in fashion photography. Inspired by W. Eugene Smith, taught by Walker Evans, and devoted to the techniques of Ansel Adams, Smith was driven by the dual ideals of technical mastery and pure beauty.<\/p>\n<p>This lavish volume features nearly two hundred reproductions of Smith\u2019s images\u2014many that have never before been published\u2014and weaves together a biocritical essay by Getty Museum curator Paul Martineau and a technical assessment of Smith\u2019s production by the Center for Creative Photography\u2019s chief curator, Rebecca A. Senf. It maps Smith\u2019s creative trajectory\u2014including his introduction to photography, early personal projects, teaching, commissioned pieces, and career in fashion\u2014and provides insight into his personal life and character, contextualizing his work and creative tendencies within his privileged but lonely upbringing and complex emotional and psychological makeup. Rodney Smith is the definitive record of the life\u2019s work and worldview of a truly original artist.<\/p>\n","protected":false},"excerpt":{"rendered":"<p>Mystery and manners, romance and fun\u2014the sophisticated compositions and stylish characters in the extraordinary pictures of fashion photographer Rodney Smith (1947\u20132016) exist in a timeless world of his imagination. Born in New York City, Smith started out as a photo-essayist, turned to portrait photography, and found his niche, and greatest success, in fashion photography. Inspired&#8230;<\/p>\n","protected":false},"featured_media":97185,"comment_status":"closed","ping_status":"closed","template":"","meta":[],"product_brand":[],"product_cat":[13533,4519,4517],"product_tag":[6125,6121],"class_list":{"0":"post-97198","1":"product","2":"type-product","3":"status-publish","4":"has-post-thumbnail","6":"product_cat-books","7":"product_cat-fashion-en-en","8":"product_cat-photography-en","9":"product_tag-fashion","10":"product_tag-photography","11":"pa_author_att-paul-martineau-en","12":"pa_cover-hardcover","13":"pa_format-24-x-295-cm-en","14":"pa_isbn-9781606068465-en","15":"pa_language-eng","16":"pa_pages-248-en","17":"pa_published-2023-05-13-en","18":"pa_publisher-j-paul-getty-museum-en","20":"first","21":"outofstock","22":"sold-individually","23":"shipping-taxable","24":"purchasable","25":"product-type-simple"},"yoast_head":"<!-- This site is optimized with the Yoast SEO plugin v27.4 - https:\/\/yoast.com\/product\/yoast-seo-wordpress\/ -->\n<title>Rodney Smith. A Leap of Faith (Paul Martineau) - book \/ album - Folio<\/title>\n<meta name=\"description\" content=\"Wejd\u017a i kup ksi\u0105\u017ck\u0119 Rodney Smith. A Leap of Faith autorstwa Paul Martineau wydan\u0105 przez J. Paul Getty Museum (2023-05-13) w formacie 24 x 29,5 cm (ISBN: 9781606068465). Zapraszamy!\" \/>\n<meta name=\"robots\" content=\"index, follow, max-snippet:-1, max-image-preview:large, max-video-preview:-1\" \/>\n<link rel=\"canonical\" href=\"https:\/\/foliobooks.pl\/en\/shop\/rodney-smith-a-leap-of-faith\/\" \/>\n<meta property=\"og:locale\" content=\"en_US\" \/>\n<meta property=\"og:type\" content=\"article\" \/>\n<meta property=\"og:title\" content=\"Rodney Smith. A Leap of Faith (Paul Martineau) - book \/ album - Folio\" \/>\n<meta property=\"og:description\" content=\"Wejd\u017a i kup ksi\u0105\u017ck\u0119 Rodney Smith. A Leap of Faith autorstwa Paul Martineau wydan\u0105 przez J. Paul Getty Museum (2023-05-13) w formacie 24 x 29,5 cm (ISBN: 9781606068465). Zapraszamy!\" \/>\n<meta property=\"og:url\" content=\"https:\/\/foliobooks.pl\/en\/shop\/rodney-smith-a-leap-of-faith\/\" \/>\n<meta property=\"og:site_name\" content=\"Folio\" \/>\n<meta property=\"og:image\" content=\"https:\/\/foliobooks.pl\/wp-content\/uploads\/2023\/11\/9781606068465.png\" \/>\n\t<meta property=\"og:image:width\" content=\"570\" \/>\n\t<meta property=\"og:image:height\" content=\"708\" \/>\n\t<meta property=\"og:image:type\" content=\"image\/png\" \/>\n<meta name=\"twitter:card\" content=\"summary_large_image\" \/>\n<meta name=\"twitter:label1\" content=\"Est. reading time\" \/>\n\t<meta name=\"twitter:data1\" content=\"2 minutes\" \/>\n<script type=\"application\/ld+json\" class=\"yoast-schema-graph\">{\"@context\":\"https:\\\/\\\/schema.org\",\"@graph\":[{\"@type\":\"WebPage\",\"@id\":\"https:\\\/\\\/foliobooks.pl\\\/en\\\/shop\\\/rodney-smith-a-leap-of-faith\\\/\",\"url\":\"https:\\\/\\\/foliobooks.pl\\\/en\\\/shop\\\/rodney-smith-a-leap-of-faith\\\/\",\"name\":\"Rodney Smith. A Leap of Faith (Paul Martineau) - book \\\/ album - Folio\",\"isPartOf\":{\"@id\":\"https:\\\/\\\/foliobooks.pl\\\/en\\\/#website\"},\"primaryImageOfPage\":{\"@id\":\"https:\\\/\\\/foliobooks.pl\\\/en\\\/shop\\\/rodney-smith-a-leap-of-faith\\\/#primaryimage\"},\"image\":{\"@id\":\"https:\\\/\\\/foliobooks.pl\\\/en\\\/shop\\\/rodney-smith-a-leap-of-faith\\\/#primaryimage\"},\"thumbnailUrl\":\"https:\\\/\\\/foliobooks.pl\\\/wp-content\\\/uploads\\\/2023\\\/11\\\/9781606068465.png\",\"datePublished\":\"2023-11-25T23:51:36+00:00\",\"description\":\"Wejd\u017a i kup ksi\u0105\u017ck\u0119 Rodney Smith. A Leap of Faith autorstwa Paul Martineau wydan\u0105 przez J. Paul Getty Museum (2023-05-13) w formacie 24 x 29,5 cm (ISBN: 9781606068465). Zapraszamy!\",\"breadcrumb\":{\"@id\":\"https:\\\/\\\/foliobooks.pl\\\/en\\\/shop\\\/rodney-smith-a-leap-of-faith\\\/#breadcrumb\"},\"inLanguage\":\"en-US\",\"potentialAction\":[{\"@type\":\"ReadAction\",\"target\":[\"https:\\\/\\\/foliobooks.pl\\\/en\\\/shop\\\/rodney-smith-a-leap-of-faith\\\/\"]}]},{\"@type\":\"ImageObject\",\"inLanguage\":\"en-US\",\"@id\":\"https:\\\/\\\/foliobooks.pl\\\/en\\\/shop\\\/rodney-smith-a-leap-of-faith\\\/#primaryimage\",\"url\":\"https:\\\/\\\/foliobooks.pl\\\/wp-content\\\/uploads\\\/2023\\\/11\\\/9781606068465.png\",\"contentUrl\":\"https:\\\/\\\/foliobooks.pl\\\/wp-content\\\/uploads\\\/2023\\\/11\\\/9781606068465.png\",\"width\":570,\"height\":708},{\"@type\":\"BreadcrumbList\",\"@id\":\"https:\\\/\\\/foliobooks.pl\\\/en\\\/shop\\\/rodney-smith-a-leap-of-faith\\\/#breadcrumb\",\"itemListElement\":[{\"@type\":\"ListItem\",\"position\":1,\"name\":\"Strona g\u0142\u00f3wna\",\"item\":\"https:\\\/\\\/foliobooks.pl\\\/en\\\/\"},{\"@type\":\"ListItem\",\"position\":2,\"name\":\"Shop\",\"item\":\"https:\\\/\\\/foliobooks.pl\\\/en\\\/shop\\\/\"},{\"@type\":\"ListItem\",\"position\":3,\"name\":\"Rodney Smith. A Leap of Faith\"}]},{\"@type\":\"WebSite\",\"@id\":\"https:\\\/\\\/foliobooks.pl\\\/en\\\/#website\",\"url\":\"https:\\\/\\\/foliobooks.pl\\\/en\\\/\",\"name\":\"Folio\",\"description\":\"Ksi\u0119garnia internetowa\",\"potentialAction\":[{\"@type\":\"SearchAction\",\"target\":{\"@type\":\"EntryPoint\",\"urlTemplate\":\"https:\\\/\\\/foliobooks.pl\\\/en\\\/?s={search_term_string}\"},\"query-input\":{\"@type\":\"PropertyValueSpecification\",\"valueRequired\":true,\"valueName\":\"search_term_string\"}}],\"inLanguage\":\"en-US\"}]}<\/script>\n<!-- \/ Yoast SEO plugin. -->","yoast_head_json":{"title":"Rodney Smith. A Leap of Faith (Paul Martineau) - book \/ album - Folio","description":"Wejd\u017a i kup ksi\u0105\u017ck\u0119 Rodney Smith. A Leap of Faith autorstwa Paul Martineau wydan\u0105 przez J. Paul Getty Museum (2023-05-13) w formacie 24 x 29,5 cm (ISBN: 9781606068465). Zapraszamy!","robots":{"index":"index","follow":"follow","max-snippet":"max-snippet:-1","max-image-preview":"max-image-preview:large","max-video-preview":"max-video-preview:-1"},"canonical":"https:\/\/foliobooks.pl\/en\/shop\/rodney-smith-a-leap-of-faith\/","og_locale":"en_US","og_type":"article","og_title":"Rodney Smith. A Leap of Faith (Paul Martineau) - book \/ album - Folio","og_description":"Wejd\u017a i kup ksi\u0105\u017ck\u0119 Rodney Smith. A Leap of Faith autorstwa Paul Martineau wydan\u0105 przez J. Paul Getty Museum (2023-05-13) w formacie 24 x 29,5 cm (ISBN: 9781606068465). Zapraszamy!","og_url":"https:\/\/foliobooks.pl\/en\/shop\/rodney-smith-a-leap-of-faith\/","og_site_name":"Folio","og_image":[{"width":570,"height":708,"url":"https:\/\/foliobooks.pl\/wp-content\/uploads\/2023\/11\/9781606068465.png","type":"image\/png"}],"twitter_card":"summary_large_image","twitter_misc":{"Est. reading time":"2 minutes"},"schema":{"@context":"https:\/\/schema.org","@graph":[{"@type":"WebPage","@id":"https:\/\/foliobooks.pl\/en\/shop\/rodney-smith-a-leap-of-faith\/","url":"https:\/\/foliobooks.pl\/en\/shop\/rodney-smith-a-leap-of-faith\/","name":"Rodney Smith. A Leap of Faith (Paul Martineau) - book \/ album - Folio","isPartOf":{"@id":"https:\/\/foliobooks.pl\/en\/#website"},"primaryImageOfPage":{"@id":"https:\/\/foliobooks.pl\/en\/shop\/rodney-smith-a-leap-of-faith\/#primaryimage"},"image":{"@id":"https:\/\/foliobooks.pl\/en\/shop\/rodney-smith-a-leap-of-faith\/#primaryimage"},"thumbnailUrl":"https:\/\/foliobooks.pl\/wp-content\/uploads\/2023\/11\/9781606068465.png","datePublished":"2023-11-25T23:51:36+00:00","description":"Wejd\u017a i kup ksi\u0105\u017ck\u0119 Rodney Smith. A Leap of Faith autorstwa Paul Martineau wydan\u0105 przez J. Paul Getty Museum (2023-05-13) w formacie 24 x 29,5 cm (ISBN: 9781606068465). Zapraszamy!","breadcrumb":{"@id":"https:\/\/foliobooks.pl\/en\/shop\/rodney-smith-a-leap-of-faith\/#breadcrumb"},"inLanguage":"en-US","potentialAction":[{"@type":"ReadAction","target":["https:\/\/foliobooks.pl\/en\/shop\/rodney-smith-a-leap-of-faith\/"]}]},{"@type":"ImageObject","inLanguage":"en-US","@id":"https:\/\/foliobooks.pl\/en\/shop\/rodney-smith-a-leap-of-faith\/#primaryimage","url":"https:\/\/foliobooks.pl\/wp-content\/uploads\/2023\/11\/9781606068465.png","contentUrl":"https:\/\/foliobooks.pl\/wp-content\/uploads\/2023\/11\/9781606068465.png","width":570,"height":708},{"@type":"BreadcrumbList","@id":"https:\/\/foliobooks.pl\/en\/shop\/rodney-smith-a-leap-of-faith\/#breadcrumb","itemListElement":[{"@type":"ListItem","position":1,"name":"Strona g\u0142\u00f3wna","item":"https:\/\/foliobooks.pl\/en\/"},{"@type":"ListItem","position":2,"name":"Shop","item":"https:\/\/foliobooks.pl\/en\/shop\/"},{"@type":"ListItem","position":3,"name":"Rodney Smith. A Leap of Faith"}]},{"@type":"WebSite","@id":"https:\/\/foliobooks.pl\/en\/#website","url":"https:\/\/foliobooks.pl\/en\/","name":"Folio","description":"Ksi\u0119garnia internetowa","potentialAction":[{"@type":"SearchAction","target":{"@type":"EntryPoint","urlTemplate":"https:\/\/foliobooks.pl\/en\/?s={search_term_string}"},"query-input":{"@type":"PropertyValueSpecification","valueRequired":true,"valueName":"search_term_string"}}],"inLanguage":"en-US"}]}},"_links":{"self":[{"href":"https:\/\/foliobooks.pl\/en\/wp-json\/wp\/v2\/product\/97198","targetHints":{"allow":["GET"]}}],"collection":[{"href":"https:\/\/foliobooks.pl\/en\/wp-json\/wp\/v2\/product"}],"about":[{"href":"https:\/\/foliobooks.pl\/en\/wp-json\/wp\/v2\/types\/product"}],"replies":[{"embeddable":true,"href":"https:\/\/foliobooks.pl\/en\/wp-json\/wp\/v2\/comments?post=97198"}],"wp:featuredmedia":[{"embeddable":true,"href":"https:\/\/foliobooks.pl\/en\/wp-json\/wp\/v2\/media\/97185"}],"wp:attachment":[{"href":"https:\/\/foliobooks.pl\/en\/wp-json\/wp\/v2\/media?parent=97198"}],"wp:term":[{"taxonomy":"product_brand","embeddable":true,"href":"https:\/\/foliobooks.pl\/en\/wp-json\/wp\/v2\/product_brand?post=97198"},{"taxonomy":"product_cat","embeddable":true,"href":"https:\/\/foliobooks.pl\/en\/wp-json\/wp\/v2\/product_cat?post=97198"},{"taxonomy":"product_tag","embeddable":true,"href":"https:\/\/foliobooks.pl\/en\/wp-json\/wp\/v2\/product_tag?post=97198"}],"curies":[{"name":"wp","href":"https:\/\/api.w.org\/{rel}","templated":true}]}}