{"id":97166,"date":"2023-11-26T00:11:22","date_gmt":"2023-11-25T23:11:22","guid":{"rendered":"https:\/\/foliobooks.pl\/sklep\/the-new-french-wine\/"},"modified":"2023-11-26T00:11:22","modified_gmt":"2023-11-25T23:11:22","slug":"the-new-french-wine","status":"publish","type":"product","link":"https:\/\/foliobooks.pl\/en\/shop\/the-new-french-wine\/","title":{"rendered":"The New French Wine"},"content":{"rendered":"<p>This comprehensive and authoritative resource takes readers on a tour through every wine region of France, featuring some 800 producers and more than 7,000 wines, plus evocative photography and maps, as well as the incisive narrative and compelling storytelling that has earned Jon Bonn\u00e9 accolades and legions of fans in the wine world. Packaged in a deluxe slip case and Built upon eight years of research, The New French Wine is a one-of-a-kind book set exploring the world\u2019s most popular wine region. First, examine the land through a thoroughly reported narrative overview of each region\u2014the soil and geography, the distinctive traditions and contemporary changes. Then turn to the second book, which is a comprehensive reference guide to the producers and their wines, similarly detailed by region. From Burgundy to Bordeaux and everywhere in between, this is sure to be the resource on modern French wine for decades to come.<\/p>\n","protected":false},"excerpt":{"rendered":"<p>This comprehensive and authoritative resource takes readers on a tour through every wine region of France, featuring some 800 producers and more than 7,000 wines, plus evocative photography and maps, as well as the incisive narrative and compelling storytelling that has earned Jon Bonn\u00e9 accolades and legions of fans in the wine world. Packaged in&#8230;<\/p>\n","protected":false},"featured_media":97161,"comment_status":"closed","ping_status":"closed","template":"","meta":[],"product_brand":[],"product_cat":[13533,4518,4517],"product_tag":[7273,929],"class_list":{"0":"post-97166","1":"product","2":"type-product","3":"status-publish","4":"has-post-thumbnail","6":"product_cat-books","7":"product_cat-cookery-en","8":"product_cat-photography-en","9":"product_tag-alcohol-en","10":"product_tag-wine-en","11":"pa_author_att-jon-bonne-en","12":"pa_cover-hardcover","13":"pa_format-21-x-27-cm-en","14":"pa_isbn-9781607749233-en","15":"pa_language-eng","16":"pa_pages-864-en","17":"pa_published-2023-03-24-en","18":"pa_publisher-ten-speed-press-en","20":"first","21":"outofstock","22":"sold-individually","23":"shipping-taxable","24":"purchasable","25":"product-type-simple"},"yoast_head":"<!-- This site is optimized with the Yoast SEO plugin v27.4 - https:\/\/yoast.com\/product\/yoast-seo-wordpress\/ -->\n<title>The New French Wine (Jon Bonn\u00e9) - book \/ album - Folio<\/title>\n<meta name=\"description\" content=\"Wejd\u017a i kup ksi\u0105\u017ck\u0119 The New French Wine autorstwa Jon Bonn\u00e9 wydan\u0105 przez Ten Speed Press (2023-03-24) w formacie 21 x 27 cm (ISBN: 9781607749233). Zapraszamy!\" \/>\n<meta name=\"robots\" content=\"index, follow, max-snippet:-1, max-image-preview:large, max-video-preview:-1\" \/>\n<link rel=\"canonical\" href=\"https:\/\/foliobooks.pl\/en\/shop\/the-new-french-wine\/\" \/>\n<meta property=\"og:locale\" content=\"en_US\" \/>\n<meta property=\"og:type\" content=\"article\" \/>\n<meta property=\"og:title\" content=\"The New French Wine (Jon Bonn\u00e9) - book \/ album - Folio\" \/>\n<meta property=\"og:description\" content=\"Wejd\u017a i kup ksi\u0105\u017ck\u0119 The New French Wine autorstwa Jon Bonn\u00e9 wydan\u0105 przez Ten Speed Press (2023-03-24) w formacie 21 x 27 cm (ISBN: 9781607749233). Zapraszamy!\" \/>\n<meta property=\"og:url\" content=\"https:\/\/foliobooks.pl\/en\/shop\/the-new-french-wine\/\" \/>\n<meta property=\"og:site_name\" content=\"Folio\" \/>\n<meta property=\"og:image\" content=\"https:\/\/foliobooks.pl\/wp-content\/uploads\/2023\/11\/9781607749233.png\" \/>\n\t<meta property=\"og:image:width\" content=\"570\" \/>\n\t<meta property=\"og:image:height\" content=\"708\" \/>\n\t<meta property=\"og:image:type\" content=\"image\/png\" \/>\n<meta name=\"twitter:card\" content=\"summary_large_image\" \/>\n<meta name=\"twitter:label1\" content=\"Est. reading time\" \/>\n\t<meta name=\"twitter:data1\" content=\"1 minute\" \/>\n<script type=\"application\/ld+json\" class=\"yoast-schema-graph\">{\"@context\":\"https:\\\/\\\/schema.org\",\"@graph\":[{\"@type\":\"WebPage\",\"@id\":\"https:\\\/\\\/foliobooks.pl\\\/en\\\/shop\\\/the-new-french-wine\\\/\",\"url\":\"https:\\\/\\\/foliobooks.pl\\\/en\\\/shop\\\/the-new-french-wine\\\/\",\"name\":\"The New French Wine (Jon Bonn\u00e9) - book \\\/ album - Folio\",\"isPartOf\":{\"@id\":\"https:\\\/\\\/foliobooks.pl\\\/en\\\/#website\"},\"primaryImageOfPage\":{\"@id\":\"https:\\\/\\\/foliobooks.pl\\\/en\\\/shop\\\/the-new-french-wine\\\/#primaryimage\"},\"image\":{\"@id\":\"https:\\\/\\\/foliobooks.pl\\\/en\\\/shop\\\/the-new-french-wine\\\/#primaryimage\"},\"thumbnailUrl\":\"https:\\\/\\\/foliobooks.pl\\\/wp-content\\\/uploads\\\/2023\\\/11\\\/9781607749233.png\",\"datePublished\":\"2023-11-25T23:11:22+00:00\",\"description\":\"Wejd\u017a i kup ksi\u0105\u017ck\u0119 The New French Wine autorstwa Jon Bonn\u00e9 wydan\u0105 przez Ten Speed Press (2023-03-24) w formacie 21 x 27 cm (ISBN: 9781607749233). Zapraszamy!\",\"breadcrumb\":{\"@id\":\"https:\\\/\\\/foliobooks.pl\\\/en\\\/shop\\\/the-new-french-wine\\\/#breadcrumb\"},\"inLanguage\":\"en-US\",\"potentialAction\":[{\"@type\":\"ReadAction\",\"target\":[\"https:\\\/\\\/foliobooks.pl\\\/en\\\/shop\\\/the-new-french-wine\\\/\"]}]},{\"@type\":\"ImageObject\",\"inLanguage\":\"en-US\",\"@id\":\"https:\\\/\\\/foliobooks.pl\\\/en\\\/shop\\\/the-new-french-wine\\\/#primaryimage\",\"url\":\"https:\\\/\\\/foliobooks.pl\\\/wp-content\\\/uploads\\\/2023\\\/11\\\/9781607749233.png\",\"contentUrl\":\"https:\\\/\\\/foliobooks.pl\\\/wp-content\\\/uploads\\\/2023\\\/11\\\/9781607749233.png\",\"width\":570,\"height\":708},{\"@type\":\"BreadcrumbList\",\"@id\":\"https:\\\/\\\/foliobooks.pl\\\/en\\\/shop\\\/the-new-french-wine\\\/#breadcrumb\",\"itemListElement\":[{\"@type\":\"ListItem\",\"position\":1,\"name\":\"Strona g\u0142\u00f3wna\",\"item\":\"https:\\\/\\\/foliobooks.pl\\\/en\\\/\"},{\"@type\":\"ListItem\",\"position\":2,\"name\":\"Shop\",\"item\":\"https:\\\/\\\/foliobooks.pl\\\/en\\\/shop\\\/\"},{\"@type\":\"ListItem\",\"position\":3,\"name\":\"The New French Wine\"}]},{\"@type\":\"WebSite\",\"@id\":\"https:\\\/\\\/foliobooks.pl\\\/en\\\/#website\",\"url\":\"https:\\\/\\\/foliobooks.pl\\\/en\\\/\",\"name\":\"Folio\",\"description\":\"Ksi\u0119garnia internetowa\",\"potentialAction\":[{\"@type\":\"SearchAction\",\"target\":{\"@type\":\"EntryPoint\",\"urlTemplate\":\"https:\\\/\\\/foliobooks.pl\\\/en\\\/?s={search_term_string}\"},\"query-input\":{\"@type\":\"PropertyValueSpecification\",\"valueRequired\":true,\"valueName\":\"search_term_string\"}}],\"inLanguage\":\"en-US\"}]}<\/script>\n<!-- \/ Yoast SEO plugin. -->","yoast_head_json":{"title":"The New French Wine (Jon Bonn\u00e9) - book \/ album - Folio","description":"Wejd\u017a i kup ksi\u0105\u017ck\u0119 The New French Wine autorstwa Jon Bonn\u00e9 wydan\u0105 przez Ten Speed Press (2023-03-24) w formacie 21 x 27 cm (ISBN: 9781607749233). Zapraszamy!","robots":{"index":"index","follow":"follow","max-snippet":"max-snippet:-1","max-image-preview":"max-image-preview:large","max-video-preview":"max-video-preview:-1"},"canonical":"https:\/\/foliobooks.pl\/en\/shop\/the-new-french-wine\/","og_locale":"en_US","og_type":"article","og_title":"The New French Wine (Jon Bonn\u00e9) - book \/ album - Folio","og_description":"Wejd\u017a i kup ksi\u0105\u017ck\u0119 The New French Wine autorstwa Jon Bonn\u00e9 wydan\u0105 przez Ten Speed Press (2023-03-24) w formacie 21 x 27 cm (ISBN: 9781607749233). Zapraszamy!","og_url":"https:\/\/foliobooks.pl\/en\/shop\/the-new-french-wine\/","og_site_name":"Folio","og_image":[{"width":570,"height":708,"url":"https:\/\/foliobooks.pl\/wp-content\/uploads\/2023\/11\/9781607749233.png","type":"image\/png"}],"twitter_card":"summary_large_image","twitter_misc":{"Est. reading time":"1 minute"},"schema":{"@context":"https:\/\/schema.org","@graph":[{"@type":"WebPage","@id":"https:\/\/foliobooks.pl\/en\/shop\/the-new-french-wine\/","url":"https:\/\/foliobooks.pl\/en\/shop\/the-new-french-wine\/","name":"The New French Wine (Jon Bonn\u00e9) - book \/ album - Folio","isPartOf":{"@id":"https:\/\/foliobooks.pl\/en\/#website"},"primaryImageOfPage":{"@id":"https:\/\/foliobooks.pl\/en\/shop\/the-new-french-wine\/#primaryimage"},"image":{"@id":"https:\/\/foliobooks.pl\/en\/shop\/the-new-french-wine\/#primaryimage"},"thumbnailUrl":"https:\/\/foliobooks.pl\/wp-content\/uploads\/2023\/11\/9781607749233.png","datePublished":"2023-11-25T23:11:22+00:00","description":"Wejd\u017a i kup ksi\u0105\u017ck\u0119 The New French Wine autorstwa Jon Bonn\u00e9 wydan\u0105 przez Ten Speed Press (2023-03-24) w formacie 21 x 27 cm (ISBN: 9781607749233). Zapraszamy!","breadcrumb":{"@id":"https:\/\/foliobooks.pl\/en\/shop\/the-new-french-wine\/#breadcrumb"},"inLanguage":"en-US","potentialAction":[{"@type":"ReadAction","target":["https:\/\/foliobooks.pl\/en\/shop\/the-new-french-wine\/"]}]},{"@type":"ImageObject","inLanguage":"en-US","@id":"https:\/\/foliobooks.pl\/en\/shop\/the-new-french-wine\/#primaryimage","url":"https:\/\/foliobooks.pl\/wp-content\/uploads\/2023\/11\/9781607749233.png","contentUrl":"https:\/\/foliobooks.pl\/wp-content\/uploads\/2023\/11\/9781607749233.png","width":570,"height":708},{"@type":"BreadcrumbList","@id":"https:\/\/foliobooks.pl\/en\/shop\/the-new-french-wine\/#breadcrumb","itemListElement":[{"@type":"ListItem","position":1,"name":"Strona g\u0142\u00f3wna","item":"https:\/\/foliobooks.pl\/en\/"},{"@type":"ListItem","position":2,"name":"Shop","item":"https:\/\/foliobooks.pl\/en\/shop\/"},{"@type":"ListItem","position":3,"name":"The New French Wine"}]},{"@type":"WebSite","@id":"https:\/\/foliobooks.pl\/en\/#website","url":"https:\/\/foliobooks.pl\/en\/","name":"Folio","description":"Ksi\u0119garnia internetowa","potentialAction":[{"@type":"SearchAction","target":{"@type":"EntryPoint","urlTemplate":"https:\/\/foliobooks.pl\/en\/?s={search_term_string}"},"query-input":{"@type":"PropertyValueSpecification","valueRequired":true,"valueName":"search_term_string"}}],"inLanguage":"en-US"}]}},"_links":{"self":[{"href":"https:\/\/foliobooks.pl\/en\/wp-json\/wp\/v2\/product\/97166","targetHints":{"allow":["GET"]}}],"collection":[{"href":"https:\/\/foliobooks.pl\/en\/wp-json\/wp\/v2\/product"}],"about":[{"href":"https:\/\/foliobooks.pl\/en\/wp-json\/wp\/v2\/types\/product"}],"replies":[{"embeddable":true,"href":"https:\/\/foliobooks.pl\/en\/wp-json\/wp\/v2\/comments?post=97166"}],"wp:featuredmedia":[{"embeddable":true,"href":"https:\/\/foliobooks.pl\/en\/wp-json\/wp\/v2\/media\/97161"}],"wp:attachment":[{"href":"https:\/\/foliobooks.pl\/en\/wp-json\/wp\/v2\/media?parent=97166"}],"wp:term":[{"taxonomy":"product_brand","embeddable":true,"href":"https:\/\/foliobooks.pl\/en\/wp-json\/wp\/v2\/product_brand?post=97166"},{"taxonomy":"product_cat","embeddable":true,"href":"https:\/\/foliobooks.pl\/en\/wp-json\/wp\/v2\/product_cat?post=97166"},{"taxonomy":"product_tag","embeddable":true,"href":"https:\/\/foliobooks.pl\/en\/wp-json\/wp\/v2\/product_tag?post=97166"}],"curies":[{"name":"wp","href":"https:\/\/api.w.org\/{rel}","templated":true}]}}