{"id":97154,"date":"2023-11-25T23:54:16","date_gmt":"2023-11-25T22:54:16","guid":{"rendered":"https:\/\/foliobooks.pl\/sklep\/michele-bonan-signature-details\/"},"modified":"2026-02-18T16:20:19","modified_gmt":"2026-02-18T15:20:19","slug":"michele-bonan-signature-details","status":"publish","type":"product","link":"https:\/\/foliobooks.pl\/en\/shop\/michele-bonan-signature-details\/","title":{"rendered":"Michele B\u00f6nan; Signature Details"},"content":{"rendered":"<p>An architect and interior designer, Michele B\u00f6nan translates and transmits the Italian lifestyle in a very specific way, with strong cosmopolitan connotations. His ability to create refined, timeless environments using exquisite materials\u2015always treated and often transformed in an unconventional way\u2015makes him unique both in Italy and on the international scene. Designed to showcase the architect\u2019s latest projects, Michele B\u00f6nan: Signature Details features an array of exclusive interiors, from Milan to Paris and from London to Forte Dei Marmi, highlighting B\u00f6nan\u2019s signature interior-design concepts based on a passion for heritage, innovation and his beloved, native Florence.<\/p>\n","protected":false},"excerpt":{"rendered":"<p>An architect and interior designer, Michele B\u00f6nan translates and transmits the Italian lifestyle in a very specific way, with strong cosmopolitan connotations. His ability to create refined, timeless environments using exquisite materials\u2015always treated and often transformed in an unconventional way\u2015makes him unique both in Italy and on the international scene. Designed to showcase the architect\u2019s&#8230;<\/p>\n","protected":false},"featured_media":97153,"comment_status":"closed","ping_status":"closed","template":"","meta":[],"product_brand":[],"product_cat":[4516,13533],"product_tag":[6124,290,18135],"class_list":{"0":"post-97154","1":"product","2":"type-product","3":"status-publish","4":"has-post-thumbnail","6":"product_cat-architecture-en","7":"product_cat-books","8":"product_tag-architecture-en","9":"product_tag-interiors-en","10":"product_tag-wystroj-wnetrz-en","11":"pa_author_att-cesare-cunaccia-en","12":"pa_cover-hardcover","13":"pa_format-192-x-276-cm-en","14":"pa_isbn-9781649802712-en","15":"pa_language-eng","16":"pa_pages-268-en","17":"pa_published-2023-06-23-en","18":"pa_publisher-assouline-en","20":"first","21":"instock","22":"sale","23":"sold-individually","24":"shipping-taxable","25":"purchasable","26":"product-type-simple"},"yoast_head":"<!-- This site is optimized with the Yoast SEO plugin v27.5 - https:\/\/yoast.com\/product\/yoast-seo-wordpress\/ -->\n<title>Michele B\u00f6nan; Signature Details (Cesare Cunaccia) - book \/ album - Folio<\/title>\n<meta name=\"description\" content=\"Wejd\u017a i kup ksi\u0105\u017ck\u0119 Michele B\u00f6nan; Signature Details autorstwa Cesare Cunaccia wydan\u0105 przez Assouline (2023-06-23) w formacie 19,2 x 27,6 cm (ISBN: 9781649802712). Zapraszamy!\" \/>\n<meta name=\"robots\" content=\"index, follow, max-snippet:-1, max-image-preview:large, max-video-preview:-1\" \/>\n<link rel=\"canonical\" href=\"https:\/\/foliobooks.pl\/en\/shop\/michele-bonan-signature-details\/\" \/>\n<meta property=\"og:locale\" content=\"en_US\" \/>\n<meta property=\"og:type\" content=\"article\" \/>\n<meta property=\"og:title\" content=\"Michele B\u00f6nan; Signature Details (Cesare Cunaccia) - book \/ album - Folio\" \/>\n<meta property=\"og:description\" content=\"Wejd\u017a i kup ksi\u0105\u017ck\u0119 Michele B\u00f6nan; Signature Details autorstwa Cesare Cunaccia wydan\u0105 przez Assouline (2023-06-23) w formacie 19,2 x 27,6 cm (ISBN: 9781649802712). Zapraszamy!\" \/>\n<meta property=\"og:url\" content=\"https:\/\/foliobooks.pl\/en\/shop\/michele-bonan-signature-details\/\" \/>\n<meta property=\"og:site_name\" content=\"Folio\" \/>\n<meta property=\"article:modified_time\" content=\"2026-02-18T15:20:19+00:00\" \/>\n<meta property=\"og:image\" content=\"https:\/\/foliobooks.pl\/wp-content\/uploads\/2023\/11\/9781649802712.png\" \/>\n\t<meta property=\"og:image:width\" content=\"570\" \/>\n\t<meta property=\"og:image:height\" content=\"708\" \/>\n\t<meta property=\"og:image:type\" content=\"image\/png\" \/>\n<meta name=\"twitter:card\" content=\"summary_large_image\" \/>\n<meta name=\"twitter:label1\" content=\"Est. reading time\" \/>\n\t<meta name=\"twitter:data1\" content=\"1 minute\" \/>\n<script type=\"application\/ld+json\" class=\"yoast-schema-graph\">{\"@context\":\"https:\\\/\\\/schema.org\",\"@graph\":[{\"@type\":\"WebPage\",\"@id\":\"https:\\\/\\\/foliobooks.pl\\\/en\\\/shop\\\/michele-bonan-signature-details\\\/\",\"url\":\"https:\\\/\\\/foliobooks.pl\\\/en\\\/shop\\\/michele-bonan-signature-details\\\/\",\"name\":\"Michele B\u00f6nan; Signature Details (Cesare Cunaccia) - book \\\/ album - Folio\",\"isPartOf\":{\"@id\":\"https:\\\/\\\/foliobooks.pl\\\/en\\\/#website\"},\"primaryImageOfPage\":{\"@id\":\"https:\\\/\\\/foliobooks.pl\\\/en\\\/shop\\\/michele-bonan-signature-details\\\/#primaryimage\"},\"image\":{\"@id\":\"https:\\\/\\\/foliobooks.pl\\\/en\\\/shop\\\/michele-bonan-signature-details\\\/#primaryimage\"},\"thumbnailUrl\":\"https:\\\/\\\/foliobooks.pl\\\/wp-content\\\/uploads\\\/2023\\\/11\\\/9781649802712.png\",\"datePublished\":\"2023-11-25T22:54:16+00:00\",\"dateModified\":\"2026-02-18T15:20:19+00:00\",\"description\":\"Wejd\u017a i kup ksi\u0105\u017ck\u0119 Michele B\u00f6nan; Signature Details autorstwa Cesare Cunaccia wydan\u0105 przez Assouline (2023-06-23) w formacie 19,2 x 27,6 cm (ISBN: 9781649802712). Zapraszamy!\",\"breadcrumb\":{\"@id\":\"https:\\\/\\\/foliobooks.pl\\\/en\\\/shop\\\/michele-bonan-signature-details\\\/#breadcrumb\"},\"inLanguage\":\"en-US\",\"potentialAction\":[{\"@type\":\"ReadAction\",\"target\":[\"https:\\\/\\\/foliobooks.pl\\\/en\\\/shop\\\/michele-bonan-signature-details\\\/\"]}]},{\"@type\":\"ImageObject\",\"inLanguage\":\"en-US\",\"@id\":\"https:\\\/\\\/foliobooks.pl\\\/en\\\/shop\\\/michele-bonan-signature-details\\\/#primaryimage\",\"url\":\"https:\\\/\\\/foliobooks.pl\\\/wp-content\\\/uploads\\\/2023\\\/11\\\/9781649802712.png\",\"contentUrl\":\"https:\\\/\\\/foliobooks.pl\\\/wp-content\\\/uploads\\\/2023\\\/11\\\/9781649802712.png\",\"width\":570,\"height\":708},{\"@type\":\"BreadcrumbList\",\"@id\":\"https:\\\/\\\/foliobooks.pl\\\/en\\\/shop\\\/michele-bonan-signature-details\\\/#breadcrumb\",\"itemListElement\":[{\"@type\":\"ListItem\",\"position\":1,\"name\":\"Strona g\u0142\u00f3wna\",\"item\":\"https:\\\/\\\/foliobooks.pl\\\/en\\\/\"},{\"@type\":\"ListItem\",\"position\":2,\"name\":\"Shop\",\"item\":\"https:\\\/\\\/foliobooks.pl\\\/en\\\/shop\\\/\"},{\"@type\":\"ListItem\",\"position\":3,\"name\":\"Michele B\u00f6nan; Signature Details\"}]},{\"@type\":\"WebSite\",\"@id\":\"https:\\\/\\\/foliobooks.pl\\\/en\\\/#website\",\"url\":\"https:\\\/\\\/foliobooks.pl\\\/en\\\/\",\"name\":\"Folio\",\"description\":\"Ksi\u0119garnia internetowa\",\"potentialAction\":[{\"@type\":\"SearchAction\",\"target\":{\"@type\":\"EntryPoint\",\"urlTemplate\":\"https:\\\/\\\/foliobooks.pl\\\/en\\\/?s={search_term_string}\"},\"query-input\":{\"@type\":\"PropertyValueSpecification\",\"valueRequired\":true,\"valueName\":\"search_term_string\"}}],\"inLanguage\":\"en-US\"}]}<\/script>\n<!-- \/ Yoast SEO plugin. -->","yoast_head_json":{"title":"Michele B\u00f6nan; Signature Details (Cesare Cunaccia) - book \/ album - Folio","description":"Wejd\u017a i kup ksi\u0105\u017ck\u0119 Michele B\u00f6nan; Signature Details autorstwa Cesare Cunaccia wydan\u0105 przez Assouline (2023-06-23) w formacie 19,2 x 27,6 cm (ISBN: 9781649802712). Zapraszamy!","robots":{"index":"index","follow":"follow","max-snippet":"max-snippet:-1","max-image-preview":"max-image-preview:large","max-video-preview":"max-video-preview:-1"},"canonical":"https:\/\/foliobooks.pl\/en\/shop\/michele-bonan-signature-details\/","og_locale":"en_US","og_type":"article","og_title":"Michele B\u00f6nan; Signature Details (Cesare Cunaccia) - book \/ album - Folio","og_description":"Wejd\u017a i kup ksi\u0105\u017ck\u0119 Michele B\u00f6nan; Signature Details autorstwa Cesare Cunaccia wydan\u0105 przez Assouline (2023-06-23) w formacie 19,2 x 27,6 cm (ISBN: 9781649802712). Zapraszamy!","og_url":"https:\/\/foliobooks.pl\/en\/shop\/michele-bonan-signature-details\/","og_site_name":"Folio","article_modified_time":"2026-02-18T15:20:19+00:00","og_image":[{"width":570,"height":708,"url":"https:\/\/foliobooks.pl\/wp-content\/uploads\/2023\/11\/9781649802712.png","type":"image\/png"}],"twitter_card":"summary_large_image","twitter_misc":{"Est. reading time":"1 minute"},"schema":{"@context":"https:\/\/schema.org","@graph":[{"@type":"WebPage","@id":"https:\/\/foliobooks.pl\/en\/shop\/michele-bonan-signature-details\/","url":"https:\/\/foliobooks.pl\/en\/shop\/michele-bonan-signature-details\/","name":"Michele B\u00f6nan; Signature Details (Cesare Cunaccia) - book \/ album - Folio","isPartOf":{"@id":"https:\/\/foliobooks.pl\/en\/#website"},"primaryImageOfPage":{"@id":"https:\/\/foliobooks.pl\/en\/shop\/michele-bonan-signature-details\/#primaryimage"},"image":{"@id":"https:\/\/foliobooks.pl\/en\/shop\/michele-bonan-signature-details\/#primaryimage"},"thumbnailUrl":"https:\/\/foliobooks.pl\/wp-content\/uploads\/2023\/11\/9781649802712.png","datePublished":"2023-11-25T22:54:16+00:00","dateModified":"2026-02-18T15:20:19+00:00","description":"Wejd\u017a i kup ksi\u0105\u017ck\u0119 Michele B\u00f6nan; Signature Details autorstwa Cesare Cunaccia wydan\u0105 przez Assouline (2023-06-23) w formacie 19,2 x 27,6 cm (ISBN: 9781649802712). Zapraszamy!","breadcrumb":{"@id":"https:\/\/foliobooks.pl\/en\/shop\/michele-bonan-signature-details\/#breadcrumb"},"inLanguage":"en-US","potentialAction":[{"@type":"ReadAction","target":["https:\/\/foliobooks.pl\/en\/shop\/michele-bonan-signature-details\/"]}]},{"@type":"ImageObject","inLanguage":"en-US","@id":"https:\/\/foliobooks.pl\/en\/shop\/michele-bonan-signature-details\/#primaryimage","url":"https:\/\/foliobooks.pl\/wp-content\/uploads\/2023\/11\/9781649802712.png","contentUrl":"https:\/\/foliobooks.pl\/wp-content\/uploads\/2023\/11\/9781649802712.png","width":570,"height":708},{"@type":"BreadcrumbList","@id":"https:\/\/foliobooks.pl\/en\/shop\/michele-bonan-signature-details\/#breadcrumb","itemListElement":[{"@type":"ListItem","position":1,"name":"Strona g\u0142\u00f3wna","item":"https:\/\/foliobooks.pl\/en\/"},{"@type":"ListItem","position":2,"name":"Shop","item":"https:\/\/foliobooks.pl\/en\/shop\/"},{"@type":"ListItem","position":3,"name":"Michele B\u00f6nan; Signature Details"}]},{"@type":"WebSite","@id":"https:\/\/foliobooks.pl\/en\/#website","url":"https:\/\/foliobooks.pl\/en\/","name":"Folio","description":"Ksi\u0119garnia internetowa","potentialAction":[{"@type":"SearchAction","target":{"@type":"EntryPoint","urlTemplate":"https:\/\/foliobooks.pl\/en\/?s={search_term_string}"},"query-input":{"@type":"PropertyValueSpecification","valueRequired":true,"valueName":"search_term_string"}}],"inLanguage":"en-US"}]}},"_links":{"self":[{"href":"https:\/\/foliobooks.pl\/en\/wp-json\/wp\/v2\/product\/97154","targetHints":{"allow":["GET"]}}],"collection":[{"href":"https:\/\/foliobooks.pl\/en\/wp-json\/wp\/v2\/product"}],"about":[{"href":"https:\/\/foliobooks.pl\/en\/wp-json\/wp\/v2\/types\/product"}],"replies":[{"embeddable":true,"href":"https:\/\/foliobooks.pl\/en\/wp-json\/wp\/v2\/comments?post=97154"}],"wp:featuredmedia":[{"embeddable":true,"href":"https:\/\/foliobooks.pl\/en\/wp-json\/wp\/v2\/media\/97153"}],"wp:attachment":[{"href":"https:\/\/foliobooks.pl\/en\/wp-json\/wp\/v2\/media?parent=97154"}],"wp:term":[{"taxonomy":"product_brand","embeddable":true,"href":"https:\/\/foliobooks.pl\/en\/wp-json\/wp\/v2\/product_brand?post=97154"},{"taxonomy":"product_cat","embeddable":true,"href":"https:\/\/foliobooks.pl\/en\/wp-json\/wp\/v2\/product_cat?post=97154"},{"taxonomy":"product_tag","embeddable":true,"href":"https:\/\/foliobooks.pl\/en\/wp-json\/wp\/v2\/product_tag?post=97154"}],"curies":[{"name":"wp","href":"https:\/\/api.w.org\/{rel}","templated":true}]}}