{"id":97149,"date":"2023-11-25T23:38:15","date_gmt":"2023-11-25T22:38:15","guid":{"rendered":"https:\/\/foliobooks.pl\/sklep\/luxury-trains-splendour-elegance-extravagance\/"},"modified":"2025-12-02T03:12:51","modified_gmt":"2025-12-02T02:12:51","slug":"luxury-trains-splendour-elegance-extravagance","status":"publish","type":"product","link":"https:\/\/foliobooks.pl\/en\/shop\/luxury-trains-splendour-elegance-extravagance\/","title":{"rendered":"Luxury Trains: Splendour, Elegance &#038; Extravagance"},"content":{"rendered":"<p>Luxury trains have always fascinated and excited our imaginations. A great source of style, romance and exoticism, they have long held starring roles in literature and in Hollywood movies. This wonderful book evokes long-lost days of travel, where trains marked international railway history, from the Orient Express to the Train Bleu. Today, train companies around the world are creating new palaces on rails and these pages offer a journey into that extravagant and luxurious world. Whether comfortably seated in the restaurant car of the Venice Simplon &#8211; Orient-Express as you glide past the Venetian Lagoon, traveling through the Highlands of Scotland on the famed Royal Scotsman, or admiring the ancient splendors of Machu Picchu at the Hiram Bingham bar aboard the Andean Explorer, this book traverses the globe in celebration of these wonderful locomotives. A superb gift for the travel enthusiast and anyone interested in the decadent features of these trains.<\/p>\n","protected":false},"excerpt":{"rendered":"<p>Luxury trains have always fascinated and excited our imaginations. A great source of style, romance and exoticism, they have long held starring roles in literature and in Hollywood movies. This wonderful book evokes long-lost days of travel, where trains marked international railway history, from the Orient Express to the Train Bleu. Today, train companies around&#8230;<\/p>\n","protected":false},"featured_media":97138,"comment_status":"closed","ping_status":"closed","template":"","meta":[],"product_brand":[],"product_cat":[13533,4517],"product_tag":[290,6106],"class_list":{"0":"post-97149","1":"product","2":"type-product","3":"status-publish","4":"has-post-thumbnail","6":"product_cat-books","7":"product_cat-photography-en","8":"product_tag-interiors-en","9":"product_tag-transport-en","10":"pa_author_att-simon-bertrand-en","11":"pa_cover-hardcover","12":"pa_format-23-x-297-cm-en","13":"pa_isbn-9781788842235-en","14":"pa_language-eng","15":"pa_pages-256-en-2","16":"pa_published-2023-09-26-en","17":"pa_publisher-acc-art-books-en","19":"first","20":"instock","21":"sold-individually","22":"shipping-taxable","23":"purchasable","24":"product-type-simple"},"yoast_head":"<!-- This site is optimized with the Yoast SEO plugin v27.4 - https:\/\/yoast.com\/product\/yoast-seo-wordpress\/ -->\n<title>Luxury Trains: Splendour, Elegance &amp; Extravagance (Simon Bertrand) - book \/ album - Folio<\/title>\n<meta name=\"description\" content=\"Wejd\u017a i kup ksi\u0105\u017ck\u0119 Luxury Trains: Splendour, Elegance &amp; Extravagance autorstwa Simon Bertrand wydan\u0105 przez ACC Art Books (2023-09-26) w formacie 23 x 29,7 cm (ISBN: 9781788842235). Zapraszamy!\" \/>\n<meta name=\"robots\" content=\"index, follow, max-snippet:-1, max-image-preview:large, max-video-preview:-1\" \/>\n<link rel=\"canonical\" href=\"https:\/\/foliobooks.pl\/en\/shop\/luxury-trains-splendour-elegance-extravagance\/\" \/>\n<meta property=\"og:locale\" content=\"en_US\" \/>\n<meta property=\"og:type\" content=\"article\" \/>\n<meta property=\"og:title\" content=\"Luxury Trains: Splendour, Elegance &amp; Extravagance (Simon Bertrand) - book \/ album - Folio\" \/>\n<meta property=\"og:description\" content=\"Wejd\u017a i kup ksi\u0105\u017ck\u0119 Luxury Trains: Splendour, Elegance &amp; Extravagance autorstwa Simon Bertrand wydan\u0105 przez ACC Art Books (2023-09-26) w formacie 23 x 29,7 cm (ISBN: 9781788842235). Zapraszamy!\" \/>\n<meta property=\"og:url\" content=\"https:\/\/foliobooks.pl\/en\/shop\/luxury-trains-splendour-elegance-extravagance\/\" \/>\n<meta property=\"og:site_name\" content=\"Folio\" \/>\n<meta property=\"article:modified_time\" content=\"2025-12-02T02:12:51+00:00\" \/>\n<meta property=\"og:image\" content=\"https:\/\/foliobooks.pl\/wp-content\/uploads\/2023\/11\/9781788842235.png\" \/>\n\t<meta property=\"og:image:width\" content=\"570\" \/>\n\t<meta property=\"og:image:height\" content=\"708\" \/>\n\t<meta property=\"og:image:type\" content=\"image\/png\" \/>\n<meta name=\"twitter:card\" content=\"summary_large_image\" \/>\n<meta name=\"twitter:label1\" content=\"Est. reading time\" \/>\n\t<meta name=\"twitter:data1\" content=\"1 minute\" \/>\n<script type=\"application\/ld+json\" class=\"yoast-schema-graph\">{\"@context\":\"https:\\\/\\\/schema.org\",\"@graph\":[{\"@type\":\"WebPage\",\"@id\":\"https:\\\/\\\/foliobooks.pl\\\/en\\\/shop\\\/luxury-trains-splendour-elegance-extravagance\\\/\",\"url\":\"https:\\\/\\\/foliobooks.pl\\\/en\\\/shop\\\/luxury-trains-splendour-elegance-extravagance\\\/\",\"name\":\"Luxury Trains: Splendour, Elegance & Extravagance (Simon Bertrand) - book \\\/ album - Folio\",\"isPartOf\":{\"@id\":\"https:\\\/\\\/foliobooks.pl\\\/en\\\/#website\"},\"primaryImageOfPage\":{\"@id\":\"https:\\\/\\\/foliobooks.pl\\\/en\\\/shop\\\/luxury-trains-splendour-elegance-extravagance\\\/#primaryimage\"},\"image\":{\"@id\":\"https:\\\/\\\/foliobooks.pl\\\/en\\\/shop\\\/luxury-trains-splendour-elegance-extravagance\\\/#primaryimage\"},\"thumbnailUrl\":\"https:\\\/\\\/foliobooks.pl\\\/wp-content\\\/uploads\\\/2023\\\/11\\\/9781788842235.png\",\"datePublished\":\"2023-11-25T22:38:15+00:00\",\"dateModified\":\"2025-12-02T02:12:51+00:00\",\"description\":\"Wejd\u017a i kup ksi\u0105\u017ck\u0119 Luxury Trains: Splendour, Elegance & Extravagance autorstwa Simon Bertrand wydan\u0105 przez ACC Art Books (2023-09-26) w formacie 23 x 29,7 cm (ISBN: 9781788842235). Zapraszamy!\",\"breadcrumb\":{\"@id\":\"https:\\\/\\\/foliobooks.pl\\\/en\\\/shop\\\/luxury-trains-splendour-elegance-extravagance\\\/#breadcrumb\"},\"inLanguage\":\"en-US\",\"potentialAction\":[{\"@type\":\"ReadAction\",\"target\":[\"https:\\\/\\\/foliobooks.pl\\\/en\\\/shop\\\/luxury-trains-splendour-elegance-extravagance\\\/\"]}]},{\"@type\":\"ImageObject\",\"inLanguage\":\"en-US\",\"@id\":\"https:\\\/\\\/foliobooks.pl\\\/en\\\/shop\\\/luxury-trains-splendour-elegance-extravagance\\\/#primaryimage\",\"url\":\"https:\\\/\\\/foliobooks.pl\\\/wp-content\\\/uploads\\\/2023\\\/11\\\/9781788842235.png\",\"contentUrl\":\"https:\\\/\\\/foliobooks.pl\\\/wp-content\\\/uploads\\\/2023\\\/11\\\/9781788842235.png\",\"width\":570,\"height\":708},{\"@type\":\"BreadcrumbList\",\"@id\":\"https:\\\/\\\/foliobooks.pl\\\/en\\\/shop\\\/luxury-trains-splendour-elegance-extravagance\\\/#breadcrumb\",\"itemListElement\":[{\"@type\":\"ListItem\",\"position\":1,\"name\":\"Strona g\u0142\u00f3wna\",\"item\":\"https:\\\/\\\/foliobooks.pl\\\/en\\\/\"},{\"@type\":\"ListItem\",\"position\":2,\"name\":\"Shop\",\"item\":\"https:\\\/\\\/foliobooks.pl\\\/en\\\/shop\\\/\"},{\"@type\":\"ListItem\",\"position\":3,\"name\":\"Luxury Trains: Splendour, Elegance &#038; Extravagance\"}]},{\"@type\":\"WebSite\",\"@id\":\"https:\\\/\\\/foliobooks.pl\\\/en\\\/#website\",\"url\":\"https:\\\/\\\/foliobooks.pl\\\/en\\\/\",\"name\":\"Folio\",\"description\":\"Ksi\u0119garnia internetowa\",\"potentialAction\":[{\"@type\":\"SearchAction\",\"target\":{\"@type\":\"EntryPoint\",\"urlTemplate\":\"https:\\\/\\\/foliobooks.pl\\\/en\\\/?s={search_term_string}\"},\"query-input\":{\"@type\":\"PropertyValueSpecification\",\"valueRequired\":true,\"valueName\":\"search_term_string\"}}],\"inLanguage\":\"en-US\"}]}<\/script>\n<!-- \/ Yoast SEO plugin. -->","yoast_head_json":{"title":"Luxury Trains: Splendour, Elegance & Extravagance (Simon Bertrand) - book \/ album - Folio","description":"Wejd\u017a i kup ksi\u0105\u017ck\u0119 Luxury Trains: Splendour, Elegance & Extravagance autorstwa Simon Bertrand wydan\u0105 przez ACC Art Books (2023-09-26) w formacie 23 x 29,7 cm (ISBN: 9781788842235). Zapraszamy!","robots":{"index":"index","follow":"follow","max-snippet":"max-snippet:-1","max-image-preview":"max-image-preview:large","max-video-preview":"max-video-preview:-1"},"canonical":"https:\/\/foliobooks.pl\/en\/shop\/luxury-trains-splendour-elegance-extravagance\/","og_locale":"en_US","og_type":"article","og_title":"Luxury Trains: Splendour, Elegance & Extravagance (Simon Bertrand) - book \/ album - Folio","og_description":"Wejd\u017a i kup ksi\u0105\u017ck\u0119 Luxury Trains: Splendour, Elegance & Extravagance autorstwa Simon Bertrand wydan\u0105 przez ACC Art Books (2023-09-26) w formacie 23 x 29,7 cm (ISBN: 9781788842235). Zapraszamy!","og_url":"https:\/\/foliobooks.pl\/en\/shop\/luxury-trains-splendour-elegance-extravagance\/","og_site_name":"Folio","article_modified_time":"2025-12-02T02:12:51+00:00","og_image":[{"width":570,"height":708,"url":"https:\/\/foliobooks.pl\/wp-content\/uploads\/2023\/11\/9781788842235.png","type":"image\/png"}],"twitter_card":"summary_large_image","twitter_misc":{"Est. reading time":"1 minute"},"schema":{"@context":"https:\/\/schema.org","@graph":[{"@type":"WebPage","@id":"https:\/\/foliobooks.pl\/en\/shop\/luxury-trains-splendour-elegance-extravagance\/","url":"https:\/\/foliobooks.pl\/en\/shop\/luxury-trains-splendour-elegance-extravagance\/","name":"Luxury Trains: Splendour, Elegance & Extravagance (Simon Bertrand) - book \/ album - Folio","isPartOf":{"@id":"https:\/\/foliobooks.pl\/en\/#website"},"primaryImageOfPage":{"@id":"https:\/\/foliobooks.pl\/en\/shop\/luxury-trains-splendour-elegance-extravagance\/#primaryimage"},"image":{"@id":"https:\/\/foliobooks.pl\/en\/shop\/luxury-trains-splendour-elegance-extravagance\/#primaryimage"},"thumbnailUrl":"https:\/\/foliobooks.pl\/wp-content\/uploads\/2023\/11\/9781788842235.png","datePublished":"2023-11-25T22:38:15+00:00","dateModified":"2025-12-02T02:12:51+00:00","description":"Wejd\u017a i kup ksi\u0105\u017ck\u0119 Luxury Trains: Splendour, Elegance & Extravagance autorstwa Simon Bertrand wydan\u0105 przez ACC Art Books (2023-09-26) w formacie 23 x 29,7 cm (ISBN: 9781788842235). Zapraszamy!","breadcrumb":{"@id":"https:\/\/foliobooks.pl\/en\/shop\/luxury-trains-splendour-elegance-extravagance\/#breadcrumb"},"inLanguage":"en-US","potentialAction":[{"@type":"ReadAction","target":["https:\/\/foliobooks.pl\/en\/shop\/luxury-trains-splendour-elegance-extravagance\/"]}]},{"@type":"ImageObject","inLanguage":"en-US","@id":"https:\/\/foliobooks.pl\/en\/shop\/luxury-trains-splendour-elegance-extravagance\/#primaryimage","url":"https:\/\/foliobooks.pl\/wp-content\/uploads\/2023\/11\/9781788842235.png","contentUrl":"https:\/\/foliobooks.pl\/wp-content\/uploads\/2023\/11\/9781788842235.png","width":570,"height":708},{"@type":"BreadcrumbList","@id":"https:\/\/foliobooks.pl\/en\/shop\/luxury-trains-splendour-elegance-extravagance\/#breadcrumb","itemListElement":[{"@type":"ListItem","position":1,"name":"Strona g\u0142\u00f3wna","item":"https:\/\/foliobooks.pl\/en\/"},{"@type":"ListItem","position":2,"name":"Shop","item":"https:\/\/foliobooks.pl\/en\/shop\/"},{"@type":"ListItem","position":3,"name":"Luxury Trains: Splendour, Elegance &#038; Extravagance"}]},{"@type":"WebSite","@id":"https:\/\/foliobooks.pl\/en\/#website","url":"https:\/\/foliobooks.pl\/en\/","name":"Folio","description":"Ksi\u0119garnia internetowa","potentialAction":[{"@type":"SearchAction","target":{"@type":"EntryPoint","urlTemplate":"https:\/\/foliobooks.pl\/en\/?s={search_term_string}"},"query-input":{"@type":"PropertyValueSpecification","valueRequired":true,"valueName":"search_term_string"}}],"inLanguage":"en-US"}]}},"_links":{"self":[{"href":"https:\/\/foliobooks.pl\/en\/wp-json\/wp\/v2\/product\/97149","targetHints":{"allow":["GET"]}}],"collection":[{"href":"https:\/\/foliobooks.pl\/en\/wp-json\/wp\/v2\/product"}],"about":[{"href":"https:\/\/foliobooks.pl\/en\/wp-json\/wp\/v2\/types\/product"}],"replies":[{"embeddable":true,"href":"https:\/\/foliobooks.pl\/en\/wp-json\/wp\/v2\/comments?post=97149"}],"wp:featuredmedia":[{"embeddable":true,"href":"https:\/\/foliobooks.pl\/en\/wp-json\/wp\/v2\/media\/97138"}],"wp:attachment":[{"href":"https:\/\/foliobooks.pl\/en\/wp-json\/wp\/v2\/media?parent=97149"}],"wp:term":[{"taxonomy":"product_brand","embeddable":true,"href":"https:\/\/foliobooks.pl\/en\/wp-json\/wp\/v2\/product_brand?post=97149"},{"taxonomy":"product_cat","embeddable":true,"href":"https:\/\/foliobooks.pl\/en\/wp-json\/wp\/v2\/product_cat?post=97149"},{"taxonomy":"product_tag","embeddable":true,"href":"https:\/\/foliobooks.pl\/en\/wp-json\/wp\/v2\/product_tag?post=97149"}],"curies":[{"name":"wp","href":"https:\/\/api.w.org\/{rel}","templated":true}]}}