{"id":97135,"date":"2023-11-25T23:01:20","date_gmt":"2023-11-25T22:01:20","guid":{"rendered":"https:\/\/foliobooks.pl\/sklep\/linda-evangelista-photographed-by-steven-meisel\/"},"modified":"2026-04-15T17:33:16","modified_gmt":"2026-04-15T15:33:16","slug":"linda-evangelista-photographed-by-steven-meisel","status":"publish","type":"product","link":"https:\/\/foliobooks.pl\/en\/shop\/linda-evangelista-photographed-by-steven-meisel\/","title":{"rendered":"Linda Evangelista Photographed by Steven Meisel"},"content":{"rendered":"<p>A stunning tribute to one of fashion\u2019s most iconic and enduring collaborations<\/p>\n<p>Evident from their first photoshoot in 1987, legendary photographer Steven Meisel\u2019s images of Linda Evangelista, one of the original &#8216;supermodels&#8217; of the 1980s, are the result of a remarkable creative symbiosis between photographer and muse. Featuring more than 180 images shot over the course of twenty-five years, this long-awaited book chronicles Meisel\u2019s constantly evolving vision of Evangelista, pictured in a vast range of imaginative narrative contexts. Art directed by Jason Duzansky, the book includes an introduction by fashion editor William Norwich, which tells the story of their friendship and situates it in the wider context of the fashion industry. With gorgeous reproductions and packaged in a luxurious cloth case, this extraordinary title is Meisel\u2019s first retrospective monograph. It celebrates a collaboration that has produced some of fashion history\u2019s most memorable images.<\/p>\n","protected":false},"excerpt":{"rendered":"<p>A stunning tribute to one of fashion\u2019s most iconic and enduring collaborations Evident from their first photoshoot in 1987, legendary photographer Steven Meisel\u2019s images of Linda Evangelista, one of the original &#8216;supermodels&#8217; of the 1980s, are the result of a remarkable creative symbiosis between photographer and muse. Featuring more than 180 images shot over the&#8230;<\/p>\n","protected":false},"featured_media":97118,"comment_status":"closed","ping_status":"closed","template":"","meta":[],"product_brand":[],"product_cat":[13533,4519,4517],"product_tag":[6125,6632,6121],"class_list":{"0":"post-97135","1":"product","2":"type-product","3":"status-publish","4":"has-post-thumbnail","6":"product_cat-books","7":"product_cat-fashion-en-en","8":"product_cat-photography-en","9":"product_tag-fashion","10":"product_tag-photographers","11":"product_tag-photography","12":"pa_author_att-steven-meisel-en","13":"pa_cover-hardcover","14":"pa_format-35-x-45-cm-en","15":"pa_isbn-9781838667030-en","16":"pa_language-eng","17":"pa_pages-232-en","18":"pa_published-2023-09-13-en","19":"pa_publisher-phaidon-en","21":"first","22":"instock","23":"sale","24":"sold-individually","25":"shipping-taxable","26":"purchasable","27":"product-type-simple"},"yoast_head":"<!-- This site is optimized with the Yoast SEO plugin v27.4 - https:\/\/yoast.com\/product\/yoast-seo-wordpress\/ -->\n<title>Linda Evangelista Photographed by Steven Meisel (Steven Meisel) - book \/ album - Folio<\/title>\n<meta name=\"description\" content=\"Wejd\u017a i kup ksi\u0105\u017ck\u0119 Linda Evangelista Photographed by Steven Meisel autorstwa Steven Meisel wydan\u0105 przez PHAIDON (2023-09-13) w formacie 35 x 45 cm (ISBN: 9781838667030). Zapraszamy!\" \/>\n<meta name=\"robots\" content=\"index, follow, max-snippet:-1, max-image-preview:large, max-video-preview:-1\" \/>\n<link rel=\"canonical\" href=\"https:\/\/foliobooks.pl\/en\/shop\/linda-evangelista-photographed-by-steven-meisel\/\" \/>\n<meta property=\"og:locale\" content=\"en_US\" \/>\n<meta property=\"og:type\" content=\"article\" \/>\n<meta property=\"og:title\" content=\"Linda Evangelista Photographed by Steven Meisel (Steven Meisel) - book \/ album - Folio\" \/>\n<meta property=\"og:description\" content=\"Wejd\u017a i kup ksi\u0105\u017ck\u0119 Linda Evangelista Photographed by Steven Meisel autorstwa Steven Meisel wydan\u0105 przez PHAIDON (2023-09-13) w formacie 35 x 45 cm (ISBN: 9781838667030). Zapraszamy!\" \/>\n<meta property=\"og:url\" content=\"https:\/\/foliobooks.pl\/en\/shop\/linda-evangelista-photographed-by-steven-meisel\/\" \/>\n<meta property=\"og:site_name\" content=\"Folio\" \/>\n<meta property=\"article:modified_time\" content=\"2026-04-15T15:33:16+00:00\" \/>\n<meta property=\"og:image\" content=\"https:\/\/foliobooks.pl\/wp-content\/uploads\/2023\/11\/9780847865925.png\" \/>\n\t<meta property=\"og:image:width\" content=\"570\" \/>\n\t<meta property=\"og:image:height\" content=\"708\" \/>\n\t<meta property=\"og:image:type\" content=\"image\/png\" \/>\n<meta name=\"twitter:card\" content=\"summary_large_image\" \/>\n<meta name=\"twitter:label1\" content=\"Est. reading time\" \/>\n\t<meta name=\"twitter:data1\" content=\"1 minute\" \/>\n<script type=\"application\/ld+json\" class=\"yoast-schema-graph\">{\"@context\":\"https:\\\/\\\/schema.org\",\"@graph\":[{\"@type\":\"WebPage\",\"@id\":\"https:\\\/\\\/foliobooks.pl\\\/en\\\/shop\\\/linda-evangelista-photographed-by-steven-meisel\\\/\",\"url\":\"https:\\\/\\\/foliobooks.pl\\\/en\\\/shop\\\/linda-evangelista-photographed-by-steven-meisel\\\/\",\"name\":\"Linda Evangelista Photographed by Steven Meisel (Steven Meisel) - book \\\/ album - Folio\",\"isPartOf\":{\"@id\":\"https:\\\/\\\/foliobooks.pl\\\/en\\\/#website\"},\"primaryImageOfPage\":{\"@id\":\"https:\\\/\\\/foliobooks.pl\\\/en\\\/shop\\\/linda-evangelista-photographed-by-steven-meisel\\\/#primaryimage\"},\"image\":{\"@id\":\"https:\\\/\\\/foliobooks.pl\\\/en\\\/shop\\\/linda-evangelista-photographed-by-steven-meisel\\\/#primaryimage\"},\"thumbnailUrl\":\"https:\\\/\\\/foliobooks.pl\\\/wp-content\\\/uploads\\\/2023\\\/11\\\/9780847865925.png\",\"datePublished\":\"2023-11-25T22:01:20+00:00\",\"dateModified\":\"2026-04-15T15:33:16+00:00\",\"description\":\"Wejd\u017a i kup ksi\u0105\u017ck\u0119 Linda Evangelista Photographed by Steven Meisel autorstwa Steven Meisel wydan\u0105 przez PHAIDON (2023-09-13) w formacie 35 x 45 cm (ISBN: 9781838667030). Zapraszamy!\",\"breadcrumb\":{\"@id\":\"https:\\\/\\\/foliobooks.pl\\\/en\\\/shop\\\/linda-evangelista-photographed-by-steven-meisel\\\/#breadcrumb\"},\"inLanguage\":\"en-US\",\"potentialAction\":[{\"@type\":\"ReadAction\",\"target\":[\"https:\\\/\\\/foliobooks.pl\\\/en\\\/shop\\\/linda-evangelista-photographed-by-steven-meisel\\\/\"]}]},{\"@type\":\"ImageObject\",\"inLanguage\":\"en-US\",\"@id\":\"https:\\\/\\\/foliobooks.pl\\\/en\\\/shop\\\/linda-evangelista-photographed-by-steven-meisel\\\/#primaryimage\",\"url\":\"https:\\\/\\\/foliobooks.pl\\\/wp-content\\\/uploads\\\/2023\\\/11\\\/9780847865925.png\",\"contentUrl\":\"https:\\\/\\\/foliobooks.pl\\\/wp-content\\\/uploads\\\/2023\\\/11\\\/9780847865925.png\",\"width\":570,\"height\":708},{\"@type\":\"BreadcrumbList\",\"@id\":\"https:\\\/\\\/foliobooks.pl\\\/en\\\/shop\\\/linda-evangelista-photographed-by-steven-meisel\\\/#breadcrumb\",\"itemListElement\":[{\"@type\":\"ListItem\",\"position\":1,\"name\":\"Strona g\u0142\u00f3wna\",\"item\":\"https:\\\/\\\/foliobooks.pl\\\/en\\\/\"},{\"@type\":\"ListItem\",\"position\":2,\"name\":\"Shop\",\"item\":\"https:\\\/\\\/foliobooks.pl\\\/en\\\/shop\\\/\"},{\"@type\":\"ListItem\",\"position\":3,\"name\":\"Linda Evangelista Photographed by Steven Meisel\"}]},{\"@type\":\"WebSite\",\"@id\":\"https:\\\/\\\/foliobooks.pl\\\/en\\\/#website\",\"url\":\"https:\\\/\\\/foliobooks.pl\\\/en\\\/\",\"name\":\"Folio\",\"description\":\"Ksi\u0119garnia internetowa\",\"potentialAction\":[{\"@type\":\"SearchAction\",\"target\":{\"@type\":\"EntryPoint\",\"urlTemplate\":\"https:\\\/\\\/foliobooks.pl\\\/en\\\/?s={search_term_string}\"},\"query-input\":{\"@type\":\"PropertyValueSpecification\",\"valueRequired\":true,\"valueName\":\"search_term_string\"}}],\"inLanguage\":\"en-US\"}]}<\/script>\n<!-- \/ Yoast SEO plugin. -->","yoast_head_json":{"title":"Linda Evangelista Photographed by Steven Meisel (Steven Meisel) - book \/ album - Folio","description":"Wejd\u017a i kup ksi\u0105\u017ck\u0119 Linda Evangelista Photographed by Steven Meisel autorstwa Steven Meisel wydan\u0105 przez PHAIDON (2023-09-13) w formacie 35 x 45 cm (ISBN: 9781838667030). Zapraszamy!","robots":{"index":"index","follow":"follow","max-snippet":"max-snippet:-1","max-image-preview":"max-image-preview:large","max-video-preview":"max-video-preview:-1"},"canonical":"https:\/\/foliobooks.pl\/en\/shop\/linda-evangelista-photographed-by-steven-meisel\/","og_locale":"en_US","og_type":"article","og_title":"Linda Evangelista Photographed by Steven Meisel (Steven Meisel) - book \/ album - Folio","og_description":"Wejd\u017a i kup ksi\u0105\u017ck\u0119 Linda Evangelista Photographed by Steven Meisel autorstwa Steven Meisel wydan\u0105 przez PHAIDON (2023-09-13) w formacie 35 x 45 cm (ISBN: 9781838667030). Zapraszamy!","og_url":"https:\/\/foliobooks.pl\/en\/shop\/linda-evangelista-photographed-by-steven-meisel\/","og_site_name":"Folio","article_modified_time":"2026-04-15T15:33:16+00:00","og_image":[{"width":570,"height":708,"url":"https:\/\/foliobooks.pl\/wp-content\/uploads\/2023\/11\/9780847865925.png","type":"image\/png"}],"twitter_card":"summary_large_image","twitter_misc":{"Est. reading time":"1 minute"},"schema":{"@context":"https:\/\/schema.org","@graph":[{"@type":"WebPage","@id":"https:\/\/foliobooks.pl\/en\/shop\/linda-evangelista-photographed-by-steven-meisel\/","url":"https:\/\/foliobooks.pl\/en\/shop\/linda-evangelista-photographed-by-steven-meisel\/","name":"Linda Evangelista Photographed by Steven Meisel (Steven Meisel) - book \/ album - Folio","isPartOf":{"@id":"https:\/\/foliobooks.pl\/en\/#website"},"primaryImageOfPage":{"@id":"https:\/\/foliobooks.pl\/en\/shop\/linda-evangelista-photographed-by-steven-meisel\/#primaryimage"},"image":{"@id":"https:\/\/foliobooks.pl\/en\/shop\/linda-evangelista-photographed-by-steven-meisel\/#primaryimage"},"thumbnailUrl":"https:\/\/foliobooks.pl\/wp-content\/uploads\/2023\/11\/9780847865925.png","datePublished":"2023-11-25T22:01:20+00:00","dateModified":"2026-04-15T15:33:16+00:00","description":"Wejd\u017a i kup ksi\u0105\u017ck\u0119 Linda Evangelista Photographed by Steven Meisel autorstwa Steven Meisel wydan\u0105 przez PHAIDON (2023-09-13) w formacie 35 x 45 cm (ISBN: 9781838667030). Zapraszamy!","breadcrumb":{"@id":"https:\/\/foliobooks.pl\/en\/shop\/linda-evangelista-photographed-by-steven-meisel\/#breadcrumb"},"inLanguage":"en-US","potentialAction":[{"@type":"ReadAction","target":["https:\/\/foliobooks.pl\/en\/shop\/linda-evangelista-photographed-by-steven-meisel\/"]}]},{"@type":"ImageObject","inLanguage":"en-US","@id":"https:\/\/foliobooks.pl\/en\/shop\/linda-evangelista-photographed-by-steven-meisel\/#primaryimage","url":"https:\/\/foliobooks.pl\/wp-content\/uploads\/2023\/11\/9780847865925.png","contentUrl":"https:\/\/foliobooks.pl\/wp-content\/uploads\/2023\/11\/9780847865925.png","width":570,"height":708},{"@type":"BreadcrumbList","@id":"https:\/\/foliobooks.pl\/en\/shop\/linda-evangelista-photographed-by-steven-meisel\/#breadcrumb","itemListElement":[{"@type":"ListItem","position":1,"name":"Strona g\u0142\u00f3wna","item":"https:\/\/foliobooks.pl\/en\/"},{"@type":"ListItem","position":2,"name":"Shop","item":"https:\/\/foliobooks.pl\/en\/shop\/"},{"@type":"ListItem","position":3,"name":"Linda Evangelista Photographed by Steven Meisel"}]},{"@type":"WebSite","@id":"https:\/\/foliobooks.pl\/en\/#website","url":"https:\/\/foliobooks.pl\/en\/","name":"Folio","description":"Ksi\u0119garnia internetowa","potentialAction":[{"@type":"SearchAction","target":{"@type":"EntryPoint","urlTemplate":"https:\/\/foliobooks.pl\/en\/?s={search_term_string}"},"query-input":{"@type":"PropertyValueSpecification","valueRequired":true,"valueName":"search_term_string"}}],"inLanguage":"en-US"}]}},"_links":{"self":[{"href":"https:\/\/foliobooks.pl\/en\/wp-json\/wp\/v2\/product\/97135","targetHints":{"allow":["GET"]}}],"collection":[{"href":"https:\/\/foliobooks.pl\/en\/wp-json\/wp\/v2\/product"}],"about":[{"href":"https:\/\/foliobooks.pl\/en\/wp-json\/wp\/v2\/types\/product"}],"replies":[{"embeddable":true,"href":"https:\/\/foliobooks.pl\/en\/wp-json\/wp\/v2\/comments?post=97135"}],"wp:featuredmedia":[{"embeddable":true,"href":"https:\/\/foliobooks.pl\/en\/wp-json\/wp\/v2\/media\/97118"}],"wp:attachment":[{"href":"https:\/\/foliobooks.pl\/en\/wp-json\/wp\/v2\/media?parent=97135"}],"wp:term":[{"taxonomy":"product_brand","embeddable":true,"href":"https:\/\/foliobooks.pl\/en\/wp-json\/wp\/v2\/product_brand?post=97135"},{"taxonomy":"product_cat","embeddable":true,"href":"https:\/\/foliobooks.pl\/en\/wp-json\/wp\/v2\/product_cat?post=97135"},{"taxonomy":"product_tag","embeddable":true,"href":"https:\/\/foliobooks.pl\/en\/wp-json\/wp\/v2\/product_tag?post=97135"}],"curies":[{"name":"wp","href":"https:\/\/api.w.org\/{rel}","templated":true}]}}