{"id":97090,"date":"2023-11-25T22:27:17","date_gmt":"2023-11-25T21:27:17","guid":{"rendered":"https:\/\/foliobooks.pl\/sklep\/freedom-azzedine-alaya-arthur-elgort\/"},"modified":"2026-04-15T17:29:11","modified_gmt":"2026-04-15T15:29:11","slug":"freedom-azzedine-alaya-arthur-elgort","status":"publish","type":"product","link":"https:\/\/foliobooks.pl\/en\/shop\/freedom-azzedine-alaya-arthur-elgort\/","title":{"rendered":"Freedom. Azzedine Alaya &#8211; Arthur Elgort"},"content":{"rendered":"<p>Celebrating the dynamic and enduring collaboration between two icons of fashion and photography<\/p>\n<p>In the 1970s, despite not yet knowing each other, Azzedine Ala\u00efa and Arthur Elgort were responding to a similar current within the cultural landscape. Ala\u00efa realized that fashion had changed; its locus had shifted from the salons to the streets. Elgort, then a young photographer for American Vogue, was in the process of establishing a new vision for photography that also moved outdoors, away from the studio; his &#8220;snapshots&#8221; ushered in a more informal photographic style marked by its spontaneity. Both actively contributed to popularizing the mobile, assertive and independent woman within fashion.<br \/>\nThis book commemorates the long collaboration between Ala\u00efa and Elgort. Many of the images produced by the duo are considered classics, emblematic of the late 20th century. This volume reproduces approximately 200 of these dynamic, playful photographs, many of which feature Ala\u00efa himself.<br \/>\nArthur Elgort (born 1940) studied painting at Hunter College but quickly transitioned to photography. In his long career he has worked on many major advertising campaigns, including for Chanel, Valentino and Yves Saint Laurent, shot countless fashion spreads and published several books, including Personal Fashion (1983), The Swan Prince (1987), Models Manual (1993), Ballet Camera Crazy (2004), The Big Picture (2014), Jazz (2018) and I Love&#8230;. (2019).<br \/>\nAzzedine Alaia (1935-2017) was a Tunisian couturier and shoe designer. He produced his first ready-to-wear collection in 1980. When his clothes were first sold at Bergdorf Goodman in 1982, it was considered so momentous that the New York Times later listed it as among the landmark events that altered the city&#8217;s cultural landscape. Among his devotees were Grace Jones (who wore several of his creations in A View to a Kill), Tina Turner, Raquel Welch, Madonna, Janet Jackson and Naomi Campbell.<\/p>\n","protected":false},"excerpt":{"rendered":"<p>Celebrating the dynamic and enduring collaboration between two icons of fashion and photography In the 1970s, despite not yet knowing each other, Azzedine Ala\u00efa and Arthur Elgort were responding to a similar current within the cultural landscape. Ala\u00efa realized that fashion had changed; its locus had shifted from the salons to the streets. Elgort, then&#8230;<\/p>\n","protected":false},"featured_media":97075,"comment_status":"closed","ping_status":"closed","template":"","meta":[],"product_brand":[],"product_cat":[13533,4519,4517],"product_tag":[6125,6121],"class_list":{"0":"post-97090","1":"product","2":"type-product","3":"status-publish","4":"has-post-thumbnail","6":"product_cat-books","7":"product_cat-fashion-en-en","8":"product_cat-photography-en","9":"product_tag-fashion","10":"product_tag-photography","11":"pa_author_att-arthur-elgort-en","12":"pa_cover-hardcover","13":"pa_format-245-x-335-cm-en","14":"pa_isbn-9788862087957-en","15":"pa_language-eng","16":"pa_pages-240-en","17":"pa_published-2023-03-21-en","18":"pa_publisher-damiani-en","20":"first","21":"instock","22":"sale","23":"sold-individually","24":"shipping-taxable","25":"purchasable","26":"product-type-simple"},"yoast_head":"<!-- This site is optimized with the Yoast SEO plugin v27.4 - https:\/\/yoast.com\/product\/yoast-seo-wordpress\/ -->\n<title>Freedom. Azzedine Alaya - Arthur Elgort (Arthur Elgort) - book \/ album - Folio<\/title>\n<meta name=\"description\" content=\"Wejd\u017a i kup ksi\u0105\u017ck\u0119 Freedom. Azzedine Alaya - Arthur Elgort autorstwa Arthur Elgort wydan\u0105 przez DAMIANI (2023-03-21) w formacie 24,5 x 33,5 cm (ISBN: 9788862087957). Zapraszamy!\" \/>\n<meta name=\"robots\" content=\"index, follow, max-snippet:-1, max-image-preview:large, max-video-preview:-1\" \/>\n<link rel=\"canonical\" href=\"https:\/\/foliobooks.pl\/en\/shop\/freedom-azzedine-alaya-arthur-elgort\/\" \/>\n<meta property=\"og:locale\" content=\"en_US\" \/>\n<meta property=\"og:type\" content=\"article\" \/>\n<meta property=\"og:title\" content=\"Freedom. Azzedine Alaya - Arthur Elgort (Arthur Elgort) - book \/ album - Folio\" \/>\n<meta property=\"og:description\" content=\"Wejd\u017a i kup ksi\u0105\u017ck\u0119 Freedom. Azzedine Alaya - Arthur Elgort autorstwa Arthur Elgort wydan\u0105 przez DAMIANI (2023-03-21) w formacie 24,5 x 33,5 cm (ISBN: 9788862087957). Zapraszamy!\" \/>\n<meta property=\"og:url\" content=\"https:\/\/foliobooks.pl\/en\/shop\/freedom-azzedine-alaya-arthur-elgort\/\" \/>\n<meta property=\"og:site_name\" content=\"Folio\" \/>\n<meta property=\"article:modified_time\" content=\"2026-04-15T15:29:11+00:00\" \/>\n<meta property=\"og:image\" content=\"https:\/\/foliobooks.pl\/wp-content\/uploads\/2023\/11\/9788862087957.png\" \/>\n\t<meta property=\"og:image:width\" content=\"570\" \/>\n\t<meta property=\"og:image:height\" content=\"708\" \/>\n\t<meta property=\"og:image:type\" content=\"image\/png\" \/>\n<meta name=\"twitter:card\" content=\"summary_large_image\" \/>\n<meta name=\"twitter:label1\" content=\"Est. reading time\" \/>\n\t<meta name=\"twitter:data1\" content=\"2 minutes\" \/>\n<script type=\"application\/ld+json\" class=\"yoast-schema-graph\">{\"@context\":\"https:\\\/\\\/schema.org\",\"@graph\":[{\"@type\":\"WebPage\",\"@id\":\"https:\\\/\\\/foliobooks.pl\\\/en\\\/shop\\\/freedom-azzedine-alaya-arthur-elgort\\\/\",\"url\":\"https:\\\/\\\/foliobooks.pl\\\/en\\\/shop\\\/freedom-azzedine-alaya-arthur-elgort\\\/\",\"name\":\"Freedom. Azzedine Alaya - Arthur Elgort (Arthur Elgort) - book \\\/ album - Folio\",\"isPartOf\":{\"@id\":\"https:\\\/\\\/foliobooks.pl\\\/en\\\/#website\"},\"primaryImageOfPage\":{\"@id\":\"https:\\\/\\\/foliobooks.pl\\\/en\\\/shop\\\/freedom-azzedine-alaya-arthur-elgort\\\/#primaryimage\"},\"image\":{\"@id\":\"https:\\\/\\\/foliobooks.pl\\\/en\\\/shop\\\/freedom-azzedine-alaya-arthur-elgort\\\/#primaryimage\"},\"thumbnailUrl\":\"https:\\\/\\\/foliobooks.pl\\\/wp-content\\\/uploads\\\/2023\\\/11\\\/9788862087957.png\",\"datePublished\":\"2023-11-25T21:27:17+00:00\",\"dateModified\":\"2026-04-15T15:29:11+00:00\",\"description\":\"Wejd\u017a i kup ksi\u0105\u017ck\u0119 Freedom. Azzedine Alaya - Arthur Elgort autorstwa Arthur Elgort wydan\u0105 przez DAMIANI (2023-03-21) w formacie 24,5 x 33,5 cm (ISBN: 9788862087957). Zapraszamy!\",\"breadcrumb\":{\"@id\":\"https:\\\/\\\/foliobooks.pl\\\/en\\\/shop\\\/freedom-azzedine-alaya-arthur-elgort\\\/#breadcrumb\"},\"inLanguage\":\"en-US\",\"potentialAction\":[{\"@type\":\"ReadAction\",\"target\":[\"https:\\\/\\\/foliobooks.pl\\\/en\\\/shop\\\/freedom-azzedine-alaya-arthur-elgort\\\/\"]}]},{\"@type\":\"ImageObject\",\"inLanguage\":\"en-US\",\"@id\":\"https:\\\/\\\/foliobooks.pl\\\/en\\\/shop\\\/freedom-azzedine-alaya-arthur-elgort\\\/#primaryimage\",\"url\":\"https:\\\/\\\/foliobooks.pl\\\/wp-content\\\/uploads\\\/2023\\\/11\\\/9788862087957.png\",\"contentUrl\":\"https:\\\/\\\/foliobooks.pl\\\/wp-content\\\/uploads\\\/2023\\\/11\\\/9788862087957.png\",\"width\":570,\"height\":708},{\"@type\":\"BreadcrumbList\",\"@id\":\"https:\\\/\\\/foliobooks.pl\\\/en\\\/shop\\\/freedom-azzedine-alaya-arthur-elgort\\\/#breadcrumb\",\"itemListElement\":[{\"@type\":\"ListItem\",\"position\":1,\"name\":\"Strona g\u0142\u00f3wna\",\"item\":\"https:\\\/\\\/foliobooks.pl\\\/en\\\/\"},{\"@type\":\"ListItem\",\"position\":2,\"name\":\"Shop\",\"item\":\"https:\\\/\\\/foliobooks.pl\\\/en\\\/shop\\\/\"},{\"@type\":\"ListItem\",\"position\":3,\"name\":\"Freedom. Azzedine Alaya &#8211; Arthur Elgort\"}]},{\"@type\":\"WebSite\",\"@id\":\"https:\\\/\\\/foliobooks.pl\\\/en\\\/#website\",\"url\":\"https:\\\/\\\/foliobooks.pl\\\/en\\\/\",\"name\":\"Folio\",\"description\":\"Ksi\u0119garnia internetowa\",\"potentialAction\":[{\"@type\":\"SearchAction\",\"target\":{\"@type\":\"EntryPoint\",\"urlTemplate\":\"https:\\\/\\\/foliobooks.pl\\\/en\\\/?s={search_term_string}\"},\"query-input\":{\"@type\":\"PropertyValueSpecification\",\"valueRequired\":true,\"valueName\":\"search_term_string\"}}],\"inLanguage\":\"en-US\"}]}<\/script>\n<!-- \/ Yoast SEO plugin. -->","yoast_head_json":{"title":"Freedom. Azzedine Alaya - Arthur Elgort (Arthur Elgort) - book \/ album - Folio","description":"Wejd\u017a i kup ksi\u0105\u017ck\u0119 Freedom. Azzedine Alaya - Arthur Elgort autorstwa Arthur Elgort wydan\u0105 przez DAMIANI (2023-03-21) w formacie 24,5 x 33,5 cm (ISBN: 9788862087957). Zapraszamy!","robots":{"index":"index","follow":"follow","max-snippet":"max-snippet:-1","max-image-preview":"max-image-preview:large","max-video-preview":"max-video-preview:-1"},"canonical":"https:\/\/foliobooks.pl\/en\/shop\/freedom-azzedine-alaya-arthur-elgort\/","og_locale":"en_US","og_type":"article","og_title":"Freedom. Azzedine Alaya - Arthur Elgort (Arthur Elgort) - book \/ album - Folio","og_description":"Wejd\u017a i kup ksi\u0105\u017ck\u0119 Freedom. Azzedine Alaya - Arthur Elgort autorstwa Arthur Elgort wydan\u0105 przez DAMIANI (2023-03-21) w formacie 24,5 x 33,5 cm (ISBN: 9788862087957). Zapraszamy!","og_url":"https:\/\/foliobooks.pl\/en\/shop\/freedom-azzedine-alaya-arthur-elgort\/","og_site_name":"Folio","article_modified_time":"2026-04-15T15:29:11+00:00","og_image":[{"width":570,"height":708,"url":"https:\/\/foliobooks.pl\/wp-content\/uploads\/2023\/11\/9788862087957.png","type":"image\/png"}],"twitter_card":"summary_large_image","twitter_misc":{"Est. reading time":"2 minutes"},"schema":{"@context":"https:\/\/schema.org","@graph":[{"@type":"WebPage","@id":"https:\/\/foliobooks.pl\/en\/shop\/freedom-azzedine-alaya-arthur-elgort\/","url":"https:\/\/foliobooks.pl\/en\/shop\/freedom-azzedine-alaya-arthur-elgort\/","name":"Freedom. Azzedine Alaya - Arthur Elgort (Arthur Elgort) - book \/ album - Folio","isPartOf":{"@id":"https:\/\/foliobooks.pl\/en\/#website"},"primaryImageOfPage":{"@id":"https:\/\/foliobooks.pl\/en\/shop\/freedom-azzedine-alaya-arthur-elgort\/#primaryimage"},"image":{"@id":"https:\/\/foliobooks.pl\/en\/shop\/freedom-azzedine-alaya-arthur-elgort\/#primaryimage"},"thumbnailUrl":"https:\/\/foliobooks.pl\/wp-content\/uploads\/2023\/11\/9788862087957.png","datePublished":"2023-11-25T21:27:17+00:00","dateModified":"2026-04-15T15:29:11+00:00","description":"Wejd\u017a i kup ksi\u0105\u017ck\u0119 Freedom. Azzedine Alaya - Arthur Elgort autorstwa Arthur Elgort wydan\u0105 przez DAMIANI (2023-03-21) w formacie 24,5 x 33,5 cm (ISBN: 9788862087957). Zapraszamy!","breadcrumb":{"@id":"https:\/\/foliobooks.pl\/en\/shop\/freedom-azzedine-alaya-arthur-elgort\/#breadcrumb"},"inLanguage":"en-US","potentialAction":[{"@type":"ReadAction","target":["https:\/\/foliobooks.pl\/en\/shop\/freedom-azzedine-alaya-arthur-elgort\/"]}]},{"@type":"ImageObject","inLanguage":"en-US","@id":"https:\/\/foliobooks.pl\/en\/shop\/freedom-azzedine-alaya-arthur-elgort\/#primaryimage","url":"https:\/\/foliobooks.pl\/wp-content\/uploads\/2023\/11\/9788862087957.png","contentUrl":"https:\/\/foliobooks.pl\/wp-content\/uploads\/2023\/11\/9788862087957.png","width":570,"height":708},{"@type":"BreadcrumbList","@id":"https:\/\/foliobooks.pl\/en\/shop\/freedom-azzedine-alaya-arthur-elgort\/#breadcrumb","itemListElement":[{"@type":"ListItem","position":1,"name":"Strona g\u0142\u00f3wna","item":"https:\/\/foliobooks.pl\/en\/"},{"@type":"ListItem","position":2,"name":"Shop","item":"https:\/\/foliobooks.pl\/en\/shop\/"},{"@type":"ListItem","position":3,"name":"Freedom. Azzedine Alaya &#8211; Arthur Elgort"}]},{"@type":"WebSite","@id":"https:\/\/foliobooks.pl\/en\/#website","url":"https:\/\/foliobooks.pl\/en\/","name":"Folio","description":"Ksi\u0119garnia internetowa","potentialAction":[{"@type":"SearchAction","target":{"@type":"EntryPoint","urlTemplate":"https:\/\/foliobooks.pl\/en\/?s={search_term_string}"},"query-input":{"@type":"PropertyValueSpecification","valueRequired":true,"valueName":"search_term_string"}}],"inLanguage":"en-US"}]}},"_links":{"self":[{"href":"https:\/\/foliobooks.pl\/en\/wp-json\/wp\/v2\/product\/97090","targetHints":{"allow":["GET"]}}],"collection":[{"href":"https:\/\/foliobooks.pl\/en\/wp-json\/wp\/v2\/product"}],"about":[{"href":"https:\/\/foliobooks.pl\/en\/wp-json\/wp\/v2\/types\/product"}],"replies":[{"embeddable":true,"href":"https:\/\/foliobooks.pl\/en\/wp-json\/wp\/v2\/comments?post=97090"}],"wp:featuredmedia":[{"embeddable":true,"href":"https:\/\/foliobooks.pl\/en\/wp-json\/wp\/v2\/media\/97075"}],"wp:attachment":[{"href":"https:\/\/foliobooks.pl\/en\/wp-json\/wp\/v2\/media?parent=97090"}],"wp:term":[{"taxonomy":"product_brand","embeddable":true,"href":"https:\/\/foliobooks.pl\/en\/wp-json\/wp\/v2\/product_brand?post=97090"},{"taxonomy":"product_cat","embeddable":true,"href":"https:\/\/foliobooks.pl\/en\/wp-json\/wp\/v2\/product_cat?post=97090"},{"taxonomy":"product_tag","embeddable":true,"href":"https:\/\/foliobooks.pl\/en\/wp-json\/wp\/v2\/product_tag?post=97090"}],"curies":[{"name":"wp","href":"https:\/\/api.w.org\/{rel}","templated":true}]}}