{"id":97072,"date":"2023-11-25T22:10:54","date_gmt":"2023-11-25T21:10:54","guid":{"rendered":"https:\/\/foliobooks.pl\/sklep\/fantasies-carine-roitfeld-fashion-book\/"},"modified":"2024-04-25T17:59:18","modified_gmt":"2024-04-25T15:59:18","slug":"fantasies-carine-roitfeld-fashion-book","status":"publish","type":"product","link":"https:\/\/foliobooks.pl\/en\/shop\/fantasies-carine-roitfeld-fashion-book\/","title":{"rendered":"Fantasies. Carine Roitfeld Fashion Book"},"content":{"rendered":"<p>After her 10-year tenure as the editor of Vogue Paris, where she was known for her provocative editorials, Carine Roitfeld has since launched her magazine CR Fashion Book which explodes with creative strength to propel fashion forward into new, unexpected, and glamorous directions.<\/p>\n<p>Delve into the enthralling universe of CR Fashion Book, a creative playground that celebrates cutting-edge style, culture, and inspiration with a daring attitude.Irreverent in spirit and seductively charming, Roitfeld is the supreme arbiter of style. Following her years at Vogue Paris from 2001 to 2011, Roitfeld set out to create an innovative platform for groundbreaking styling, inspiring fashion imagery, and intriguing words from creatives in the worlds of art, music, film, and style\u2014all through the lens of fashion and photography.<\/p>\n<p>Guided by Roitfeld\u2019s bold, unmistakable aesthetic, this covetable hardcover volume, housed in a deluxe cloth slipcase, transports readers through subversive imagery that reinvents fashion through its intersection with celebrity, religion, cinema, sex, music, and inclusivity. Featuring fearless, risqu\u00e9 imagery of pop culture icons and the new guard of rising stars including Lady Gaga, Beyonc\u00e9, Megan Thee Stallion, Barbie Ferreira, Zendaya, Kaia Gerber, Ashley Graham, and Lily-Rose Depp, shot by top photographers from Sebastian Faena, Mario Sorrenti, to Mert Alas and Marcus Piggott. Exclusive anecdotes and interviews come from Roitfeld, alongside collaborators and friends including Riccardo Tisci, Gigi Hadid, amongst others. This absolute must-have volume will appeal to fashion lovers and those with an appreciation for art, design, beauty, and popular culture.<\/p>\n","protected":false},"excerpt":{"rendered":"<p>After her 10-year tenure as the editor of Vogue Paris, where she was known for her provocative editorials, Carine Roitfeld has since launched her magazine CR Fashion Book which explodes with creative strength to propel fashion forward into new, unexpected, and glamorous directions. Delve into the enthralling universe of CR Fashion Book, a creative playground&#8230;<\/p>\n","protected":false},"featured_media":97070,"comment_status":"closed","ping_status":"closed","template":"","meta":[],"product_brand":[],"product_cat":[13533,4519],"product_tag":[6125],"class_list":{"0":"post-97072","1":"product","2":"type-product","3":"status-publish","4":"has-post-thumbnail","6":"product_cat-books","7":"product_cat-fashion-en-en","8":"product_tag-fashion","9":"pa_author_att-carine-roitfeld-en","10":"pa_cover-hardcover","11":"pa_format-27-x-36-cm-en","12":"pa_isbn-9780847873739-en","13":"pa_language-eng","14":"pa_pages-368-en-2","15":"pa_published-2023-09-26-en","16":"pa_publisher-rizzoli-en","18":"first","19":"outofstock","20":"sold-individually","21":"shipping-taxable","22":"purchasable","23":"product-type-simple"},"yoast_head":"<!-- This site is optimized with the Yoast SEO plugin v27.4 - https:\/\/yoast.com\/product\/yoast-seo-wordpress\/ -->\n<title>Fantasies. Carine Roitfeld Fashion Book (Carine Roitfeld) - book \/ album - Folio<\/title>\n<meta name=\"description\" content=\"Wejd\u017a i kup ksi\u0105\u017ck\u0119 Fantasies. Carine Roitfeld Fashion Book autorstwa Carine Roitfeld wydan\u0105 przez Rizzoli (2023-09-26) w formacie 27 x 36 cm (ISBN: 9780847873739). Zapraszamy!\" \/>\n<meta name=\"robots\" content=\"index, follow, max-snippet:-1, max-image-preview:large, max-video-preview:-1\" \/>\n<link rel=\"canonical\" href=\"https:\/\/foliobooks.pl\/en\/shop\/fantasies-carine-roitfeld-fashion-book\/\" \/>\n<meta property=\"og:locale\" content=\"en_US\" \/>\n<meta property=\"og:type\" content=\"article\" \/>\n<meta property=\"og:title\" content=\"Fantasies. Carine Roitfeld Fashion Book (Carine Roitfeld) - book \/ album - Folio\" \/>\n<meta property=\"og:description\" content=\"Wejd\u017a i kup ksi\u0105\u017ck\u0119 Fantasies. Carine Roitfeld Fashion Book autorstwa Carine Roitfeld wydan\u0105 przez Rizzoli (2023-09-26) w formacie 27 x 36 cm (ISBN: 9780847873739). Zapraszamy!\" \/>\n<meta property=\"og:url\" content=\"https:\/\/foliobooks.pl\/en\/shop\/fantasies-carine-roitfeld-fashion-book\/\" \/>\n<meta property=\"og:site_name\" content=\"Folio\" \/>\n<meta property=\"article:modified_time\" content=\"2024-04-25T15:59:18+00:00\" \/>\n<meta property=\"og:image\" content=\"https:\/\/foliobooks.pl\/wp-content\/uploads\/2023\/11\/9780847873739.png\" \/>\n\t<meta property=\"og:image:width\" content=\"570\" \/>\n\t<meta property=\"og:image:height\" content=\"708\" \/>\n\t<meta property=\"og:image:type\" content=\"image\/png\" \/>\n<meta name=\"twitter:card\" content=\"summary_large_image\" \/>\n<meta name=\"twitter:label1\" content=\"Est. reading time\" \/>\n\t<meta name=\"twitter:data1\" content=\"2 minutes\" \/>\n<script type=\"application\/ld+json\" class=\"yoast-schema-graph\">{\"@context\":\"https:\\\/\\\/schema.org\",\"@graph\":[{\"@type\":\"WebPage\",\"@id\":\"https:\\\/\\\/foliobooks.pl\\\/en\\\/shop\\\/fantasies-carine-roitfeld-fashion-book\\\/\",\"url\":\"https:\\\/\\\/foliobooks.pl\\\/en\\\/shop\\\/fantasies-carine-roitfeld-fashion-book\\\/\",\"name\":\"Fantasies. Carine Roitfeld Fashion Book (Carine Roitfeld) - book \\\/ album - Folio\",\"isPartOf\":{\"@id\":\"https:\\\/\\\/foliobooks.pl\\\/en\\\/#website\"},\"primaryImageOfPage\":{\"@id\":\"https:\\\/\\\/foliobooks.pl\\\/en\\\/shop\\\/fantasies-carine-roitfeld-fashion-book\\\/#primaryimage\"},\"image\":{\"@id\":\"https:\\\/\\\/foliobooks.pl\\\/en\\\/shop\\\/fantasies-carine-roitfeld-fashion-book\\\/#primaryimage\"},\"thumbnailUrl\":\"https:\\\/\\\/foliobooks.pl\\\/wp-content\\\/uploads\\\/2023\\\/11\\\/9780847873739.png\",\"datePublished\":\"2023-11-25T21:10:54+00:00\",\"dateModified\":\"2024-04-25T15:59:18+00:00\",\"description\":\"Wejd\u017a i kup ksi\u0105\u017ck\u0119 Fantasies. Carine Roitfeld Fashion Book autorstwa Carine Roitfeld wydan\u0105 przez Rizzoli (2023-09-26) w formacie 27 x 36 cm (ISBN: 9780847873739). Zapraszamy!\",\"breadcrumb\":{\"@id\":\"https:\\\/\\\/foliobooks.pl\\\/en\\\/shop\\\/fantasies-carine-roitfeld-fashion-book\\\/#breadcrumb\"},\"inLanguage\":\"en-US\",\"potentialAction\":[{\"@type\":\"ReadAction\",\"target\":[\"https:\\\/\\\/foliobooks.pl\\\/en\\\/shop\\\/fantasies-carine-roitfeld-fashion-book\\\/\"]}]},{\"@type\":\"ImageObject\",\"inLanguage\":\"en-US\",\"@id\":\"https:\\\/\\\/foliobooks.pl\\\/en\\\/shop\\\/fantasies-carine-roitfeld-fashion-book\\\/#primaryimage\",\"url\":\"https:\\\/\\\/foliobooks.pl\\\/wp-content\\\/uploads\\\/2023\\\/11\\\/9780847873739.png\",\"contentUrl\":\"https:\\\/\\\/foliobooks.pl\\\/wp-content\\\/uploads\\\/2023\\\/11\\\/9780847873739.png\",\"width\":570,\"height\":708},{\"@type\":\"BreadcrumbList\",\"@id\":\"https:\\\/\\\/foliobooks.pl\\\/en\\\/shop\\\/fantasies-carine-roitfeld-fashion-book\\\/#breadcrumb\",\"itemListElement\":[{\"@type\":\"ListItem\",\"position\":1,\"name\":\"Strona g\u0142\u00f3wna\",\"item\":\"https:\\\/\\\/foliobooks.pl\\\/en\\\/\"},{\"@type\":\"ListItem\",\"position\":2,\"name\":\"Shop\",\"item\":\"https:\\\/\\\/foliobooks.pl\\\/en\\\/shop\\\/\"},{\"@type\":\"ListItem\",\"position\":3,\"name\":\"Fantasies. Carine Roitfeld Fashion Book\"}]},{\"@type\":\"WebSite\",\"@id\":\"https:\\\/\\\/foliobooks.pl\\\/en\\\/#website\",\"url\":\"https:\\\/\\\/foliobooks.pl\\\/en\\\/\",\"name\":\"Folio\",\"description\":\"Ksi\u0119garnia internetowa\",\"potentialAction\":[{\"@type\":\"SearchAction\",\"target\":{\"@type\":\"EntryPoint\",\"urlTemplate\":\"https:\\\/\\\/foliobooks.pl\\\/en\\\/?s={search_term_string}\"},\"query-input\":{\"@type\":\"PropertyValueSpecification\",\"valueRequired\":true,\"valueName\":\"search_term_string\"}}],\"inLanguage\":\"en-US\"}]}<\/script>\n<!-- \/ Yoast SEO plugin. -->","yoast_head_json":{"title":"Fantasies. Carine Roitfeld Fashion Book (Carine Roitfeld) - book \/ album - Folio","description":"Wejd\u017a i kup ksi\u0105\u017ck\u0119 Fantasies. Carine Roitfeld Fashion Book autorstwa Carine Roitfeld wydan\u0105 przez Rizzoli (2023-09-26) w formacie 27 x 36 cm (ISBN: 9780847873739). Zapraszamy!","robots":{"index":"index","follow":"follow","max-snippet":"max-snippet:-1","max-image-preview":"max-image-preview:large","max-video-preview":"max-video-preview:-1"},"canonical":"https:\/\/foliobooks.pl\/en\/shop\/fantasies-carine-roitfeld-fashion-book\/","og_locale":"en_US","og_type":"article","og_title":"Fantasies. Carine Roitfeld Fashion Book (Carine Roitfeld) - book \/ album - Folio","og_description":"Wejd\u017a i kup ksi\u0105\u017ck\u0119 Fantasies. Carine Roitfeld Fashion Book autorstwa Carine Roitfeld wydan\u0105 przez Rizzoli (2023-09-26) w formacie 27 x 36 cm (ISBN: 9780847873739). Zapraszamy!","og_url":"https:\/\/foliobooks.pl\/en\/shop\/fantasies-carine-roitfeld-fashion-book\/","og_site_name":"Folio","article_modified_time":"2024-04-25T15:59:18+00:00","og_image":[{"width":570,"height":708,"url":"https:\/\/foliobooks.pl\/wp-content\/uploads\/2023\/11\/9780847873739.png","type":"image\/png"}],"twitter_card":"summary_large_image","twitter_misc":{"Est. reading time":"2 minutes"},"schema":{"@context":"https:\/\/schema.org","@graph":[{"@type":"WebPage","@id":"https:\/\/foliobooks.pl\/en\/shop\/fantasies-carine-roitfeld-fashion-book\/","url":"https:\/\/foliobooks.pl\/en\/shop\/fantasies-carine-roitfeld-fashion-book\/","name":"Fantasies. Carine Roitfeld Fashion Book (Carine Roitfeld) - book \/ album - Folio","isPartOf":{"@id":"https:\/\/foliobooks.pl\/en\/#website"},"primaryImageOfPage":{"@id":"https:\/\/foliobooks.pl\/en\/shop\/fantasies-carine-roitfeld-fashion-book\/#primaryimage"},"image":{"@id":"https:\/\/foliobooks.pl\/en\/shop\/fantasies-carine-roitfeld-fashion-book\/#primaryimage"},"thumbnailUrl":"https:\/\/foliobooks.pl\/wp-content\/uploads\/2023\/11\/9780847873739.png","datePublished":"2023-11-25T21:10:54+00:00","dateModified":"2024-04-25T15:59:18+00:00","description":"Wejd\u017a i kup ksi\u0105\u017ck\u0119 Fantasies. Carine Roitfeld Fashion Book autorstwa Carine Roitfeld wydan\u0105 przez Rizzoli (2023-09-26) w formacie 27 x 36 cm (ISBN: 9780847873739). Zapraszamy!","breadcrumb":{"@id":"https:\/\/foliobooks.pl\/en\/shop\/fantasies-carine-roitfeld-fashion-book\/#breadcrumb"},"inLanguage":"en-US","potentialAction":[{"@type":"ReadAction","target":["https:\/\/foliobooks.pl\/en\/shop\/fantasies-carine-roitfeld-fashion-book\/"]}]},{"@type":"ImageObject","inLanguage":"en-US","@id":"https:\/\/foliobooks.pl\/en\/shop\/fantasies-carine-roitfeld-fashion-book\/#primaryimage","url":"https:\/\/foliobooks.pl\/wp-content\/uploads\/2023\/11\/9780847873739.png","contentUrl":"https:\/\/foliobooks.pl\/wp-content\/uploads\/2023\/11\/9780847873739.png","width":570,"height":708},{"@type":"BreadcrumbList","@id":"https:\/\/foliobooks.pl\/en\/shop\/fantasies-carine-roitfeld-fashion-book\/#breadcrumb","itemListElement":[{"@type":"ListItem","position":1,"name":"Strona g\u0142\u00f3wna","item":"https:\/\/foliobooks.pl\/en\/"},{"@type":"ListItem","position":2,"name":"Shop","item":"https:\/\/foliobooks.pl\/en\/shop\/"},{"@type":"ListItem","position":3,"name":"Fantasies. Carine Roitfeld Fashion Book"}]},{"@type":"WebSite","@id":"https:\/\/foliobooks.pl\/en\/#website","url":"https:\/\/foliobooks.pl\/en\/","name":"Folio","description":"Ksi\u0119garnia internetowa","potentialAction":[{"@type":"SearchAction","target":{"@type":"EntryPoint","urlTemplate":"https:\/\/foliobooks.pl\/en\/?s={search_term_string}"},"query-input":{"@type":"PropertyValueSpecification","valueRequired":true,"valueName":"search_term_string"}}],"inLanguage":"en-US"}]}},"_links":{"self":[{"href":"https:\/\/foliobooks.pl\/en\/wp-json\/wp\/v2\/product\/97072","targetHints":{"allow":["GET"]}}],"collection":[{"href":"https:\/\/foliobooks.pl\/en\/wp-json\/wp\/v2\/product"}],"about":[{"href":"https:\/\/foliobooks.pl\/en\/wp-json\/wp\/v2\/types\/product"}],"replies":[{"embeddable":true,"href":"https:\/\/foliobooks.pl\/en\/wp-json\/wp\/v2\/comments?post=97072"}],"wp:featuredmedia":[{"embeddable":true,"href":"https:\/\/foliobooks.pl\/en\/wp-json\/wp\/v2\/media\/97070"}],"wp:attachment":[{"href":"https:\/\/foliobooks.pl\/en\/wp-json\/wp\/v2\/media?parent=97072"}],"wp:term":[{"taxonomy":"product_brand","embeddable":true,"href":"https:\/\/foliobooks.pl\/en\/wp-json\/wp\/v2\/product_brand?post=97072"},{"taxonomy":"product_cat","embeddable":true,"href":"https:\/\/foliobooks.pl\/en\/wp-json\/wp\/v2\/product_cat?post=97072"},{"taxonomy":"product_tag","embeddable":true,"href":"https:\/\/foliobooks.pl\/en\/wp-json\/wp\/v2\/product_tag?post=97072"}],"curies":[{"name":"wp","href":"https:\/\/api.w.org\/{rel}","templated":true}]}}