{"id":97067,"date":"2023-11-25T22:04:31","date_gmt":"2023-11-25T21:04:31","guid":{"rendered":"https:\/\/foliobooks.pl\/sklep\/dream-golf-courses-remarkable-golf-courses-around-the-world\/"},"modified":"2023-11-25T22:04:31","modified_gmt":"2023-11-25T21:04:31","slug":"dream-golf-courses-remarkable-golf-courses-around-the-world","status":"publish","type":"product","link":"https:\/\/foliobooks.pl\/en\/shop\/dream-golf-courses-remarkable-golf-courses-around-the-world\/","title":{"rendered":"Dream Golf Courses. Remarkable Golf Courses Around the World"},"content":{"rendered":"<p>In 1971, Apollo 14 astronaut Alan Shepard used his 6-iron to tap a few golf balls on the Moon. This famous event did a lot for the image of a sport that had a reputation for being dull and conservative.<\/p>\n<p>Location, location, location. There are many golf courses around the world &#8212; 35,000 or more. And there are tens of millions of golfers, but a select group of golf courses that are outstanding examples of beautiful design, challenging layouts, and unforgettable settings.<\/p>\n<p>Here are many of the world&#8217;s best, 83 in all. There are courses in<\/p>\n<ul>\n<li>the British Isles, where golf was invented (St Andrews and Castle Stuart in Scotland, Lahinch in Ireland, Royal St George in England)<\/li>\n<li>Europe (France, Germany, Spain, Holland and Norway)<\/li>\n<li>the US (Brandon Dunes, Pebble Beach, PGA West and Augusta National)<\/li>\n<li>Canada (Banff Springs, Cabot Cliffs)<\/li>\n<li>Mexico<\/li>\n<li>and outstanding courses in Africa, the UAR, Japan, Thailand, China, Australia, New Zealand and South Korea.<\/li>\n<\/ul>\n<p>Each course description is a beautiful, double-page spread (some are 4 pages), with a history of its design, construction and great rounds played; the highlights of playing there now, a locator map, length and par play, and green fees for the course &#8212; because these are courses we dream of playing, not just looking at!<\/p>\n<p>This is a very beautiful book, featuring photography that will thrill any golfer, and have them planning for more trips &#8212; with clubs.<\/p>\n","protected":false},"excerpt":{"rendered":"<p>In 1971, Apollo 14 astronaut Alan Shepard used his 6-iron to tap a few golf balls on the Moon. This famous event did a lot for the image of a sport that had a reputation for being dull and conservative. Location, location, location. There are many golf courses around the world &#8212; 35,000 or more&#8230;.<\/p>\n","protected":false},"featured_media":97058,"comment_status":"closed","ping_status":"closed","template":"","meta":[],"product_brand":[],"product_cat":[13533,4517],"product_tag":[1488],"class_list":{"0":"post-97067","1":"product","2":"type-product","3":"status-publish","4":"has-post-thumbnail","6":"product_cat-books","7":"product_cat-photography-en","8":"product_tag-sport-en","9":"pa_author_att-christophe-thoreau-en","10":"pa_cover-hardcover","11":"pa_format-216-x-277-cm-en","12":"pa_isbn-9780228104162-en","13":"pa_language-eng","14":"pa_pages-204-en","15":"pa_published-2023-09-01-en","16":"pa_publisher-firefly-books-en","18":"first","19":"outofstock","20":"sold-individually","21":"shipping-taxable","22":"purchasable","23":"product-type-simple"},"yoast_head":"<!-- This site is optimized with the Yoast SEO plugin v27.4 - https:\/\/yoast.com\/product\/yoast-seo-wordpress\/ -->\n<title>Dream Golf Courses. Remarkable Golf Courses Around the World (Christophe Thoreau) - book \/ album - Folio<\/title>\n<meta name=\"description\" content=\"Wejd\u017a i kup ksi\u0105\u017ck\u0119 Dream Golf Courses. Remarkable Golf Courses Around the World autorstwa Christophe Thoreau wydan\u0105 przez Firefly Books (2023-09-01) w formacie 21,6 x 27,7 cm (ISBN: 9780228104162). Zapraszamy!\" \/>\n<meta name=\"robots\" content=\"index, follow, max-snippet:-1, max-image-preview:large, max-video-preview:-1\" \/>\n<link rel=\"canonical\" href=\"https:\/\/foliobooks.pl\/en\/shop\/dream-golf-courses-remarkable-golf-courses-around-the-world\/\" \/>\n<meta property=\"og:locale\" content=\"en_US\" \/>\n<meta property=\"og:type\" content=\"article\" \/>\n<meta property=\"og:title\" content=\"Dream Golf Courses. Remarkable Golf Courses Around the World (Christophe Thoreau) - book \/ album - Folio\" \/>\n<meta property=\"og:description\" content=\"Wejd\u017a i kup ksi\u0105\u017ck\u0119 Dream Golf Courses. Remarkable Golf Courses Around the World autorstwa Christophe Thoreau wydan\u0105 przez Firefly Books (2023-09-01) w formacie 21,6 x 27,7 cm (ISBN: 9780228104162). Zapraszamy!\" \/>\n<meta property=\"og:url\" content=\"https:\/\/foliobooks.pl\/en\/shop\/dream-golf-courses-remarkable-golf-courses-around-the-world\/\" \/>\n<meta property=\"og:site_name\" content=\"Folio\" \/>\n<meta property=\"og:image\" content=\"https:\/\/foliobooks.pl\/wp-content\/uploads\/2023\/11\/9780228104162.png\" \/>\n\t<meta property=\"og:image:width\" content=\"570\" \/>\n\t<meta property=\"og:image:height\" content=\"708\" \/>\n\t<meta property=\"og:image:type\" content=\"image\/png\" \/>\n<meta name=\"twitter:card\" content=\"summary_large_image\" \/>\n<meta name=\"twitter:label1\" content=\"Est. reading time\" \/>\n\t<meta name=\"twitter:data1\" content=\"2 minutes\" \/>\n<script type=\"application\/ld+json\" class=\"yoast-schema-graph\">{\"@context\":\"https:\\\/\\\/schema.org\",\"@graph\":[{\"@type\":\"WebPage\",\"@id\":\"https:\\\/\\\/foliobooks.pl\\\/en\\\/shop\\\/dream-golf-courses-remarkable-golf-courses-around-the-world\\\/\",\"url\":\"https:\\\/\\\/foliobooks.pl\\\/en\\\/shop\\\/dream-golf-courses-remarkable-golf-courses-around-the-world\\\/\",\"name\":\"Dream Golf Courses. Remarkable Golf Courses Around the World (Christophe Thoreau) - book \\\/ album - Folio\",\"isPartOf\":{\"@id\":\"https:\\\/\\\/foliobooks.pl\\\/en\\\/#website\"},\"primaryImageOfPage\":{\"@id\":\"https:\\\/\\\/foliobooks.pl\\\/en\\\/shop\\\/dream-golf-courses-remarkable-golf-courses-around-the-world\\\/#primaryimage\"},\"image\":{\"@id\":\"https:\\\/\\\/foliobooks.pl\\\/en\\\/shop\\\/dream-golf-courses-remarkable-golf-courses-around-the-world\\\/#primaryimage\"},\"thumbnailUrl\":\"https:\\\/\\\/foliobooks.pl\\\/wp-content\\\/uploads\\\/2023\\\/11\\\/9780228104162.png\",\"datePublished\":\"2023-11-25T21:04:31+00:00\",\"description\":\"Wejd\u017a i kup ksi\u0105\u017ck\u0119 Dream Golf Courses. Remarkable Golf Courses Around the World autorstwa Christophe Thoreau wydan\u0105 przez Firefly Books (2023-09-01) w formacie 21,6 x 27,7 cm (ISBN: 9780228104162). Zapraszamy!\",\"breadcrumb\":{\"@id\":\"https:\\\/\\\/foliobooks.pl\\\/en\\\/shop\\\/dream-golf-courses-remarkable-golf-courses-around-the-world\\\/#breadcrumb\"},\"inLanguage\":\"en-US\",\"potentialAction\":[{\"@type\":\"ReadAction\",\"target\":[\"https:\\\/\\\/foliobooks.pl\\\/en\\\/shop\\\/dream-golf-courses-remarkable-golf-courses-around-the-world\\\/\"]}]},{\"@type\":\"ImageObject\",\"inLanguage\":\"en-US\",\"@id\":\"https:\\\/\\\/foliobooks.pl\\\/en\\\/shop\\\/dream-golf-courses-remarkable-golf-courses-around-the-world\\\/#primaryimage\",\"url\":\"https:\\\/\\\/foliobooks.pl\\\/wp-content\\\/uploads\\\/2023\\\/11\\\/9780228104162.png\",\"contentUrl\":\"https:\\\/\\\/foliobooks.pl\\\/wp-content\\\/uploads\\\/2023\\\/11\\\/9780228104162.png\",\"width\":570,\"height\":708},{\"@type\":\"BreadcrumbList\",\"@id\":\"https:\\\/\\\/foliobooks.pl\\\/en\\\/shop\\\/dream-golf-courses-remarkable-golf-courses-around-the-world\\\/#breadcrumb\",\"itemListElement\":[{\"@type\":\"ListItem\",\"position\":1,\"name\":\"Strona g\u0142\u00f3wna\",\"item\":\"https:\\\/\\\/foliobooks.pl\\\/en\\\/\"},{\"@type\":\"ListItem\",\"position\":2,\"name\":\"Shop\",\"item\":\"https:\\\/\\\/foliobooks.pl\\\/en\\\/shop\\\/\"},{\"@type\":\"ListItem\",\"position\":3,\"name\":\"Dream Golf Courses. Remarkable Golf Courses Around the World\"}]},{\"@type\":\"WebSite\",\"@id\":\"https:\\\/\\\/foliobooks.pl\\\/en\\\/#website\",\"url\":\"https:\\\/\\\/foliobooks.pl\\\/en\\\/\",\"name\":\"Folio\",\"description\":\"Ksi\u0119garnia internetowa\",\"potentialAction\":[{\"@type\":\"SearchAction\",\"target\":{\"@type\":\"EntryPoint\",\"urlTemplate\":\"https:\\\/\\\/foliobooks.pl\\\/en\\\/?s={search_term_string}\"},\"query-input\":{\"@type\":\"PropertyValueSpecification\",\"valueRequired\":true,\"valueName\":\"search_term_string\"}}],\"inLanguage\":\"en-US\"}]}<\/script>\n<!-- \/ Yoast SEO plugin. -->","yoast_head_json":{"title":"Dream Golf Courses. Remarkable Golf Courses Around the World (Christophe Thoreau) - book \/ album - Folio","description":"Wejd\u017a i kup ksi\u0105\u017ck\u0119 Dream Golf Courses. Remarkable Golf Courses Around the World autorstwa Christophe Thoreau wydan\u0105 przez Firefly Books (2023-09-01) w formacie 21,6 x 27,7 cm (ISBN: 9780228104162). Zapraszamy!","robots":{"index":"index","follow":"follow","max-snippet":"max-snippet:-1","max-image-preview":"max-image-preview:large","max-video-preview":"max-video-preview:-1"},"canonical":"https:\/\/foliobooks.pl\/en\/shop\/dream-golf-courses-remarkable-golf-courses-around-the-world\/","og_locale":"en_US","og_type":"article","og_title":"Dream Golf Courses. Remarkable Golf Courses Around the World (Christophe Thoreau) - book \/ album - Folio","og_description":"Wejd\u017a i kup ksi\u0105\u017ck\u0119 Dream Golf Courses. Remarkable Golf Courses Around the World autorstwa Christophe Thoreau wydan\u0105 przez Firefly Books (2023-09-01) w formacie 21,6 x 27,7 cm (ISBN: 9780228104162). Zapraszamy!","og_url":"https:\/\/foliobooks.pl\/en\/shop\/dream-golf-courses-remarkable-golf-courses-around-the-world\/","og_site_name":"Folio","og_image":[{"width":570,"height":708,"url":"https:\/\/foliobooks.pl\/wp-content\/uploads\/2023\/11\/9780228104162.png","type":"image\/png"}],"twitter_card":"summary_large_image","twitter_misc":{"Est. reading time":"2 minutes"},"schema":{"@context":"https:\/\/schema.org","@graph":[{"@type":"WebPage","@id":"https:\/\/foliobooks.pl\/en\/shop\/dream-golf-courses-remarkable-golf-courses-around-the-world\/","url":"https:\/\/foliobooks.pl\/en\/shop\/dream-golf-courses-remarkable-golf-courses-around-the-world\/","name":"Dream Golf Courses. Remarkable Golf Courses Around the World (Christophe Thoreau) - book \/ album - Folio","isPartOf":{"@id":"https:\/\/foliobooks.pl\/en\/#website"},"primaryImageOfPage":{"@id":"https:\/\/foliobooks.pl\/en\/shop\/dream-golf-courses-remarkable-golf-courses-around-the-world\/#primaryimage"},"image":{"@id":"https:\/\/foliobooks.pl\/en\/shop\/dream-golf-courses-remarkable-golf-courses-around-the-world\/#primaryimage"},"thumbnailUrl":"https:\/\/foliobooks.pl\/wp-content\/uploads\/2023\/11\/9780228104162.png","datePublished":"2023-11-25T21:04:31+00:00","description":"Wejd\u017a i kup ksi\u0105\u017ck\u0119 Dream Golf Courses. Remarkable Golf Courses Around the World autorstwa Christophe Thoreau wydan\u0105 przez Firefly Books (2023-09-01) w formacie 21,6 x 27,7 cm (ISBN: 9780228104162). Zapraszamy!","breadcrumb":{"@id":"https:\/\/foliobooks.pl\/en\/shop\/dream-golf-courses-remarkable-golf-courses-around-the-world\/#breadcrumb"},"inLanguage":"en-US","potentialAction":[{"@type":"ReadAction","target":["https:\/\/foliobooks.pl\/en\/shop\/dream-golf-courses-remarkable-golf-courses-around-the-world\/"]}]},{"@type":"ImageObject","inLanguage":"en-US","@id":"https:\/\/foliobooks.pl\/en\/shop\/dream-golf-courses-remarkable-golf-courses-around-the-world\/#primaryimage","url":"https:\/\/foliobooks.pl\/wp-content\/uploads\/2023\/11\/9780228104162.png","contentUrl":"https:\/\/foliobooks.pl\/wp-content\/uploads\/2023\/11\/9780228104162.png","width":570,"height":708},{"@type":"BreadcrumbList","@id":"https:\/\/foliobooks.pl\/en\/shop\/dream-golf-courses-remarkable-golf-courses-around-the-world\/#breadcrumb","itemListElement":[{"@type":"ListItem","position":1,"name":"Strona g\u0142\u00f3wna","item":"https:\/\/foliobooks.pl\/en\/"},{"@type":"ListItem","position":2,"name":"Shop","item":"https:\/\/foliobooks.pl\/en\/shop\/"},{"@type":"ListItem","position":3,"name":"Dream Golf Courses. Remarkable Golf Courses Around the World"}]},{"@type":"WebSite","@id":"https:\/\/foliobooks.pl\/en\/#website","url":"https:\/\/foliobooks.pl\/en\/","name":"Folio","description":"Ksi\u0119garnia internetowa","potentialAction":[{"@type":"SearchAction","target":{"@type":"EntryPoint","urlTemplate":"https:\/\/foliobooks.pl\/en\/?s={search_term_string}"},"query-input":{"@type":"PropertyValueSpecification","valueRequired":true,"valueName":"search_term_string"}}],"inLanguage":"en-US"}]}},"_links":{"self":[{"href":"https:\/\/foliobooks.pl\/en\/wp-json\/wp\/v2\/product\/97067","targetHints":{"allow":["GET"]}}],"collection":[{"href":"https:\/\/foliobooks.pl\/en\/wp-json\/wp\/v2\/product"}],"about":[{"href":"https:\/\/foliobooks.pl\/en\/wp-json\/wp\/v2\/types\/product"}],"replies":[{"embeddable":true,"href":"https:\/\/foliobooks.pl\/en\/wp-json\/wp\/v2\/comments?post=97067"}],"wp:featuredmedia":[{"embeddable":true,"href":"https:\/\/foliobooks.pl\/en\/wp-json\/wp\/v2\/media\/97058"}],"wp:attachment":[{"href":"https:\/\/foliobooks.pl\/en\/wp-json\/wp\/v2\/media?parent=97067"}],"wp:term":[{"taxonomy":"product_brand","embeddable":true,"href":"https:\/\/foliobooks.pl\/en\/wp-json\/wp\/v2\/product_brand?post=97067"},{"taxonomy":"product_cat","embeddable":true,"href":"https:\/\/foliobooks.pl\/en\/wp-json\/wp\/v2\/product_cat?post=97067"},{"taxonomy":"product_tag","embeddable":true,"href":"https:\/\/foliobooks.pl\/en\/wp-json\/wp\/v2\/product_tag?post=97067"}],"curies":[{"name":"wp","href":"https:\/\/api.w.org\/{rel}","templated":true}]}}