{"id":97049,"date":"2023-11-25T21:50:26","date_gmt":"2023-11-25T20:50:26","guid":{"rendered":"https:\/\/foliobooks.pl\/sklep\/crypto-art-begins\/"},"modified":"2026-04-15T17:26:26","modified_gmt":"2026-04-15T15:26:26","slug":"crypto-art-begins","status":"publish","type":"product","link":"https:\/\/foliobooks.pl\/en\/shop\/crypto-art-begins\/","title":{"rendered":"Crypto Art &#8211; Begins"},"content":{"rendered":"<p>The first NFT book that tells of the beginning of Crypto Art with 50 of the best artists in the movement.<\/p>\n<p>In the last year, crypto art has overwhelmed the world of digital art and beyond, involving collectors, museums, and auction houses, creating a fully-fledged digital revolution. It is guided by visionary artists who have promoted this unprecedented movement, with new rules, overwhelming dynamics, and innovative ways of using art.<\/p>\n<p>Crypto Art\u2014Begins, published by Rizzoli Italia and New York, is based on an idea and project by The NFT Magazine, the first monthly magazine to be read and collected on the blockchain Ethereum.<\/p>\n<p>The volume tells of this exciting movement through the history and works of 50 crypto artists\u2014including Hackatao, Refik Anadol, Kevin Abosch, Osinachi, Federico Clapis, Giant Swan, and DADA.Art\u2014who contributed to its creation and form a part of it with their NFTs (non-fungible tokens) representing the present and future of this new world.<\/p>\n","protected":false},"excerpt":{"rendered":"<p>The first NFT book that tells of the beginning of Crypto Art with 50 of the best artists in the movement. In the last year, crypto art has overwhelmed the world of digital art and beyond, involving collectors, museums, and auction houses, creating a fully-fledged digital revolution. It is guided by visionary artists who have&#8230;<\/p>\n","protected":false},"featured_media":97048,"comment_status":"closed","ping_status":"closed","template":"","meta":[],"product_brand":[],"product_cat":[4522,13533],"product_tag":[9083,979],"class_list":{"0":"post-97049","1":"product","2":"type-product","3":"status-publish","4":"has-post-thumbnail","6":"product_cat-art-en","7":"product_cat-books","8":"product_tag-art-en","9":"product_tag-contemporary-art-en","10":"pa_author_att-andrea-concas-en","11":"pa_cover-hardcover","12":"pa_isbn-978889183960-en","13":"pa_language-eng","14":"pa_pages-288-en-2","15":"pa_published-2023-09-19-en","16":"pa_publisher-rizzoli-en","18":"first","19":"instock","20":"sale","21":"sold-individually","22":"shipping-taxable","23":"purchasable","24":"product-type-simple"},"yoast_head":"<!-- This site is optimized with the Yoast SEO plugin v27.4 - https:\/\/yoast.com\/product\/yoast-seo-wordpress\/ -->\n<title>Crypto Art - Begins (Andrea Concas) - book \/ album - Folio<\/title>\n<meta name=\"description\" content=\"Wejd\u017a i kup ksi\u0105\u017ck\u0119 Crypto Art - Begins autorstwa Andrea Concas wydan\u0105 przez Rizzoli (2023-09-19) w formacie (ISBN: 978889183960). Zapraszamy!\" \/>\n<meta name=\"robots\" content=\"index, follow, max-snippet:-1, max-image-preview:large, max-video-preview:-1\" \/>\n<link rel=\"canonical\" href=\"https:\/\/foliobooks.pl\/en\/shop\/crypto-art-begins\/\" \/>\n<meta property=\"og:locale\" content=\"en_US\" \/>\n<meta property=\"og:type\" content=\"article\" \/>\n<meta property=\"og:title\" content=\"Crypto Art - Begins (Andrea Concas) - book \/ album - Folio\" \/>\n<meta property=\"og:description\" content=\"Wejd\u017a i kup ksi\u0105\u017ck\u0119 Crypto Art - Begins autorstwa Andrea Concas wydan\u0105 przez Rizzoli (2023-09-19) w formacie (ISBN: 978889183960). Zapraszamy!\" \/>\n<meta property=\"og:url\" content=\"https:\/\/foliobooks.pl\/en\/shop\/crypto-art-begins\/\" \/>\n<meta property=\"og:site_name\" content=\"Folio\" \/>\n<meta property=\"article:modified_time\" content=\"2026-04-15T15:26:26+00:00\" \/>\n<meta property=\"og:image\" content=\"https:\/\/foliobooks.pl\/wp-content\/uploads\/2023\/11\/978889183960.png\" \/>\n\t<meta property=\"og:image:width\" content=\"570\" \/>\n\t<meta property=\"og:image:height\" content=\"708\" \/>\n\t<meta property=\"og:image:type\" content=\"image\/png\" \/>\n<meta name=\"twitter:card\" content=\"summary_large_image\" \/>\n<meta name=\"twitter:label1\" content=\"Est. reading time\" \/>\n\t<meta name=\"twitter:data1\" content=\"1 minute\" \/>\n<script type=\"application\/ld+json\" class=\"yoast-schema-graph\">{\"@context\":\"https:\\\/\\\/schema.org\",\"@graph\":[{\"@type\":\"WebPage\",\"@id\":\"https:\\\/\\\/foliobooks.pl\\\/en\\\/shop\\\/crypto-art-begins\\\/\",\"url\":\"https:\\\/\\\/foliobooks.pl\\\/en\\\/shop\\\/crypto-art-begins\\\/\",\"name\":\"Crypto Art - Begins (Andrea Concas) - book \\\/ album - Folio\",\"isPartOf\":{\"@id\":\"https:\\\/\\\/foliobooks.pl\\\/en\\\/#website\"},\"primaryImageOfPage\":{\"@id\":\"https:\\\/\\\/foliobooks.pl\\\/en\\\/shop\\\/crypto-art-begins\\\/#primaryimage\"},\"image\":{\"@id\":\"https:\\\/\\\/foliobooks.pl\\\/en\\\/shop\\\/crypto-art-begins\\\/#primaryimage\"},\"thumbnailUrl\":\"https:\\\/\\\/foliobooks.pl\\\/wp-content\\\/uploads\\\/2023\\\/11\\\/978889183960.png\",\"datePublished\":\"2023-11-25T20:50:26+00:00\",\"dateModified\":\"2026-04-15T15:26:26+00:00\",\"description\":\"Wejd\u017a i kup ksi\u0105\u017ck\u0119 Crypto Art - Begins autorstwa Andrea Concas wydan\u0105 przez Rizzoli (2023-09-19) w formacie (ISBN: 978889183960). Zapraszamy!\",\"breadcrumb\":{\"@id\":\"https:\\\/\\\/foliobooks.pl\\\/en\\\/shop\\\/crypto-art-begins\\\/#breadcrumb\"},\"inLanguage\":\"en-US\",\"potentialAction\":[{\"@type\":\"ReadAction\",\"target\":[\"https:\\\/\\\/foliobooks.pl\\\/en\\\/shop\\\/crypto-art-begins\\\/\"]}]},{\"@type\":\"ImageObject\",\"inLanguage\":\"en-US\",\"@id\":\"https:\\\/\\\/foliobooks.pl\\\/en\\\/shop\\\/crypto-art-begins\\\/#primaryimage\",\"url\":\"https:\\\/\\\/foliobooks.pl\\\/wp-content\\\/uploads\\\/2023\\\/11\\\/978889183960.png\",\"contentUrl\":\"https:\\\/\\\/foliobooks.pl\\\/wp-content\\\/uploads\\\/2023\\\/11\\\/978889183960.png\",\"width\":570,\"height\":708},{\"@type\":\"BreadcrumbList\",\"@id\":\"https:\\\/\\\/foliobooks.pl\\\/en\\\/shop\\\/crypto-art-begins\\\/#breadcrumb\",\"itemListElement\":[{\"@type\":\"ListItem\",\"position\":1,\"name\":\"Strona g\u0142\u00f3wna\",\"item\":\"https:\\\/\\\/foliobooks.pl\\\/en\\\/\"},{\"@type\":\"ListItem\",\"position\":2,\"name\":\"Shop\",\"item\":\"https:\\\/\\\/foliobooks.pl\\\/en\\\/shop\\\/\"},{\"@type\":\"ListItem\",\"position\":3,\"name\":\"Crypto Art &#8211; Begins\"}]},{\"@type\":\"WebSite\",\"@id\":\"https:\\\/\\\/foliobooks.pl\\\/en\\\/#website\",\"url\":\"https:\\\/\\\/foliobooks.pl\\\/en\\\/\",\"name\":\"Folio\",\"description\":\"Ksi\u0119garnia internetowa\",\"potentialAction\":[{\"@type\":\"SearchAction\",\"target\":{\"@type\":\"EntryPoint\",\"urlTemplate\":\"https:\\\/\\\/foliobooks.pl\\\/en\\\/?s={search_term_string}\"},\"query-input\":{\"@type\":\"PropertyValueSpecification\",\"valueRequired\":true,\"valueName\":\"search_term_string\"}}],\"inLanguage\":\"en-US\"}]}<\/script>\n<!-- \/ Yoast SEO plugin. -->","yoast_head_json":{"title":"Crypto Art - Begins (Andrea Concas) - book \/ album - Folio","description":"Wejd\u017a i kup ksi\u0105\u017ck\u0119 Crypto Art - Begins autorstwa Andrea Concas wydan\u0105 przez Rizzoli (2023-09-19) w formacie (ISBN: 978889183960). Zapraszamy!","robots":{"index":"index","follow":"follow","max-snippet":"max-snippet:-1","max-image-preview":"max-image-preview:large","max-video-preview":"max-video-preview:-1"},"canonical":"https:\/\/foliobooks.pl\/en\/shop\/crypto-art-begins\/","og_locale":"en_US","og_type":"article","og_title":"Crypto Art - Begins (Andrea Concas) - book \/ album - Folio","og_description":"Wejd\u017a i kup ksi\u0105\u017ck\u0119 Crypto Art - Begins autorstwa Andrea Concas wydan\u0105 przez Rizzoli (2023-09-19) w formacie (ISBN: 978889183960). Zapraszamy!","og_url":"https:\/\/foliobooks.pl\/en\/shop\/crypto-art-begins\/","og_site_name":"Folio","article_modified_time":"2026-04-15T15:26:26+00:00","og_image":[{"width":570,"height":708,"url":"https:\/\/foliobooks.pl\/wp-content\/uploads\/2023\/11\/978889183960.png","type":"image\/png"}],"twitter_card":"summary_large_image","twitter_misc":{"Est. reading time":"1 minute"},"schema":{"@context":"https:\/\/schema.org","@graph":[{"@type":"WebPage","@id":"https:\/\/foliobooks.pl\/en\/shop\/crypto-art-begins\/","url":"https:\/\/foliobooks.pl\/en\/shop\/crypto-art-begins\/","name":"Crypto Art - Begins (Andrea Concas) - book \/ album - Folio","isPartOf":{"@id":"https:\/\/foliobooks.pl\/en\/#website"},"primaryImageOfPage":{"@id":"https:\/\/foliobooks.pl\/en\/shop\/crypto-art-begins\/#primaryimage"},"image":{"@id":"https:\/\/foliobooks.pl\/en\/shop\/crypto-art-begins\/#primaryimage"},"thumbnailUrl":"https:\/\/foliobooks.pl\/wp-content\/uploads\/2023\/11\/978889183960.png","datePublished":"2023-11-25T20:50:26+00:00","dateModified":"2026-04-15T15:26:26+00:00","description":"Wejd\u017a i kup ksi\u0105\u017ck\u0119 Crypto Art - Begins autorstwa Andrea Concas wydan\u0105 przez Rizzoli (2023-09-19) w formacie (ISBN: 978889183960). Zapraszamy!","breadcrumb":{"@id":"https:\/\/foliobooks.pl\/en\/shop\/crypto-art-begins\/#breadcrumb"},"inLanguage":"en-US","potentialAction":[{"@type":"ReadAction","target":["https:\/\/foliobooks.pl\/en\/shop\/crypto-art-begins\/"]}]},{"@type":"ImageObject","inLanguage":"en-US","@id":"https:\/\/foliobooks.pl\/en\/shop\/crypto-art-begins\/#primaryimage","url":"https:\/\/foliobooks.pl\/wp-content\/uploads\/2023\/11\/978889183960.png","contentUrl":"https:\/\/foliobooks.pl\/wp-content\/uploads\/2023\/11\/978889183960.png","width":570,"height":708},{"@type":"BreadcrumbList","@id":"https:\/\/foliobooks.pl\/en\/shop\/crypto-art-begins\/#breadcrumb","itemListElement":[{"@type":"ListItem","position":1,"name":"Strona g\u0142\u00f3wna","item":"https:\/\/foliobooks.pl\/en\/"},{"@type":"ListItem","position":2,"name":"Shop","item":"https:\/\/foliobooks.pl\/en\/shop\/"},{"@type":"ListItem","position":3,"name":"Crypto Art &#8211; Begins"}]},{"@type":"WebSite","@id":"https:\/\/foliobooks.pl\/en\/#website","url":"https:\/\/foliobooks.pl\/en\/","name":"Folio","description":"Ksi\u0119garnia internetowa","potentialAction":[{"@type":"SearchAction","target":{"@type":"EntryPoint","urlTemplate":"https:\/\/foliobooks.pl\/en\/?s={search_term_string}"},"query-input":{"@type":"PropertyValueSpecification","valueRequired":true,"valueName":"search_term_string"}}],"inLanguage":"en-US"}]}},"_links":{"self":[{"href":"https:\/\/foliobooks.pl\/en\/wp-json\/wp\/v2\/product\/97049","targetHints":{"allow":["GET"]}}],"collection":[{"href":"https:\/\/foliobooks.pl\/en\/wp-json\/wp\/v2\/product"}],"about":[{"href":"https:\/\/foliobooks.pl\/en\/wp-json\/wp\/v2\/types\/product"}],"replies":[{"embeddable":true,"href":"https:\/\/foliobooks.pl\/en\/wp-json\/wp\/v2\/comments?post=97049"}],"wp:featuredmedia":[{"embeddable":true,"href":"https:\/\/foliobooks.pl\/en\/wp-json\/wp\/v2\/media\/97048"}],"wp:attachment":[{"href":"https:\/\/foliobooks.pl\/en\/wp-json\/wp\/v2\/media?parent=97049"}],"wp:term":[{"taxonomy":"product_brand","embeddable":true,"href":"https:\/\/foliobooks.pl\/en\/wp-json\/wp\/v2\/product_brand?post=97049"},{"taxonomy":"product_cat","embeddable":true,"href":"https:\/\/foliobooks.pl\/en\/wp-json\/wp\/v2\/product_cat?post=97049"},{"taxonomy":"product_tag","embeddable":true,"href":"https:\/\/foliobooks.pl\/en\/wp-json\/wp\/v2\/product_tag?post=97049"}],"curies":[{"name":"wp","href":"https:\/\/api.w.org\/{rel}","templated":true}]}}