{"id":97036,"date":"2023-11-25T21:11:46","date_gmt":"2023-11-25T20:11:46","guid":{"rendered":"https:\/\/foliobooks.pl\/sklep\/byredo\/"},"modified":"2026-04-15T17:24:06","modified_gmt":"2026-04-15T15:24:06","slug":"byredo","status":"publish","type":"product","link":"https:\/\/foliobooks.pl\/en\/shop\/byredo\/","title":{"rendered":"Byredo"},"content":{"rendered":"<p>ounded in 2006 in Stockholm by Ben Gorham\u2014a former basketball player turned self-taught perfumer\u2014Byredo is one of today\u2019s most popular global brands known for its fragrances, makeup, home goods, and accessories. With the desire to translate memories and emotions into unique experiences, Byredo is an innovative force in modern luxury.<\/p>\n<p>This volume explores the brand\u2019s heritage and identity through a dictionary format, with such entries as Art, Eyes, Paris, and Water. Readers discover iconic candles and fragrances, hit collaborations, and boundary-breaking campaigns. Photography by some of fashion\u2019s luminaries\u2014including Craig McDean, Paolo Roversi, and Inez &amp; Vinoodh\u2014illustrates Byredo\u2019s singular universe. Candles take inspiration from Stockholm\u2019s cold winter nights. Partnerships with the late fashion designer Virgil Abloh, a close collaborator who imagined candles, T-shirts, and bags; rapper Travis Scott, who developed a candle and perfume; and jewelry designer Charlotte Chesnais, who designed a line of unisex gems, demonstrate creative breadth. Chapters on diverse product offerings, from hiking boots to Italian-made leather goods, enliven the pages. Crafted with the same attention to detail and inventiveness as the brand\u2019s products, this fascinating publication comes alive with 26 die-cuts interspersed throughout its 336 pages and a supple latex paper cover.<\/p>\n","protected":false},"excerpt":{"rendered":"<p>ounded in 2006 in Stockholm by Ben Gorham\u2014a former basketball player turned self-taught perfumer\u2014Byredo is one of today\u2019s most popular global brands known for its fragrances, makeup, home goods, and accessories. With the desire to translate memories and emotions into unique experiences, Byredo is an innovative force in modern luxury. This volume explores the brand\u2019s&#8230;<\/p>\n","protected":false},"featured_media":97035,"comment_status":"closed","ping_status":"closed","template":"","meta":[],"product_brand":[],"product_cat":[4516,13533,4519],"product_tag":[6125,4900],"class_list":{"0":"post-97036","1":"product","2":"type-product","3":"status-publish","4":"has-post-thumbnail","6":"product_cat-architecture-en","7":"product_cat-books","8":"product_cat-fashion-en-en","9":"product_tag-fashion","10":"product_tag-style-en-en","11":"pa_author_att-ben-gorham-en","12":"pa_cover-hardcover","13":"pa_format-20-x-26-cm-en","14":"pa_isbn-9780847873760-en","15":"pa_language-eng","16":"pa_pages-336-en","17":"pa_published-2023-10-17-en","18":"pa_publisher-rizzoli-en","20":"first","21":"instock","22":"sale","23":"sold-individually","24":"shipping-taxable","25":"purchasable","26":"product-type-simple"},"yoast_head":"<!-- This site is optimized with the Yoast SEO plugin v27.6 - https:\/\/yoast.com\/product\/yoast-seo-wordpress\/ -->\n<title>Byredo (Ben Gorham) - book \/ album - Folio<\/title>\n<meta name=\"description\" content=\"Wejd\u017a i kup ksi\u0105\u017ck\u0119 Byredo autorstwa Ben Gorham wydan\u0105 przez Rizzoli (2023-10-17) w formacie 20 x 26 cm (ISBN: 9780847873760). Zapraszamy!\" \/>\n<meta name=\"robots\" content=\"index, follow, max-snippet:-1, max-image-preview:large, max-video-preview:-1\" \/>\n<link rel=\"canonical\" href=\"https:\/\/foliobooks.pl\/en\/shop\/byredo\/\" \/>\n<meta property=\"og:locale\" content=\"en_US\" \/>\n<meta property=\"og:type\" content=\"article\" \/>\n<meta property=\"og:title\" content=\"Byredo (Ben Gorham) - book \/ album - Folio\" \/>\n<meta property=\"og:description\" content=\"Wejd\u017a i kup ksi\u0105\u017ck\u0119 Byredo autorstwa Ben Gorham wydan\u0105 przez Rizzoli (2023-10-17) w formacie 20 x 26 cm (ISBN: 9780847873760). Zapraszamy!\" \/>\n<meta property=\"og:url\" content=\"https:\/\/foliobooks.pl\/en\/shop\/byredo\/\" \/>\n<meta property=\"og:site_name\" content=\"Folio\" \/>\n<meta property=\"article:modified_time\" content=\"2026-04-15T15:24:06+00:00\" \/>\n<meta property=\"og:image\" content=\"https:\/\/foliobooks.pl\/wp-content\/uploads\/2023\/11\/9780847873760.png\" \/>\n\t<meta property=\"og:image:width\" content=\"570\" \/>\n\t<meta property=\"og:image:height\" content=\"708\" \/>\n\t<meta property=\"og:image:type\" content=\"image\/png\" \/>\n<meta name=\"twitter:card\" content=\"summary_large_image\" \/>\n<meta name=\"twitter:label1\" content=\"Est. reading time\" \/>\n\t<meta name=\"twitter:data1\" content=\"2 minutes\" \/>\n<script type=\"application\/ld+json\" class=\"yoast-schema-graph\">{\"@context\":\"https:\\\/\\\/schema.org\",\"@graph\":[{\"@type\":\"WebPage\",\"@id\":\"https:\\\/\\\/foliobooks.pl\\\/en\\\/shop\\\/byredo\\\/\",\"url\":\"https:\\\/\\\/foliobooks.pl\\\/en\\\/shop\\\/byredo\\\/\",\"name\":\"Byredo (Ben Gorham) - book \\\/ album - Folio\",\"isPartOf\":{\"@id\":\"https:\\\/\\\/foliobooks.pl\\\/en\\\/#website\"},\"primaryImageOfPage\":{\"@id\":\"https:\\\/\\\/foliobooks.pl\\\/en\\\/shop\\\/byredo\\\/#primaryimage\"},\"image\":{\"@id\":\"https:\\\/\\\/foliobooks.pl\\\/en\\\/shop\\\/byredo\\\/#primaryimage\"},\"thumbnailUrl\":\"https:\\\/\\\/foliobooks.pl\\\/wp-content\\\/uploads\\\/2023\\\/11\\\/9780847873760.png\",\"datePublished\":\"2023-11-25T20:11:46+00:00\",\"dateModified\":\"2026-04-15T15:24:06+00:00\",\"description\":\"Wejd\u017a i kup ksi\u0105\u017ck\u0119 Byredo autorstwa Ben Gorham wydan\u0105 przez Rizzoli (2023-10-17) w formacie 20 x 26 cm (ISBN: 9780847873760). Zapraszamy!\",\"breadcrumb\":{\"@id\":\"https:\\\/\\\/foliobooks.pl\\\/en\\\/shop\\\/byredo\\\/#breadcrumb\"},\"inLanguage\":\"en-US\",\"potentialAction\":[{\"@type\":\"ReadAction\",\"target\":[\"https:\\\/\\\/foliobooks.pl\\\/en\\\/shop\\\/byredo\\\/\"]}]},{\"@type\":\"ImageObject\",\"inLanguage\":\"en-US\",\"@id\":\"https:\\\/\\\/foliobooks.pl\\\/en\\\/shop\\\/byredo\\\/#primaryimage\",\"url\":\"https:\\\/\\\/foliobooks.pl\\\/wp-content\\\/uploads\\\/2023\\\/11\\\/9780847873760.png\",\"contentUrl\":\"https:\\\/\\\/foliobooks.pl\\\/wp-content\\\/uploads\\\/2023\\\/11\\\/9780847873760.png\",\"width\":570,\"height\":708},{\"@type\":\"BreadcrumbList\",\"@id\":\"https:\\\/\\\/foliobooks.pl\\\/en\\\/shop\\\/byredo\\\/#breadcrumb\",\"itemListElement\":[{\"@type\":\"ListItem\",\"position\":1,\"name\":\"Strona g\u0142\u00f3wna\",\"item\":\"https:\\\/\\\/foliobooks.pl\\\/en\\\/\"},{\"@type\":\"ListItem\",\"position\":2,\"name\":\"Shop\",\"item\":\"https:\\\/\\\/foliobooks.pl\\\/en\\\/shop\\\/\"},{\"@type\":\"ListItem\",\"position\":3,\"name\":\"Byredo\"}]},{\"@type\":\"WebSite\",\"@id\":\"https:\\\/\\\/foliobooks.pl\\\/en\\\/#website\",\"url\":\"https:\\\/\\\/foliobooks.pl\\\/en\\\/\",\"name\":\"Folio\",\"description\":\"Ksi\u0119garnia internetowa\",\"potentialAction\":[{\"@type\":\"SearchAction\",\"target\":{\"@type\":\"EntryPoint\",\"urlTemplate\":\"https:\\\/\\\/foliobooks.pl\\\/en\\\/?s={search_term_string}\"},\"query-input\":{\"@type\":\"PropertyValueSpecification\",\"valueRequired\":true,\"valueName\":\"search_term_string\"}}],\"inLanguage\":\"en-US\"}]}<\/script>\n<!-- \/ Yoast SEO plugin. -->","yoast_head_json":{"title":"Byredo (Ben Gorham) - book \/ album - Folio","description":"Wejd\u017a i kup ksi\u0105\u017ck\u0119 Byredo autorstwa Ben Gorham wydan\u0105 przez Rizzoli (2023-10-17) w formacie 20 x 26 cm (ISBN: 9780847873760). Zapraszamy!","robots":{"index":"index","follow":"follow","max-snippet":"max-snippet:-1","max-image-preview":"max-image-preview:large","max-video-preview":"max-video-preview:-1"},"canonical":"https:\/\/foliobooks.pl\/en\/shop\/byredo\/","og_locale":"en_US","og_type":"article","og_title":"Byredo (Ben Gorham) - book \/ album - Folio","og_description":"Wejd\u017a i kup ksi\u0105\u017ck\u0119 Byredo autorstwa Ben Gorham wydan\u0105 przez Rizzoli (2023-10-17) w formacie 20 x 26 cm (ISBN: 9780847873760). Zapraszamy!","og_url":"https:\/\/foliobooks.pl\/en\/shop\/byredo\/","og_site_name":"Folio","article_modified_time":"2026-04-15T15:24:06+00:00","og_image":[{"width":570,"height":708,"url":"https:\/\/foliobooks.pl\/wp-content\/uploads\/2023\/11\/9780847873760.png","type":"image\/png"}],"twitter_card":"summary_large_image","twitter_misc":{"Est. reading time":"2 minutes"},"schema":{"@context":"https:\/\/schema.org","@graph":[{"@type":"WebPage","@id":"https:\/\/foliobooks.pl\/en\/shop\/byredo\/","url":"https:\/\/foliobooks.pl\/en\/shop\/byredo\/","name":"Byredo (Ben Gorham) - book \/ album - Folio","isPartOf":{"@id":"https:\/\/foliobooks.pl\/en\/#website"},"primaryImageOfPage":{"@id":"https:\/\/foliobooks.pl\/en\/shop\/byredo\/#primaryimage"},"image":{"@id":"https:\/\/foliobooks.pl\/en\/shop\/byredo\/#primaryimage"},"thumbnailUrl":"https:\/\/foliobooks.pl\/wp-content\/uploads\/2023\/11\/9780847873760.png","datePublished":"2023-11-25T20:11:46+00:00","dateModified":"2026-04-15T15:24:06+00:00","description":"Wejd\u017a i kup ksi\u0105\u017ck\u0119 Byredo autorstwa Ben Gorham wydan\u0105 przez Rizzoli (2023-10-17) w formacie 20 x 26 cm (ISBN: 9780847873760). Zapraszamy!","breadcrumb":{"@id":"https:\/\/foliobooks.pl\/en\/shop\/byredo\/#breadcrumb"},"inLanguage":"en-US","potentialAction":[{"@type":"ReadAction","target":["https:\/\/foliobooks.pl\/en\/shop\/byredo\/"]}]},{"@type":"ImageObject","inLanguage":"en-US","@id":"https:\/\/foliobooks.pl\/en\/shop\/byredo\/#primaryimage","url":"https:\/\/foliobooks.pl\/wp-content\/uploads\/2023\/11\/9780847873760.png","contentUrl":"https:\/\/foliobooks.pl\/wp-content\/uploads\/2023\/11\/9780847873760.png","width":570,"height":708},{"@type":"BreadcrumbList","@id":"https:\/\/foliobooks.pl\/en\/shop\/byredo\/#breadcrumb","itemListElement":[{"@type":"ListItem","position":1,"name":"Strona g\u0142\u00f3wna","item":"https:\/\/foliobooks.pl\/en\/"},{"@type":"ListItem","position":2,"name":"Shop","item":"https:\/\/foliobooks.pl\/en\/shop\/"},{"@type":"ListItem","position":3,"name":"Byredo"}]},{"@type":"WebSite","@id":"https:\/\/foliobooks.pl\/en\/#website","url":"https:\/\/foliobooks.pl\/en\/","name":"Folio","description":"Ksi\u0119garnia internetowa","potentialAction":[{"@type":"SearchAction","target":{"@type":"EntryPoint","urlTemplate":"https:\/\/foliobooks.pl\/en\/?s={search_term_string}"},"query-input":{"@type":"PropertyValueSpecification","valueRequired":true,"valueName":"search_term_string"}}],"inLanguage":"en-US"}]}},"_links":{"self":[{"href":"https:\/\/foliobooks.pl\/en\/wp-json\/wp\/v2\/product\/97036","targetHints":{"allow":["GET"]}}],"collection":[{"href":"https:\/\/foliobooks.pl\/en\/wp-json\/wp\/v2\/product"}],"about":[{"href":"https:\/\/foliobooks.pl\/en\/wp-json\/wp\/v2\/types\/product"}],"replies":[{"embeddable":true,"href":"https:\/\/foliobooks.pl\/en\/wp-json\/wp\/v2\/comments?post=97036"}],"wp:featuredmedia":[{"embeddable":true,"href":"https:\/\/foliobooks.pl\/en\/wp-json\/wp\/v2\/media\/97035"}],"wp:attachment":[{"href":"https:\/\/foliobooks.pl\/en\/wp-json\/wp\/v2\/media?parent=97036"}],"wp:term":[{"taxonomy":"product_brand","embeddable":true,"href":"https:\/\/foliobooks.pl\/en\/wp-json\/wp\/v2\/product_brand?post=97036"},{"taxonomy":"product_cat","embeddable":true,"href":"https:\/\/foliobooks.pl\/en\/wp-json\/wp\/v2\/product_cat?post=97036"},{"taxonomy":"product_tag","embeddable":true,"href":"https:\/\/foliobooks.pl\/en\/wp-json\/wp\/v2\/product_tag?post=97036"}],"curies":[{"name":"wp","href":"https:\/\/api.w.org\/{rel}","templated":true}]}}