{"id":97014,"date":"2023-11-25T20:51:55","date_gmt":"2023-11-25T19:51:55","guid":{"rendered":"https:\/\/foliobooks.pl\/sklep\/the-beatles-by-terry-oneill\/"},"modified":"2026-04-15T17:22:57","modified_gmt":"2026-04-15T15:22:57","slug":"the-beatles-by-terry-oneill","status":"publish","type":"product","link":"https:\/\/foliobooks.pl\/en\/shop\/the-beatles-by-terry-oneill\/","title":{"rendered":"The Beatles by Terry O&#8217;Neill"},"content":{"rendered":"<p>See the Beatles like never before in hundreds of previously unpublished images and exclusive unknown stories of the Fab Four by legendary photographer, Terry O\u2019Neill, who had exclusive access to the lives of John, Paul, George, and Ringo in the studio, on stage, on tour, and at home.<\/p>\n<p>Celebrate the 60th anniversary of Please Please Me, the Beatles\u2019 first studio album, with rare and never-before-seen photographs of the Fab Four by legendary British photographer Terry O\u2019Neill from their early days in Liverpool through their prolific solo careers.<\/p>\n<p>This one-of-a-kind book also features exclusive interviews and profiles of the band, as well as commentary from O\u2019Neill and notes and annotations from renowned art curator Terrence Pepper. The Beatles By Terry O&#8217;Neill includes hundreds of gorgeous photographs\u2014many of them previously thought to be lost or never before seen\u2014from their earliest recording sessions and backstage shots to portraits of the Fab Four at the height of Beatlemania. In addition, candid shots of their post-Beatles lives throughout the 70s, 80s, 90s, and 2000s give an insider\u2019s view into their personal lives. Whether feeling like you\u2019re backstage at one of their first stadium concerts to being a guest of Paul playing piano at Ringo\u2019s wedding or part of the photography team from a 1991 portrait session with George Harrison, this collection of spectacular photography is a treasure trove for any Beatles fan.<\/p>\n","protected":false},"excerpt":{"rendered":"<p>See the Beatles like never before in hundreds of previously unpublished images and exclusive unknown stories of the Fab Four by legendary photographer, Terry O\u2019Neill, who had exclusive access to the lives of John, Paul, George, and Ringo in the studio, on stage, on tour, and at home. Celebrate the 60th anniversary of Please Please&#8230;<\/p>\n","protected":false},"featured_media":97007,"comment_status":"closed","ping_status":"closed","template":"","meta":[],"product_brand":[],"product_cat":[13533,4517],"product_tag":[1102,1269],"class_list":{"0":"post-97014","1":"product","2":"type-product","3":"status-publish","4":"has-post-thumbnail","6":"product_cat-books","7":"product_cat-photography-en","8":"product_tag-music-en","9":"product_tag-musicians","10":"pa_author_att-terry-oneill-en","11":"pa_cover-hardcover","12":"pa_isbn-9798886740394-en","13":"pa_pages-256-en-en","14":"pa_published-2023-06-13-en","15":"pa_publisher-simon-schuster-en","17":"first","18":"instock","19":"sold-individually","20":"shipping-taxable","21":"purchasable","22":"product-type-simple"},"yoast_head":"<!-- This site is optimized with the Yoast SEO plugin v27.4 - https:\/\/yoast.com\/product\/yoast-seo-wordpress\/ -->\n<title>The Beatles by Terry O&#039;Neill (Terry O&#8217;Neill) - book \/ album - Folio<\/title>\n<meta name=\"description\" content=\"Wejd\u017a i kup ksi\u0105\u017ck\u0119 The Beatles by Terry O&#039;Neill autorstwa Terry O&#8217;Neill wydan\u0105 przez Simon &amp; Schuster (2023-06-13) w formacie (ISBN: 9798886740394). Zapraszamy!\" \/>\n<meta name=\"robots\" content=\"index, follow, max-snippet:-1, max-image-preview:large, max-video-preview:-1\" \/>\n<link rel=\"canonical\" href=\"https:\/\/foliobooks.pl\/en\/shop\/the-beatles-by-terry-oneill\/\" \/>\n<meta property=\"og:locale\" content=\"en_US\" \/>\n<meta property=\"og:type\" content=\"article\" \/>\n<meta property=\"og:title\" content=\"The Beatles by Terry O&#039;Neill (Terry O&#8217;Neill) - book \/ album - Folio\" \/>\n<meta property=\"og:description\" content=\"Wejd\u017a i kup ksi\u0105\u017ck\u0119 The Beatles by Terry O&#039;Neill autorstwa Terry O&#8217;Neill wydan\u0105 przez Simon &amp; Schuster (2023-06-13) w formacie (ISBN: 9798886740394). Zapraszamy!\" \/>\n<meta property=\"og:url\" content=\"https:\/\/foliobooks.pl\/en\/shop\/the-beatles-by-terry-oneill\/\" \/>\n<meta property=\"og:site_name\" content=\"Folio\" \/>\n<meta property=\"article:modified_time\" content=\"2026-04-15T15:22:57+00:00\" \/>\n<meta property=\"og:image\" content=\"https:\/\/foliobooks.pl\/wp-content\/uploads\/2023\/11\/9798886740394.png\" \/>\n\t<meta property=\"og:image:width\" content=\"570\" \/>\n\t<meta property=\"og:image:height\" content=\"708\" \/>\n\t<meta property=\"og:image:type\" content=\"image\/png\" \/>\n<meta name=\"twitter:card\" content=\"summary_large_image\" \/>\n<meta name=\"twitter:label1\" content=\"Est. reading time\" \/>\n\t<meta name=\"twitter:data1\" content=\"2 minutes\" \/>\n<script type=\"application\/ld+json\" class=\"yoast-schema-graph\">{\"@context\":\"https:\\\/\\\/schema.org\",\"@graph\":[{\"@type\":\"WebPage\",\"@id\":\"https:\\\/\\\/foliobooks.pl\\\/en\\\/shop\\\/the-beatles-by-terry-oneill\\\/\",\"url\":\"https:\\\/\\\/foliobooks.pl\\\/en\\\/shop\\\/the-beatles-by-terry-oneill\\\/\",\"name\":\"The Beatles by Terry O'Neill (Terry O&#8217;Neill) - book \\\/ album - Folio\",\"isPartOf\":{\"@id\":\"https:\\\/\\\/foliobooks.pl\\\/en\\\/#website\"},\"primaryImageOfPage\":{\"@id\":\"https:\\\/\\\/foliobooks.pl\\\/en\\\/shop\\\/the-beatles-by-terry-oneill\\\/#primaryimage\"},\"image\":{\"@id\":\"https:\\\/\\\/foliobooks.pl\\\/en\\\/shop\\\/the-beatles-by-terry-oneill\\\/#primaryimage\"},\"thumbnailUrl\":\"https:\\\/\\\/foliobooks.pl\\\/wp-content\\\/uploads\\\/2023\\\/11\\\/9798886740394.png\",\"datePublished\":\"2023-11-25T19:51:55+00:00\",\"dateModified\":\"2026-04-15T15:22:57+00:00\",\"description\":\"Wejd\u017a i kup ksi\u0105\u017ck\u0119 The Beatles by Terry O'Neill autorstwa Terry O&#8217;Neill wydan\u0105 przez Simon &amp; Schuster (2023-06-13) w formacie (ISBN: 9798886740394). Zapraszamy!\",\"breadcrumb\":{\"@id\":\"https:\\\/\\\/foliobooks.pl\\\/en\\\/shop\\\/the-beatles-by-terry-oneill\\\/#breadcrumb\"},\"inLanguage\":\"en-US\",\"potentialAction\":[{\"@type\":\"ReadAction\",\"target\":[\"https:\\\/\\\/foliobooks.pl\\\/en\\\/shop\\\/the-beatles-by-terry-oneill\\\/\"]}]},{\"@type\":\"ImageObject\",\"inLanguage\":\"en-US\",\"@id\":\"https:\\\/\\\/foliobooks.pl\\\/en\\\/shop\\\/the-beatles-by-terry-oneill\\\/#primaryimage\",\"url\":\"https:\\\/\\\/foliobooks.pl\\\/wp-content\\\/uploads\\\/2023\\\/11\\\/9798886740394.png\",\"contentUrl\":\"https:\\\/\\\/foliobooks.pl\\\/wp-content\\\/uploads\\\/2023\\\/11\\\/9798886740394.png\",\"width\":570,\"height\":708},{\"@type\":\"BreadcrumbList\",\"@id\":\"https:\\\/\\\/foliobooks.pl\\\/en\\\/shop\\\/the-beatles-by-terry-oneill\\\/#breadcrumb\",\"itemListElement\":[{\"@type\":\"ListItem\",\"position\":1,\"name\":\"Strona g\u0142\u00f3wna\",\"item\":\"https:\\\/\\\/foliobooks.pl\\\/en\\\/\"},{\"@type\":\"ListItem\",\"position\":2,\"name\":\"Shop\",\"item\":\"https:\\\/\\\/foliobooks.pl\\\/en\\\/shop\\\/\"},{\"@type\":\"ListItem\",\"position\":3,\"name\":\"The Beatles by Terry O&#8217;Neill\"}]},{\"@type\":\"WebSite\",\"@id\":\"https:\\\/\\\/foliobooks.pl\\\/en\\\/#website\",\"url\":\"https:\\\/\\\/foliobooks.pl\\\/en\\\/\",\"name\":\"Folio\",\"description\":\"Ksi\u0119garnia internetowa\",\"potentialAction\":[{\"@type\":\"SearchAction\",\"target\":{\"@type\":\"EntryPoint\",\"urlTemplate\":\"https:\\\/\\\/foliobooks.pl\\\/en\\\/?s={search_term_string}\"},\"query-input\":{\"@type\":\"PropertyValueSpecification\",\"valueRequired\":true,\"valueName\":\"search_term_string\"}}],\"inLanguage\":\"en-US\"}]}<\/script>\n<!-- \/ Yoast SEO plugin. -->","yoast_head_json":{"title":"The Beatles by Terry O'Neill (Terry O&#8217;Neill) - book \/ album - Folio","description":"Wejd\u017a i kup ksi\u0105\u017ck\u0119 The Beatles by Terry O'Neill autorstwa Terry O&#8217;Neill wydan\u0105 przez Simon &amp; Schuster (2023-06-13) w formacie (ISBN: 9798886740394). Zapraszamy!","robots":{"index":"index","follow":"follow","max-snippet":"max-snippet:-1","max-image-preview":"max-image-preview:large","max-video-preview":"max-video-preview:-1"},"canonical":"https:\/\/foliobooks.pl\/en\/shop\/the-beatles-by-terry-oneill\/","og_locale":"en_US","og_type":"article","og_title":"The Beatles by Terry O'Neill (Terry O&#8217;Neill) - book \/ album - Folio","og_description":"Wejd\u017a i kup ksi\u0105\u017ck\u0119 The Beatles by Terry O'Neill autorstwa Terry O&#8217;Neill wydan\u0105 przez Simon &amp; Schuster (2023-06-13) w formacie (ISBN: 9798886740394). Zapraszamy!","og_url":"https:\/\/foliobooks.pl\/en\/shop\/the-beatles-by-terry-oneill\/","og_site_name":"Folio","article_modified_time":"2026-04-15T15:22:57+00:00","og_image":[{"width":570,"height":708,"url":"https:\/\/foliobooks.pl\/wp-content\/uploads\/2023\/11\/9798886740394.png","type":"image\/png"}],"twitter_card":"summary_large_image","twitter_misc":{"Est. reading time":"2 minutes"},"schema":{"@context":"https:\/\/schema.org","@graph":[{"@type":"WebPage","@id":"https:\/\/foliobooks.pl\/en\/shop\/the-beatles-by-terry-oneill\/","url":"https:\/\/foliobooks.pl\/en\/shop\/the-beatles-by-terry-oneill\/","name":"The Beatles by Terry O'Neill (Terry O&#8217;Neill) - book \/ album - Folio","isPartOf":{"@id":"https:\/\/foliobooks.pl\/en\/#website"},"primaryImageOfPage":{"@id":"https:\/\/foliobooks.pl\/en\/shop\/the-beatles-by-terry-oneill\/#primaryimage"},"image":{"@id":"https:\/\/foliobooks.pl\/en\/shop\/the-beatles-by-terry-oneill\/#primaryimage"},"thumbnailUrl":"https:\/\/foliobooks.pl\/wp-content\/uploads\/2023\/11\/9798886740394.png","datePublished":"2023-11-25T19:51:55+00:00","dateModified":"2026-04-15T15:22:57+00:00","description":"Wejd\u017a i kup ksi\u0105\u017ck\u0119 The Beatles by Terry O'Neill autorstwa Terry O&#8217;Neill wydan\u0105 przez Simon &amp; Schuster (2023-06-13) w formacie (ISBN: 9798886740394). Zapraszamy!","breadcrumb":{"@id":"https:\/\/foliobooks.pl\/en\/shop\/the-beatles-by-terry-oneill\/#breadcrumb"},"inLanguage":"en-US","potentialAction":[{"@type":"ReadAction","target":["https:\/\/foliobooks.pl\/en\/shop\/the-beatles-by-terry-oneill\/"]}]},{"@type":"ImageObject","inLanguage":"en-US","@id":"https:\/\/foliobooks.pl\/en\/shop\/the-beatles-by-terry-oneill\/#primaryimage","url":"https:\/\/foliobooks.pl\/wp-content\/uploads\/2023\/11\/9798886740394.png","contentUrl":"https:\/\/foliobooks.pl\/wp-content\/uploads\/2023\/11\/9798886740394.png","width":570,"height":708},{"@type":"BreadcrumbList","@id":"https:\/\/foliobooks.pl\/en\/shop\/the-beatles-by-terry-oneill\/#breadcrumb","itemListElement":[{"@type":"ListItem","position":1,"name":"Strona g\u0142\u00f3wna","item":"https:\/\/foliobooks.pl\/en\/"},{"@type":"ListItem","position":2,"name":"Shop","item":"https:\/\/foliobooks.pl\/en\/shop\/"},{"@type":"ListItem","position":3,"name":"The Beatles by Terry O&#8217;Neill"}]},{"@type":"WebSite","@id":"https:\/\/foliobooks.pl\/en\/#website","url":"https:\/\/foliobooks.pl\/en\/","name":"Folio","description":"Ksi\u0119garnia internetowa","potentialAction":[{"@type":"SearchAction","target":{"@type":"EntryPoint","urlTemplate":"https:\/\/foliobooks.pl\/en\/?s={search_term_string}"},"query-input":{"@type":"PropertyValueSpecification","valueRequired":true,"valueName":"search_term_string"}}],"inLanguage":"en-US"}]}},"_links":{"self":[{"href":"https:\/\/foliobooks.pl\/en\/wp-json\/wp\/v2\/product\/97014","targetHints":{"allow":["GET"]}}],"collection":[{"href":"https:\/\/foliobooks.pl\/en\/wp-json\/wp\/v2\/product"}],"about":[{"href":"https:\/\/foliobooks.pl\/en\/wp-json\/wp\/v2\/types\/product"}],"replies":[{"embeddable":true,"href":"https:\/\/foliobooks.pl\/en\/wp-json\/wp\/v2\/comments?post=97014"}],"wp:featuredmedia":[{"embeddable":true,"href":"https:\/\/foliobooks.pl\/en\/wp-json\/wp\/v2\/media\/97007"}],"wp:attachment":[{"href":"https:\/\/foliobooks.pl\/en\/wp-json\/wp\/v2\/media?parent=97014"}],"wp:term":[{"taxonomy":"product_brand","embeddable":true,"href":"https:\/\/foliobooks.pl\/en\/wp-json\/wp\/v2\/product_brand?post=97014"},{"taxonomy":"product_cat","embeddable":true,"href":"https:\/\/foliobooks.pl\/en\/wp-json\/wp\/v2\/product_cat?post=97014"},{"taxonomy":"product_tag","embeddable":true,"href":"https:\/\/foliobooks.pl\/en\/wp-json\/wp\/v2\/product_tag?post=97014"}],"curies":[{"name":"wp","href":"https:\/\/api.w.org\/{rel}","templated":true}]}}