{"id":96999,"date":"2023-11-25T20:23:34","date_gmt":"2023-11-25T19:23:34","guid":{"rendered":"https:\/\/foliobooks.pl\/sklep\/art-of-alchemy-from-the-middle-ages-to-modern-times\/"},"modified":"2026-04-15T17:15:56","modified_gmt":"2026-04-15T15:15:56","slug":"art-of-alchemy-from-the-middle-ages-to-modern-times","status":"publish","type":"product","link":"https:\/\/foliobooks.pl\/en\/shop\/art-of-alchemy-from-the-middle-ages-to-modern-times\/","title":{"rendered":"Art of Alchemy. From the Middle Ages to Modern Times"},"content":{"rendered":"<p>Alchemists are notorious for attempting to synthesize gold. Their goals, however, were far more ambitious: to transform and bend nature to the will of an industrious human imagination. For scientists, philosophers, and artists alike, alchemy seemed to hold the key to unlocking the secrets of creation. Alchemists&#8217; efforts to discover the way the world is made have had an enduring impact on global artistic practice and expression.<\/p>\n<p>Brafman&#8217;s book is the first to explore how the art of alchemy globally transformed human creative culture from the ancient world to the modern scientific age, and displays the ways its legacy still permeates the world we make today.<\/p>\n","protected":false},"excerpt":{"rendered":"<p>Alchemists are notorious for attempting to synthesize gold. Their goals, however, were far more ambitious: to transform and bend nature to the will of an industrious human imagination. For scientists, philosophers, and artists alike, alchemy seemed to hold the key to unlocking the secrets of creation. Alchemists&#8217; efforts to discover the way the world is&#8230;<\/p>\n","protected":false},"featured_media":96986,"comment_status":"closed","ping_status":"closed","template":"","meta":[],"product_brand":[],"product_cat":[13533,4517],"product_tag":[1681],"class_list":{"0":"post-96999","1":"product","2":"type-product","3":"status-publish","4":"has-post-thumbnail","6":"product_cat-books","7":"product_cat-photography-en","8":"product_tag-history","9":"pa_author_att-david-brafman-en","10":"pa_cover-hardcover","11":"pa_format-19-x-25-cm-en","12":"pa_isbn-9789401488808-en","13":"pa_language-eng","14":"pa_pages-176-en","15":"pa_published-2023-08-23-en","16":"pa_publisher-lannoo-en","18":"first","19":"instock","20":"sale","21":"sold-individually","22":"shipping-taxable","23":"purchasable","24":"product-type-simple"},"yoast_head":"<!-- This site is optimized with the Yoast SEO plugin v27.4 - https:\/\/yoast.com\/product\/yoast-seo-wordpress\/ -->\n<title>Art of Alchemy. From the Middle Ages to Modern Times (David Brafman) - book \/ album - Folio<\/title>\n<meta name=\"description\" content=\"Wejd\u017a i kup ksi\u0105\u017ck\u0119 Art of Alchemy. From the Middle Ages to Modern Times autorstwa David Brafman wydan\u0105 przez Lannoo (2023-08-23) w formacie 19 x 25 cm (ISBN: 9789401488808). Zapraszamy!\" \/>\n<meta name=\"robots\" content=\"index, follow, max-snippet:-1, max-image-preview:large, max-video-preview:-1\" \/>\n<link rel=\"canonical\" href=\"https:\/\/foliobooks.pl\/en\/shop\/art-of-alchemy-from-the-middle-ages-to-modern-times\/\" \/>\n<meta property=\"og:locale\" content=\"en_US\" \/>\n<meta property=\"og:type\" content=\"article\" \/>\n<meta property=\"og:title\" content=\"Art of Alchemy. From the Middle Ages to Modern Times (David Brafman) - book \/ album - Folio\" \/>\n<meta property=\"og:description\" content=\"Wejd\u017a i kup ksi\u0105\u017ck\u0119 Art of Alchemy. From the Middle Ages to Modern Times autorstwa David Brafman wydan\u0105 przez Lannoo (2023-08-23) w formacie 19 x 25 cm (ISBN: 9789401488808). Zapraszamy!\" \/>\n<meta property=\"og:url\" content=\"https:\/\/foliobooks.pl\/en\/shop\/art-of-alchemy-from-the-middle-ages-to-modern-times\/\" \/>\n<meta property=\"og:site_name\" content=\"Folio\" \/>\n<meta property=\"article:modified_time\" content=\"2026-04-15T15:15:56+00:00\" \/>\n<meta property=\"og:image\" content=\"https:\/\/foliobooks.pl\/wp-content\/uploads\/2023\/11\/9789401488808.png\" \/>\n\t<meta property=\"og:image:width\" content=\"570\" \/>\n\t<meta property=\"og:image:height\" content=\"708\" \/>\n\t<meta property=\"og:image:type\" content=\"image\/png\" \/>\n<meta name=\"twitter:card\" content=\"summary_large_image\" \/>\n<meta name=\"twitter:label1\" content=\"Est. reading time\" \/>\n\t<meta name=\"twitter:data1\" content=\"1 minute\" \/>\n<script type=\"application\/ld+json\" class=\"yoast-schema-graph\">{\"@context\":\"https:\\\/\\\/schema.org\",\"@graph\":[{\"@type\":\"WebPage\",\"@id\":\"https:\\\/\\\/foliobooks.pl\\\/en\\\/shop\\\/art-of-alchemy-from-the-middle-ages-to-modern-times\\\/\",\"url\":\"https:\\\/\\\/foliobooks.pl\\\/en\\\/shop\\\/art-of-alchemy-from-the-middle-ages-to-modern-times\\\/\",\"name\":\"Art of Alchemy. From the Middle Ages to Modern Times (David Brafman) - book \\\/ album - Folio\",\"isPartOf\":{\"@id\":\"https:\\\/\\\/foliobooks.pl\\\/en\\\/#website\"},\"primaryImageOfPage\":{\"@id\":\"https:\\\/\\\/foliobooks.pl\\\/en\\\/shop\\\/art-of-alchemy-from-the-middle-ages-to-modern-times\\\/#primaryimage\"},\"image\":{\"@id\":\"https:\\\/\\\/foliobooks.pl\\\/en\\\/shop\\\/art-of-alchemy-from-the-middle-ages-to-modern-times\\\/#primaryimage\"},\"thumbnailUrl\":\"https:\\\/\\\/foliobooks.pl\\\/wp-content\\\/uploads\\\/2023\\\/11\\\/9789401488808.png\",\"datePublished\":\"2023-11-25T19:23:34+00:00\",\"dateModified\":\"2026-04-15T15:15:56+00:00\",\"description\":\"Wejd\u017a i kup ksi\u0105\u017ck\u0119 Art of Alchemy. From the Middle Ages to Modern Times autorstwa David Brafman wydan\u0105 przez Lannoo (2023-08-23) w formacie 19 x 25 cm (ISBN: 9789401488808). Zapraszamy!\",\"breadcrumb\":{\"@id\":\"https:\\\/\\\/foliobooks.pl\\\/en\\\/shop\\\/art-of-alchemy-from-the-middle-ages-to-modern-times\\\/#breadcrumb\"},\"inLanguage\":\"en-US\",\"potentialAction\":[{\"@type\":\"ReadAction\",\"target\":[\"https:\\\/\\\/foliobooks.pl\\\/en\\\/shop\\\/art-of-alchemy-from-the-middle-ages-to-modern-times\\\/\"]}]},{\"@type\":\"ImageObject\",\"inLanguage\":\"en-US\",\"@id\":\"https:\\\/\\\/foliobooks.pl\\\/en\\\/shop\\\/art-of-alchemy-from-the-middle-ages-to-modern-times\\\/#primaryimage\",\"url\":\"https:\\\/\\\/foliobooks.pl\\\/wp-content\\\/uploads\\\/2023\\\/11\\\/9789401488808.png\",\"contentUrl\":\"https:\\\/\\\/foliobooks.pl\\\/wp-content\\\/uploads\\\/2023\\\/11\\\/9789401488808.png\",\"width\":570,\"height\":708},{\"@type\":\"BreadcrumbList\",\"@id\":\"https:\\\/\\\/foliobooks.pl\\\/en\\\/shop\\\/art-of-alchemy-from-the-middle-ages-to-modern-times\\\/#breadcrumb\",\"itemListElement\":[{\"@type\":\"ListItem\",\"position\":1,\"name\":\"Strona g\u0142\u00f3wna\",\"item\":\"https:\\\/\\\/foliobooks.pl\\\/en\\\/\"},{\"@type\":\"ListItem\",\"position\":2,\"name\":\"Shop\",\"item\":\"https:\\\/\\\/foliobooks.pl\\\/en\\\/shop\\\/\"},{\"@type\":\"ListItem\",\"position\":3,\"name\":\"Art of Alchemy. From the Middle Ages to Modern Times\"}]},{\"@type\":\"WebSite\",\"@id\":\"https:\\\/\\\/foliobooks.pl\\\/en\\\/#website\",\"url\":\"https:\\\/\\\/foliobooks.pl\\\/en\\\/\",\"name\":\"Folio\",\"description\":\"Ksi\u0119garnia internetowa\",\"potentialAction\":[{\"@type\":\"SearchAction\",\"target\":{\"@type\":\"EntryPoint\",\"urlTemplate\":\"https:\\\/\\\/foliobooks.pl\\\/en\\\/?s={search_term_string}\"},\"query-input\":{\"@type\":\"PropertyValueSpecification\",\"valueRequired\":true,\"valueName\":\"search_term_string\"}}],\"inLanguage\":\"en-US\"}]}<\/script>\n<!-- \/ Yoast SEO plugin. -->","yoast_head_json":{"title":"Art of Alchemy. From the Middle Ages to Modern Times (David Brafman) - book \/ album - Folio","description":"Wejd\u017a i kup ksi\u0105\u017ck\u0119 Art of Alchemy. From the Middle Ages to Modern Times autorstwa David Brafman wydan\u0105 przez Lannoo (2023-08-23) w formacie 19 x 25 cm (ISBN: 9789401488808). Zapraszamy!","robots":{"index":"index","follow":"follow","max-snippet":"max-snippet:-1","max-image-preview":"max-image-preview:large","max-video-preview":"max-video-preview:-1"},"canonical":"https:\/\/foliobooks.pl\/en\/shop\/art-of-alchemy-from-the-middle-ages-to-modern-times\/","og_locale":"en_US","og_type":"article","og_title":"Art of Alchemy. From the Middle Ages to Modern Times (David Brafman) - book \/ album - Folio","og_description":"Wejd\u017a i kup ksi\u0105\u017ck\u0119 Art of Alchemy. From the Middle Ages to Modern Times autorstwa David Brafman wydan\u0105 przez Lannoo (2023-08-23) w formacie 19 x 25 cm (ISBN: 9789401488808). Zapraszamy!","og_url":"https:\/\/foliobooks.pl\/en\/shop\/art-of-alchemy-from-the-middle-ages-to-modern-times\/","og_site_name":"Folio","article_modified_time":"2026-04-15T15:15:56+00:00","og_image":[{"width":570,"height":708,"url":"https:\/\/foliobooks.pl\/wp-content\/uploads\/2023\/11\/9789401488808.png","type":"image\/png"}],"twitter_card":"summary_large_image","twitter_misc":{"Est. reading time":"1 minute"},"schema":{"@context":"https:\/\/schema.org","@graph":[{"@type":"WebPage","@id":"https:\/\/foliobooks.pl\/en\/shop\/art-of-alchemy-from-the-middle-ages-to-modern-times\/","url":"https:\/\/foliobooks.pl\/en\/shop\/art-of-alchemy-from-the-middle-ages-to-modern-times\/","name":"Art of Alchemy. From the Middle Ages to Modern Times (David Brafman) - book \/ album - Folio","isPartOf":{"@id":"https:\/\/foliobooks.pl\/en\/#website"},"primaryImageOfPage":{"@id":"https:\/\/foliobooks.pl\/en\/shop\/art-of-alchemy-from-the-middle-ages-to-modern-times\/#primaryimage"},"image":{"@id":"https:\/\/foliobooks.pl\/en\/shop\/art-of-alchemy-from-the-middle-ages-to-modern-times\/#primaryimage"},"thumbnailUrl":"https:\/\/foliobooks.pl\/wp-content\/uploads\/2023\/11\/9789401488808.png","datePublished":"2023-11-25T19:23:34+00:00","dateModified":"2026-04-15T15:15:56+00:00","description":"Wejd\u017a i kup ksi\u0105\u017ck\u0119 Art of Alchemy. From the Middle Ages to Modern Times autorstwa David Brafman wydan\u0105 przez Lannoo (2023-08-23) w formacie 19 x 25 cm (ISBN: 9789401488808). Zapraszamy!","breadcrumb":{"@id":"https:\/\/foliobooks.pl\/en\/shop\/art-of-alchemy-from-the-middle-ages-to-modern-times\/#breadcrumb"},"inLanguage":"en-US","potentialAction":[{"@type":"ReadAction","target":["https:\/\/foliobooks.pl\/en\/shop\/art-of-alchemy-from-the-middle-ages-to-modern-times\/"]}]},{"@type":"ImageObject","inLanguage":"en-US","@id":"https:\/\/foliobooks.pl\/en\/shop\/art-of-alchemy-from-the-middle-ages-to-modern-times\/#primaryimage","url":"https:\/\/foliobooks.pl\/wp-content\/uploads\/2023\/11\/9789401488808.png","contentUrl":"https:\/\/foliobooks.pl\/wp-content\/uploads\/2023\/11\/9789401488808.png","width":570,"height":708},{"@type":"BreadcrumbList","@id":"https:\/\/foliobooks.pl\/en\/shop\/art-of-alchemy-from-the-middle-ages-to-modern-times\/#breadcrumb","itemListElement":[{"@type":"ListItem","position":1,"name":"Strona g\u0142\u00f3wna","item":"https:\/\/foliobooks.pl\/en\/"},{"@type":"ListItem","position":2,"name":"Shop","item":"https:\/\/foliobooks.pl\/en\/shop\/"},{"@type":"ListItem","position":3,"name":"Art of Alchemy. From the Middle Ages to Modern Times"}]},{"@type":"WebSite","@id":"https:\/\/foliobooks.pl\/en\/#website","url":"https:\/\/foliobooks.pl\/en\/","name":"Folio","description":"Ksi\u0119garnia internetowa","potentialAction":[{"@type":"SearchAction","target":{"@type":"EntryPoint","urlTemplate":"https:\/\/foliobooks.pl\/en\/?s={search_term_string}"},"query-input":{"@type":"PropertyValueSpecification","valueRequired":true,"valueName":"search_term_string"}}],"inLanguage":"en-US"}]}},"_links":{"self":[{"href":"https:\/\/foliobooks.pl\/en\/wp-json\/wp\/v2\/product\/96999","targetHints":{"allow":["GET"]}}],"collection":[{"href":"https:\/\/foliobooks.pl\/en\/wp-json\/wp\/v2\/product"}],"about":[{"href":"https:\/\/foliobooks.pl\/en\/wp-json\/wp\/v2\/types\/product"}],"replies":[{"embeddable":true,"href":"https:\/\/foliobooks.pl\/en\/wp-json\/wp\/v2\/comments?post=96999"}],"wp:featuredmedia":[{"embeddable":true,"href":"https:\/\/foliobooks.pl\/en\/wp-json\/wp\/v2\/media\/96986"}],"wp:attachment":[{"href":"https:\/\/foliobooks.pl\/en\/wp-json\/wp\/v2\/media?parent=96999"}],"wp:term":[{"taxonomy":"product_brand","embeddable":true,"href":"https:\/\/foliobooks.pl\/en\/wp-json\/wp\/v2\/product_brand?post=96999"},{"taxonomy":"product_cat","embeddable":true,"href":"https:\/\/foliobooks.pl\/en\/wp-json\/wp\/v2\/product_cat?post=96999"},{"taxonomy":"product_tag","embeddable":true,"href":"https:\/\/foliobooks.pl\/en\/wp-json\/wp\/v2\/product_tag?post=96999"}],"curies":[{"name":"wp","href":"https:\/\/api.w.org\/{rel}","templated":true}]}}