{"id":9671,"date":"2015-10-08T10:37:51","date_gmt":"2015-10-08T08:37:51","guid":{"rendered":"http:\/\/foliobooks.pl\/?post_type=product&#038;p=9671"},"modified":"2022-12-12T15:35:07","modified_gmt":"2022-12-12T14:35:07","slug":"the-delicious-a-companion-to-new-food-culture","status":"publish","type":"product","link":"https:\/\/foliobooks.pl\/en\/shop\/the-delicious-a-companion-to-new-food-culture\/","title":{"rendered":"The Delicious. A Companion to New Food Culture"},"content":{"rendered":"<p>Today, food and beverages are a vital part of creative culture. <em>The Delicious<\/em> presents pioneers, traditionalists, and entrepreneurs who are breaking new ground and enriching the culinary world with their innovative concepts. The book also presents eatery owners who are creating unusual spaces for the enjoyment of food, moving away from the classic restaurant setting.<\/p>\n<p>Eating is more than a pastime, it\u2019s a party; food is more than nourishment, it\u2019s a social experience. <em>The Delicious<\/em> helps you stay up-to-date with the world\u2019s cooking and dining trends.<\/p>\n","protected":false},"excerpt":{"rendered":"<p>Today, food and beverages are a vital part of creative culture. The Delicious presents pioneers, traditionalists, and entrepreneurs who are breaking new ground and enriching the culinary world with their innovative concepts. The book also presents eatery owners who are creating unusual spaces for the enjoyment of food, moving away from the classic restaurant setting&#8230;.<\/p>\n","protected":false},"featured_media":9690,"comment_status":"closed","ping_status":"closed","template":"","meta":[],"product_brand":[],"product_cat":[4518,4517],"product_tag":[1548,4524,1010,516,1066,1008,1267,1157],"class_list":{"0":"post-9671","1":"product","2":"type-product","3":"status-publish","4":"has-post-thumbnail","6":"product_cat-cookery-en","7":"product_cat-photography-en","8":"product_tag-craft","9":"product_tag-design-en-en","10":"product_tag-food-en","11":"product_tag-places-en","12":"product_tag-portraits-en","13":"product_tag-recipes-en","14":"product_tag-reportage","15":"product_tag-restaurants","16":"pa_author_att-giulia-pines-en","17":"pa_author_att-robert-klanten-en","18":"pa_author_att-sven-ehmann-en","19":"pa_cover-hardcover","20":"pa_format-28-x-24-cm-en","21":"pa_isbn-9783899555851-en","22":"pa_language-eng","23":"pa_pages-256-en-2","24":"pa_published-2015-09-15-en","25":"pa_publisher-gestalten-en","27":"first","28":"instock","29":"sale","30":"sold-individually","31":"shipping-taxable","32":"purchasable","33":"product-type-simple"},"yoast_head":"<!-- This site is optimized with the Yoast SEO plugin v27.6 - https:\/\/yoast.com\/product\/yoast-seo-wordpress\/ -->\n<title>The Delicious. A Companion to New Food Culture (Giulia Pines, Robert Klanten, Sven Ehmann) - book \/ album - Folio<\/title>\n<meta name=\"description\" content=\"Wejd\u017a i kup ksi\u0105\u017ck\u0119 The Delicious. A Companion to New Food Culture autorstwa Giulia Pines, Robert Klanten, Sven Ehmann wydan\u0105 przez gestalten (2015-09-15) w formacie 28 x 24 cm (ISBN: 9783899555851). Zapraszamy!\" \/>\n<meta name=\"robots\" content=\"index, follow, max-snippet:-1, max-image-preview:large, max-video-preview:-1\" \/>\n<link rel=\"canonical\" href=\"https:\/\/foliobooks.pl\/en\/shop\/the-delicious-a-companion-to-new-food-culture\/\" \/>\n<meta property=\"og:locale\" content=\"en_US\" \/>\n<meta property=\"og:type\" content=\"article\" \/>\n<meta property=\"og:title\" content=\"The Delicious. A Companion to New Food Culture (Giulia Pines, Robert Klanten, Sven Ehmann) - book \/ album - Folio\" \/>\n<meta property=\"og:description\" content=\"Wejd\u017a i kup ksi\u0105\u017ck\u0119 The Delicious. A Companion to New Food Culture autorstwa Giulia Pines, Robert Klanten, Sven Ehmann wydan\u0105 przez gestalten (2015-09-15) w formacie 28 x 24 cm (ISBN: 9783899555851). Zapraszamy!\" \/>\n<meta property=\"og:url\" content=\"https:\/\/foliobooks.pl\/en\/shop\/the-delicious-a-companion-to-new-food-culture\/\" \/>\n<meta property=\"og:site_name\" content=\"Folio\" \/>\n<meta property=\"article:modified_time\" content=\"2022-12-12T14:35:07+00:00\" \/>\n<meta property=\"og:image\" content=\"https:\/\/foliobooks.pl\/wp-content\/uploads\/2015\/10\/9783899555851.png\" \/>\n\t<meta property=\"og:image:width\" content=\"570\" \/>\n\t<meta property=\"og:image:height\" content=\"708\" \/>\n\t<meta property=\"og:image:type\" content=\"image\/png\" \/>\n<meta name=\"twitter:card\" content=\"summary_large_image\" \/>\n<script type=\"application\/ld+json\" class=\"yoast-schema-graph\">{\"@context\":\"https:\\\/\\\/schema.org\",\"@graph\":[{\"@type\":\"WebPage\",\"@id\":\"https:\\\/\\\/foliobooks.pl\\\/en\\\/shop\\\/the-delicious-a-companion-to-new-food-culture\\\/\",\"url\":\"https:\\\/\\\/foliobooks.pl\\\/en\\\/shop\\\/the-delicious-a-companion-to-new-food-culture\\\/\",\"name\":\"The Delicious. A Companion to New Food Culture (Giulia Pines, Robert Klanten, Sven Ehmann) - book \\\/ album - Folio\",\"isPartOf\":{\"@id\":\"https:\\\/\\\/foliobooks.pl\\\/en\\\/#website\"},\"primaryImageOfPage\":{\"@id\":\"https:\\\/\\\/foliobooks.pl\\\/en\\\/shop\\\/the-delicious-a-companion-to-new-food-culture\\\/#primaryimage\"},\"image\":{\"@id\":\"https:\\\/\\\/foliobooks.pl\\\/en\\\/shop\\\/the-delicious-a-companion-to-new-food-culture\\\/#primaryimage\"},\"thumbnailUrl\":\"https:\\\/\\\/foliobooks.pl\\\/wp-content\\\/uploads\\\/2015\\\/10\\\/9783899555851.png\",\"datePublished\":\"2015-10-08T08:37:51+00:00\",\"dateModified\":\"2022-12-12T14:35:07+00:00\",\"description\":\"Wejd\u017a i kup ksi\u0105\u017ck\u0119 The Delicious. A Companion to New Food Culture autorstwa Giulia Pines, Robert Klanten, Sven Ehmann wydan\u0105 przez gestalten (2015-09-15) w formacie 28 x 24 cm (ISBN: 9783899555851). Zapraszamy!\",\"breadcrumb\":{\"@id\":\"https:\\\/\\\/foliobooks.pl\\\/en\\\/shop\\\/the-delicious-a-companion-to-new-food-culture\\\/#breadcrumb\"},\"inLanguage\":\"en-US\",\"potentialAction\":[{\"@type\":\"ReadAction\",\"target\":[\"https:\\\/\\\/foliobooks.pl\\\/en\\\/shop\\\/the-delicious-a-companion-to-new-food-culture\\\/\"]}]},{\"@type\":\"ImageObject\",\"inLanguage\":\"en-US\",\"@id\":\"https:\\\/\\\/foliobooks.pl\\\/en\\\/shop\\\/the-delicious-a-companion-to-new-food-culture\\\/#primaryimage\",\"url\":\"https:\\\/\\\/foliobooks.pl\\\/wp-content\\\/uploads\\\/2015\\\/10\\\/9783899555851.png\",\"contentUrl\":\"https:\\\/\\\/foliobooks.pl\\\/wp-content\\\/uploads\\\/2015\\\/10\\\/9783899555851.png\",\"width\":570,\"height\":708},{\"@type\":\"BreadcrumbList\",\"@id\":\"https:\\\/\\\/foliobooks.pl\\\/en\\\/shop\\\/the-delicious-a-companion-to-new-food-culture\\\/#breadcrumb\",\"itemListElement\":[{\"@type\":\"ListItem\",\"position\":1,\"name\":\"Strona g\u0142\u00f3wna\",\"item\":\"https:\\\/\\\/foliobooks.pl\\\/en\\\/\"},{\"@type\":\"ListItem\",\"position\":2,\"name\":\"Shop\",\"item\":\"https:\\\/\\\/foliobooks.pl\\\/en\\\/shop\\\/\"},{\"@type\":\"ListItem\",\"position\":3,\"name\":\"The Delicious. A Companion to New Food Culture\"}]},{\"@type\":\"WebSite\",\"@id\":\"https:\\\/\\\/foliobooks.pl\\\/en\\\/#website\",\"url\":\"https:\\\/\\\/foliobooks.pl\\\/en\\\/\",\"name\":\"Folio\",\"description\":\"Ksi\u0119garnia internetowa\",\"potentialAction\":[{\"@type\":\"SearchAction\",\"target\":{\"@type\":\"EntryPoint\",\"urlTemplate\":\"https:\\\/\\\/foliobooks.pl\\\/en\\\/?s={search_term_string}\"},\"query-input\":{\"@type\":\"PropertyValueSpecification\",\"valueRequired\":true,\"valueName\":\"search_term_string\"}}],\"inLanguage\":\"en-US\"}]}<\/script>\n<!-- \/ Yoast SEO plugin. -->","yoast_head_json":{"title":"The Delicious. A Companion to New Food Culture (Giulia Pines, Robert Klanten, Sven Ehmann) - book \/ album - Folio","description":"Wejd\u017a i kup ksi\u0105\u017ck\u0119 The Delicious. A Companion to New Food Culture autorstwa Giulia Pines, Robert Klanten, Sven Ehmann wydan\u0105 przez gestalten (2015-09-15) w formacie 28 x 24 cm (ISBN: 9783899555851). Zapraszamy!","robots":{"index":"index","follow":"follow","max-snippet":"max-snippet:-1","max-image-preview":"max-image-preview:large","max-video-preview":"max-video-preview:-1"},"canonical":"https:\/\/foliobooks.pl\/en\/shop\/the-delicious-a-companion-to-new-food-culture\/","og_locale":"en_US","og_type":"article","og_title":"The Delicious. A Companion to New Food Culture (Giulia Pines, Robert Klanten, Sven Ehmann) - book \/ album - Folio","og_description":"Wejd\u017a i kup ksi\u0105\u017ck\u0119 The Delicious. A Companion to New Food Culture autorstwa Giulia Pines, Robert Klanten, Sven Ehmann wydan\u0105 przez gestalten (2015-09-15) w formacie 28 x 24 cm (ISBN: 9783899555851). Zapraszamy!","og_url":"https:\/\/foliobooks.pl\/en\/shop\/the-delicious-a-companion-to-new-food-culture\/","og_site_name":"Folio","article_modified_time":"2022-12-12T14:35:07+00:00","og_image":[{"width":570,"height":708,"url":"https:\/\/foliobooks.pl\/wp-content\/uploads\/2015\/10\/9783899555851.png","type":"image\/png"}],"twitter_card":"summary_large_image","schema":{"@context":"https:\/\/schema.org","@graph":[{"@type":"WebPage","@id":"https:\/\/foliobooks.pl\/en\/shop\/the-delicious-a-companion-to-new-food-culture\/","url":"https:\/\/foliobooks.pl\/en\/shop\/the-delicious-a-companion-to-new-food-culture\/","name":"The Delicious. A Companion to New Food Culture (Giulia Pines, Robert Klanten, Sven Ehmann) - book \/ album - Folio","isPartOf":{"@id":"https:\/\/foliobooks.pl\/en\/#website"},"primaryImageOfPage":{"@id":"https:\/\/foliobooks.pl\/en\/shop\/the-delicious-a-companion-to-new-food-culture\/#primaryimage"},"image":{"@id":"https:\/\/foliobooks.pl\/en\/shop\/the-delicious-a-companion-to-new-food-culture\/#primaryimage"},"thumbnailUrl":"https:\/\/foliobooks.pl\/wp-content\/uploads\/2015\/10\/9783899555851.png","datePublished":"2015-10-08T08:37:51+00:00","dateModified":"2022-12-12T14:35:07+00:00","description":"Wejd\u017a i kup ksi\u0105\u017ck\u0119 The Delicious. A Companion to New Food Culture autorstwa Giulia Pines, Robert Klanten, Sven Ehmann wydan\u0105 przez gestalten (2015-09-15) w formacie 28 x 24 cm (ISBN: 9783899555851). Zapraszamy!","breadcrumb":{"@id":"https:\/\/foliobooks.pl\/en\/shop\/the-delicious-a-companion-to-new-food-culture\/#breadcrumb"},"inLanguage":"en-US","potentialAction":[{"@type":"ReadAction","target":["https:\/\/foliobooks.pl\/en\/shop\/the-delicious-a-companion-to-new-food-culture\/"]}]},{"@type":"ImageObject","inLanguage":"en-US","@id":"https:\/\/foliobooks.pl\/en\/shop\/the-delicious-a-companion-to-new-food-culture\/#primaryimage","url":"https:\/\/foliobooks.pl\/wp-content\/uploads\/2015\/10\/9783899555851.png","contentUrl":"https:\/\/foliobooks.pl\/wp-content\/uploads\/2015\/10\/9783899555851.png","width":570,"height":708},{"@type":"BreadcrumbList","@id":"https:\/\/foliobooks.pl\/en\/shop\/the-delicious-a-companion-to-new-food-culture\/#breadcrumb","itemListElement":[{"@type":"ListItem","position":1,"name":"Strona g\u0142\u00f3wna","item":"https:\/\/foliobooks.pl\/en\/"},{"@type":"ListItem","position":2,"name":"Shop","item":"https:\/\/foliobooks.pl\/en\/shop\/"},{"@type":"ListItem","position":3,"name":"The Delicious. A Companion to New Food Culture"}]},{"@type":"WebSite","@id":"https:\/\/foliobooks.pl\/en\/#website","url":"https:\/\/foliobooks.pl\/en\/","name":"Folio","description":"Ksi\u0119garnia internetowa","potentialAction":[{"@type":"SearchAction","target":{"@type":"EntryPoint","urlTemplate":"https:\/\/foliobooks.pl\/en\/?s={search_term_string}"},"query-input":{"@type":"PropertyValueSpecification","valueRequired":true,"valueName":"search_term_string"}}],"inLanguage":"en-US"}]}},"_links":{"self":[{"href":"https:\/\/foliobooks.pl\/en\/wp-json\/wp\/v2\/product\/9671","targetHints":{"allow":["GET"]}}],"collection":[{"href":"https:\/\/foliobooks.pl\/en\/wp-json\/wp\/v2\/product"}],"about":[{"href":"https:\/\/foliobooks.pl\/en\/wp-json\/wp\/v2\/types\/product"}],"replies":[{"embeddable":true,"href":"https:\/\/foliobooks.pl\/en\/wp-json\/wp\/v2\/comments?post=9671"}],"wp:featuredmedia":[{"embeddable":true,"href":"https:\/\/foliobooks.pl\/en\/wp-json\/wp\/v2\/media\/9690"}],"wp:attachment":[{"href":"https:\/\/foliobooks.pl\/en\/wp-json\/wp\/v2\/media?parent=9671"}],"wp:term":[{"taxonomy":"product_brand","embeddable":true,"href":"https:\/\/foliobooks.pl\/en\/wp-json\/wp\/v2\/product_brand?post=9671"},{"taxonomy":"product_cat","embeddable":true,"href":"https:\/\/foliobooks.pl\/en\/wp-json\/wp\/v2\/product_cat?post=9671"},{"taxonomy":"product_tag","embeddable":true,"href":"https:\/\/foliobooks.pl\/en\/wp-json\/wp\/v2\/product_tag?post=9671"}],"curies":[{"name":"wp","href":"https:\/\/api.w.org\/{rel}","templated":true}]}}