{"id":96660,"date":"2023-11-20T15:55:44","date_gmt":"2023-11-20T14:55:44","guid":{"rendered":"https:\/\/foliobooks.pl\/sklep\/alula-ever\/"},"modified":"2025-03-12T11:55:29","modified_gmt":"2025-03-12T10:55:29","slug":"alula-ever","status":"publish","type":"product","link":"https:\/\/foliobooks.pl\/en\/shop\/alula-ever\/","title":{"rendered":"AlUla Ever"},"content":{"rendered":"<p>A travel destination unlike any other, AlUla is a breathtaking oasis in Saudi Arabia where ancient sites are placed in conversation with modern progress. A spectacularly preserved cultural and historical masterpiece, AlUla has existed for millennia and was only recently opened to international travelers. From Old Town to rare wildlife, this destination offers a plethora of marvels to discover.<\/p>\n<p>Begin the day in a luxury villa, surrounded by a magnificent desert landscape. A vintage Land Rover arrives, ready to ferry visitors across Hegra, Saudi Arabia\u2019s first UNESCO World Heritage Site, with carefully maintained Nabataean tombs dating to the first century BCE. Then perhaps attend an action-packed match during the Richard Mille AlUla Desert Polo tournament or get lost among the verdant date palms in the AlUla Oasis. As night descends, catch a world-class performance at the Maraya, the stunning mirrored multi-purpose entertainment venue, followed by a magical stargazing tour. And the following day, a whole new set of adventures awaits. AlUla Ever offers readers a front row seat to the cultural, historic and creative wonders of this monumental ancient desert city.<\/p>\n","protected":false},"excerpt":{"rendered":"<p>A travel destination unlike any other, AlUla is a breathtaking oasis in Saudi Arabia where ancient sites are placed in conversation with modern progress. A spectacularly preserved cultural and historical masterpiece, AlUla has existed for millennia and was only recently opened to international travelers. From Old Town to rare wildlife, this destination offers a plethora&#8230;<\/p>\n","protected":false},"featured_media":96659,"comment_status":"closed","ping_status":"closed","template":"","meta":[],"product_brand":[],"product_cat":[13533,4517],"product_tag":[11506,156],"class_list":{"0":"post-96660","1":"product","2":"type-product","3":"status-publish","4":"has-post-thumbnail","6":"product_cat-books","7":"product_cat-photography-en","8":"product_tag-asia-en","9":"product_tag-travel","10":"pa_author_att-jerome-garcin-en","11":"pa_cover-hardcover","12":"pa_format-25-x-33-cm-en","13":"pa_isbn-9781649801562-en","14":"pa_language-eng","15":"pa_pages-288-en-en","16":"pa_published-2023-08-04-en","17":"pa_publisher-assouline-en","19":"first","20":"outofstock","21":"sold-individually","22":"shipping-taxable","23":"purchasable","24":"product-type-simple"},"yoast_head":"<!-- This site is optimized with the Yoast SEO plugin v27.4 - https:\/\/yoast.com\/product\/yoast-seo-wordpress\/ -->\n<title>AlUla Ever (J\u00e9r\u00f4me Garcin) - book \/ album - Folio<\/title>\n<meta name=\"description\" content=\"Wejd\u017a i kup ksi\u0105\u017ck\u0119 AlUla Ever autorstwa J\u00e9r\u00f4me Garcin wydan\u0105 przez Assouline (2023-08-04) w formacie 25 x 33 cm (ISBN: 9781649801562). Zapraszamy!\" \/>\n<meta name=\"robots\" content=\"index, follow, max-snippet:-1, max-image-preview:large, max-video-preview:-1\" \/>\n<link rel=\"canonical\" href=\"https:\/\/foliobooks.pl\/en\/shop\/alula-ever\/\" \/>\n<meta property=\"og:locale\" content=\"en_US\" \/>\n<meta property=\"og:type\" content=\"article\" \/>\n<meta property=\"og:title\" content=\"AlUla Ever (J\u00e9r\u00f4me Garcin) - book \/ album - Folio\" \/>\n<meta property=\"og:description\" content=\"Wejd\u017a i kup ksi\u0105\u017ck\u0119 AlUla Ever autorstwa J\u00e9r\u00f4me Garcin wydan\u0105 przez Assouline (2023-08-04) w formacie 25 x 33 cm (ISBN: 9781649801562). Zapraszamy!\" \/>\n<meta property=\"og:url\" content=\"https:\/\/foliobooks.pl\/en\/shop\/alula-ever\/\" \/>\n<meta property=\"og:site_name\" content=\"Folio\" \/>\n<meta property=\"article:modified_time\" content=\"2025-03-12T10:55:29+00:00\" \/>\n<meta property=\"og:image\" content=\"https:\/\/foliobooks.pl\/wp-content\/uploads\/2023\/11\/9781649801562.png\" \/>\n\t<meta property=\"og:image:width\" content=\"570\" \/>\n\t<meta property=\"og:image:height\" content=\"708\" \/>\n\t<meta property=\"og:image:type\" content=\"image\/png\" \/>\n<meta name=\"twitter:card\" content=\"summary_large_image\" \/>\n<meta name=\"twitter:label1\" content=\"Est. reading time\" \/>\n\t<meta name=\"twitter:data1\" content=\"2 minutes\" \/>\n<script type=\"application\/ld+json\" class=\"yoast-schema-graph\">{\"@context\":\"https:\\\/\\\/schema.org\",\"@graph\":[{\"@type\":\"WebPage\",\"@id\":\"https:\\\/\\\/foliobooks.pl\\\/en\\\/shop\\\/alula-ever\\\/\",\"url\":\"https:\\\/\\\/foliobooks.pl\\\/en\\\/shop\\\/alula-ever\\\/\",\"name\":\"AlUla Ever (J\u00e9r\u00f4me Garcin) - book \\\/ album - Folio\",\"isPartOf\":{\"@id\":\"https:\\\/\\\/foliobooks.pl\\\/en\\\/#website\"},\"primaryImageOfPage\":{\"@id\":\"https:\\\/\\\/foliobooks.pl\\\/en\\\/shop\\\/alula-ever\\\/#primaryimage\"},\"image\":{\"@id\":\"https:\\\/\\\/foliobooks.pl\\\/en\\\/shop\\\/alula-ever\\\/#primaryimage\"},\"thumbnailUrl\":\"https:\\\/\\\/foliobooks.pl\\\/wp-content\\\/uploads\\\/2023\\\/11\\\/9781649801562.png\",\"datePublished\":\"2023-11-20T14:55:44+00:00\",\"dateModified\":\"2025-03-12T10:55:29+00:00\",\"description\":\"Wejd\u017a i kup ksi\u0105\u017ck\u0119 AlUla Ever autorstwa J\u00e9r\u00f4me Garcin wydan\u0105 przez Assouline (2023-08-04) w formacie 25 x 33 cm (ISBN: 9781649801562). Zapraszamy!\",\"breadcrumb\":{\"@id\":\"https:\\\/\\\/foliobooks.pl\\\/en\\\/shop\\\/alula-ever\\\/#breadcrumb\"},\"inLanguage\":\"en-US\",\"potentialAction\":[{\"@type\":\"ReadAction\",\"target\":[\"https:\\\/\\\/foliobooks.pl\\\/en\\\/shop\\\/alula-ever\\\/\"]}]},{\"@type\":\"ImageObject\",\"inLanguage\":\"en-US\",\"@id\":\"https:\\\/\\\/foliobooks.pl\\\/en\\\/shop\\\/alula-ever\\\/#primaryimage\",\"url\":\"https:\\\/\\\/foliobooks.pl\\\/wp-content\\\/uploads\\\/2023\\\/11\\\/9781649801562.png\",\"contentUrl\":\"https:\\\/\\\/foliobooks.pl\\\/wp-content\\\/uploads\\\/2023\\\/11\\\/9781649801562.png\",\"width\":570,\"height\":708},{\"@type\":\"BreadcrumbList\",\"@id\":\"https:\\\/\\\/foliobooks.pl\\\/en\\\/shop\\\/alula-ever\\\/#breadcrumb\",\"itemListElement\":[{\"@type\":\"ListItem\",\"position\":1,\"name\":\"Strona g\u0142\u00f3wna\",\"item\":\"https:\\\/\\\/foliobooks.pl\\\/en\\\/\"},{\"@type\":\"ListItem\",\"position\":2,\"name\":\"Shop\",\"item\":\"https:\\\/\\\/foliobooks.pl\\\/en\\\/shop\\\/\"},{\"@type\":\"ListItem\",\"position\":3,\"name\":\"AlUla Ever\"}]},{\"@type\":\"WebSite\",\"@id\":\"https:\\\/\\\/foliobooks.pl\\\/en\\\/#website\",\"url\":\"https:\\\/\\\/foliobooks.pl\\\/en\\\/\",\"name\":\"Folio\",\"description\":\"Ksi\u0119garnia internetowa\",\"potentialAction\":[{\"@type\":\"SearchAction\",\"target\":{\"@type\":\"EntryPoint\",\"urlTemplate\":\"https:\\\/\\\/foliobooks.pl\\\/en\\\/?s={search_term_string}\"},\"query-input\":{\"@type\":\"PropertyValueSpecification\",\"valueRequired\":true,\"valueName\":\"search_term_string\"}}],\"inLanguage\":\"en-US\"}]}<\/script>\n<!-- \/ Yoast SEO plugin. -->","yoast_head_json":{"title":"AlUla Ever (J\u00e9r\u00f4me Garcin) - book \/ album - Folio","description":"Wejd\u017a i kup ksi\u0105\u017ck\u0119 AlUla Ever autorstwa J\u00e9r\u00f4me Garcin wydan\u0105 przez Assouline (2023-08-04) w formacie 25 x 33 cm (ISBN: 9781649801562). Zapraszamy!","robots":{"index":"index","follow":"follow","max-snippet":"max-snippet:-1","max-image-preview":"max-image-preview:large","max-video-preview":"max-video-preview:-1"},"canonical":"https:\/\/foliobooks.pl\/en\/shop\/alula-ever\/","og_locale":"en_US","og_type":"article","og_title":"AlUla Ever (J\u00e9r\u00f4me Garcin) - book \/ album - Folio","og_description":"Wejd\u017a i kup ksi\u0105\u017ck\u0119 AlUla Ever autorstwa J\u00e9r\u00f4me Garcin wydan\u0105 przez Assouline (2023-08-04) w formacie 25 x 33 cm (ISBN: 9781649801562). Zapraszamy!","og_url":"https:\/\/foliobooks.pl\/en\/shop\/alula-ever\/","og_site_name":"Folio","article_modified_time":"2025-03-12T10:55:29+00:00","og_image":[{"width":570,"height":708,"url":"https:\/\/foliobooks.pl\/wp-content\/uploads\/2023\/11\/9781649801562.png","type":"image\/png"}],"twitter_card":"summary_large_image","twitter_misc":{"Est. reading time":"2 minutes"},"schema":{"@context":"https:\/\/schema.org","@graph":[{"@type":"WebPage","@id":"https:\/\/foliobooks.pl\/en\/shop\/alula-ever\/","url":"https:\/\/foliobooks.pl\/en\/shop\/alula-ever\/","name":"AlUla Ever (J\u00e9r\u00f4me Garcin) - book \/ album - Folio","isPartOf":{"@id":"https:\/\/foliobooks.pl\/en\/#website"},"primaryImageOfPage":{"@id":"https:\/\/foliobooks.pl\/en\/shop\/alula-ever\/#primaryimage"},"image":{"@id":"https:\/\/foliobooks.pl\/en\/shop\/alula-ever\/#primaryimage"},"thumbnailUrl":"https:\/\/foliobooks.pl\/wp-content\/uploads\/2023\/11\/9781649801562.png","datePublished":"2023-11-20T14:55:44+00:00","dateModified":"2025-03-12T10:55:29+00:00","description":"Wejd\u017a i kup ksi\u0105\u017ck\u0119 AlUla Ever autorstwa J\u00e9r\u00f4me Garcin wydan\u0105 przez Assouline (2023-08-04) w formacie 25 x 33 cm (ISBN: 9781649801562). Zapraszamy!","breadcrumb":{"@id":"https:\/\/foliobooks.pl\/en\/shop\/alula-ever\/#breadcrumb"},"inLanguage":"en-US","potentialAction":[{"@type":"ReadAction","target":["https:\/\/foliobooks.pl\/en\/shop\/alula-ever\/"]}]},{"@type":"ImageObject","inLanguage":"en-US","@id":"https:\/\/foliobooks.pl\/en\/shop\/alula-ever\/#primaryimage","url":"https:\/\/foliobooks.pl\/wp-content\/uploads\/2023\/11\/9781649801562.png","contentUrl":"https:\/\/foliobooks.pl\/wp-content\/uploads\/2023\/11\/9781649801562.png","width":570,"height":708},{"@type":"BreadcrumbList","@id":"https:\/\/foliobooks.pl\/en\/shop\/alula-ever\/#breadcrumb","itemListElement":[{"@type":"ListItem","position":1,"name":"Strona g\u0142\u00f3wna","item":"https:\/\/foliobooks.pl\/en\/"},{"@type":"ListItem","position":2,"name":"Shop","item":"https:\/\/foliobooks.pl\/en\/shop\/"},{"@type":"ListItem","position":3,"name":"AlUla Ever"}]},{"@type":"WebSite","@id":"https:\/\/foliobooks.pl\/en\/#website","url":"https:\/\/foliobooks.pl\/en\/","name":"Folio","description":"Ksi\u0119garnia internetowa","potentialAction":[{"@type":"SearchAction","target":{"@type":"EntryPoint","urlTemplate":"https:\/\/foliobooks.pl\/en\/?s={search_term_string}"},"query-input":{"@type":"PropertyValueSpecification","valueRequired":true,"valueName":"search_term_string"}}],"inLanguage":"en-US"}]}},"_links":{"self":[{"href":"https:\/\/foliobooks.pl\/en\/wp-json\/wp\/v2\/product\/96660","targetHints":{"allow":["GET"]}}],"collection":[{"href":"https:\/\/foliobooks.pl\/en\/wp-json\/wp\/v2\/product"}],"about":[{"href":"https:\/\/foliobooks.pl\/en\/wp-json\/wp\/v2\/types\/product"}],"replies":[{"embeddable":true,"href":"https:\/\/foliobooks.pl\/en\/wp-json\/wp\/v2\/comments?post=96660"}],"wp:featuredmedia":[{"embeddable":true,"href":"https:\/\/foliobooks.pl\/en\/wp-json\/wp\/v2\/media\/96659"}],"wp:attachment":[{"href":"https:\/\/foliobooks.pl\/en\/wp-json\/wp\/v2\/media?parent=96660"}],"wp:term":[{"taxonomy":"product_brand","embeddable":true,"href":"https:\/\/foliobooks.pl\/en\/wp-json\/wp\/v2\/product_brand?post=96660"},{"taxonomy":"product_cat","embeddable":true,"href":"https:\/\/foliobooks.pl\/en\/wp-json\/wp\/v2\/product_cat?post=96660"},{"taxonomy":"product_tag","embeddable":true,"href":"https:\/\/foliobooks.pl\/en\/wp-json\/wp\/v2\/product_tag?post=96660"}],"curies":[{"name":"wp","href":"https:\/\/api.w.org\/{rel}","templated":true}]}}