{"id":95296,"date":"2023-10-26T16:50:35","date_gmt":"2023-10-26T14:50:35","guid":{"rendered":"https:\/\/foliobooks.pl\/sklep\/the-story-of-the-hermes-scarf\/"},"modified":"2023-10-26T16:50:35","modified_gmt":"2023-10-26T14:50:35","slug":"the-story-of-the-hermes-scarf","status":"publish","type":"product","link":"https:\/\/foliobooks.pl\/en\/shop\/the-story-of-the-hermes-scarf\/","title":{"rendered":"The Story of the Herm\u00e8s Scarf"},"content":{"rendered":"<p>Sought-after, sophisticated and versatile, the Herm\u00e8s carr\u00e9 is wearable art that never goes out of fashion. Unveiling the history and artistry of the brand&#8217;s silk accessory from the first designs in the early twentieth century to today, this fashion story includes a detailed behind-the-scenes look at the artisanship involved at the company&#8217;s ateliers in France, as well as reviews on different scarf designs, colour palettes, dates of issue and rarity (the &#8216;Grail&#8217; scarves).<\/p>\n<p>The book includes the collaborators who have helped in the creation of over 2,000 designs, including limited editions, anniversary and tribute scarves, with highlights from renown artists and illustrators such as Hugo Grygkar, Philippe Ledoux, Kermit Oliver and Annie Faivre (who hides a monkey in her designs). Here you will discover the fashion of scarf styles throughout the decades, how to wear and tie a scarf, and the scarf in film and popular culture, along with those who made the Herm\u00e8s carr\u00e9 a hallmark of their own \u2013 such as Queen Elizabeth II, Grace Kelly and Jackie Kennedy Onassis.<\/p>\n","protected":false},"excerpt":{"rendered":"<p>Sought-after, sophisticated and versatile, the Herm\u00e8s carr\u00e9 is wearable art that never goes out of fashion. Unveiling the history and artistry of the brand&#8217;s silk accessory from the first designs in the early twentieth century to today, this fashion story includes a detailed behind-the-scenes look at the artisanship involved at the company&#8217;s ateliers in France,&#8230;<\/p>\n","protected":false},"featured_media":95283,"comment_status":"closed","ping_status":"closed","template":"","meta":[],"product_brand":[],"product_cat":[13533,4519],"product_tag":[6125],"class_list":{"0":"post-95296","1":"product","2":"type-product","3":"status-publish","4":"has-post-thumbnail","6":"product_cat-books","7":"product_cat-fashion-en-en","8":"product_tag-fashion","9":"pa_author_att-laia-farran-graves-en","10":"pa_cover-hardcover","11":"pa_format-133-x-192-cm-en","12":"pa_isbn-9781838611460-en","13":"pa_language-eng","14":"pa_pages-160-en-2","15":"pa_published-2023-06-14-en","16":"pa_publisher-oh-life-en","18":"first","19":"outofstock","20":"sold-individually","21":"shipping-taxable","22":"purchasable","23":"product-type-simple"},"yoast_head":"<!-- This site is optimized with the Yoast SEO plugin v27.4 - https:\/\/yoast.com\/product\/yoast-seo-wordpress\/ -->\n<title>The Story of the Herm\u00e8s Scarf (Laia Farran Graves) - book \/ album - Folio<\/title>\n<meta name=\"description\" content=\"Wejd\u017a i kup ksi\u0105\u017ck\u0119 The Story of the Herm\u00e8s Scarf autorstwa Laia Farran Graves wydan\u0105 przez OH! Life (2023-06-14) w formacie 13,3 x 19,2 cm (ISBN: 9781838611460). Zapraszamy!\" \/>\n<meta name=\"robots\" content=\"index, follow, max-snippet:-1, max-image-preview:large, max-video-preview:-1\" \/>\n<link rel=\"canonical\" href=\"https:\/\/foliobooks.pl\/en\/shop\/the-story-of-the-hermes-scarf\/\" \/>\n<meta property=\"og:locale\" content=\"en_US\" \/>\n<meta property=\"og:type\" content=\"article\" \/>\n<meta property=\"og:title\" content=\"The Story of the Herm\u00e8s Scarf (Laia Farran Graves) - book \/ album - Folio\" \/>\n<meta property=\"og:description\" content=\"Wejd\u017a i kup ksi\u0105\u017ck\u0119 The Story of the Herm\u00e8s Scarf autorstwa Laia Farran Graves wydan\u0105 przez OH! Life (2023-06-14) w formacie 13,3 x 19,2 cm (ISBN: 9781838611460). Zapraszamy!\" \/>\n<meta property=\"og:url\" content=\"https:\/\/foliobooks.pl\/en\/shop\/the-story-of-the-hermes-scarf\/\" \/>\n<meta property=\"og:site_name\" content=\"Folio\" \/>\n<meta property=\"og:image\" content=\"https:\/\/foliobooks.pl\/wp-content\/uploads\/2023\/10\/9781838611460.png\" \/>\n\t<meta property=\"og:image:width\" content=\"570\" \/>\n\t<meta property=\"og:image:height\" content=\"708\" \/>\n\t<meta property=\"og:image:type\" content=\"image\/png\" \/>\n<meta name=\"twitter:card\" content=\"summary_large_image\" \/>\n<meta name=\"twitter:label1\" content=\"Est. reading time\" \/>\n\t<meta name=\"twitter:data1\" content=\"2 minutes\" \/>\n<script type=\"application\/ld+json\" class=\"yoast-schema-graph\">{\"@context\":\"https:\\\/\\\/schema.org\",\"@graph\":[{\"@type\":\"WebPage\",\"@id\":\"https:\\\/\\\/foliobooks.pl\\\/en\\\/shop\\\/the-story-of-the-hermes-scarf\\\/\",\"url\":\"https:\\\/\\\/foliobooks.pl\\\/en\\\/shop\\\/the-story-of-the-hermes-scarf\\\/\",\"name\":\"The Story of the Herm\u00e8s Scarf (Laia Farran Graves) - book \\\/ album - Folio\",\"isPartOf\":{\"@id\":\"https:\\\/\\\/foliobooks.pl\\\/en\\\/#website\"},\"primaryImageOfPage\":{\"@id\":\"https:\\\/\\\/foliobooks.pl\\\/en\\\/shop\\\/the-story-of-the-hermes-scarf\\\/#primaryimage\"},\"image\":{\"@id\":\"https:\\\/\\\/foliobooks.pl\\\/en\\\/shop\\\/the-story-of-the-hermes-scarf\\\/#primaryimage\"},\"thumbnailUrl\":\"https:\\\/\\\/foliobooks.pl\\\/wp-content\\\/uploads\\\/2023\\\/10\\\/9781838611460.png\",\"datePublished\":\"2023-10-26T14:50:35+00:00\",\"description\":\"Wejd\u017a i kup ksi\u0105\u017ck\u0119 The Story of the Herm\u00e8s Scarf autorstwa Laia Farran Graves wydan\u0105 przez OH! Life (2023-06-14) w formacie 13,3 x 19,2 cm (ISBN: 9781838611460). Zapraszamy!\",\"breadcrumb\":{\"@id\":\"https:\\\/\\\/foliobooks.pl\\\/en\\\/shop\\\/the-story-of-the-hermes-scarf\\\/#breadcrumb\"},\"inLanguage\":\"en-US\",\"potentialAction\":[{\"@type\":\"ReadAction\",\"target\":[\"https:\\\/\\\/foliobooks.pl\\\/en\\\/shop\\\/the-story-of-the-hermes-scarf\\\/\"]}]},{\"@type\":\"ImageObject\",\"inLanguage\":\"en-US\",\"@id\":\"https:\\\/\\\/foliobooks.pl\\\/en\\\/shop\\\/the-story-of-the-hermes-scarf\\\/#primaryimage\",\"url\":\"https:\\\/\\\/foliobooks.pl\\\/wp-content\\\/uploads\\\/2023\\\/10\\\/9781838611460.png\",\"contentUrl\":\"https:\\\/\\\/foliobooks.pl\\\/wp-content\\\/uploads\\\/2023\\\/10\\\/9781838611460.png\",\"width\":570,\"height\":708},{\"@type\":\"BreadcrumbList\",\"@id\":\"https:\\\/\\\/foliobooks.pl\\\/en\\\/shop\\\/the-story-of-the-hermes-scarf\\\/#breadcrumb\",\"itemListElement\":[{\"@type\":\"ListItem\",\"position\":1,\"name\":\"Strona g\u0142\u00f3wna\",\"item\":\"https:\\\/\\\/foliobooks.pl\\\/en\\\/\"},{\"@type\":\"ListItem\",\"position\":2,\"name\":\"Shop\",\"item\":\"https:\\\/\\\/foliobooks.pl\\\/en\\\/shop\\\/\"},{\"@type\":\"ListItem\",\"position\":3,\"name\":\"The Story of the Herm\u00e8s Scarf\"}]},{\"@type\":\"WebSite\",\"@id\":\"https:\\\/\\\/foliobooks.pl\\\/en\\\/#website\",\"url\":\"https:\\\/\\\/foliobooks.pl\\\/en\\\/\",\"name\":\"Folio\",\"description\":\"Ksi\u0119garnia internetowa\",\"potentialAction\":[{\"@type\":\"SearchAction\",\"target\":{\"@type\":\"EntryPoint\",\"urlTemplate\":\"https:\\\/\\\/foliobooks.pl\\\/en\\\/?s={search_term_string}\"},\"query-input\":{\"@type\":\"PropertyValueSpecification\",\"valueRequired\":true,\"valueName\":\"search_term_string\"}}],\"inLanguage\":\"en-US\"}]}<\/script>\n<!-- \/ Yoast SEO plugin. -->","yoast_head_json":{"title":"The Story of the Herm\u00e8s Scarf (Laia Farran Graves) - book \/ album - Folio","description":"Wejd\u017a i kup ksi\u0105\u017ck\u0119 The Story of the Herm\u00e8s Scarf autorstwa Laia Farran Graves wydan\u0105 przez OH! Life (2023-06-14) w formacie 13,3 x 19,2 cm (ISBN: 9781838611460). Zapraszamy!","robots":{"index":"index","follow":"follow","max-snippet":"max-snippet:-1","max-image-preview":"max-image-preview:large","max-video-preview":"max-video-preview:-1"},"canonical":"https:\/\/foliobooks.pl\/en\/shop\/the-story-of-the-hermes-scarf\/","og_locale":"en_US","og_type":"article","og_title":"The Story of the Herm\u00e8s Scarf (Laia Farran Graves) - book \/ album - Folio","og_description":"Wejd\u017a i kup ksi\u0105\u017ck\u0119 The Story of the Herm\u00e8s Scarf autorstwa Laia Farran Graves wydan\u0105 przez OH! Life (2023-06-14) w formacie 13,3 x 19,2 cm (ISBN: 9781838611460). Zapraszamy!","og_url":"https:\/\/foliobooks.pl\/en\/shop\/the-story-of-the-hermes-scarf\/","og_site_name":"Folio","og_image":[{"width":570,"height":708,"url":"https:\/\/foliobooks.pl\/wp-content\/uploads\/2023\/10\/9781838611460.png","type":"image\/png"}],"twitter_card":"summary_large_image","twitter_misc":{"Est. reading time":"2 minutes"},"schema":{"@context":"https:\/\/schema.org","@graph":[{"@type":"WebPage","@id":"https:\/\/foliobooks.pl\/en\/shop\/the-story-of-the-hermes-scarf\/","url":"https:\/\/foliobooks.pl\/en\/shop\/the-story-of-the-hermes-scarf\/","name":"The Story of the Herm\u00e8s Scarf (Laia Farran Graves) - book \/ album - Folio","isPartOf":{"@id":"https:\/\/foliobooks.pl\/en\/#website"},"primaryImageOfPage":{"@id":"https:\/\/foliobooks.pl\/en\/shop\/the-story-of-the-hermes-scarf\/#primaryimage"},"image":{"@id":"https:\/\/foliobooks.pl\/en\/shop\/the-story-of-the-hermes-scarf\/#primaryimage"},"thumbnailUrl":"https:\/\/foliobooks.pl\/wp-content\/uploads\/2023\/10\/9781838611460.png","datePublished":"2023-10-26T14:50:35+00:00","description":"Wejd\u017a i kup ksi\u0105\u017ck\u0119 The Story of the Herm\u00e8s Scarf autorstwa Laia Farran Graves wydan\u0105 przez OH! Life (2023-06-14) w formacie 13,3 x 19,2 cm (ISBN: 9781838611460). Zapraszamy!","breadcrumb":{"@id":"https:\/\/foliobooks.pl\/en\/shop\/the-story-of-the-hermes-scarf\/#breadcrumb"},"inLanguage":"en-US","potentialAction":[{"@type":"ReadAction","target":["https:\/\/foliobooks.pl\/en\/shop\/the-story-of-the-hermes-scarf\/"]}]},{"@type":"ImageObject","inLanguage":"en-US","@id":"https:\/\/foliobooks.pl\/en\/shop\/the-story-of-the-hermes-scarf\/#primaryimage","url":"https:\/\/foliobooks.pl\/wp-content\/uploads\/2023\/10\/9781838611460.png","contentUrl":"https:\/\/foliobooks.pl\/wp-content\/uploads\/2023\/10\/9781838611460.png","width":570,"height":708},{"@type":"BreadcrumbList","@id":"https:\/\/foliobooks.pl\/en\/shop\/the-story-of-the-hermes-scarf\/#breadcrumb","itemListElement":[{"@type":"ListItem","position":1,"name":"Strona g\u0142\u00f3wna","item":"https:\/\/foliobooks.pl\/en\/"},{"@type":"ListItem","position":2,"name":"Shop","item":"https:\/\/foliobooks.pl\/en\/shop\/"},{"@type":"ListItem","position":3,"name":"The Story of the Herm\u00e8s Scarf"}]},{"@type":"WebSite","@id":"https:\/\/foliobooks.pl\/en\/#website","url":"https:\/\/foliobooks.pl\/en\/","name":"Folio","description":"Ksi\u0119garnia internetowa","potentialAction":[{"@type":"SearchAction","target":{"@type":"EntryPoint","urlTemplate":"https:\/\/foliobooks.pl\/en\/?s={search_term_string}"},"query-input":{"@type":"PropertyValueSpecification","valueRequired":true,"valueName":"search_term_string"}}],"inLanguage":"en-US"}]}},"_links":{"self":[{"href":"https:\/\/foliobooks.pl\/en\/wp-json\/wp\/v2\/product\/95296","targetHints":{"allow":["GET"]}}],"collection":[{"href":"https:\/\/foliobooks.pl\/en\/wp-json\/wp\/v2\/product"}],"about":[{"href":"https:\/\/foliobooks.pl\/en\/wp-json\/wp\/v2\/types\/product"}],"replies":[{"embeddable":true,"href":"https:\/\/foliobooks.pl\/en\/wp-json\/wp\/v2\/comments?post=95296"}],"wp:featuredmedia":[{"embeddable":true,"href":"https:\/\/foliobooks.pl\/en\/wp-json\/wp\/v2\/media\/95283"}],"wp:attachment":[{"href":"https:\/\/foliobooks.pl\/en\/wp-json\/wp\/v2\/media?parent=95296"}],"wp:term":[{"taxonomy":"product_brand","embeddable":true,"href":"https:\/\/foliobooks.pl\/en\/wp-json\/wp\/v2\/product_brand?post=95296"},{"taxonomy":"product_cat","embeddable":true,"href":"https:\/\/foliobooks.pl\/en\/wp-json\/wp\/v2\/product_cat?post=95296"},{"taxonomy":"product_tag","embeddable":true,"href":"https:\/\/foliobooks.pl\/en\/wp-json\/wp\/v2\/product_tag?post=95296"}],"curies":[{"name":"wp","href":"https:\/\/api.w.org\/{rel}","templated":true}]}}