{"id":95242,"date":"2023-10-26T14:38:24","date_gmt":"2023-10-26T12:38:24","guid":{"rendered":"https:\/\/foliobooks.pl\/sklep\/regarding-ingres-fourteen-short-stories\/"},"modified":"2023-10-26T14:38:24","modified_gmt":"2023-10-26T12:38:24","slug":"regarding-ingres-fourteen-short-stories","status":"publish","type":"product","link":"https:\/\/foliobooks.pl\/en\/shop\/regarding-ingres-fourteen-short-stories\/","title":{"rendered":"Regarding Ingres. Fourteen Short Stories"},"content":{"rendered":"<p>Talented emerging fiction writers find inspiration in one of the most famous paintings in New York\u2019s Frick Collection: Jean-August-Dominique Ingres\u2019s Comtesse d\u2019Haussonville from 1845.<\/p>\n<p>Following the successful literary musings on art at the Frick, The Sleeve Should Be Illegal and Cocktails with a Curator, this anthology of newly commissioned texts from graduate students in New York University\u2019s Creative Writing Program pays homage to one of the institution\u2019s most celebrated paintings.<\/p>\n<p>Gathered here are fourteen fictional stories inspired by one of Ingres\u2019s most captivating portrait paintings. A detail of the work\u2014the fine silk dress, a red ribbon, a shawl casually draped over the arm of a chair, the contents of a tabletop, the contemplative pose\u2014is the starting point for each story. The pieces range from gothic tales that take place at the time of the painting in the mid-nineteenth century and stories that use the countess as a key character to a present-day ghost story and inventive sagas that take representations of the countess to faraway lands: Poland, Trinidad and Tobago, Brazil, India, and a heaven that is populated solely by Black people.<\/p>\n<p>The faculty adviser for the project is best-selling novelist Darin Strauss, who writes the book\u2019s introduction. Illustrated with Ingres\u2019s famous portrait as well as with many lush details, this one-of-a-kind volume is an ode, both traditional and postmodern, to a glorious work of art.<\/p>\n","protected":false},"excerpt":{"rendered":"<p>Talented emerging fiction writers find inspiration in one of the most famous paintings in New York\u2019s Frick Collection: Jean-August-Dominique Ingres\u2019s Comtesse d\u2019Haussonville from 1845. Following the successful literary musings on art at the Frick, The Sleeve Should Be Illegal and Cocktails with a Curator, this anthology of newly commissioned texts from graduate students in New&#8230;<\/p>\n","protected":false},"featured_media":95241,"comment_status":"closed","ping_status":"closed","template":"","meta":[],"product_brand":[],"product_cat":[4522,13533],"product_tag":[13995],"class_list":{"0":"post-95242","1":"product","2":"type-product","3":"status-publish","4":"has-post-thumbnail","6":"product_cat-art-en","7":"product_cat-books","8":"product_tag-short-stories-en","9":"pa_author_att-darin-strauss-en","10":"pa_cover-hardcover","11":"pa_format-192-x-242-cm-en","12":"pa_isbn-9780847899128-en","13":"pa_language-eng","14":"pa_pages-192-en","15":"pa_published-2023-03-14-en","16":"pa_publisher-rizzoli-en","18":"first","19":"instock","20":"sold-individually","21":"shipping-taxable","22":"purchasable","23":"product-type-simple"},"yoast_head":"<!-- This site is optimized with the Yoast SEO plugin v27.4 - https:\/\/yoast.com\/product\/yoast-seo-wordpress\/ -->\n<title>Regarding Ingres. Fourteen Short Stories (Darin Strauss) - book \/ album - Folio<\/title>\n<meta name=\"description\" content=\"Wejd\u017a i kup ksi\u0105\u017ck\u0119 Regarding Ingres. Fourteen Short Stories autorstwa Darin Strauss wydan\u0105 przez Rizzoli (2023-03-14) w formacie 19,2 x 24,2 cm (ISBN: 9780847899128). Zapraszamy!\" \/>\n<meta name=\"robots\" content=\"index, follow, max-snippet:-1, max-image-preview:large, max-video-preview:-1\" \/>\n<link rel=\"canonical\" href=\"https:\/\/foliobooks.pl\/en\/shop\/regarding-ingres-fourteen-short-stories\/\" \/>\n<meta property=\"og:locale\" content=\"en_US\" \/>\n<meta property=\"og:type\" content=\"article\" \/>\n<meta property=\"og:title\" content=\"Regarding Ingres. Fourteen Short Stories (Darin Strauss) - book \/ album - Folio\" \/>\n<meta property=\"og:description\" content=\"Wejd\u017a i kup ksi\u0105\u017ck\u0119 Regarding Ingres. Fourteen Short Stories autorstwa Darin Strauss wydan\u0105 przez Rizzoli (2023-03-14) w formacie 19,2 x 24,2 cm (ISBN: 9780847899128). Zapraszamy!\" \/>\n<meta property=\"og:url\" content=\"https:\/\/foliobooks.pl\/en\/shop\/regarding-ingres-fourteen-short-stories\/\" \/>\n<meta property=\"og:site_name\" content=\"Folio\" \/>\n<meta property=\"og:image\" content=\"https:\/\/foliobooks.pl\/wp-content\/uploads\/2023\/10\/9780847899128.png\" \/>\n\t<meta property=\"og:image:width\" content=\"570\" \/>\n\t<meta property=\"og:image:height\" content=\"708\" \/>\n\t<meta property=\"og:image:type\" content=\"image\/png\" \/>\n<meta name=\"twitter:card\" content=\"summary_large_image\" \/>\n<meta name=\"twitter:label1\" content=\"Est. reading time\" \/>\n\t<meta name=\"twitter:data1\" content=\"2 minutes\" \/>\n<script type=\"application\/ld+json\" class=\"yoast-schema-graph\">{\"@context\":\"https:\\\/\\\/schema.org\",\"@graph\":[{\"@type\":\"WebPage\",\"@id\":\"https:\\\/\\\/foliobooks.pl\\\/en\\\/shop\\\/regarding-ingres-fourteen-short-stories\\\/\",\"url\":\"https:\\\/\\\/foliobooks.pl\\\/en\\\/shop\\\/regarding-ingres-fourteen-short-stories\\\/\",\"name\":\"Regarding Ingres. Fourteen Short Stories (Darin Strauss) - book \\\/ album - Folio\",\"isPartOf\":{\"@id\":\"https:\\\/\\\/foliobooks.pl\\\/en\\\/#website\"},\"primaryImageOfPage\":{\"@id\":\"https:\\\/\\\/foliobooks.pl\\\/en\\\/shop\\\/regarding-ingres-fourteen-short-stories\\\/#primaryimage\"},\"image\":{\"@id\":\"https:\\\/\\\/foliobooks.pl\\\/en\\\/shop\\\/regarding-ingres-fourteen-short-stories\\\/#primaryimage\"},\"thumbnailUrl\":\"https:\\\/\\\/foliobooks.pl\\\/wp-content\\\/uploads\\\/2023\\\/10\\\/9780847899128.png\",\"datePublished\":\"2023-10-26T12:38:24+00:00\",\"description\":\"Wejd\u017a i kup ksi\u0105\u017ck\u0119 Regarding Ingres. Fourteen Short Stories autorstwa Darin Strauss wydan\u0105 przez Rizzoli (2023-03-14) w formacie 19,2 x 24,2 cm (ISBN: 9780847899128). Zapraszamy!\",\"breadcrumb\":{\"@id\":\"https:\\\/\\\/foliobooks.pl\\\/en\\\/shop\\\/regarding-ingres-fourteen-short-stories\\\/#breadcrumb\"},\"inLanguage\":\"en-US\",\"potentialAction\":[{\"@type\":\"ReadAction\",\"target\":[\"https:\\\/\\\/foliobooks.pl\\\/en\\\/shop\\\/regarding-ingres-fourteen-short-stories\\\/\"]}]},{\"@type\":\"ImageObject\",\"inLanguage\":\"en-US\",\"@id\":\"https:\\\/\\\/foliobooks.pl\\\/en\\\/shop\\\/regarding-ingres-fourteen-short-stories\\\/#primaryimage\",\"url\":\"https:\\\/\\\/foliobooks.pl\\\/wp-content\\\/uploads\\\/2023\\\/10\\\/9780847899128.png\",\"contentUrl\":\"https:\\\/\\\/foliobooks.pl\\\/wp-content\\\/uploads\\\/2023\\\/10\\\/9780847899128.png\",\"width\":570,\"height\":708},{\"@type\":\"BreadcrumbList\",\"@id\":\"https:\\\/\\\/foliobooks.pl\\\/en\\\/shop\\\/regarding-ingres-fourteen-short-stories\\\/#breadcrumb\",\"itemListElement\":[{\"@type\":\"ListItem\",\"position\":1,\"name\":\"Strona g\u0142\u00f3wna\",\"item\":\"https:\\\/\\\/foliobooks.pl\\\/en\\\/\"},{\"@type\":\"ListItem\",\"position\":2,\"name\":\"Shop\",\"item\":\"https:\\\/\\\/foliobooks.pl\\\/en\\\/shop\\\/\"},{\"@type\":\"ListItem\",\"position\":3,\"name\":\"Regarding Ingres. Fourteen Short Stories\"}]},{\"@type\":\"WebSite\",\"@id\":\"https:\\\/\\\/foliobooks.pl\\\/en\\\/#website\",\"url\":\"https:\\\/\\\/foliobooks.pl\\\/en\\\/\",\"name\":\"Folio\",\"description\":\"Ksi\u0119garnia internetowa\",\"potentialAction\":[{\"@type\":\"SearchAction\",\"target\":{\"@type\":\"EntryPoint\",\"urlTemplate\":\"https:\\\/\\\/foliobooks.pl\\\/en\\\/?s={search_term_string}\"},\"query-input\":{\"@type\":\"PropertyValueSpecification\",\"valueRequired\":true,\"valueName\":\"search_term_string\"}}],\"inLanguage\":\"en-US\"}]}<\/script>\n<!-- \/ Yoast SEO plugin. -->","yoast_head_json":{"title":"Regarding Ingres. Fourteen Short Stories (Darin Strauss) - book \/ album - Folio","description":"Wejd\u017a i kup ksi\u0105\u017ck\u0119 Regarding Ingres. Fourteen Short Stories autorstwa Darin Strauss wydan\u0105 przez Rizzoli (2023-03-14) w formacie 19,2 x 24,2 cm (ISBN: 9780847899128). Zapraszamy!","robots":{"index":"index","follow":"follow","max-snippet":"max-snippet:-1","max-image-preview":"max-image-preview:large","max-video-preview":"max-video-preview:-1"},"canonical":"https:\/\/foliobooks.pl\/en\/shop\/regarding-ingres-fourteen-short-stories\/","og_locale":"en_US","og_type":"article","og_title":"Regarding Ingres. Fourteen Short Stories (Darin Strauss) - book \/ album - Folio","og_description":"Wejd\u017a i kup ksi\u0105\u017ck\u0119 Regarding Ingres. Fourteen Short Stories autorstwa Darin Strauss wydan\u0105 przez Rizzoli (2023-03-14) w formacie 19,2 x 24,2 cm (ISBN: 9780847899128). Zapraszamy!","og_url":"https:\/\/foliobooks.pl\/en\/shop\/regarding-ingres-fourteen-short-stories\/","og_site_name":"Folio","og_image":[{"width":570,"height":708,"url":"https:\/\/foliobooks.pl\/wp-content\/uploads\/2023\/10\/9780847899128.png","type":"image\/png"}],"twitter_card":"summary_large_image","twitter_misc":{"Est. reading time":"2 minutes"},"schema":{"@context":"https:\/\/schema.org","@graph":[{"@type":"WebPage","@id":"https:\/\/foliobooks.pl\/en\/shop\/regarding-ingres-fourteen-short-stories\/","url":"https:\/\/foliobooks.pl\/en\/shop\/regarding-ingres-fourteen-short-stories\/","name":"Regarding Ingres. Fourteen Short Stories (Darin Strauss) - book \/ album - Folio","isPartOf":{"@id":"https:\/\/foliobooks.pl\/en\/#website"},"primaryImageOfPage":{"@id":"https:\/\/foliobooks.pl\/en\/shop\/regarding-ingres-fourteen-short-stories\/#primaryimage"},"image":{"@id":"https:\/\/foliobooks.pl\/en\/shop\/regarding-ingres-fourteen-short-stories\/#primaryimage"},"thumbnailUrl":"https:\/\/foliobooks.pl\/wp-content\/uploads\/2023\/10\/9780847899128.png","datePublished":"2023-10-26T12:38:24+00:00","description":"Wejd\u017a i kup ksi\u0105\u017ck\u0119 Regarding Ingres. Fourteen Short Stories autorstwa Darin Strauss wydan\u0105 przez Rizzoli (2023-03-14) w formacie 19,2 x 24,2 cm (ISBN: 9780847899128). Zapraszamy!","breadcrumb":{"@id":"https:\/\/foliobooks.pl\/en\/shop\/regarding-ingres-fourteen-short-stories\/#breadcrumb"},"inLanguage":"en-US","potentialAction":[{"@type":"ReadAction","target":["https:\/\/foliobooks.pl\/en\/shop\/regarding-ingres-fourteen-short-stories\/"]}]},{"@type":"ImageObject","inLanguage":"en-US","@id":"https:\/\/foliobooks.pl\/en\/shop\/regarding-ingres-fourteen-short-stories\/#primaryimage","url":"https:\/\/foliobooks.pl\/wp-content\/uploads\/2023\/10\/9780847899128.png","contentUrl":"https:\/\/foliobooks.pl\/wp-content\/uploads\/2023\/10\/9780847899128.png","width":570,"height":708},{"@type":"BreadcrumbList","@id":"https:\/\/foliobooks.pl\/en\/shop\/regarding-ingres-fourteen-short-stories\/#breadcrumb","itemListElement":[{"@type":"ListItem","position":1,"name":"Strona g\u0142\u00f3wna","item":"https:\/\/foliobooks.pl\/en\/"},{"@type":"ListItem","position":2,"name":"Shop","item":"https:\/\/foliobooks.pl\/en\/shop\/"},{"@type":"ListItem","position":3,"name":"Regarding Ingres. Fourteen Short Stories"}]},{"@type":"WebSite","@id":"https:\/\/foliobooks.pl\/en\/#website","url":"https:\/\/foliobooks.pl\/en\/","name":"Folio","description":"Ksi\u0119garnia internetowa","potentialAction":[{"@type":"SearchAction","target":{"@type":"EntryPoint","urlTemplate":"https:\/\/foliobooks.pl\/en\/?s={search_term_string}"},"query-input":{"@type":"PropertyValueSpecification","valueRequired":true,"valueName":"search_term_string"}}],"inLanguage":"en-US"}]}},"_links":{"self":[{"href":"https:\/\/foliobooks.pl\/en\/wp-json\/wp\/v2\/product\/95242","targetHints":{"allow":["GET"]}}],"collection":[{"href":"https:\/\/foliobooks.pl\/en\/wp-json\/wp\/v2\/product"}],"about":[{"href":"https:\/\/foliobooks.pl\/en\/wp-json\/wp\/v2\/types\/product"}],"replies":[{"embeddable":true,"href":"https:\/\/foliobooks.pl\/en\/wp-json\/wp\/v2\/comments?post=95242"}],"wp:featuredmedia":[{"embeddable":true,"href":"https:\/\/foliobooks.pl\/en\/wp-json\/wp\/v2\/media\/95241"}],"wp:attachment":[{"href":"https:\/\/foliobooks.pl\/en\/wp-json\/wp\/v2\/media?parent=95242"}],"wp:term":[{"taxonomy":"product_brand","embeddable":true,"href":"https:\/\/foliobooks.pl\/en\/wp-json\/wp\/v2\/product_brand?post=95242"},{"taxonomy":"product_cat","embeddable":true,"href":"https:\/\/foliobooks.pl\/en\/wp-json\/wp\/v2\/product_cat?post=95242"},{"taxonomy":"product_tag","embeddable":true,"href":"https:\/\/foliobooks.pl\/en\/wp-json\/wp\/v2\/product_tag?post=95242"}],"curies":[{"name":"wp","href":"https:\/\/api.w.org\/{rel}","templated":true}]}}