{"id":95109,"date":"2023-10-24T22:26:00","date_gmt":"2023-10-24T20:26:00","guid":{"rendered":"https:\/\/foliobooks.pl\/sklep\/history-of-modern-design-third-edition\/"},"modified":"2023-10-24T22:26:00","modified_gmt":"2023-10-24T20:26:00","slug":"history-of-modern-design-third-edition","status":"publish","type":"product","link":"https:\/\/foliobooks.pl\/en\/shop\/history-of-modern-design-third-edition\/","title":{"rendered":"History of Modern Design Third Edition"},"content":{"rendered":"<p>This unparalleled and wide-ranging book surveys the history of applied arts and industrial design from the eighteenth century to the present day, exploring the dynamic relationship between design and manufacturing, and the technological, social and commercial contexts in which this relationship has developed.<br \/>\nIn this extensively revised and expanded third edition, David Raizman addresses international questions more fully with the addition of six Global Inspiration sections that examine the contributions of non-Western traditions, rendering the very notion of a &#8216;national&#8217; design debatable. The text also pays closer attention to issues of gender, race, and climate change, and their impact on design.<\/p>\n<p>With over 580 illustrations, mostly in colour, History of Modern Design is an inclusive, well-balanced introduction to a field of increasing scholarly and interdisciplinary research, and provides students in design with historical perspectives of their chosen fields of study.<\/p>\n","protected":false},"excerpt":{"rendered":"<p>This unparalleled and wide-ranging book surveys the history of applied arts and industrial design from the eighteenth century to the present day, exploring the dynamic relationship between design and manufacturing, and the technological, social and commercial contexts in which this relationship has developed. In this extensively revised and expanded third edition, David Raizman addresses international&#8230;<\/p>\n","protected":false},"featured_media":95108,"comment_status":"closed","ping_status":"closed","template":"","meta":[],"product_brand":[],"product_cat":[13533,4523,4525,4526],"product_tag":[2767,4524],"class_list":{"0":"post-95109","1":"product","2":"type-product","3":"status-publish","4":"has-post-thumbnail","6":"product_cat-books","7":"product_cat-design-en-en","8":"product_cat-graphic-design","9":"product_cat-industrial-design","10":"product_tag-art-history","11":"product_tag-design-en-en","12":"pa_author_att-david-raizman-en","13":"pa_cover-hardcover","14":"pa_format-222-x-293-cm-en","15":"pa_isbn-9781529419764-en","16":"pa_language-eng","17":"pa_pages-448-en","18":"pa_published-2023-08-31-en","19":"pa_publisher-laurence-king-en","21":"first","22":"outofstock","23":"sold-individually","24":"shipping-taxable","25":"purchasable","26":"product-type-simple"},"yoast_head":"<!-- This site is optimized with the Yoast SEO plugin v27.4 - https:\/\/yoast.com\/product\/yoast-seo-wordpress\/ -->\n<title>History of Modern Design Third Edition (David Raizman) - book \/ album - Folio<\/title>\n<meta name=\"description\" content=\"Wejd\u017a i kup ksi\u0105\u017ck\u0119 History of Modern Design Third Edition autorstwa David Raizman wydan\u0105 przez LAURENCE KING (2023-08-31) w formacie 22,2 x 29,3 cm (ISBN: 9781529419764). Zapraszamy!\" \/>\n<meta name=\"robots\" content=\"index, follow, max-snippet:-1, max-image-preview:large, max-video-preview:-1\" \/>\n<link rel=\"canonical\" href=\"https:\/\/foliobooks.pl\/en\/shop\/history-of-modern-design-third-edition\/\" \/>\n<meta property=\"og:locale\" content=\"en_US\" \/>\n<meta property=\"og:type\" content=\"article\" \/>\n<meta property=\"og:title\" content=\"History of Modern Design Third Edition (David Raizman) - book \/ album - Folio\" \/>\n<meta property=\"og:description\" content=\"Wejd\u017a i kup ksi\u0105\u017ck\u0119 History of Modern Design Third Edition autorstwa David Raizman wydan\u0105 przez LAURENCE KING (2023-08-31) w formacie 22,2 x 29,3 cm (ISBN: 9781529419764). Zapraszamy!\" \/>\n<meta property=\"og:url\" content=\"https:\/\/foliobooks.pl\/en\/shop\/history-of-modern-design-third-edition\/\" \/>\n<meta property=\"og:site_name\" content=\"Folio\" \/>\n<meta property=\"og:image\" content=\"https:\/\/foliobooks.pl\/wp-content\/uploads\/2023\/10\/9781529419764.png\" \/>\n\t<meta property=\"og:image:width\" content=\"570\" \/>\n\t<meta property=\"og:image:height\" content=\"708\" \/>\n\t<meta property=\"og:image:type\" content=\"image\/png\" \/>\n<meta name=\"twitter:card\" content=\"summary_large_image\" \/>\n<meta name=\"twitter:label1\" content=\"Est. reading time\" \/>\n\t<meta name=\"twitter:data1\" content=\"1 minute\" \/>\n<script type=\"application\/ld+json\" class=\"yoast-schema-graph\">{\"@context\":\"https:\\\/\\\/schema.org\",\"@graph\":[{\"@type\":\"WebPage\",\"@id\":\"https:\\\/\\\/foliobooks.pl\\\/en\\\/shop\\\/history-of-modern-design-third-edition\\\/\",\"url\":\"https:\\\/\\\/foliobooks.pl\\\/en\\\/shop\\\/history-of-modern-design-third-edition\\\/\",\"name\":\"History of Modern Design Third Edition (David Raizman) - book \\\/ album - Folio\",\"isPartOf\":{\"@id\":\"https:\\\/\\\/foliobooks.pl\\\/en\\\/#website\"},\"primaryImageOfPage\":{\"@id\":\"https:\\\/\\\/foliobooks.pl\\\/en\\\/shop\\\/history-of-modern-design-third-edition\\\/#primaryimage\"},\"image\":{\"@id\":\"https:\\\/\\\/foliobooks.pl\\\/en\\\/shop\\\/history-of-modern-design-third-edition\\\/#primaryimage\"},\"thumbnailUrl\":\"https:\\\/\\\/foliobooks.pl\\\/wp-content\\\/uploads\\\/2023\\\/10\\\/9781529419764.png\",\"datePublished\":\"2023-10-24T20:26:00+00:00\",\"description\":\"Wejd\u017a i kup ksi\u0105\u017ck\u0119 History of Modern Design Third Edition autorstwa David Raizman wydan\u0105 przez LAURENCE KING (2023-08-31) w formacie 22,2 x 29,3 cm (ISBN: 9781529419764). Zapraszamy!\",\"breadcrumb\":{\"@id\":\"https:\\\/\\\/foliobooks.pl\\\/en\\\/shop\\\/history-of-modern-design-third-edition\\\/#breadcrumb\"},\"inLanguage\":\"en-US\",\"potentialAction\":[{\"@type\":\"ReadAction\",\"target\":[\"https:\\\/\\\/foliobooks.pl\\\/en\\\/shop\\\/history-of-modern-design-third-edition\\\/\"]}]},{\"@type\":\"ImageObject\",\"inLanguage\":\"en-US\",\"@id\":\"https:\\\/\\\/foliobooks.pl\\\/en\\\/shop\\\/history-of-modern-design-third-edition\\\/#primaryimage\",\"url\":\"https:\\\/\\\/foliobooks.pl\\\/wp-content\\\/uploads\\\/2023\\\/10\\\/9781529419764.png\",\"contentUrl\":\"https:\\\/\\\/foliobooks.pl\\\/wp-content\\\/uploads\\\/2023\\\/10\\\/9781529419764.png\",\"width\":570,\"height\":708},{\"@type\":\"BreadcrumbList\",\"@id\":\"https:\\\/\\\/foliobooks.pl\\\/en\\\/shop\\\/history-of-modern-design-third-edition\\\/#breadcrumb\",\"itemListElement\":[{\"@type\":\"ListItem\",\"position\":1,\"name\":\"Strona g\u0142\u00f3wna\",\"item\":\"https:\\\/\\\/foliobooks.pl\\\/en\\\/\"},{\"@type\":\"ListItem\",\"position\":2,\"name\":\"Shop\",\"item\":\"https:\\\/\\\/foliobooks.pl\\\/en\\\/shop\\\/\"},{\"@type\":\"ListItem\",\"position\":3,\"name\":\"History of Modern Design Third Edition\"}]},{\"@type\":\"WebSite\",\"@id\":\"https:\\\/\\\/foliobooks.pl\\\/en\\\/#website\",\"url\":\"https:\\\/\\\/foliobooks.pl\\\/en\\\/\",\"name\":\"Folio\",\"description\":\"Ksi\u0119garnia internetowa\",\"potentialAction\":[{\"@type\":\"SearchAction\",\"target\":{\"@type\":\"EntryPoint\",\"urlTemplate\":\"https:\\\/\\\/foliobooks.pl\\\/en\\\/?s={search_term_string}\"},\"query-input\":{\"@type\":\"PropertyValueSpecification\",\"valueRequired\":true,\"valueName\":\"search_term_string\"}}],\"inLanguage\":\"en-US\"}]}<\/script>\n<!-- \/ Yoast SEO plugin. -->","yoast_head_json":{"title":"History of Modern Design Third Edition (David Raizman) - book \/ album - Folio","description":"Wejd\u017a i kup ksi\u0105\u017ck\u0119 History of Modern Design Third Edition autorstwa David Raizman wydan\u0105 przez LAURENCE KING (2023-08-31) w formacie 22,2 x 29,3 cm (ISBN: 9781529419764). Zapraszamy!","robots":{"index":"index","follow":"follow","max-snippet":"max-snippet:-1","max-image-preview":"max-image-preview:large","max-video-preview":"max-video-preview:-1"},"canonical":"https:\/\/foliobooks.pl\/en\/shop\/history-of-modern-design-third-edition\/","og_locale":"en_US","og_type":"article","og_title":"History of Modern Design Third Edition (David Raizman) - book \/ album - Folio","og_description":"Wejd\u017a i kup ksi\u0105\u017ck\u0119 History of Modern Design Third Edition autorstwa David Raizman wydan\u0105 przez LAURENCE KING (2023-08-31) w formacie 22,2 x 29,3 cm (ISBN: 9781529419764). Zapraszamy!","og_url":"https:\/\/foliobooks.pl\/en\/shop\/history-of-modern-design-third-edition\/","og_site_name":"Folio","og_image":[{"width":570,"height":708,"url":"https:\/\/foliobooks.pl\/wp-content\/uploads\/2023\/10\/9781529419764.png","type":"image\/png"}],"twitter_card":"summary_large_image","twitter_misc":{"Est. reading time":"1 minute"},"schema":{"@context":"https:\/\/schema.org","@graph":[{"@type":"WebPage","@id":"https:\/\/foliobooks.pl\/en\/shop\/history-of-modern-design-third-edition\/","url":"https:\/\/foliobooks.pl\/en\/shop\/history-of-modern-design-third-edition\/","name":"History of Modern Design Third Edition (David Raizman) - book \/ album - Folio","isPartOf":{"@id":"https:\/\/foliobooks.pl\/en\/#website"},"primaryImageOfPage":{"@id":"https:\/\/foliobooks.pl\/en\/shop\/history-of-modern-design-third-edition\/#primaryimage"},"image":{"@id":"https:\/\/foliobooks.pl\/en\/shop\/history-of-modern-design-third-edition\/#primaryimage"},"thumbnailUrl":"https:\/\/foliobooks.pl\/wp-content\/uploads\/2023\/10\/9781529419764.png","datePublished":"2023-10-24T20:26:00+00:00","description":"Wejd\u017a i kup ksi\u0105\u017ck\u0119 History of Modern Design Third Edition autorstwa David Raizman wydan\u0105 przez LAURENCE KING (2023-08-31) w formacie 22,2 x 29,3 cm (ISBN: 9781529419764). Zapraszamy!","breadcrumb":{"@id":"https:\/\/foliobooks.pl\/en\/shop\/history-of-modern-design-third-edition\/#breadcrumb"},"inLanguage":"en-US","potentialAction":[{"@type":"ReadAction","target":["https:\/\/foliobooks.pl\/en\/shop\/history-of-modern-design-third-edition\/"]}]},{"@type":"ImageObject","inLanguage":"en-US","@id":"https:\/\/foliobooks.pl\/en\/shop\/history-of-modern-design-third-edition\/#primaryimage","url":"https:\/\/foliobooks.pl\/wp-content\/uploads\/2023\/10\/9781529419764.png","contentUrl":"https:\/\/foliobooks.pl\/wp-content\/uploads\/2023\/10\/9781529419764.png","width":570,"height":708},{"@type":"BreadcrumbList","@id":"https:\/\/foliobooks.pl\/en\/shop\/history-of-modern-design-third-edition\/#breadcrumb","itemListElement":[{"@type":"ListItem","position":1,"name":"Strona g\u0142\u00f3wna","item":"https:\/\/foliobooks.pl\/en\/"},{"@type":"ListItem","position":2,"name":"Shop","item":"https:\/\/foliobooks.pl\/en\/shop\/"},{"@type":"ListItem","position":3,"name":"History of Modern Design Third Edition"}]},{"@type":"WebSite","@id":"https:\/\/foliobooks.pl\/en\/#website","url":"https:\/\/foliobooks.pl\/en\/","name":"Folio","description":"Ksi\u0119garnia internetowa","potentialAction":[{"@type":"SearchAction","target":{"@type":"EntryPoint","urlTemplate":"https:\/\/foliobooks.pl\/en\/?s={search_term_string}"},"query-input":{"@type":"PropertyValueSpecification","valueRequired":true,"valueName":"search_term_string"}}],"inLanguage":"en-US"}]}},"_links":{"self":[{"href":"https:\/\/foliobooks.pl\/en\/wp-json\/wp\/v2\/product\/95109","targetHints":{"allow":["GET"]}}],"collection":[{"href":"https:\/\/foliobooks.pl\/en\/wp-json\/wp\/v2\/product"}],"about":[{"href":"https:\/\/foliobooks.pl\/en\/wp-json\/wp\/v2\/types\/product"}],"replies":[{"embeddable":true,"href":"https:\/\/foliobooks.pl\/en\/wp-json\/wp\/v2\/comments?post=95109"}],"wp:featuredmedia":[{"embeddable":true,"href":"https:\/\/foliobooks.pl\/en\/wp-json\/wp\/v2\/media\/95108"}],"wp:attachment":[{"href":"https:\/\/foliobooks.pl\/en\/wp-json\/wp\/v2\/media?parent=95109"}],"wp:term":[{"taxonomy":"product_brand","embeddable":true,"href":"https:\/\/foliobooks.pl\/en\/wp-json\/wp\/v2\/product_brand?post=95109"},{"taxonomy":"product_cat","embeddable":true,"href":"https:\/\/foliobooks.pl\/en\/wp-json\/wp\/v2\/product_cat?post=95109"},{"taxonomy":"product_tag","embeddable":true,"href":"https:\/\/foliobooks.pl\/en\/wp-json\/wp\/v2\/product_tag?post=95109"}],"curies":[{"name":"wp","href":"https:\/\/api.w.org\/{rel}","templated":true}]}}