{"id":95073,"date":"2023-10-24T22:04:51","date_gmt":"2023-10-24T20:04:51","guid":{"rendered":"https:\/\/foliobooks.pl\/sklep\/the-computer-a-history-from-the-17th-century-to-today\/"},"modified":"2025-01-03T17:16:21","modified_gmt":"2025-01-03T16:16:21","slug":"the-computer-a-history-from-the-17th-century-to-today","status":"publish","type":"product","link":"https:\/\/foliobooks.pl\/en\/shop\/the-computer-a-history-from-the-17th-century-to-today\/","title":{"rendered":"The Computer. A History from the 17th Century to Today"},"content":{"rendered":"<p>In the Beginning Was the Computer<\/p>\n<p>A history from early calculating machines to today<\/p>\n<p>The story of the evolution of machines in computer history is full of the disruptive innovations that have led to today\u2019s world. From the early beginnings of computing to the bulky mainframe to the personal computer era, we now live in an almost entirely digital age.<\/p>\n<p>The Computer explores steps from the first ideas of a calculating machine in the 19th century and early experiments with autonomous driving in the 1920s to oversized office computers in the 1950s to laptops and wearables of today. Jens M\u00fcller delivers a visual understanding of the emergence of the Information Age that hasn\u2019t been shown before. Tracing the stories of tech visionaries, pioneers, and entrepreneurs, the book combines compelling visuals, historical documents, and in-depth explanations to reveal significant events in computer history. Encompassing the invention of machines, coding, and software development, as well as technology&#8217;s influence on today&#8217;s political landscape.<\/p>\n<p>This survey presents creations from Ada Lovelace, Charles Babbage, Alan Turing, Grace Hopper, Bill Gates, and Steve Jobs. Showcasing forgotten gadgets and prototypes connecting iconic products such as the Apple Macintosh and the Sony Play Station. As well as remembering milestones in software development, videogaming, and the web. Infographics explain wireless communication and other fundamental technical concepts, while the history of corporations such as IBM, Apple, Microsoft, Atari, Amazon, and Google is retraced through rare photographs and advertising campaigns.<\/p>\n<p>A fascinating read, this book acknowledges the computer\u2019s stupendous power and social impact. For techies and everyone interested in culture, economics, politics, and science, it illustrates how we got here today and helps us ask better questions about where we will be tomorrow.<\/p>\n","protected":false},"excerpt":{"rendered":"<p>In the Beginning Was the Computer A history from early calculating machines to today The story of the evolution of machines in computer history is full of the disruptive innovations that have led to today\u2019s world. From the early beginnings of computing to the bulky mainframe to the personal computer era, we now live in&#8230;<\/p>\n","protected":false},"featured_media":95054,"comment_status":"closed","ping_status":"closed","template":"","meta":[],"product_brand":[],"product_cat":[13533,4517],"product_tag":[1681,7262],"class_list":{"0":"post-95073","1":"product","2":"type-product","3":"status-publish","4":"has-post-thumbnail","6":"product_cat-books","7":"product_cat-photography-en","8":"product_tag-history","9":"product_tag-technology-en","10":"pa_author_att-jens-muller-julius-wiedemann-en","11":"pa_cover-hardcover","12":"pa_format-246-x-372-cm-en","13":"pa_isbn-9783836573344-en","14":"pa_language-eng-f-ger","15":"pa_pages-472-en-2","16":"pa_published-2023-04-04-en","17":"pa_publisher-taschen-en-en","19":"first","20":"instock","21":"sold-individually","22":"shipping-taxable","23":"purchasable","24":"product-type-simple"},"yoast_head":"<!-- This site is optimized with the Yoast SEO plugin v27.5 - https:\/\/yoast.com\/product\/yoast-seo-wordpress\/ -->\n<title>The Computer. A History from the 17th Century to Today (Jens M\u00fcller, Julius Wiedemann) - book \/ album - Folio<\/title>\n<meta name=\"description\" content=\"Wejd\u017a i kup ksi\u0105\u017ck\u0119 The Computer. A History from the 17th Century to Today autorstwa Jens M\u00fcller, Julius Wiedemann wydan\u0105 przez TASCHEN (2023-04-04) w formacie 24,6 x 37,2 cm (ISBN: 9783836573344). Zapraszamy!\" \/>\n<meta name=\"robots\" content=\"index, follow, max-snippet:-1, max-image-preview:large, max-video-preview:-1\" \/>\n<link rel=\"canonical\" href=\"https:\/\/foliobooks.pl\/en\/shop\/the-computer-a-history-from-the-17th-century-to-today\/\" \/>\n<meta property=\"og:locale\" content=\"en_US\" \/>\n<meta property=\"og:type\" content=\"article\" \/>\n<meta property=\"og:title\" content=\"The Computer. A History from the 17th Century to Today (Jens M\u00fcller, Julius Wiedemann) - book \/ album - Folio\" \/>\n<meta property=\"og:description\" content=\"Wejd\u017a i kup ksi\u0105\u017ck\u0119 The Computer. A History from the 17th Century to Today autorstwa Jens M\u00fcller, Julius Wiedemann wydan\u0105 przez TASCHEN (2023-04-04) w formacie 24,6 x 37,2 cm (ISBN: 9783836573344). Zapraszamy!\" \/>\n<meta property=\"og:url\" content=\"https:\/\/foliobooks.pl\/en\/shop\/the-computer-a-history-from-the-17th-century-to-today\/\" \/>\n<meta property=\"og:site_name\" content=\"Folio\" \/>\n<meta property=\"article:modified_time\" content=\"2025-01-03T16:16:21+00:00\" \/>\n<meta property=\"og:image\" content=\"https:\/\/foliobooks.pl\/wp-content\/uploads\/2023\/10\/9783836573344.png\" \/>\n\t<meta property=\"og:image:width\" content=\"570\" \/>\n\t<meta property=\"og:image:height\" content=\"708\" \/>\n\t<meta property=\"og:image:type\" content=\"image\/png\" \/>\n<meta name=\"twitter:card\" content=\"summary_large_image\" \/>\n<meta name=\"twitter:label1\" content=\"Est. reading time\" \/>\n\t<meta name=\"twitter:data1\" content=\"2 minutes\" \/>\n<script type=\"application\/ld+json\" class=\"yoast-schema-graph\">{\"@context\":\"https:\\\/\\\/schema.org\",\"@graph\":[{\"@type\":\"WebPage\",\"@id\":\"https:\\\/\\\/foliobooks.pl\\\/en\\\/shop\\\/the-computer-a-history-from-the-17th-century-to-today\\\/\",\"url\":\"https:\\\/\\\/foliobooks.pl\\\/en\\\/shop\\\/the-computer-a-history-from-the-17th-century-to-today\\\/\",\"name\":\"The Computer. A History from the 17th Century to Today (Jens M\u00fcller, Julius Wiedemann) - book \\\/ album - Folio\",\"isPartOf\":{\"@id\":\"https:\\\/\\\/foliobooks.pl\\\/en\\\/#website\"},\"primaryImageOfPage\":{\"@id\":\"https:\\\/\\\/foliobooks.pl\\\/en\\\/shop\\\/the-computer-a-history-from-the-17th-century-to-today\\\/#primaryimage\"},\"image\":{\"@id\":\"https:\\\/\\\/foliobooks.pl\\\/en\\\/shop\\\/the-computer-a-history-from-the-17th-century-to-today\\\/#primaryimage\"},\"thumbnailUrl\":\"https:\\\/\\\/foliobooks.pl\\\/wp-content\\\/uploads\\\/2023\\\/10\\\/9783836573344.png\",\"datePublished\":\"2023-10-24T20:04:51+00:00\",\"dateModified\":\"2025-01-03T16:16:21+00:00\",\"description\":\"Wejd\u017a i kup ksi\u0105\u017ck\u0119 The Computer. A History from the 17th Century to Today autorstwa Jens M\u00fcller, Julius Wiedemann wydan\u0105 przez TASCHEN (2023-04-04) w formacie 24,6 x 37,2 cm (ISBN: 9783836573344). Zapraszamy!\",\"breadcrumb\":{\"@id\":\"https:\\\/\\\/foliobooks.pl\\\/en\\\/shop\\\/the-computer-a-history-from-the-17th-century-to-today\\\/#breadcrumb\"},\"inLanguage\":\"en-US\",\"potentialAction\":[{\"@type\":\"ReadAction\",\"target\":[\"https:\\\/\\\/foliobooks.pl\\\/en\\\/shop\\\/the-computer-a-history-from-the-17th-century-to-today\\\/\"]}]},{\"@type\":\"ImageObject\",\"inLanguage\":\"en-US\",\"@id\":\"https:\\\/\\\/foliobooks.pl\\\/en\\\/shop\\\/the-computer-a-history-from-the-17th-century-to-today\\\/#primaryimage\",\"url\":\"https:\\\/\\\/foliobooks.pl\\\/wp-content\\\/uploads\\\/2023\\\/10\\\/9783836573344.png\",\"contentUrl\":\"https:\\\/\\\/foliobooks.pl\\\/wp-content\\\/uploads\\\/2023\\\/10\\\/9783836573344.png\",\"width\":570,\"height\":708},{\"@type\":\"BreadcrumbList\",\"@id\":\"https:\\\/\\\/foliobooks.pl\\\/en\\\/shop\\\/the-computer-a-history-from-the-17th-century-to-today\\\/#breadcrumb\",\"itemListElement\":[{\"@type\":\"ListItem\",\"position\":1,\"name\":\"Strona g\u0142\u00f3wna\",\"item\":\"https:\\\/\\\/foliobooks.pl\\\/en\\\/\"},{\"@type\":\"ListItem\",\"position\":2,\"name\":\"Shop\",\"item\":\"https:\\\/\\\/foliobooks.pl\\\/en\\\/shop\\\/\"},{\"@type\":\"ListItem\",\"position\":3,\"name\":\"The Computer. A History from the 17th Century to Today\"}]},{\"@type\":\"WebSite\",\"@id\":\"https:\\\/\\\/foliobooks.pl\\\/en\\\/#website\",\"url\":\"https:\\\/\\\/foliobooks.pl\\\/en\\\/\",\"name\":\"Folio\",\"description\":\"Ksi\u0119garnia internetowa\",\"potentialAction\":[{\"@type\":\"SearchAction\",\"target\":{\"@type\":\"EntryPoint\",\"urlTemplate\":\"https:\\\/\\\/foliobooks.pl\\\/en\\\/?s={search_term_string}\"},\"query-input\":{\"@type\":\"PropertyValueSpecification\",\"valueRequired\":true,\"valueName\":\"search_term_string\"}}],\"inLanguage\":\"en-US\"}]}<\/script>\n<!-- \/ Yoast SEO plugin. -->","yoast_head_json":{"title":"The Computer. A History from the 17th Century to Today (Jens M\u00fcller, Julius Wiedemann) - book \/ album - Folio","description":"Wejd\u017a i kup ksi\u0105\u017ck\u0119 The Computer. A History from the 17th Century to Today autorstwa Jens M\u00fcller, Julius Wiedemann wydan\u0105 przez TASCHEN (2023-04-04) w formacie 24,6 x 37,2 cm (ISBN: 9783836573344). Zapraszamy!","robots":{"index":"index","follow":"follow","max-snippet":"max-snippet:-1","max-image-preview":"max-image-preview:large","max-video-preview":"max-video-preview:-1"},"canonical":"https:\/\/foliobooks.pl\/en\/shop\/the-computer-a-history-from-the-17th-century-to-today\/","og_locale":"en_US","og_type":"article","og_title":"The Computer. A History from the 17th Century to Today (Jens M\u00fcller, Julius Wiedemann) - book \/ album - Folio","og_description":"Wejd\u017a i kup ksi\u0105\u017ck\u0119 The Computer. A History from the 17th Century to Today autorstwa Jens M\u00fcller, Julius Wiedemann wydan\u0105 przez TASCHEN (2023-04-04) w formacie 24,6 x 37,2 cm (ISBN: 9783836573344). Zapraszamy!","og_url":"https:\/\/foliobooks.pl\/en\/shop\/the-computer-a-history-from-the-17th-century-to-today\/","og_site_name":"Folio","article_modified_time":"2025-01-03T16:16:21+00:00","og_image":[{"width":570,"height":708,"url":"https:\/\/foliobooks.pl\/wp-content\/uploads\/2023\/10\/9783836573344.png","type":"image\/png"}],"twitter_card":"summary_large_image","twitter_misc":{"Est. reading time":"2 minutes"},"schema":{"@context":"https:\/\/schema.org","@graph":[{"@type":"WebPage","@id":"https:\/\/foliobooks.pl\/en\/shop\/the-computer-a-history-from-the-17th-century-to-today\/","url":"https:\/\/foliobooks.pl\/en\/shop\/the-computer-a-history-from-the-17th-century-to-today\/","name":"The Computer. A History from the 17th Century to Today (Jens M\u00fcller, Julius Wiedemann) - book \/ album - Folio","isPartOf":{"@id":"https:\/\/foliobooks.pl\/en\/#website"},"primaryImageOfPage":{"@id":"https:\/\/foliobooks.pl\/en\/shop\/the-computer-a-history-from-the-17th-century-to-today\/#primaryimage"},"image":{"@id":"https:\/\/foliobooks.pl\/en\/shop\/the-computer-a-history-from-the-17th-century-to-today\/#primaryimage"},"thumbnailUrl":"https:\/\/foliobooks.pl\/wp-content\/uploads\/2023\/10\/9783836573344.png","datePublished":"2023-10-24T20:04:51+00:00","dateModified":"2025-01-03T16:16:21+00:00","description":"Wejd\u017a i kup ksi\u0105\u017ck\u0119 The Computer. A History from the 17th Century to Today autorstwa Jens M\u00fcller, Julius Wiedemann wydan\u0105 przez TASCHEN (2023-04-04) w formacie 24,6 x 37,2 cm (ISBN: 9783836573344). Zapraszamy!","breadcrumb":{"@id":"https:\/\/foliobooks.pl\/en\/shop\/the-computer-a-history-from-the-17th-century-to-today\/#breadcrumb"},"inLanguage":"en-US","potentialAction":[{"@type":"ReadAction","target":["https:\/\/foliobooks.pl\/en\/shop\/the-computer-a-history-from-the-17th-century-to-today\/"]}]},{"@type":"ImageObject","inLanguage":"en-US","@id":"https:\/\/foliobooks.pl\/en\/shop\/the-computer-a-history-from-the-17th-century-to-today\/#primaryimage","url":"https:\/\/foliobooks.pl\/wp-content\/uploads\/2023\/10\/9783836573344.png","contentUrl":"https:\/\/foliobooks.pl\/wp-content\/uploads\/2023\/10\/9783836573344.png","width":570,"height":708},{"@type":"BreadcrumbList","@id":"https:\/\/foliobooks.pl\/en\/shop\/the-computer-a-history-from-the-17th-century-to-today\/#breadcrumb","itemListElement":[{"@type":"ListItem","position":1,"name":"Strona g\u0142\u00f3wna","item":"https:\/\/foliobooks.pl\/en\/"},{"@type":"ListItem","position":2,"name":"Shop","item":"https:\/\/foliobooks.pl\/en\/shop\/"},{"@type":"ListItem","position":3,"name":"The Computer. A History from the 17th Century to Today"}]},{"@type":"WebSite","@id":"https:\/\/foliobooks.pl\/en\/#website","url":"https:\/\/foliobooks.pl\/en\/","name":"Folio","description":"Ksi\u0119garnia internetowa","potentialAction":[{"@type":"SearchAction","target":{"@type":"EntryPoint","urlTemplate":"https:\/\/foliobooks.pl\/en\/?s={search_term_string}"},"query-input":{"@type":"PropertyValueSpecification","valueRequired":true,"valueName":"search_term_string"}}],"inLanguage":"en-US"}]}},"_links":{"self":[{"href":"https:\/\/foliobooks.pl\/en\/wp-json\/wp\/v2\/product\/95073","targetHints":{"allow":["GET"]}}],"collection":[{"href":"https:\/\/foliobooks.pl\/en\/wp-json\/wp\/v2\/product"}],"about":[{"href":"https:\/\/foliobooks.pl\/en\/wp-json\/wp\/v2\/types\/product"}],"replies":[{"embeddable":true,"href":"https:\/\/foliobooks.pl\/en\/wp-json\/wp\/v2\/comments?post=95073"}],"wp:featuredmedia":[{"embeddable":true,"href":"https:\/\/foliobooks.pl\/en\/wp-json\/wp\/v2\/media\/95054"}],"wp:attachment":[{"href":"https:\/\/foliobooks.pl\/en\/wp-json\/wp\/v2\/media?parent=95073"}],"wp:term":[{"taxonomy":"product_brand","embeddable":true,"href":"https:\/\/foliobooks.pl\/en\/wp-json\/wp\/v2\/product_brand?post=95073"},{"taxonomy":"product_cat","embeddable":true,"href":"https:\/\/foliobooks.pl\/en\/wp-json\/wp\/v2\/product_cat?post=95073"},{"taxonomy":"product_tag","embeddable":true,"href":"https:\/\/foliobooks.pl\/en\/wp-json\/wp\/v2\/product_tag?post=95073"}],"curies":[{"name":"wp","href":"https:\/\/api.w.org\/{rel}","templated":true}]}}