{"id":95051,"date":"2023-10-24T21:55:54","date_gmt":"2023-10-24T19:55:54","guid":{"rendered":"https:\/\/foliobooks.pl\/sklep\/colors-colorful-home-inspiration\/"},"modified":"2023-10-24T21:55:54","modified_gmt":"2023-10-24T19:55:54","slug":"colors-colorful-home-inspiration","status":"publish","type":"product","link":"https:\/\/foliobooks.pl\/en\/shop\/colors-colorful-home-inspiration\/","title":{"rendered":"Colors. Colorful Home Inspiration"},"content":{"rendered":"<p>Home Inspirations by teNeues goes into the next round &#8211; and has never been more relevant. After all, when the world around us is in shambles, a home with a feel-good vibe is essential. For some, a pared-down aesthetic that exudes a pleasant homeliness may be the right path to well-deserved ease; for others, a cheerful riot of color is a fitting counterpart to the monochromatic daily grind. Two very different approaches that nevertheless pursue the same goal: to conjure up a real retreat from a simple living space.<\/p>\n<p>The power of colors and their influence on our psychological well-being has long been no secret. What fashion is currently demonstrating with the dopamine dressing trend is now being continued in interior design. True to the motto Good-Vibes-Only, colorful good-mood boosters are being used as eye-catchers, individual accents or even in an all-over look. As proven mood lifters, the polarizing color elements represent optimism and a joie de vivre.<\/p>\n<p>In the usual teNeues quality with a high-quality layout, large-format images and exciting content, the new illustrated books in the freshly launched series now skilfully set the scene for two further interior trends, elegantly acting as decorative eye-catching pieces themselves. A practical index, which offers support in the search for brands and manufacturers, as well as fascinating rooms for re-styling make the books true inspirational treasures for every interior enthusiast.<\/p>\n","protected":false},"excerpt":{"rendered":"<p>Home Inspirations by teNeues goes into the next round &#8211; and has never been more relevant. After all, when the world around us is in shambles, a home with a feel-good vibe is essential. For some, a pared-down aesthetic that exudes a pleasant homeliness may be the right path to well-deserved ease; for others, a&#8230;<\/p>\n","protected":false},"featured_media":95040,"comment_status":"closed","ping_status":"closed","template":"","meta":[],"product_brand":[],"product_cat":[4516,13533],"product_tag":[9783,290,18135],"class_list":{"0":"post-95051","1":"product","2":"type-product","3":"status-publish","4":"has-post-thumbnail","6":"product_cat-architecture-en","7":"product_cat-books","8":"product_tag-colour-en","9":"product_tag-interiors-en","10":"product_tag-wystroj-wnetrz-en","11":"pa_author_att-claire-bingham-en","12":"pa_cover-hardcover","13":"pa_format-20-x-245-cm-en","14":"pa_isbn-9783961714506-en","15":"pa_language-eng","16":"pa_pages-192-en","17":"pa_published-2023-08-04-en","18":"pa_publisher-teneues-en","20":"first","21":"outofstock","22":"sold-individually","23":"shipping-taxable","24":"purchasable","25":"product-type-simple"},"yoast_head":"<!-- This site is optimized with the Yoast SEO plugin v27.6 - https:\/\/yoast.com\/product\/yoast-seo-wordpress\/ -->\n<title>Colors. Colorful Home Inspiration (Claire Bingham) - book \/ album - Folio<\/title>\n<meta name=\"description\" content=\"Wejd\u017a i kup ksi\u0105\u017ck\u0119 Colors. Colorful Home Inspiration autorstwa Claire Bingham wydan\u0105 przez teNeues (2023-08-04) w formacie 20 x 24,5 cm (ISBN: 9783961714506). Zapraszamy!\" \/>\n<meta name=\"robots\" content=\"index, follow, max-snippet:-1, max-image-preview:large, max-video-preview:-1\" \/>\n<link rel=\"canonical\" href=\"https:\/\/foliobooks.pl\/en\/shop\/colors-colorful-home-inspiration\/\" \/>\n<meta property=\"og:locale\" content=\"en_US\" \/>\n<meta property=\"og:type\" content=\"article\" \/>\n<meta property=\"og:title\" content=\"Colors. Colorful Home Inspiration (Claire Bingham) - book \/ album - Folio\" \/>\n<meta property=\"og:description\" content=\"Wejd\u017a i kup ksi\u0105\u017ck\u0119 Colors. Colorful Home Inspiration autorstwa Claire Bingham wydan\u0105 przez teNeues (2023-08-04) w formacie 20 x 24,5 cm (ISBN: 9783961714506). Zapraszamy!\" \/>\n<meta property=\"og:url\" content=\"https:\/\/foliobooks.pl\/en\/shop\/colors-colorful-home-inspiration\/\" \/>\n<meta property=\"og:site_name\" content=\"Folio\" \/>\n<meta property=\"og:image\" content=\"https:\/\/foliobooks.pl\/wp-content\/uploads\/2023\/10\/9783961714506.png\" \/>\n\t<meta property=\"og:image:width\" content=\"570\" \/>\n\t<meta property=\"og:image:height\" content=\"708\" \/>\n\t<meta property=\"og:image:type\" content=\"image\/png\" \/>\n<meta name=\"twitter:card\" content=\"summary_large_image\" \/>\n<meta name=\"twitter:label1\" content=\"Est. reading time\" \/>\n\t<meta name=\"twitter:data1\" content=\"2 minutes\" \/>\n<script type=\"application\/ld+json\" class=\"yoast-schema-graph\">{\"@context\":\"https:\\\/\\\/schema.org\",\"@graph\":[{\"@type\":\"WebPage\",\"@id\":\"https:\\\/\\\/foliobooks.pl\\\/en\\\/shop\\\/colors-colorful-home-inspiration\\\/\",\"url\":\"https:\\\/\\\/foliobooks.pl\\\/en\\\/shop\\\/colors-colorful-home-inspiration\\\/\",\"name\":\"Colors. Colorful Home Inspiration (Claire Bingham) - book \\\/ album - Folio\",\"isPartOf\":{\"@id\":\"https:\\\/\\\/foliobooks.pl\\\/en\\\/#website\"},\"primaryImageOfPage\":{\"@id\":\"https:\\\/\\\/foliobooks.pl\\\/en\\\/shop\\\/colors-colorful-home-inspiration\\\/#primaryimage\"},\"image\":{\"@id\":\"https:\\\/\\\/foliobooks.pl\\\/en\\\/shop\\\/colors-colorful-home-inspiration\\\/#primaryimage\"},\"thumbnailUrl\":\"https:\\\/\\\/foliobooks.pl\\\/wp-content\\\/uploads\\\/2023\\\/10\\\/9783961714506.png\",\"datePublished\":\"2023-10-24T19:55:54+00:00\",\"description\":\"Wejd\u017a i kup ksi\u0105\u017ck\u0119 Colors. Colorful Home Inspiration autorstwa Claire Bingham wydan\u0105 przez teNeues (2023-08-04) w formacie 20 x 24,5 cm (ISBN: 9783961714506). Zapraszamy!\",\"breadcrumb\":{\"@id\":\"https:\\\/\\\/foliobooks.pl\\\/en\\\/shop\\\/colors-colorful-home-inspiration\\\/#breadcrumb\"},\"inLanguage\":\"en-US\",\"potentialAction\":[{\"@type\":\"ReadAction\",\"target\":[\"https:\\\/\\\/foliobooks.pl\\\/en\\\/shop\\\/colors-colorful-home-inspiration\\\/\"]}]},{\"@type\":\"ImageObject\",\"inLanguage\":\"en-US\",\"@id\":\"https:\\\/\\\/foliobooks.pl\\\/en\\\/shop\\\/colors-colorful-home-inspiration\\\/#primaryimage\",\"url\":\"https:\\\/\\\/foliobooks.pl\\\/wp-content\\\/uploads\\\/2023\\\/10\\\/9783961714506.png\",\"contentUrl\":\"https:\\\/\\\/foliobooks.pl\\\/wp-content\\\/uploads\\\/2023\\\/10\\\/9783961714506.png\",\"width\":570,\"height\":708},{\"@type\":\"BreadcrumbList\",\"@id\":\"https:\\\/\\\/foliobooks.pl\\\/en\\\/shop\\\/colors-colorful-home-inspiration\\\/#breadcrumb\",\"itemListElement\":[{\"@type\":\"ListItem\",\"position\":1,\"name\":\"Strona g\u0142\u00f3wna\",\"item\":\"https:\\\/\\\/foliobooks.pl\\\/en\\\/\"},{\"@type\":\"ListItem\",\"position\":2,\"name\":\"Shop\",\"item\":\"https:\\\/\\\/foliobooks.pl\\\/en\\\/shop\\\/\"},{\"@type\":\"ListItem\",\"position\":3,\"name\":\"Colors. Colorful Home Inspiration\"}]},{\"@type\":\"WebSite\",\"@id\":\"https:\\\/\\\/foliobooks.pl\\\/en\\\/#website\",\"url\":\"https:\\\/\\\/foliobooks.pl\\\/en\\\/\",\"name\":\"Folio\",\"description\":\"Ksi\u0119garnia internetowa\",\"potentialAction\":[{\"@type\":\"SearchAction\",\"target\":{\"@type\":\"EntryPoint\",\"urlTemplate\":\"https:\\\/\\\/foliobooks.pl\\\/en\\\/?s={search_term_string}\"},\"query-input\":{\"@type\":\"PropertyValueSpecification\",\"valueRequired\":true,\"valueName\":\"search_term_string\"}}],\"inLanguage\":\"en-US\"}]}<\/script>\n<!-- \/ Yoast SEO plugin. -->","yoast_head_json":{"title":"Colors. Colorful Home Inspiration (Claire Bingham) - book \/ album - Folio","description":"Wejd\u017a i kup ksi\u0105\u017ck\u0119 Colors. Colorful Home Inspiration autorstwa Claire Bingham wydan\u0105 przez teNeues (2023-08-04) w formacie 20 x 24,5 cm (ISBN: 9783961714506). Zapraszamy!","robots":{"index":"index","follow":"follow","max-snippet":"max-snippet:-1","max-image-preview":"max-image-preview:large","max-video-preview":"max-video-preview:-1"},"canonical":"https:\/\/foliobooks.pl\/en\/shop\/colors-colorful-home-inspiration\/","og_locale":"en_US","og_type":"article","og_title":"Colors. Colorful Home Inspiration (Claire Bingham) - book \/ album - Folio","og_description":"Wejd\u017a i kup ksi\u0105\u017ck\u0119 Colors. Colorful Home Inspiration autorstwa Claire Bingham wydan\u0105 przez teNeues (2023-08-04) w formacie 20 x 24,5 cm (ISBN: 9783961714506). Zapraszamy!","og_url":"https:\/\/foliobooks.pl\/en\/shop\/colors-colorful-home-inspiration\/","og_site_name":"Folio","og_image":[{"width":570,"height":708,"url":"https:\/\/foliobooks.pl\/wp-content\/uploads\/2023\/10\/9783961714506.png","type":"image\/png"}],"twitter_card":"summary_large_image","twitter_misc":{"Est. reading time":"2 minutes"},"schema":{"@context":"https:\/\/schema.org","@graph":[{"@type":"WebPage","@id":"https:\/\/foliobooks.pl\/en\/shop\/colors-colorful-home-inspiration\/","url":"https:\/\/foliobooks.pl\/en\/shop\/colors-colorful-home-inspiration\/","name":"Colors. Colorful Home Inspiration (Claire Bingham) - book \/ album - Folio","isPartOf":{"@id":"https:\/\/foliobooks.pl\/en\/#website"},"primaryImageOfPage":{"@id":"https:\/\/foliobooks.pl\/en\/shop\/colors-colorful-home-inspiration\/#primaryimage"},"image":{"@id":"https:\/\/foliobooks.pl\/en\/shop\/colors-colorful-home-inspiration\/#primaryimage"},"thumbnailUrl":"https:\/\/foliobooks.pl\/wp-content\/uploads\/2023\/10\/9783961714506.png","datePublished":"2023-10-24T19:55:54+00:00","description":"Wejd\u017a i kup ksi\u0105\u017ck\u0119 Colors. Colorful Home Inspiration autorstwa Claire Bingham wydan\u0105 przez teNeues (2023-08-04) w formacie 20 x 24,5 cm (ISBN: 9783961714506). Zapraszamy!","breadcrumb":{"@id":"https:\/\/foliobooks.pl\/en\/shop\/colors-colorful-home-inspiration\/#breadcrumb"},"inLanguage":"en-US","potentialAction":[{"@type":"ReadAction","target":["https:\/\/foliobooks.pl\/en\/shop\/colors-colorful-home-inspiration\/"]}]},{"@type":"ImageObject","inLanguage":"en-US","@id":"https:\/\/foliobooks.pl\/en\/shop\/colors-colorful-home-inspiration\/#primaryimage","url":"https:\/\/foliobooks.pl\/wp-content\/uploads\/2023\/10\/9783961714506.png","contentUrl":"https:\/\/foliobooks.pl\/wp-content\/uploads\/2023\/10\/9783961714506.png","width":570,"height":708},{"@type":"BreadcrumbList","@id":"https:\/\/foliobooks.pl\/en\/shop\/colors-colorful-home-inspiration\/#breadcrumb","itemListElement":[{"@type":"ListItem","position":1,"name":"Strona g\u0142\u00f3wna","item":"https:\/\/foliobooks.pl\/en\/"},{"@type":"ListItem","position":2,"name":"Shop","item":"https:\/\/foliobooks.pl\/en\/shop\/"},{"@type":"ListItem","position":3,"name":"Colors. Colorful Home Inspiration"}]},{"@type":"WebSite","@id":"https:\/\/foliobooks.pl\/en\/#website","url":"https:\/\/foliobooks.pl\/en\/","name":"Folio","description":"Ksi\u0119garnia internetowa","potentialAction":[{"@type":"SearchAction","target":{"@type":"EntryPoint","urlTemplate":"https:\/\/foliobooks.pl\/en\/?s={search_term_string}"},"query-input":{"@type":"PropertyValueSpecification","valueRequired":true,"valueName":"search_term_string"}}],"inLanguage":"en-US"}]}},"_links":{"self":[{"href":"https:\/\/foliobooks.pl\/en\/wp-json\/wp\/v2\/product\/95051","targetHints":{"allow":["GET"]}}],"collection":[{"href":"https:\/\/foliobooks.pl\/en\/wp-json\/wp\/v2\/product"}],"about":[{"href":"https:\/\/foliobooks.pl\/en\/wp-json\/wp\/v2\/types\/product"}],"replies":[{"embeddable":true,"href":"https:\/\/foliobooks.pl\/en\/wp-json\/wp\/v2\/comments?post=95051"}],"wp:featuredmedia":[{"embeddable":true,"href":"https:\/\/foliobooks.pl\/en\/wp-json\/wp\/v2\/media\/95040"}],"wp:attachment":[{"href":"https:\/\/foliobooks.pl\/en\/wp-json\/wp\/v2\/media?parent=95051"}],"wp:term":[{"taxonomy":"product_brand","embeddable":true,"href":"https:\/\/foliobooks.pl\/en\/wp-json\/wp\/v2\/product_brand?post=95051"},{"taxonomy":"product_cat","embeddable":true,"href":"https:\/\/foliobooks.pl\/en\/wp-json\/wp\/v2\/product_cat?post=95051"},{"taxonomy":"product_tag","embeddable":true,"href":"https:\/\/foliobooks.pl\/en\/wp-json\/wp\/v2\/product_tag?post=95051"}],"curies":[{"name":"wp","href":"https:\/\/api.w.org\/{rel}","templated":true}]}}