{"id":95023,"date":"2023-10-24T14:51:22","date_gmt":"2023-10-24T12:51:22","guid":{"rendered":"https:\/\/foliobooks.pl\/sklep\/casa-cavalli-home\/"},"modified":"2026-04-15T17:04:51","modified_gmt":"2026-04-15T15:04:51","slug":"casa-cavalli-home","status":"publish","type":"product","link":"https:\/\/foliobooks.pl\/en\/shop\/casa-cavalli-home\/","title":{"rendered":"Casa Cavalli Home"},"content":{"rendered":"<p>Walk on the wild side of home decor in Casa Cavalli Home, a spectacular volume showcasing the unashamedly glamorous fusion of fashion and interiors from luxury Italian brand Roberto Cavalli&#8211;with each copy bound in a cloth case featuring one of four Casa Cavalli fabrics, selected at random for each order.<br \/>\nEpilogue by Award-Winning Designer Fausto Puglisi<\/p>\n<p>Take a deep dive into the exciting and glamorous world of Roberto Cavalli homewares and interiors with Casa Cavalli Home. From the innovative Florentine brand that has dazzled the world with red carpet and runway sensations, this ravishing volume celebrates the company&#8217;s home line 10 years after its initial launch at Milan&#8217;s renowned furniture fair, the Salone del Mobile, in 2012.<\/p>\n<p>Casa Cavalli Home celebrates a wilder side of home decor, embodying the idea that our homes can be our most personal connection with the natural world, with designs that embrace the company&#8217;s pioneering use of animal prints, sensuous textures, and vivid colors. From furniture and luxury tableware to linen, wallpaper, and tiles, each piece is handmade by experienced Italian artisans&#8211;with an attention to detail and dedication to craftsmanship that has earned them the coveted &#8220;Made in Italy&#8221; merchandise mark.<\/p>\n<p>Mixing audacious glamour with urban chic, and organized by Cavalli Home&#8217;s signature themes, this stunning volume is a celebration of Cavalli&#8217;s iconic, inimitable style, and the luxurious magic that can happen when home interiors meet couture.<\/p>\n<p>Casa Cavalli Home features the work of such world-famous photographers as Steven Meisel, Mert &amp; Marcus, Inez &amp; Vinoodh, David Sims, and Francesco Carrozzini. Some of the world&#8217;s top models and superstar Cavalli devotees are also featured, among them Naomi Campbell,<br \/>\nKate Moss, Karen Elson, Daria Werbowy, Kendall Jenner, Jennifer Lopez, Rita Ora, Ciara, and Nicki Minaj.<\/p>\n","protected":false},"excerpt":{"rendered":"<p>Walk on the wild side of home decor in Casa Cavalli Home, a spectacular volume showcasing the unashamedly glamorous fusion of fashion and interiors from luxury Italian brand Roberto Cavalli&#8211;with each copy bound in a cloth case featuring one of four Casa Cavalli fabrics, selected at random for each order. Epilogue by Award-Winning Designer Fausto&#8230;<\/p>\n","protected":false},"featured_media":95008,"comment_status":"closed","ping_status":"closed","template":"","meta":[],"product_brand":[],"product_cat":[13533,4523,4526],"product_tag":[4524,290,18135],"class_list":{"0":"post-95023","1":"product","2":"type-product","3":"status-publish","4":"has-post-thumbnail","6":"product_cat-books","7":"product_cat-design-en-en","8":"product_cat-industrial-design","9":"product_tag-design-en-en","10":"product_tag-interiors-en","11":"product_tag-wystroj-wnetrz-en","12":"pa_author_att-fausto-puglisi-en","13":"pa_format-264-x-314-cm-en","14":"pa_isbn-9780865654228-en","15":"pa_language-eng","16":"pa_pages-304-2-en","17":"pa_published-2023-02-16-en","18":"pa_publisher-vendome-press-en","20":"first","21":"instock","22":"sale","23":"sold-individually","24":"shipping-taxable","25":"purchasable","26":"product-type-simple"},"yoast_head":"<!-- This site is optimized with the Yoast SEO plugin v27.4 - https:\/\/yoast.com\/product\/yoast-seo-wordpress\/ -->\n<title>Casa Cavalli Home (Fausto Puglisi) - book \/ album - Folio<\/title>\n<meta name=\"description\" content=\"Wejd\u017a i kup ksi\u0105\u017ck\u0119 Casa Cavalli Home autorstwa Fausto Puglisi wydan\u0105 przez Vendome Press (2023-02-16) w formacie 26,4 x 31,4 cm (ISBN: 9780865654228). Zapraszamy!\" \/>\n<meta name=\"robots\" content=\"index, follow, max-snippet:-1, max-image-preview:large, max-video-preview:-1\" \/>\n<link rel=\"canonical\" href=\"https:\/\/foliobooks.pl\/en\/shop\/casa-cavalli-home\/\" \/>\n<meta property=\"og:locale\" content=\"en_US\" \/>\n<meta property=\"og:type\" content=\"article\" \/>\n<meta property=\"og:title\" content=\"Casa Cavalli Home (Fausto Puglisi) - book \/ album - Folio\" \/>\n<meta property=\"og:description\" content=\"Wejd\u017a i kup ksi\u0105\u017ck\u0119 Casa Cavalli Home autorstwa Fausto Puglisi wydan\u0105 przez Vendome Press (2023-02-16) w formacie 26,4 x 31,4 cm (ISBN: 9780865654228). Zapraszamy!\" \/>\n<meta property=\"og:url\" content=\"https:\/\/foliobooks.pl\/en\/shop\/casa-cavalli-home\/\" \/>\n<meta property=\"og:site_name\" content=\"Folio\" \/>\n<meta property=\"article:modified_time\" content=\"2026-04-15T15:04:51+00:00\" \/>\n<meta property=\"og:image\" content=\"https:\/\/foliobooks.pl\/wp-content\/uploads\/2023\/10\/9780865654228.png\" \/>\n\t<meta property=\"og:image:width\" content=\"570\" \/>\n\t<meta property=\"og:image:height\" content=\"708\" \/>\n\t<meta property=\"og:image:type\" content=\"image\/png\" \/>\n<meta name=\"twitter:card\" content=\"summary_large_image\" \/>\n<meta name=\"twitter:label1\" content=\"Est. reading time\" \/>\n\t<meta name=\"twitter:data1\" content=\"2 minutes\" \/>\n<script type=\"application\/ld+json\" class=\"yoast-schema-graph\">{\"@context\":\"https:\\\/\\\/schema.org\",\"@graph\":[{\"@type\":\"WebPage\",\"@id\":\"https:\\\/\\\/foliobooks.pl\\\/en\\\/shop\\\/casa-cavalli-home\\\/\",\"url\":\"https:\\\/\\\/foliobooks.pl\\\/en\\\/shop\\\/casa-cavalli-home\\\/\",\"name\":\"Casa Cavalli Home (Fausto Puglisi) - book \\\/ album - Folio\",\"isPartOf\":{\"@id\":\"https:\\\/\\\/foliobooks.pl\\\/en\\\/#website\"},\"primaryImageOfPage\":{\"@id\":\"https:\\\/\\\/foliobooks.pl\\\/en\\\/shop\\\/casa-cavalli-home\\\/#primaryimage\"},\"image\":{\"@id\":\"https:\\\/\\\/foliobooks.pl\\\/en\\\/shop\\\/casa-cavalli-home\\\/#primaryimage\"},\"thumbnailUrl\":\"https:\\\/\\\/foliobooks.pl\\\/wp-content\\\/uploads\\\/2023\\\/10\\\/9780865654228.png\",\"datePublished\":\"2023-10-24T12:51:22+00:00\",\"dateModified\":\"2026-04-15T15:04:51+00:00\",\"description\":\"Wejd\u017a i kup ksi\u0105\u017ck\u0119 Casa Cavalli Home autorstwa Fausto Puglisi wydan\u0105 przez Vendome Press (2023-02-16) w formacie 26,4 x 31,4 cm (ISBN: 9780865654228). Zapraszamy!\",\"breadcrumb\":{\"@id\":\"https:\\\/\\\/foliobooks.pl\\\/en\\\/shop\\\/casa-cavalli-home\\\/#breadcrumb\"},\"inLanguage\":\"en-US\",\"potentialAction\":[{\"@type\":\"ReadAction\",\"target\":[\"https:\\\/\\\/foliobooks.pl\\\/en\\\/shop\\\/casa-cavalli-home\\\/\"]}]},{\"@type\":\"ImageObject\",\"inLanguage\":\"en-US\",\"@id\":\"https:\\\/\\\/foliobooks.pl\\\/en\\\/shop\\\/casa-cavalli-home\\\/#primaryimage\",\"url\":\"https:\\\/\\\/foliobooks.pl\\\/wp-content\\\/uploads\\\/2023\\\/10\\\/9780865654228.png\",\"contentUrl\":\"https:\\\/\\\/foliobooks.pl\\\/wp-content\\\/uploads\\\/2023\\\/10\\\/9780865654228.png\",\"width\":570,\"height\":708},{\"@type\":\"BreadcrumbList\",\"@id\":\"https:\\\/\\\/foliobooks.pl\\\/en\\\/shop\\\/casa-cavalli-home\\\/#breadcrumb\",\"itemListElement\":[{\"@type\":\"ListItem\",\"position\":1,\"name\":\"Strona g\u0142\u00f3wna\",\"item\":\"https:\\\/\\\/foliobooks.pl\\\/en\\\/\"},{\"@type\":\"ListItem\",\"position\":2,\"name\":\"Shop\",\"item\":\"https:\\\/\\\/foliobooks.pl\\\/en\\\/shop\\\/\"},{\"@type\":\"ListItem\",\"position\":3,\"name\":\"Casa Cavalli Home\"}]},{\"@type\":\"WebSite\",\"@id\":\"https:\\\/\\\/foliobooks.pl\\\/en\\\/#website\",\"url\":\"https:\\\/\\\/foliobooks.pl\\\/en\\\/\",\"name\":\"Folio\",\"description\":\"Ksi\u0119garnia internetowa\",\"potentialAction\":[{\"@type\":\"SearchAction\",\"target\":{\"@type\":\"EntryPoint\",\"urlTemplate\":\"https:\\\/\\\/foliobooks.pl\\\/en\\\/?s={search_term_string}\"},\"query-input\":{\"@type\":\"PropertyValueSpecification\",\"valueRequired\":true,\"valueName\":\"search_term_string\"}}],\"inLanguage\":\"en-US\"}]}<\/script>\n<!-- \/ Yoast SEO plugin. -->","yoast_head_json":{"title":"Casa Cavalli Home (Fausto Puglisi) - book \/ album - Folio","description":"Wejd\u017a i kup ksi\u0105\u017ck\u0119 Casa Cavalli Home autorstwa Fausto Puglisi wydan\u0105 przez Vendome Press (2023-02-16) w formacie 26,4 x 31,4 cm (ISBN: 9780865654228). Zapraszamy!","robots":{"index":"index","follow":"follow","max-snippet":"max-snippet:-1","max-image-preview":"max-image-preview:large","max-video-preview":"max-video-preview:-1"},"canonical":"https:\/\/foliobooks.pl\/en\/shop\/casa-cavalli-home\/","og_locale":"en_US","og_type":"article","og_title":"Casa Cavalli Home (Fausto Puglisi) - book \/ album - Folio","og_description":"Wejd\u017a i kup ksi\u0105\u017ck\u0119 Casa Cavalli Home autorstwa Fausto Puglisi wydan\u0105 przez Vendome Press (2023-02-16) w formacie 26,4 x 31,4 cm (ISBN: 9780865654228). Zapraszamy!","og_url":"https:\/\/foliobooks.pl\/en\/shop\/casa-cavalli-home\/","og_site_name":"Folio","article_modified_time":"2026-04-15T15:04:51+00:00","og_image":[{"width":570,"height":708,"url":"https:\/\/foliobooks.pl\/wp-content\/uploads\/2023\/10\/9780865654228.png","type":"image\/png"}],"twitter_card":"summary_large_image","twitter_misc":{"Est. reading time":"2 minutes"},"schema":{"@context":"https:\/\/schema.org","@graph":[{"@type":"WebPage","@id":"https:\/\/foliobooks.pl\/en\/shop\/casa-cavalli-home\/","url":"https:\/\/foliobooks.pl\/en\/shop\/casa-cavalli-home\/","name":"Casa Cavalli Home (Fausto Puglisi) - book \/ album - Folio","isPartOf":{"@id":"https:\/\/foliobooks.pl\/en\/#website"},"primaryImageOfPage":{"@id":"https:\/\/foliobooks.pl\/en\/shop\/casa-cavalli-home\/#primaryimage"},"image":{"@id":"https:\/\/foliobooks.pl\/en\/shop\/casa-cavalli-home\/#primaryimage"},"thumbnailUrl":"https:\/\/foliobooks.pl\/wp-content\/uploads\/2023\/10\/9780865654228.png","datePublished":"2023-10-24T12:51:22+00:00","dateModified":"2026-04-15T15:04:51+00:00","description":"Wejd\u017a i kup ksi\u0105\u017ck\u0119 Casa Cavalli Home autorstwa Fausto Puglisi wydan\u0105 przez Vendome Press (2023-02-16) w formacie 26,4 x 31,4 cm (ISBN: 9780865654228). Zapraszamy!","breadcrumb":{"@id":"https:\/\/foliobooks.pl\/en\/shop\/casa-cavalli-home\/#breadcrumb"},"inLanguage":"en-US","potentialAction":[{"@type":"ReadAction","target":["https:\/\/foliobooks.pl\/en\/shop\/casa-cavalli-home\/"]}]},{"@type":"ImageObject","inLanguage":"en-US","@id":"https:\/\/foliobooks.pl\/en\/shop\/casa-cavalli-home\/#primaryimage","url":"https:\/\/foliobooks.pl\/wp-content\/uploads\/2023\/10\/9780865654228.png","contentUrl":"https:\/\/foliobooks.pl\/wp-content\/uploads\/2023\/10\/9780865654228.png","width":570,"height":708},{"@type":"BreadcrumbList","@id":"https:\/\/foliobooks.pl\/en\/shop\/casa-cavalli-home\/#breadcrumb","itemListElement":[{"@type":"ListItem","position":1,"name":"Strona g\u0142\u00f3wna","item":"https:\/\/foliobooks.pl\/en\/"},{"@type":"ListItem","position":2,"name":"Shop","item":"https:\/\/foliobooks.pl\/en\/shop\/"},{"@type":"ListItem","position":3,"name":"Casa Cavalli Home"}]},{"@type":"WebSite","@id":"https:\/\/foliobooks.pl\/en\/#website","url":"https:\/\/foliobooks.pl\/en\/","name":"Folio","description":"Ksi\u0119garnia internetowa","potentialAction":[{"@type":"SearchAction","target":{"@type":"EntryPoint","urlTemplate":"https:\/\/foliobooks.pl\/en\/?s={search_term_string}"},"query-input":{"@type":"PropertyValueSpecification","valueRequired":true,"valueName":"search_term_string"}}],"inLanguage":"en-US"}]}},"_links":{"self":[{"href":"https:\/\/foliobooks.pl\/en\/wp-json\/wp\/v2\/product\/95023","targetHints":{"allow":["GET"]}}],"collection":[{"href":"https:\/\/foliobooks.pl\/en\/wp-json\/wp\/v2\/product"}],"about":[{"href":"https:\/\/foliobooks.pl\/en\/wp-json\/wp\/v2\/types\/product"}],"replies":[{"embeddable":true,"href":"https:\/\/foliobooks.pl\/en\/wp-json\/wp\/v2\/comments?post=95023"}],"wp:featuredmedia":[{"embeddable":true,"href":"https:\/\/foliobooks.pl\/en\/wp-json\/wp\/v2\/media\/95008"}],"wp:attachment":[{"href":"https:\/\/foliobooks.pl\/en\/wp-json\/wp\/v2\/media?parent=95023"}],"wp:term":[{"taxonomy":"product_brand","embeddable":true,"href":"https:\/\/foliobooks.pl\/en\/wp-json\/wp\/v2\/product_brand?post=95023"},{"taxonomy":"product_cat","embeddable":true,"href":"https:\/\/foliobooks.pl\/en\/wp-json\/wp\/v2\/product_cat?post=95023"},{"taxonomy":"product_tag","embeddable":true,"href":"https:\/\/foliobooks.pl\/en\/wp-json\/wp\/v2\/product_tag?post=95023"}],"curies":[{"name":"wp","href":"https:\/\/api.w.org\/{rel}","templated":true}]}}