{"id":9451,"date":"2015-09-29T09:48:26","date_gmt":"2015-09-29T07:48:26","guid":{"rendered":"http:\/\/foliobooks.pl\/?post_type=product&#038;p=9451"},"modified":"2018-11-08T16:50:46","modified_gmt":"2018-11-08T15:50:46","slug":"elliott-erwitt-new-york-paris","status":"publish","type":"product","link":"https:\/\/foliobooks.pl\/en\/shop\/elliott-erwitt-new-york-paris\/","title":{"rendered":"Elliott Erwitt. New York \/ Paris"},"content":{"rendered":"<p>Elliott Erwitt\u2019s glimpses of New York City are sometimes gritty, sometimes elegant, yet always true to life. His monochromatic tribute to the Big Apple contains all the shadings of this vital metropolis. Capturing the true diversity that makes this city great, this selection of images spans Erwitt\u2019s career, including many previously unseen works from the \u201950s and \u201960s. It is a memorable tribute to a great city and a reflection of a great photographer\u2019s genius.<\/p>\n<p>Yes, we\u2019ll always have Paris and who better to capture all its moods than the inimitable Elliott Erwitt? With a keen eye for the real city, Erwitt sees beyond the tourist clich\u00e9s. Whether the mightiest of monuments or the charm of <em>la vie quotidienne<\/em> this master photographer chronicles it all. Alternating intimate details with grand vistas, Erwitt captures the true flavor of <em>la metropole<\/em>.<\/p>\n","protected":false},"excerpt":{"rendered":"<p>Elliott Erwitt\u2019s glimpses of New York City are sometimes gritty, sometimes elegant, yet always true to life. His monochromatic tribute to the Big Apple contains all the shadings of this vital metropolis. Capturing the true diversity that makes this city great, this selection of images spans Erwitt\u2019s career, including many previously unseen works from the&#8230;<\/p>\n","protected":false},"featured_media":9450,"comment_status":"closed","ping_status":"closed","template":"","meta":[],"product_brand":[],"product_cat":[4517],"product_tag":[1146,1681,154,516,1267,1185],"class_list":{"0":"post-9451","1":"product","2":"type-product","3":"status-publish","4":"has-post-thumbnail","6":"product_cat-photography-en","7":"product_tag-great-masters-en","8":"product_tag-history","9":"product_tag-monographs","10":"product_tag-places-en","11":"product_tag-reportage","12":"product_tag-world-en","13":"pa_author_att-elliott-erwitt-en","14":"pa_cover-hardcover-slipcase","15":"pa_format-216-x-288-cm-en","16":"pa_isbn-9783832732776-en","17":"pa_language-multi","18":"pa_pages-316-en","19":"pa_published-2015-09-30-en","20":"pa_publisher-teneues-en","22":"first","23":"outofstock","24":"sold-individually","25":"shipping-taxable","26":"purchasable","27":"product-type-simple"},"yoast_head":"<!-- This site is optimized with the Yoast SEO plugin v27.5 - https:\/\/yoast.com\/product\/yoast-seo-wordpress\/ -->\n<title>Elliott Erwitt. New York \/ Paris (Elliott Erwitt) - book \/ album - Folio<\/title>\n<meta name=\"description\" content=\"Wejd\u017a i kup ksi\u0105\u017ck\u0119 Elliott Erwitt. New York \/ Paris autorstwa Elliott Erwitt wydan\u0105 przez teNeues (2015-09-30) w formacie 21,6 x 28,8 cm (ISBN: 9783832732776). Zapraszamy!\" \/>\n<meta name=\"robots\" content=\"index, follow, max-snippet:-1, max-image-preview:large, max-video-preview:-1\" \/>\n<link rel=\"canonical\" href=\"https:\/\/foliobooks.pl\/en\/shop\/elliott-erwitt-new-york-paris\/\" \/>\n<meta property=\"og:locale\" content=\"en_US\" \/>\n<meta property=\"og:type\" content=\"article\" \/>\n<meta property=\"og:title\" content=\"Elliott Erwitt. New York \/ Paris (Elliott Erwitt) - book \/ album - Folio\" \/>\n<meta property=\"og:description\" content=\"Wejd\u017a i kup ksi\u0105\u017ck\u0119 Elliott Erwitt. New York \/ Paris autorstwa Elliott Erwitt wydan\u0105 przez teNeues (2015-09-30) w formacie 21,6 x 28,8 cm (ISBN: 9783832732776). Zapraszamy!\" \/>\n<meta property=\"og:url\" content=\"https:\/\/foliobooks.pl\/en\/shop\/elliott-erwitt-new-york-paris\/\" \/>\n<meta property=\"og:site_name\" content=\"Folio\" \/>\n<meta property=\"article:modified_time\" content=\"2018-11-08T15:50:46+00:00\" \/>\n<meta property=\"og:image\" content=\"https:\/\/foliobooks.pl\/wp-content\/uploads\/2015\/09\/9783832732776.png\" \/>\n\t<meta property=\"og:image:width\" content=\"570\" \/>\n\t<meta property=\"og:image:height\" content=\"708\" \/>\n\t<meta property=\"og:image:type\" content=\"image\/png\" \/>\n<meta name=\"twitter:card\" content=\"summary_large_image\" \/>\n<meta name=\"twitter:label1\" content=\"Est. reading time\" \/>\n\t<meta name=\"twitter:data1\" content=\"1 minute\" \/>\n<script type=\"application\/ld+json\" class=\"yoast-schema-graph\">{\"@context\":\"https:\\\/\\\/schema.org\",\"@graph\":[{\"@type\":\"WebPage\",\"@id\":\"https:\\\/\\\/foliobooks.pl\\\/en\\\/shop\\\/elliott-erwitt-new-york-paris\\\/\",\"url\":\"https:\\\/\\\/foliobooks.pl\\\/en\\\/shop\\\/elliott-erwitt-new-york-paris\\\/\",\"name\":\"Elliott Erwitt. New York \\\/ Paris (Elliott Erwitt) - book \\\/ album - Folio\",\"isPartOf\":{\"@id\":\"https:\\\/\\\/foliobooks.pl\\\/en\\\/#website\"},\"primaryImageOfPage\":{\"@id\":\"https:\\\/\\\/foliobooks.pl\\\/en\\\/shop\\\/elliott-erwitt-new-york-paris\\\/#primaryimage\"},\"image\":{\"@id\":\"https:\\\/\\\/foliobooks.pl\\\/en\\\/shop\\\/elliott-erwitt-new-york-paris\\\/#primaryimage\"},\"thumbnailUrl\":\"https:\\\/\\\/foliobooks.pl\\\/wp-content\\\/uploads\\\/2015\\\/09\\\/9783832732776.png\",\"datePublished\":\"2015-09-29T07:48:26+00:00\",\"dateModified\":\"2018-11-08T15:50:46+00:00\",\"description\":\"Wejd\u017a i kup ksi\u0105\u017ck\u0119 Elliott Erwitt. New York \\\/ Paris autorstwa Elliott Erwitt wydan\u0105 przez teNeues (2015-09-30) w formacie 21,6 x 28,8 cm (ISBN: 9783832732776). Zapraszamy!\",\"breadcrumb\":{\"@id\":\"https:\\\/\\\/foliobooks.pl\\\/en\\\/shop\\\/elliott-erwitt-new-york-paris\\\/#breadcrumb\"},\"inLanguage\":\"en-US\",\"potentialAction\":[{\"@type\":\"ReadAction\",\"target\":[\"https:\\\/\\\/foliobooks.pl\\\/en\\\/shop\\\/elliott-erwitt-new-york-paris\\\/\"]}]},{\"@type\":\"ImageObject\",\"inLanguage\":\"en-US\",\"@id\":\"https:\\\/\\\/foliobooks.pl\\\/en\\\/shop\\\/elliott-erwitt-new-york-paris\\\/#primaryimage\",\"url\":\"https:\\\/\\\/foliobooks.pl\\\/wp-content\\\/uploads\\\/2015\\\/09\\\/9783832732776.png\",\"contentUrl\":\"https:\\\/\\\/foliobooks.pl\\\/wp-content\\\/uploads\\\/2015\\\/09\\\/9783832732776.png\",\"width\":570,\"height\":708},{\"@type\":\"BreadcrumbList\",\"@id\":\"https:\\\/\\\/foliobooks.pl\\\/en\\\/shop\\\/elliott-erwitt-new-york-paris\\\/#breadcrumb\",\"itemListElement\":[{\"@type\":\"ListItem\",\"position\":1,\"name\":\"Strona g\u0142\u00f3wna\",\"item\":\"https:\\\/\\\/foliobooks.pl\\\/en\\\/\"},{\"@type\":\"ListItem\",\"position\":2,\"name\":\"Shop\",\"item\":\"https:\\\/\\\/foliobooks.pl\\\/en\\\/shop\\\/\"},{\"@type\":\"ListItem\",\"position\":3,\"name\":\"Elliott Erwitt. New York \\\/ Paris\"}]},{\"@type\":\"WebSite\",\"@id\":\"https:\\\/\\\/foliobooks.pl\\\/en\\\/#website\",\"url\":\"https:\\\/\\\/foliobooks.pl\\\/en\\\/\",\"name\":\"Folio\",\"description\":\"Ksi\u0119garnia internetowa\",\"potentialAction\":[{\"@type\":\"SearchAction\",\"target\":{\"@type\":\"EntryPoint\",\"urlTemplate\":\"https:\\\/\\\/foliobooks.pl\\\/en\\\/?s={search_term_string}\"},\"query-input\":{\"@type\":\"PropertyValueSpecification\",\"valueRequired\":true,\"valueName\":\"search_term_string\"}}],\"inLanguage\":\"en-US\"}]}<\/script>\n<!-- \/ Yoast SEO plugin. -->","yoast_head_json":{"title":"Elliott Erwitt. New York \/ Paris (Elliott Erwitt) - book \/ album - Folio","description":"Wejd\u017a i kup ksi\u0105\u017ck\u0119 Elliott Erwitt. New York \/ Paris autorstwa Elliott Erwitt wydan\u0105 przez teNeues (2015-09-30) w formacie 21,6 x 28,8 cm (ISBN: 9783832732776). Zapraszamy!","robots":{"index":"index","follow":"follow","max-snippet":"max-snippet:-1","max-image-preview":"max-image-preview:large","max-video-preview":"max-video-preview:-1"},"canonical":"https:\/\/foliobooks.pl\/en\/shop\/elliott-erwitt-new-york-paris\/","og_locale":"en_US","og_type":"article","og_title":"Elliott Erwitt. New York \/ Paris (Elliott Erwitt) - book \/ album - Folio","og_description":"Wejd\u017a i kup ksi\u0105\u017ck\u0119 Elliott Erwitt. New York \/ Paris autorstwa Elliott Erwitt wydan\u0105 przez teNeues (2015-09-30) w formacie 21,6 x 28,8 cm (ISBN: 9783832732776). Zapraszamy!","og_url":"https:\/\/foliobooks.pl\/en\/shop\/elliott-erwitt-new-york-paris\/","og_site_name":"Folio","article_modified_time":"2018-11-08T15:50:46+00:00","og_image":[{"width":570,"height":708,"url":"https:\/\/foliobooks.pl\/wp-content\/uploads\/2015\/09\/9783832732776.png","type":"image\/png"}],"twitter_card":"summary_large_image","twitter_misc":{"Est. reading time":"1 minute"},"schema":{"@context":"https:\/\/schema.org","@graph":[{"@type":"WebPage","@id":"https:\/\/foliobooks.pl\/en\/shop\/elliott-erwitt-new-york-paris\/","url":"https:\/\/foliobooks.pl\/en\/shop\/elliott-erwitt-new-york-paris\/","name":"Elliott Erwitt. New York \/ Paris (Elliott Erwitt) - book \/ album - Folio","isPartOf":{"@id":"https:\/\/foliobooks.pl\/en\/#website"},"primaryImageOfPage":{"@id":"https:\/\/foliobooks.pl\/en\/shop\/elliott-erwitt-new-york-paris\/#primaryimage"},"image":{"@id":"https:\/\/foliobooks.pl\/en\/shop\/elliott-erwitt-new-york-paris\/#primaryimage"},"thumbnailUrl":"https:\/\/foliobooks.pl\/wp-content\/uploads\/2015\/09\/9783832732776.png","datePublished":"2015-09-29T07:48:26+00:00","dateModified":"2018-11-08T15:50:46+00:00","description":"Wejd\u017a i kup ksi\u0105\u017ck\u0119 Elliott Erwitt. New York \/ Paris autorstwa Elliott Erwitt wydan\u0105 przez teNeues (2015-09-30) w formacie 21,6 x 28,8 cm (ISBN: 9783832732776). Zapraszamy!","breadcrumb":{"@id":"https:\/\/foliobooks.pl\/en\/shop\/elliott-erwitt-new-york-paris\/#breadcrumb"},"inLanguage":"en-US","potentialAction":[{"@type":"ReadAction","target":["https:\/\/foliobooks.pl\/en\/shop\/elliott-erwitt-new-york-paris\/"]}]},{"@type":"ImageObject","inLanguage":"en-US","@id":"https:\/\/foliobooks.pl\/en\/shop\/elliott-erwitt-new-york-paris\/#primaryimage","url":"https:\/\/foliobooks.pl\/wp-content\/uploads\/2015\/09\/9783832732776.png","contentUrl":"https:\/\/foliobooks.pl\/wp-content\/uploads\/2015\/09\/9783832732776.png","width":570,"height":708},{"@type":"BreadcrumbList","@id":"https:\/\/foliobooks.pl\/en\/shop\/elliott-erwitt-new-york-paris\/#breadcrumb","itemListElement":[{"@type":"ListItem","position":1,"name":"Strona g\u0142\u00f3wna","item":"https:\/\/foliobooks.pl\/en\/"},{"@type":"ListItem","position":2,"name":"Shop","item":"https:\/\/foliobooks.pl\/en\/shop\/"},{"@type":"ListItem","position":3,"name":"Elliott Erwitt. New York \/ Paris"}]},{"@type":"WebSite","@id":"https:\/\/foliobooks.pl\/en\/#website","url":"https:\/\/foliobooks.pl\/en\/","name":"Folio","description":"Ksi\u0119garnia internetowa","potentialAction":[{"@type":"SearchAction","target":{"@type":"EntryPoint","urlTemplate":"https:\/\/foliobooks.pl\/en\/?s={search_term_string}"},"query-input":{"@type":"PropertyValueSpecification","valueRequired":true,"valueName":"search_term_string"}}],"inLanguage":"en-US"}]}},"_links":{"self":[{"href":"https:\/\/foliobooks.pl\/en\/wp-json\/wp\/v2\/product\/9451","targetHints":{"allow":["GET"]}}],"collection":[{"href":"https:\/\/foliobooks.pl\/en\/wp-json\/wp\/v2\/product"}],"about":[{"href":"https:\/\/foliobooks.pl\/en\/wp-json\/wp\/v2\/types\/product"}],"replies":[{"embeddable":true,"href":"https:\/\/foliobooks.pl\/en\/wp-json\/wp\/v2\/comments?post=9451"}],"wp:featuredmedia":[{"embeddable":true,"href":"https:\/\/foliobooks.pl\/en\/wp-json\/wp\/v2\/media\/9450"}],"wp:attachment":[{"href":"https:\/\/foliobooks.pl\/en\/wp-json\/wp\/v2\/media?parent=9451"}],"wp:term":[{"taxonomy":"product_brand","embeddable":true,"href":"https:\/\/foliobooks.pl\/en\/wp-json\/wp\/v2\/product_brand?post=9451"},{"taxonomy":"product_cat","embeddable":true,"href":"https:\/\/foliobooks.pl\/en\/wp-json\/wp\/v2\/product_cat?post=9451"},{"taxonomy":"product_tag","embeddable":true,"href":"https:\/\/foliobooks.pl\/en\/wp-json\/wp\/v2\/product_tag?post=9451"}],"curies":[{"name":"wp","href":"https:\/\/api.w.org\/{rel}","templated":true}]}}