{"id":91487,"date":"2023-08-17T11:13:49","date_gmt":"2023-08-17T09:13:49","guid":{"rendered":"https:\/\/foliobooks.pl\/sklep\/the-fantastic-worlds-of-frank-frazetta\/"},"modified":"2025-06-04T14:46:07","modified_gmt":"2025-06-04T12:46:07","slug":"the-fantastic-worlds-of-frank-frazetta","status":"publish","type":"product","link":"https:\/\/foliobooks.pl\/en\/shop\/the-fantastic-worlds-of-frank-frazetta\/","title":{"rendered":"The Fantastic Worlds of Frank Frazetta"},"content":{"rendered":"<p>All Hail the King of Fantasy Art<\/p>\n<p>Frank Frazetta finally gets the big beautiful book he deserves<\/p>\n<p>Frank Frazetta has reigned as the undisputed lord of fantasy art for 50 years, his fame only growing in the 12 years since his death. With his paintings now breaking auction records (Egyptian Queen sold for $ 5.4 million in 2019) he\u2019s long overdue for this ultimate monograph.<\/p>\n<p>Born to a Sicilian immigrant family in Brooklyn, 1928, Frazetta was a minor league athlete, petty criminal and serial seducer with movie star looks and phenomenal talent. He claimed to only make art when there was nothing better to do \u2013 he preferred playing baseball &#8211; yet began his professional career in comics at age 16. Strip work led him to the infamous EC Comics, then to oils for Tarzan and Conan pulp covers. Both characters were interpreted by many before him, but as he explained in the 1970s, \u201cI\u2019m very physical minded. In Brooklyn, I knew Conan, I knew guys just like him,\u201d and he used this first-hand knowledge of muscle and macho to redefine fantasy heroes as more massive, more menacing, more testosterone-fueled than anything seen before. As counterbalance he created a new breed of women, nude as censorship allowed, with pixie faces and multiparous bodies: thick thighed, heavy buttocked, breasts cantilevered out to there, yet still, with their soft bellies and hints of cellulite, believably real. Add in the action, the creatures, the twilit worlds of haunting shadow and Frazetta\u2019s art is addictive as potato chips.<\/p>\n<p>This monograph is the most complete ever produced on the artist, done in collaboration with the Frazetta family and winner of a 2023 Eisner Award.<\/p>\n","protected":false},"excerpt":{"rendered":"<p>All Hail the King of Fantasy Art Frank Frazetta finally gets the big beautiful book he deserves Frank Frazetta has reigned as the undisputed lord of fantasy art for 50 years, his fame only growing in the 12 years since his death. With his paintings now breaking auction records (Egyptian Queen sold for $ 5.4&#8230;<\/p>\n","protected":false},"featured_media":91462,"comment_status":"closed","ping_status":"closed","template":"","meta":[],"product_brand":[],"product_cat":[4522,13533],"product_tag":[14057,1649,7307],"class_list":{"0":"post-91487","1":"product","2":"type-product","3":"status-publish","4":"has-post-thumbnail","6":"product_cat-art-en","7":"product_cat-books","8":"product_tag-fantasy-en","9":"product_tag-illustration","10":"product_tag-limited-editions-en","11":"pa_author_att-frank-frazetta-en","12":"pa_cover-hardcover","13":"pa_format-29-x-395-cm-en","14":"pa_isbn-9783836579216-en","15":"pa_language-eng-f-ger","16":"pa_pages-468-en","17":"pa_published-2023-10-06-en","18":"pa_publisher-taschen-en-en","20":"first","21":"outofstock","22":"sold-individually","23":"shipping-taxable","24":"purchasable","25":"product-type-simple"},"yoast_head":"<!-- This site is optimized with the Yoast SEO plugin v27.4 - https:\/\/yoast.com\/product\/yoast-seo-wordpress\/ -->\n<title>The Fantastic Worlds of Frank Frazetta (Frank Frazetta) - book \/ album - Folio<\/title>\n<meta name=\"description\" content=\"Wejd\u017a i kup ksi\u0105\u017ck\u0119 The Fantastic Worlds of Frank Frazetta autorstwa Frank Frazetta wydan\u0105 przez TASCHEN (2023-10-06) w formacie 29 x 39,5 cm (ISBN: 9783836579216). Zapraszamy!\" \/>\n<meta name=\"robots\" content=\"index, follow, max-snippet:-1, max-image-preview:large, max-video-preview:-1\" \/>\n<link rel=\"canonical\" href=\"https:\/\/foliobooks.pl\/en\/shop\/the-fantastic-worlds-of-frank-frazetta\/\" \/>\n<meta property=\"og:locale\" content=\"en_US\" \/>\n<meta property=\"og:type\" content=\"article\" \/>\n<meta property=\"og:title\" content=\"The Fantastic Worlds of Frank Frazetta (Frank Frazetta) - book \/ album - Folio\" \/>\n<meta property=\"og:description\" content=\"Wejd\u017a i kup ksi\u0105\u017ck\u0119 The Fantastic Worlds of Frank Frazetta autorstwa Frank Frazetta wydan\u0105 przez TASCHEN (2023-10-06) w formacie 29 x 39,5 cm (ISBN: 9783836579216). Zapraszamy!\" \/>\n<meta property=\"og:url\" content=\"https:\/\/foliobooks.pl\/en\/shop\/the-fantastic-worlds-of-frank-frazetta\/\" \/>\n<meta property=\"og:site_name\" content=\"Folio\" \/>\n<meta property=\"article:modified_time\" content=\"2025-06-04T12:46:07+00:00\" \/>\n<meta property=\"og:image\" content=\"https:\/\/foliobooks.pl\/wp-content\/uploads\/2023\/08\/9783836579216.png\" \/>\n\t<meta property=\"og:image:width\" content=\"570\" \/>\n\t<meta property=\"og:image:height\" content=\"708\" \/>\n\t<meta property=\"og:image:type\" content=\"image\/png\" \/>\n<meta name=\"twitter:card\" content=\"summary_large_image\" \/>\n<meta name=\"twitter:label1\" content=\"Est. reading time\" \/>\n\t<meta name=\"twitter:data1\" content=\"2 minutes\" \/>\n<script type=\"application\/ld+json\" class=\"yoast-schema-graph\">{\"@context\":\"https:\\\/\\\/schema.org\",\"@graph\":[{\"@type\":\"WebPage\",\"@id\":\"https:\\\/\\\/foliobooks.pl\\\/en\\\/shop\\\/the-fantastic-worlds-of-frank-frazetta\\\/\",\"url\":\"https:\\\/\\\/foliobooks.pl\\\/en\\\/shop\\\/the-fantastic-worlds-of-frank-frazetta\\\/\",\"name\":\"The Fantastic Worlds of Frank Frazetta (Frank Frazetta) - book \\\/ album - Folio\",\"isPartOf\":{\"@id\":\"https:\\\/\\\/foliobooks.pl\\\/en\\\/#website\"},\"primaryImageOfPage\":{\"@id\":\"https:\\\/\\\/foliobooks.pl\\\/en\\\/shop\\\/the-fantastic-worlds-of-frank-frazetta\\\/#primaryimage\"},\"image\":{\"@id\":\"https:\\\/\\\/foliobooks.pl\\\/en\\\/shop\\\/the-fantastic-worlds-of-frank-frazetta\\\/#primaryimage\"},\"thumbnailUrl\":\"https:\\\/\\\/foliobooks.pl\\\/wp-content\\\/uploads\\\/2023\\\/08\\\/9783836579216.png\",\"datePublished\":\"2023-08-17T09:13:49+00:00\",\"dateModified\":\"2025-06-04T12:46:07+00:00\",\"description\":\"Wejd\u017a i kup ksi\u0105\u017ck\u0119 The Fantastic Worlds of Frank Frazetta autorstwa Frank Frazetta wydan\u0105 przez TASCHEN (2023-10-06) w formacie 29 x 39,5 cm (ISBN: 9783836579216). Zapraszamy!\",\"breadcrumb\":{\"@id\":\"https:\\\/\\\/foliobooks.pl\\\/en\\\/shop\\\/the-fantastic-worlds-of-frank-frazetta\\\/#breadcrumb\"},\"inLanguage\":\"en-US\",\"potentialAction\":[{\"@type\":\"ReadAction\",\"target\":[\"https:\\\/\\\/foliobooks.pl\\\/en\\\/shop\\\/the-fantastic-worlds-of-frank-frazetta\\\/\"]}]},{\"@type\":\"ImageObject\",\"inLanguage\":\"en-US\",\"@id\":\"https:\\\/\\\/foliobooks.pl\\\/en\\\/shop\\\/the-fantastic-worlds-of-frank-frazetta\\\/#primaryimage\",\"url\":\"https:\\\/\\\/foliobooks.pl\\\/wp-content\\\/uploads\\\/2023\\\/08\\\/9783836579216.png\",\"contentUrl\":\"https:\\\/\\\/foliobooks.pl\\\/wp-content\\\/uploads\\\/2023\\\/08\\\/9783836579216.png\",\"width\":570,\"height\":708},{\"@type\":\"BreadcrumbList\",\"@id\":\"https:\\\/\\\/foliobooks.pl\\\/en\\\/shop\\\/the-fantastic-worlds-of-frank-frazetta\\\/#breadcrumb\",\"itemListElement\":[{\"@type\":\"ListItem\",\"position\":1,\"name\":\"Strona g\u0142\u00f3wna\",\"item\":\"https:\\\/\\\/foliobooks.pl\\\/en\\\/\"},{\"@type\":\"ListItem\",\"position\":2,\"name\":\"Shop\",\"item\":\"https:\\\/\\\/foliobooks.pl\\\/en\\\/shop\\\/\"},{\"@type\":\"ListItem\",\"position\":3,\"name\":\"The Fantastic Worlds of Frank Frazetta\"}]},{\"@type\":\"WebSite\",\"@id\":\"https:\\\/\\\/foliobooks.pl\\\/en\\\/#website\",\"url\":\"https:\\\/\\\/foliobooks.pl\\\/en\\\/\",\"name\":\"Folio\",\"description\":\"Ksi\u0119garnia internetowa\",\"potentialAction\":[{\"@type\":\"SearchAction\",\"target\":{\"@type\":\"EntryPoint\",\"urlTemplate\":\"https:\\\/\\\/foliobooks.pl\\\/en\\\/?s={search_term_string}\"},\"query-input\":{\"@type\":\"PropertyValueSpecification\",\"valueRequired\":true,\"valueName\":\"search_term_string\"}}],\"inLanguage\":\"en-US\"}]}<\/script>\n<!-- \/ Yoast SEO plugin. -->","yoast_head_json":{"title":"The Fantastic Worlds of Frank Frazetta (Frank Frazetta) - book \/ album - Folio","description":"Wejd\u017a i kup ksi\u0105\u017ck\u0119 The Fantastic Worlds of Frank Frazetta autorstwa Frank Frazetta wydan\u0105 przez TASCHEN (2023-10-06) w formacie 29 x 39,5 cm (ISBN: 9783836579216). Zapraszamy!","robots":{"index":"index","follow":"follow","max-snippet":"max-snippet:-1","max-image-preview":"max-image-preview:large","max-video-preview":"max-video-preview:-1"},"canonical":"https:\/\/foliobooks.pl\/en\/shop\/the-fantastic-worlds-of-frank-frazetta\/","og_locale":"en_US","og_type":"article","og_title":"The Fantastic Worlds of Frank Frazetta (Frank Frazetta) - book \/ album - Folio","og_description":"Wejd\u017a i kup ksi\u0105\u017ck\u0119 The Fantastic Worlds of Frank Frazetta autorstwa Frank Frazetta wydan\u0105 przez TASCHEN (2023-10-06) w formacie 29 x 39,5 cm (ISBN: 9783836579216). Zapraszamy!","og_url":"https:\/\/foliobooks.pl\/en\/shop\/the-fantastic-worlds-of-frank-frazetta\/","og_site_name":"Folio","article_modified_time":"2025-06-04T12:46:07+00:00","og_image":[{"width":570,"height":708,"url":"https:\/\/foliobooks.pl\/wp-content\/uploads\/2023\/08\/9783836579216.png","type":"image\/png"}],"twitter_card":"summary_large_image","twitter_misc":{"Est. reading time":"2 minutes"},"schema":{"@context":"https:\/\/schema.org","@graph":[{"@type":"WebPage","@id":"https:\/\/foliobooks.pl\/en\/shop\/the-fantastic-worlds-of-frank-frazetta\/","url":"https:\/\/foliobooks.pl\/en\/shop\/the-fantastic-worlds-of-frank-frazetta\/","name":"The Fantastic Worlds of Frank Frazetta (Frank Frazetta) - book \/ album - Folio","isPartOf":{"@id":"https:\/\/foliobooks.pl\/en\/#website"},"primaryImageOfPage":{"@id":"https:\/\/foliobooks.pl\/en\/shop\/the-fantastic-worlds-of-frank-frazetta\/#primaryimage"},"image":{"@id":"https:\/\/foliobooks.pl\/en\/shop\/the-fantastic-worlds-of-frank-frazetta\/#primaryimage"},"thumbnailUrl":"https:\/\/foliobooks.pl\/wp-content\/uploads\/2023\/08\/9783836579216.png","datePublished":"2023-08-17T09:13:49+00:00","dateModified":"2025-06-04T12:46:07+00:00","description":"Wejd\u017a i kup ksi\u0105\u017ck\u0119 The Fantastic Worlds of Frank Frazetta autorstwa Frank Frazetta wydan\u0105 przez TASCHEN (2023-10-06) w formacie 29 x 39,5 cm (ISBN: 9783836579216). Zapraszamy!","breadcrumb":{"@id":"https:\/\/foliobooks.pl\/en\/shop\/the-fantastic-worlds-of-frank-frazetta\/#breadcrumb"},"inLanguage":"en-US","potentialAction":[{"@type":"ReadAction","target":["https:\/\/foliobooks.pl\/en\/shop\/the-fantastic-worlds-of-frank-frazetta\/"]}]},{"@type":"ImageObject","inLanguage":"en-US","@id":"https:\/\/foliobooks.pl\/en\/shop\/the-fantastic-worlds-of-frank-frazetta\/#primaryimage","url":"https:\/\/foliobooks.pl\/wp-content\/uploads\/2023\/08\/9783836579216.png","contentUrl":"https:\/\/foliobooks.pl\/wp-content\/uploads\/2023\/08\/9783836579216.png","width":570,"height":708},{"@type":"BreadcrumbList","@id":"https:\/\/foliobooks.pl\/en\/shop\/the-fantastic-worlds-of-frank-frazetta\/#breadcrumb","itemListElement":[{"@type":"ListItem","position":1,"name":"Strona g\u0142\u00f3wna","item":"https:\/\/foliobooks.pl\/en\/"},{"@type":"ListItem","position":2,"name":"Shop","item":"https:\/\/foliobooks.pl\/en\/shop\/"},{"@type":"ListItem","position":3,"name":"The Fantastic Worlds of Frank Frazetta"}]},{"@type":"WebSite","@id":"https:\/\/foliobooks.pl\/en\/#website","url":"https:\/\/foliobooks.pl\/en\/","name":"Folio","description":"Ksi\u0119garnia internetowa","potentialAction":[{"@type":"SearchAction","target":{"@type":"EntryPoint","urlTemplate":"https:\/\/foliobooks.pl\/en\/?s={search_term_string}"},"query-input":{"@type":"PropertyValueSpecification","valueRequired":true,"valueName":"search_term_string"}}],"inLanguage":"en-US"}]}},"_links":{"self":[{"href":"https:\/\/foliobooks.pl\/en\/wp-json\/wp\/v2\/product\/91487","targetHints":{"allow":["GET"]}}],"collection":[{"href":"https:\/\/foliobooks.pl\/en\/wp-json\/wp\/v2\/product"}],"about":[{"href":"https:\/\/foliobooks.pl\/en\/wp-json\/wp\/v2\/types\/product"}],"replies":[{"embeddable":true,"href":"https:\/\/foliobooks.pl\/en\/wp-json\/wp\/v2\/comments?post=91487"}],"wp:featuredmedia":[{"embeddable":true,"href":"https:\/\/foliobooks.pl\/en\/wp-json\/wp\/v2\/media\/91462"}],"wp:attachment":[{"href":"https:\/\/foliobooks.pl\/en\/wp-json\/wp\/v2\/media?parent=91487"}],"wp:term":[{"taxonomy":"product_brand","embeddable":true,"href":"https:\/\/foliobooks.pl\/en\/wp-json\/wp\/v2\/product_brand?post=91487"},{"taxonomy":"product_cat","embeddable":true,"href":"https:\/\/foliobooks.pl\/en\/wp-json\/wp\/v2\/product_cat?post=91487"},{"taxonomy":"product_tag","embeddable":true,"href":"https:\/\/foliobooks.pl\/en\/wp-json\/wp\/v2\/product_tag?post=91487"}],"curies":[{"name":"wp","href":"https:\/\/api.w.org\/{rel}","templated":true}]}}