{"id":91330,"date":"2023-08-16T14:25:34","date_gmt":"2023-08-16T12:25:34","guid":{"rendered":"https:\/\/foliobooks.pl\/sklep\/the-story-of-the-pearl\/"},"modified":"2024-11-29T16:38:50","modified_gmt":"2024-11-29T15:38:50","slug":"the-story-of-the-pearl","status":"publish","type":"product","link":"https:\/\/foliobooks.pl\/en\/shop\/the-story-of-the-pearl\/","title":{"rendered":"The Story of the Pearl"},"content":{"rendered":"<p><span class=\"a-text-bold\">For its luminescent beauty and timeless elegance, the pearl has been prized for centuries, from ancient civilizations and royalty to society girls and Hollywood celebrities. Not only a symbol of wealth, status and power, this rare gem is a moon-like talisman associated with healing, protection and purity.<\/span><\/p>\n<p>Weaving myth and history, art and literature, the sacred and the secular, this book unfolds the fascinating 4,000-year-old story of the pearl, including tales of pearl-divers in the Pacific, the jewellery of ancient Rome and legendary pearls such as the 500-year-old La Peregrina and the 14-pound Pearl of Allah. Here you will learn of the various types of pearls, both cultured and costume styles, how to wear and care for them, as well as pearls in popular culture and in fashions through the ages.<\/p>\n","protected":false},"excerpt":{"rendered":"<p>For its luminescent beauty and timeless elegance, the pearl has been prized for centuries, from ancient civilizations and royalty to society girls and Hollywood celebrities. Not only a symbol of wealth, status and power, this rare gem is a moon-like talisman associated with healing, protection and purity. Weaving myth and history, art and literature, the&#8230;<\/p>\n","protected":false},"featured_media":91319,"comment_status":"closed","ping_status":"closed","template":"","meta":[],"product_brand":[],"product_cat":[13533,4519],"product_tag":[522],"class_list":{"0":"post-91330","1":"product","2":"type-product","3":"status-publish","4":"has-post-thumbnail","6":"product_cat-books","7":"product_cat-fashion-en-en","8":"product_tag-jewelry-en","9":"pa_author_att-caroline-young-en","10":"pa_cover-hardcover","11":"pa_isbn-9781838611422-en","12":"pa_language-eng","13":"pa_pages-160-2-en","14":"pa_published-2023-06-14-en","15":"pa_publisher-oh-life-en","17":"first","18":"outofstock","19":"sold-individually","20":"shipping-taxable","21":"purchasable","22":"product-type-simple"},"yoast_head":"<!-- This site is optimized with the Yoast SEO plugin v27.4 - https:\/\/yoast.com\/product\/yoast-seo-wordpress\/ -->\n<title>The Story of the Pearl (Caroline Young) - book \/ album - Folio<\/title>\n<meta name=\"description\" content=\"Wejd\u017a i kup ksi\u0105\u017ck\u0119 The Story of the Pearl autorstwa Caroline Young wydan\u0105 przez OH! Life (2023-06-14) w formacie (ISBN: 9781838611422). Zapraszamy!\" \/>\n<meta name=\"robots\" content=\"index, follow, max-snippet:-1, max-image-preview:large, max-video-preview:-1\" \/>\n<link rel=\"canonical\" href=\"https:\/\/foliobooks.pl\/en\/shop\/the-story-of-the-pearl\/\" \/>\n<meta property=\"og:locale\" content=\"en_US\" \/>\n<meta property=\"og:type\" content=\"article\" \/>\n<meta property=\"og:title\" content=\"The Story of the Pearl (Caroline Young) - book \/ album - Folio\" \/>\n<meta property=\"og:description\" content=\"Wejd\u017a i kup ksi\u0105\u017ck\u0119 The Story of the Pearl autorstwa Caroline Young wydan\u0105 przez OH! Life (2023-06-14) w formacie (ISBN: 9781838611422). Zapraszamy!\" \/>\n<meta property=\"og:url\" content=\"https:\/\/foliobooks.pl\/en\/shop\/the-story-of-the-pearl\/\" \/>\n<meta property=\"og:site_name\" content=\"Folio\" \/>\n<meta property=\"article:modified_time\" content=\"2024-11-29T15:38:50+00:00\" \/>\n<meta property=\"og:image\" content=\"https:\/\/foliobooks.pl\/wp-content\/uploads\/2023\/08\/9781838611422.png\" \/>\n\t<meta property=\"og:image:width\" content=\"570\" \/>\n\t<meta property=\"og:image:height\" content=\"708\" \/>\n\t<meta property=\"og:image:type\" content=\"image\/png\" \/>\n<meta name=\"twitter:card\" content=\"summary_large_image\" \/>\n<meta name=\"twitter:label1\" content=\"Est. reading time\" \/>\n\t<meta name=\"twitter:data1\" content=\"1 minute\" \/>\n<script type=\"application\/ld+json\" class=\"yoast-schema-graph\">{\"@context\":\"https:\\\/\\\/schema.org\",\"@graph\":[{\"@type\":\"WebPage\",\"@id\":\"https:\\\/\\\/foliobooks.pl\\\/en\\\/shop\\\/the-story-of-the-pearl\\\/\",\"url\":\"https:\\\/\\\/foliobooks.pl\\\/en\\\/shop\\\/the-story-of-the-pearl\\\/\",\"name\":\"The Story of the Pearl (Caroline Young) - book \\\/ album - Folio\",\"isPartOf\":{\"@id\":\"https:\\\/\\\/foliobooks.pl\\\/en\\\/#website\"},\"primaryImageOfPage\":{\"@id\":\"https:\\\/\\\/foliobooks.pl\\\/en\\\/shop\\\/the-story-of-the-pearl\\\/#primaryimage\"},\"image\":{\"@id\":\"https:\\\/\\\/foliobooks.pl\\\/en\\\/shop\\\/the-story-of-the-pearl\\\/#primaryimage\"},\"thumbnailUrl\":\"https:\\\/\\\/foliobooks.pl\\\/wp-content\\\/uploads\\\/2023\\\/08\\\/9781838611422.png\",\"datePublished\":\"2023-08-16T12:25:34+00:00\",\"dateModified\":\"2024-11-29T15:38:50+00:00\",\"description\":\"Wejd\u017a i kup ksi\u0105\u017ck\u0119 The Story of the Pearl autorstwa Caroline Young wydan\u0105 przez OH! Life (2023-06-14) w formacie (ISBN: 9781838611422). Zapraszamy!\",\"breadcrumb\":{\"@id\":\"https:\\\/\\\/foliobooks.pl\\\/en\\\/shop\\\/the-story-of-the-pearl\\\/#breadcrumb\"},\"inLanguage\":\"en-US\",\"potentialAction\":[{\"@type\":\"ReadAction\",\"target\":[\"https:\\\/\\\/foliobooks.pl\\\/en\\\/shop\\\/the-story-of-the-pearl\\\/\"]}]},{\"@type\":\"ImageObject\",\"inLanguage\":\"en-US\",\"@id\":\"https:\\\/\\\/foliobooks.pl\\\/en\\\/shop\\\/the-story-of-the-pearl\\\/#primaryimage\",\"url\":\"https:\\\/\\\/foliobooks.pl\\\/wp-content\\\/uploads\\\/2023\\\/08\\\/9781838611422.png\",\"contentUrl\":\"https:\\\/\\\/foliobooks.pl\\\/wp-content\\\/uploads\\\/2023\\\/08\\\/9781838611422.png\",\"width\":570,\"height\":708},{\"@type\":\"BreadcrumbList\",\"@id\":\"https:\\\/\\\/foliobooks.pl\\\/en\\\/shop\\\/the-story-of-the-pearl\\\/#breadcrumb\",\"itemListElement\":[{\"@type\":\"ListItem\",\"position\":1,\"name\":\"Strona g\u0142\u00f3wna\",\"item\":\"https:\\\/\\\/foliobooks.pl\\\/en\\\/\"},{\"@type\":\"ListItem\",\"position\":2,\"name\":\"Shop\",\"item\":\"https:\\\/\\\/foliobooks.pl\\\/en\\\/shop\\\/\"},{\"@type\":\"ListItem\",\"position\":3,\"name\":\"The Story of the Pearl\"}]},{\"@type\":\"WebSite\",\"@id\":\"https:\\\/\\\/foliobooks.pl\\\/en\\\/#website\",\"url\":\"https:\\\/\\\/foliobooks.pl\\\/en\\\/\",\"name\":\"Folio\",\"description\":\"Ksi\u0119garnia internetowa\",\"potentialAction\":[{\"@type\":\"SearchAction\",\"target\":{\"@type\":\"EntryPoint\",\"urlTemplate\":\"https:\\\/\\\/foliobooks.pl\\\/en\\\/?s={search_term_string}\"},\"query-input\":{\"@type\":\"PropertyValueSpecification\",\"valueRequired\":true,\"valueName\":\"search_term_string\"}}],\"inLanguage\":\"en-US\"}]}<\/script>\n<!-- \/ Yoast SEO plugin. -->","yoast_head_json":{"title":"The Story of the Pearl (Caroline Young) - book \/ album - Folio","description":"Wejd\u017a i kup ksi\u0105\u017ck\u0119 The Story of the Pearl autorstwa Caroline Young wydan\u0105 przez OH! Life (2023-06-14) w formacie (ISBN: 9781838611422). Zapraszamy!","robots":{"index":"index","follow":"follow","max-snippet":"max-snippet:-1","max-image-preview":"max-image-preview:large","max-video-preview":"max-video-preview:-1"},"canonical":"https:\/\/foliobooks.pl\/en\/shop\/the-story-of-the-pearl\/","og_locale":"en_US","og_type":"article","og_title":"The Story of the Pearl (Caroline Young) - book \/ album - Folio","og_description":"Wejd\u017a i kup ksi\u0105\u017ck\u0119 The Story of the Pearl autorstwa Caroline Young wydan\u0105 przez OH! Life (2023-06-14) w formacie (ISBN: 9781838611422). Zapraszamy!","og_url":"https:\/\/foliobooks.pl\/en\/shop\/the-story-of-the-pearl\/","og_site_name":"Folio","article_modified_time":"2024-11-29T15:38:50+00:00","og_image":[{"width":570,"height":708,"url":"https:\/\/foliobooks.pl\/wp-content\/uploads\/2023\/08\/9781838611422.png","type":"image\/png"}],"twitter_card":"summary_large_image","twitter_misc":{"Est. reading time":"1 minute"},"schema":{"@context":"https:\/\/schema.org","@graph":[{"@type":"WebPage","@id":"https:\/\/foliobooks.pl\/en\/shop\/the-story-of-the-pearl\/","url":"https:\/\/foliobooks.pl\/en\/shop\/the-story-of-the-pearl\/","name":"The Story of the Pearl (Caroline Young) - book \/ album - Folio","isPartOf":{"@id":"https:\/\/foliobooks.pl\/en\/#website"},"primaryImageOfPage":{"@id":"https:\/\/foliobooks.pl\/en\/shop\/the-story-of-the-pearl\/#primaryimage"},"image":{"@id":"https:\/\/foliobooks.pl\/en\/shop\/the-story-of-the-pearl\/#primaryimage"},"thumbnailUrl":"https:\/\/foliobooks.pl\/wp-content\/uploads\/2023\/08\/9781838611422.png","datePublished":"2023-08-16T12:25:34+00:00","dateModified":"2024-11-29T15:38:50+00:00","description":"Wejd\u017a i kup ksi\u0105\u017ck\u0119 The Story of the Pearl autorstwa Caroline Young wydan\u0105 przez OH! Life (2023-06-14) w formacie (ISBN: 9781838611422). Zapraszamy!","breadcrumb":{"@id":"https:\/\/foliobooks.pl\/en\/shop\/the-story-of-the-pearl\/#breadcrumb"},"inLanguage":"en-US","potentialAction":[{"@type":"ReadAction","target":["https:\/\/foliobooks.pl\/en\/shop\/the-story-of-the-pearl\/"]}]},{"@type":"ImageObject","inLanguage":"en-US","@id":"https:\/\/foliobooks.pl\/en\/shop\/the-story-of-the-pearl\/#primaryimage","url":"https:\/\/foliobooks.pl\/wp-content\/uploads\/2023\/08\/9781838611422.png","contentUrl":"https:\/\/foliobooks.pl\/wp-content\/uploads\/2023\/08\/9781838611422.png","width":570,"height":708},{"@type":"BreadcrumbList","@id":"https:\/\/foliobooks.pl\/en\/shop\/the-story-of-the-pearl\/#breadcrumb","itemListElement":[{"@type":"ListItem","position":1,"name":"Strona g\u0142\u00f3wna","item":"https:\/\/foliobooks.pl\/en\/"},{"@type":"ListItem","position":2,"name":"Shop","item":"https:\/\/foliobooks.pl\/en\/shop\/"},{"@type":"ListItem","position":3,"name":"The Story of the Pearl"}]},{"@type":"WebSite","@id":"https:\/\/foliobooks.pl\/en\/#website","url":"https:\/\/foliobooks.pl\/en\/","name":"Folio","description":"Ksi\u0119garnia internetowa","potentialAction":[{"@type":"SearchAction","target":{"@type":"EntryPoint","urlTemplate":"https:\/\/foliobooks.pl\/en\/?s={search_term_string}"},"query-input":{"@type":"PropertyValueSpecification","valueRequired":true,"valueName":"search_term_string"}}],"inLanguage":"en-US"}]}},"_links":{"self":[{"href":"https:\/\/foliobooks.pl\/en\/wp-json\/wp\/v2\/product\/91330","targetHints":{"allow":["GET"]}}],"collection":[{"href":"https:\/\/foliobooks.pl\/en\/wp-json\/wp\/v2\/product"}],"about":[{"href":"https:\/\/foliobooks.pl\/en\/wp-json\/wp\/v2\/types\/product"}],"replies":[{"embeddable":true,"href":"https:\/\/foliobooks.pl\/en\/wp-json\/wp\/v2\/comments?post=91330"}],"wp:featuredmedia":[{"embeddable":true,"href":"https:\/\/foliobooks.pl\/en\/wp-json\/wp\/v2\/media\/91319"}],"wp:attachment":[{"href":"https:\/\/foliobooks.pl\/en\/wp-json\/wp\/v2\/media?parent=91330"}],"wp:term":[{"taxonomy":"product_brand","embeddable":true,"href":"https:\/\/foliobooks.pl\/en\/wp-json\/wp\/v2\/product_brand?post=91330"},{"taxonomy":"product_cat","embeddable":true,"href":"https:\/\/foliobooks.pl\/en\/wp-json\/wp\/v2\/product_cat?post=91330"},{"taxonomy":"product_tag","embeddable":true,"href":"https:\/\/foliobooks.pl\/en\/wp-json\/wp\/v2\/product_tag?post=91330"}],"curies":[{"name":"wp","href":"https:\/\/api.w.org\/{rel}","templated":true}]}}