{"id":91275,"date":"2023-08-16T13:37:47","date_gmt":"2023-08-16T11:37:47","guid":{"rendered":"https:\/\/foliobooks.pl\/sklep\/costa-smeralda\/"},"modified":"2026-02-18T16:21:32","modified_gmt":"2026-02-18T15:21:32","slug":"costa-smeralda","status":"publish","type":"product","link":"https:\/\/foliobooks.pl\/en\/shop\/costa-smeralda\/","title":{"rendered":"Costa Smeralda"},"content":{"rendered":"<p>In perfect harmony with nature, Costa Smeralda rose from the uninhabited, untouched territory at the northeastern tip of Sardinia. Uncovering the area\u2019s limitless potential, Prince Aga Khan and other interested associates set to work developing and transforming Costa Smeralda into an exclusive, luxury escape. VIP guests such as Marisa Berenson, Roberto and Eva Cavalli, and Naomi Campbell, have been enticed ever since, lured by the scents of juniper mixed with the salty spray of the ever-present Mediterranean. The region\u2019s natural abundance combines seamlessly with an original architectural style that makes Costa Smeralda a truly one-of-a-kind destination.<\/p>\n<p>Founded on March 14, 1962, at the behest of Prince Karim Aga Khan, Consorzio Costa Smeralda was created with the aim of planning and balancing urban and residential development within the territorial boundaries of Costa Smeralda. Based in the heart of the village of Porto Cervo, the Consorzio has been enhancing the tourist destination for the past sixty years, while monitoring the environmental protection of the territory. Smeralda Holding, the largest member of the Consorzio Costa Smeralda, has the relative majority and ownership of the most important hotels (Hotel Cervo, Hotel Pitrizza, Hotel Romazzino, Hotel Cala di Volpe), land, restaurants, shops on Costa Smeralda.<\/p>\n","protected":false},"excerpt":{"rendered":"<p>In perfect harmony with nature, Costa Smeralda rose from the uninhabited, untouched territory at the northeastern tip of Sardinia. Uncovering the area\u2019s limitless potential, Prince Aga Khan and other interested associates set to work developing and transforming Costa Smeralda into an exclusive, luxury escape. VIP guests such as Marisa Berenson, Roberto and Eva Cavalli, and&#8230;<\/p>\n","protected":false},"featured_media":91262,"comment_status":"closed","ping_status":"closed","template":"","meta":[],"product_brand":[],"product_cat":[13533,4517],"product_tag":[11524,6121,516,156],"class_list":{"0":"post-91275","1":"product","2":"type-product","3":"status-publish","4":"has-post-thumbnail","6":"product_cat-books","7":"product_cat-photography-en","8":"product_tag-italy-en","9":"product_tag-photography","10":"product_tag-places-en","11":"product_tag-travel","12":"pa_author_att-cesare-cunaccia-en","13":"pa_cover-hardcover","14":"pa_format-247-x-33-cm-en","15":"pa_isbn-9781649801005-en","16":"pa_language-eng","17":"pa_pages-288-en-2","18":"pa_published-2022-06-22-en","19":"pa_publisher-assouline-en","21":"first","22":"instock","23":"sale","24":"sold-individually","25":"shipping-taxable","26":"purchasable","27":"product-type-simple"},"yoast_head":"<!-- This site is optimized with the Yoast SEO plugin v27.4 - https:\/\/yoast.com\/product\/yoast-seo-wordpress\/ -->\n<title>Costa Smeralda (Cesare Cunaccia) - book \/ album - Folio<\/title>\n<meta name=\"description\" content=\"Wejd\u017a i kup ksi\u0105\u017ck\u0119 Costa Smeralda autorstwa Cesare Cunaccia wydan\u0105 przez Assouline (2022-06-22) w formacie 24,7 x 33 cm (ISBN: 9781649801005). Zapraszamy!\" \/>\n<meta name=\"robots\" content=\"index, follow, max-snippet:-1, max-image-preview:large, max-video-preview:-1\" \/>\n<link rel=\"canonical\" href=\"https:\/\/foliobooks.pl\/en\/shop\/costa-smeralda\/\" \/>\n<meta property=\"og:locale\" content=\"en_US\" \/>\n<meta property=\"og:type\" content=\"article\" \/>\n<meta property=\"og:title\" content=\"Costa Smeralda (Cesare Cunaccia) - book \/ album - Folio\" \/>\n<meta property=\"og:description\" content=\"Wejd\u017a i kup ksi\u0105\u017ck\u0119 Costa Smeralda autorstwa Cesare Cunaccia wydan\u0105 przez Assouline (2022-06-22) w formacie 24,7 x 33 cm (ISBN: 9781649801005). Zapraszamy!\" \/>\n<meta property=\"og:url\" content=\"https:\/\/foliobooks.pl\/en\/shop\/costa-smeralda\/\" \/>\n<meta property=\"og:site_name\" content=\"Folio\" \/>\n<meta property=\"article:modified_time\" content=\"2026-02-18T15:21:32+00:00\" \/>\n<meta property=\"og:image\" content=\"https:\/\/foliobooks.pl\/wp-content\/uploads\/2023\/08\/9781649801005.png\" \/>\n\t<meta property=\"og:image:width\" content=\"570\" \/>\n\t<meta property=\"og:image:height\" content=\"708\" \/>\n\t<meta property=\"og:image:type\" content=\"image\/png\" \/>\n<meta name=\"twitter:card\" content=\"summary_large_image\" \/>\n<meta name=\"twitter:label1\" content=\"Est. reading time\" \/>\n\t<meta name=\"twitter:data1\" content=\"2 minutes\" \/>\n<script type=\"application\/ld+json\" class=\"yoast-schema-graph\">{\"@context\":\"https:\\\/\\\/schema.org\",\"@graph\":[{\"@type\":\"WebPage\",\"@id\":\"https:\\\/\\\/foliobooks.pl\\\/en\\\/shop\\\/costa-smeralda\\\/\",\"url\":\"https:\\\/\\\/foliobooks.pl\\\/en\\\/shop\\\/costa-smeralda\\\/\",\"name\":\"Costa Smeralda (Cesare Cunaccia) - book \\\/ album - Folio\",\"isPartOf\":{\"@id\":\"https:\\\/\\\/foliobooks.pl\\\/en\\\/#website\"},\"primaryImageOfPage\":{\"@id\":\"https:\\\/\\\/foliobooks.pl\\\/en\\\/shop\\\/costa-smeralda\\\/#primaryimage\"},\"image\":{\"@id\":\"https:\\\/\\\/foliobooks.pl\\\/en\\\/shop\\\/costa-smeralda\\\/#primaryimage\"},\"thumbnailUrl\":\"https:\\\/\\\/foliobooks.pl\\\/wp-content\\\/uploads\\\/2023\\\/08\\\/9781649801005.png\",\"datePublished\":\"2023-08-16T11:37:47+00:00\",\"dateModified\":\"2026-02-18T15:21:32+00:00\",\"description\":\"Wejd\u017a i kup ksi\u0105\u017ck\u0119 Costa Smeralda autorstwa Cesare Cunaccia wydan\u0105 przez Assouline (2022-06-22) w formacie 24,7 x 33 cm (ISBN: 9781649801005). Zapraszamy!\",\"breadcrumb\":{\"@id\":\"https:\\\/\\\/foliobooks.pl\\\/en\\\/shop\\\/costa-smeralda\\\/#breadcrumb\"},\"inLanguage\":\"en-US\",\"potentialAction\":[{\"@type\":\"ReadAction\",\"target\":[\"https:\\\/\\\/foliobooks.pl\\\/en\\\/shop\\\/costa-smeralda\\\/\"]}]},{\"@type\":\"ImageObject\",\"inLanguage\":\"en-US\",\"@id\":\"https:\\\/\\\/foliobooks.pl\\\/en\\\/shop\\\/costa-smeralda\\\/#primaryimage\",\"url\":\"https:\\\/\\\/foliobooks.pl\\\/wp-content\\\/uploads\\\/2023\\\/08\\\/9781649801005.png\",\"contentUrl\":\"https:\\\/\\\/foliobooks.pl\\\/wp-content\\\/uploads\\\/2023\\\/08\\\/9781649801005.png\",\"width\":570,\"height\":708},{\"@type\":\"BreadcrumbList\",\"@id\":\"https:\\\/\\\/foliobooks.pl\\\/en\\\/shop\\\/costa-smeralda\\\/#breadcrumb\",\"itemListElement\":[{\"@type\":\"ListItem\",\"position\":1,\"name\":\"Strona g\u0142\u00f3wna\",\"item\":\"https:\\\/\\\/foliobooks.pl\\\/en\\\/\"},{\"@type\":\"ListItem\",\"position\":2,\"name\":\"Shop\",\"item\":\"https:\\\/\\\/foliobooks.pl\\\/en\\\/shop\\\/\"},{\"@type\":\"ListItem\",\"position\":3,\"name\":\"Costa Smeralda\"}]},{\"@type\":\"WebSite\",\"@id\":\"https:\\\/\\\/foliobooks.pl\\\/en\\\/#website\",\"url\":\"https:\\\/\\\/foliobooks.pl\\\/en\\\/\",\"name\":\"Folio\",\"description\":\"Ksi\u0119garnia internetowa\",\"potentialAction\":[{\"@type\":\"SearchAction\",\"target\":{\"@type\":\"EntryPoint\",\"urlTemplate\":\"https:\\\/\\\/foliobooks.pl\\\/en\\\/?s={search_term_string}\"},\"query-input\":{\"@type\":\"PropertyValueSpecification\",\"valueRequired\":true,\"valueName\":\"search_term_string\"}}],\"inLanguage\":\"en-US\"}]}<\/script>\n<!-- \/ Yoast SEO plugin. -->","yoast_head_json":{"title":"Costa Smeralda (Cesare Cunaccia) - book \/ album - Folio","description":"Wejd\u017a i kup ksi\u0105\u017ck\u0119 Costa Smeralda autorstwa Cesare Cunaccia wydan\u0105 przez Assouline (2022-06-22) w formacie 24,7 x 33 cm (ISBN: 9781649801005). Zapraszamy!","robots":{"index":"index","follow":"follow","max-snippet":"max-snippet:-1","max-image-preview":"max-image-preview:large","max-video-preview":"max-video-preview:-1"},"canonical":"https:\/\/foliobooks.pl\/en\/shop\/costa-smeralda\/","og_locale":"en_US","og_type":"article","og_title":"Costa Smeralda (Cesare Cunaccia) - book \/ album - Folio","og_description":"Wejd\u017a i kup ksi\u0105\u017ck\u0119 Costa Smeralda autorstwa Cesare Cunaccia wydan\u0105 przez Assouline (2022-06-22) w formacie 24,7 x 33 cm (ISBN: 9781649801005). Zapraszamy!","og_url":"https:\/\/foliobooks.pl\/en\/shop\/costa-smeralda\/","og_site_name":"Folio","article_modified_time":"2026-02-18T15:21:32+00:00","og_image":[{"width":570,"height":708,"url":"https:\/\/foliobooks.pl\/wp-content\/uploads\/2023\/08\/9781649801005.png","type":"image\/png"}],"twitter_card":"summary_large_image","twitter_misc":{"Est. reading time":"2 minutes"},"schema":{"@context":"https:\/\/schema.org","@graph":[{"@type":"WebPage","@id":"https:\/\/foliobooks.pl\/en\/shop\/costa-smeralda\/","url":"https:\/\/foliobooks.pl\/en\/shop\/costa-smeralda\/","name":"Costa Smeralda (Cesare Cunaccia) - book \/ album - Folio","isPartOf":{"@id":"https:\/\/foliobooks.pl\/en\/#website"},"primaryImageOfPage":{"@id":"https:\/\/foliobooks.pl\/en\/shop\/costa-smeralda\/#primaryimage"},"image":{"@id":"https:\/\/foliobooks.pl\/en\/shop\/costa-smeralda\/#primaryimage"},"thumbnailUrl":"https:\/\/foliobooks.pl\/wp-content\/uploads\/2023\/08\/9781649801005.png","datePublished":"2023-08-16T11:37:47+00:00","dateModified":"2026-02-18T15:21:32+00:00","description":"Wejd\u017a i kup ksi\u0105\u017ck\u0119 Costa Smeralda autorstwa Cesare Cunaccia wydan\u0105 przez Assouline (2022-06-22) w formacie 24,7 x 33 cm (ISBN: 9781649801005). Zapraszamy!","breadcrumb":{"@id":"https:\/\/foliobooks.pl\/en\/shop\/costa-smeralda\/#breadcrumb"},"inLanguage":"en-US","potentialAction":[{"@type":"ReadAction","target":["https:\/\/foliobooks.pl\/en\/shop\/costa-smeralda\/"]}]},{"@type":"ImageObject","inLanguage":"en-US","@id":"https:\/\/foliobooks.pl\/en\/shop\/costa-smeralda\/#primaryimage","url":"https:\/\/foliobooks.pl\/wp-content\/uploads\/2023\/08\/9781649801005.png","contentUrl":"https:\/\/foliobooks.pl\/wp-content\/uploads\/2023\/08\/9781649801005.png","width":570,"height":708},{"@type":"BreadcrumbList","@id":"https:\/\/foliobooks.pl\/en\/shop\/costa-smeralda\/#breadcrumb","itemListElement":[{"@type":"ListItem","position":1,"name":"Strona g\u0142\u00f3wna","item":"https:\/\/foliobooks.pl\/en\/"},{"@type":"ListItem","position":2,"name":"Shop","item":"https:\/\/foliobooks.pl\/en\/shop\/"},{"@type":"ListItem","position":3,"name":"Costa Smeralda"}]},{"@type":"WebSite","@id":"https:\/\/foliobooks.pl\/en\/#website","url":"https:\/\/foliobooks.pl\/en\/","name":"Folio","description":"Ksi\u0119garnia internetowa","potentialAction":[{"@type":"SearchAction","target":{"@type":"EntryPoint","urlTemplate":"https:\/\/foliobooks.pl\/en\/?s={search_term_string}"},"query-input":{"@type":"PropertyValueSpecification","valueRequired":true,"valueName":"search_term_string"}}],"inLanguage":"en-US"}]}},"_links":{"self":[{"href":"https:\/\/foliobooks.pl\/en\/wp-json\/wp\/v2\/product\/91275","targetHints":{"allow":["GET"]}}],"collection":[{"href":"https:\/\/foliobooks.pl\/en\/wp-json\/wp\/v2\/product"}],"about":[{"href":"https:\/\/foliobooks.pl\/en\/wp-json\/wp\/v2\/types\/product"}],"replies":[{"embeddable":true,"href":"https:\/\/foliobooks.pl\/en\/wp-json\/wp\/v2\/comments?post=91275"}],"wp:featuredmedia":[{"embeddable":true,"href":"https:\/\/foliobooks.pl\/en\/wp-json\/wp\/v2\/media\/91262"}],"wp:attachment":[{"href":"https:\/\/foliobooks.pl\/en\/wp-json\/wp\/v2\/media?parent=91275"}],"wp:term":[{"taxonomy":"product_brand","embeddable":true,"href":"https:\/\/foliobooks.pl\/en\/wp-json\/wp\/v2\/product_brand?post=91275"},{"taxonomy":"product_cat","embeddable":true,"href":"https:\/\/foliobooks.pl\/en\/wp-json\/wp\/v2\/product_cat?post=91275"},{"taxonomy":"product_tag","embeddable":true,"href":"https:\/\/foliobooks.pl\/en\/wp-json\/wp\/v2\/product_tag?post=91275"}],"curies":[{"name":"wp","href":"https:\/\/api.w.org\/{rel}","templated":true}]}}