{"id":91257,"date":"2023-08-16T13:10:04","date_gmt":"2023-08-16T11:10:04","guid":{"rendered":"https:\/\/foliobooks.pl\/sklep\/yves-saint-laurent-at-home\/"},"modified":"2025-03-12T14:13:48","modified_gmt":"2025-03-12T13:13:48","slug":"yves-saint-laurent-at-home","status":"publish","type":"product","link":"https:\/\/foliobooks.pl\/en\/shop\/yves-saint-laurent-at-home\/","title":{"rendered":"Yves Saint Laurent at Home"},"content":{"rendered":"<p>Yves Saint Laurent and Pierre Berg\u00e9 were worldbuilders of an unparalleled caliber; true tastemakers who approached each interior project with imagination and rigeur, crafting grand spaces infused with personality and provenance. Connoisseurs in every sense of the word with a deep knowledge and appreciation for art and interior design, the two built and lived among a spectacular and carefully-considered collection. In close collaboration with world-class designer Jacques Grange, they crafted private spaces full of wonder and enchantment.<\/p>\n<p>Readers are invited to discover the couple\u2019s savoir-faire through the most exquisite photographs of the interiors and gardens of Yves\u2019s Ch\u00e2teau Gabriel, the dacha in Deauville; the Villa Majorelle in Marrakech; the apartment on rue de Babylone and his maison de couture on avenue Marceau. With photographs by Marianne Haas, and texts and special contributions from Jacques Grange, Catherine Deneuve, Betty Catroux, Laurence Bena\u00efm, Louis Benech and other members of Yves\u2019 tribe, the creative couple\u2019s legacy lives on.<\/p>\n","protected":false},"excerpt":{"rendered":"<p>Yves Saint Laurent and Pierre Berg\u00e9 were worldbuilders of an unparalleled caliber; true tastemakers who approached each interior project with imagination and rigeur, crafting grand spaces infused with personality and provenance. Connoisseurs in every sense of the word with a deep knowledge and appreciation for art and interior design, the two built and lived among&#8230;<\/p>\n","protected":false},"featured_media":91240,"comment_status":"closed","ping_status":"closed","template":"","meta":[],"product_brand":[],"product_cat":[4516,13533,4517],"product_tag":[6124,1702,290,6121,516,18135],"class_list":{"0":"post-91257","1":"product","2":"type-product","3":"status-publish","4":"has-post-thumbnail","6":"product_cat-architecture-en","7":"product_cat-books","8":"product_cat-photography-en","9":"product_tag-architecture-en","10":"product_tag-artists","11":"product_tag-interiors-en","12":"product_tag-photography","13":"product_tag-places-en","14":"product_tag-wystroj-wnetrz-en","15":"pa_author_att-marianne-haas-en","16":"pa_cover-hardcover","17":"pa_format-248-x-330-cm-en","18":"pa_isbn-9781649801234-en","19":"pa_language-eng","20":"pa_pages-240-en","21":"pa_published-2022-12-08-en","22":"pa_publisher-assouline-en","24":"first","25":"outofstock","26":"sold-individually","27":"shipping-taxable","28":"purchasable","29":"product-type-simple"},"yoast_head":"<!-- This site is optimized with the Yoast SEO plugin v27.4 - https:\/\/yoast.com\/product\/yoast-seo-wordpress\/ -->\n<title>Yves Saint Laurent at Home (Marianne Haas) - book \/ album - Folio<\/title>\n<meta name=\"description\" content=\"Wejd\u017a i kup ksi\u0105\u017ck\u0119 Yves Saint Laurent at Home autorstwa Marianne Haas wydan\u0105 przez Assouline (2022-12-08) w formacie 24,8 x 33,0 cm (ISBN: 9781649801234). Zapraszamy!\" \/>\n<meta name=\"robots\" content=\"index, follow, max-snippet:-1, max-image-preview:large, max-video-preview:-1\" \/>\n<link rel=\"canonical\" href=\"https:\/\/foliobooks.pl\/en\/shop\/yves-saint-laurent-at-home\/\" \/>\n<meta property=\"og:locale\" content=\"en_US\" \/>\n<meta property=\"og:type\" content=\"article\" \/>\n<meta property=\"og:title\" content=\"Yves Saint Laurent at Home (Marianne Haas) - book \/ album - Folio\" \/>\n<meta property=\"og:description\" content=\"Wejd\u017a i kup ksi\u0105\u017ck\u0119 Yves Saint Laurent at Home autorstwa Marianne Haas wydan\u0105 przez Assouline (2022-12-08) w formacie 24,8 x 33,0 cm (ISBN: 9781649801234). Zapraszamy!\" \/>\n<meta property=\"og:url\" content=\"https:\/\/foliobooks.pl\/en\/shop\/yves-saint-laurent-at-home\/\" \/>\n<meta property=\"og:site_name\" content=\"Folio\" \/>\n<meta property=\"article:modified_time\" content=\"2025-03-12T13:13:48+00:00\" \/>\n<meta property=\"og:image\" content=\"https:\/\/foliobooks.pl\/wp-content\/uploads\/2023\/08\/9781649801234.png\" \/>\n\t<meta property=\"og:image:width\" content=\"570\" \/>\n\t<meta property=\"og:image:height\" content=\"708\" \/>\n\t<meta property=\"og:image:type\" content=\"image\/png\" \/>\n<meta name=\"twitter:card\" content=\"summary_large_image\" \/>\n<meta name=\"twitter:label1\" content=\"Est. reading time\" \/>\n\t<meta name=\"twitter:data1\" content=\"1 minute\" \/>\n<script type=\"application\/ld+json\" class=\"yoast-schema-graph\">{\"@context\":\"https:\\\/\\\/schema.org\",\"@graph\":[{\"@type\":\"WebPage\",\"@id\":\"https:\\\/\\\/foliobooks.pl\\\/en\\\/shop\\\/yves-saint-laurent-at-home\\\/\",\"url\":\"https:\\\/\\\/foliobooks.pl\\\/en\\\/shop\\\/yves-saint-laurent-at-home\\\/\",\"name\":\"Yves Saint Laurent at Home (Marianne Haas) - book \\\/ album - Folio\",\"isPartOf\":{\"@id\":\"https:\\\/\\\/foliobooks.pl\\\/en\\\/#website\"},\"primaryImageOfPage\":{\"@id\":\"https:\\\/\\\/foliobooks.pl\\\/en\\\/shop\\\/yves-saint-laurent-at-home\\\/#primaryimage\"},\"image\":{\"@id\":\"https:\\\/\\\/foliobooks.pl\\\/en\\\/shop\\\/yves-saint-laurent-at-home\\\/#primaryimage\"},\"thumbnailUrl\":\"https:\\\/\\\/foliobooks.pl\\\/wp-content\\\/uploads\\\/2023\\\/08\\\/9781649801234.png\",\"datePublished\":\"2023-08-16T11:10:04+00:00\",\"dateModified\":\"2025-03-12T13:13:48+00:00\",\"description\":\"Wejd\u017a i kup ksi\u0105\u017ck\u0119 Yves Saint Laurent at Home autorstwa Marianne Haas wydan\u0105 przez Assouline (2022-12-08) w formacie 24,8 x 33,0 cm (ISBN: 9781649801234). Zapraszamy!\",\"breadcrumb\":{\"@id\":\"https:\\\/\\\/foliobooks.pl\\\/en\\\/shop\\\/yves-saint-laurent-at-home\\\/#breadcrumb\"},\"inLanguage\":\"en-US\",\"potentialAction\":[{\"@type\":\"ReadAction\",\"target\":[\"https:\\\/\\\/foliobooks.pl\\\/en\\\/shop\\\/yves-saint-laurent-at-home\\\/\"]}]},{\"@type\":\"ImageObject\",\"inLanguage\":\"en-US\",\"@id\":\"https:\\\/\\\/foliobooks.pl\\\/en\\\/shop\\\/yves-saint-laurent-at-home\\\/#primaryimage\",\"url\":\"https:\\\/\\\/foliobooks.pl\\\/wp-content\\\/uploads\\\/2023\\\/08\\\/9781649801234.png\",\"contentUrl\":\"https:\\\/\\\/foliobooks.pl\\\/wp-content\\\/uploads\\\/2023\\\/08\\\/9781649801234.png\",\"width\":570,\"height\":708},{\"@type\":\"BreadcrumbList\",\"@id\":\"https:\\\/\\\/foliobooks.pl\\\/en\\\/shop\\\/yves-saint-laurent-at-home\\\/#breadcrumb\",\"itemListElement\":[{\"@type\":\"ListItem\",\"position\":1,\"name\":\"Strona g\u0142\u00f3wna\",\"item\":\"https:\\\/\\\/foliobooks.pl\\\/en\\\/\"},{\"@type\":\"ListItem\",\"position\":2,\"name\":\"Shop\",\"item\":\"https:\\\/\\\/foliobooks.pl\\\/en\\\/shop\\\/\"},{\"@type\":\"ListItem\",\"position\":3,\"name\":\"Yves Saint Laurent at Home\"}]},{\"@type\":\"WebSite\",\"@id\":\"https:\\\/\\\/foliobooks.pl\\\/en\\\/#website\",\"url\":\"https:\\\/\\\/foliobooks.pl\\\/en\\\/\",\"name\":\"Folio\",\"description\":\"Ksi\u0119garnia internetowa\",\"potentialAction\":[{\"@type\":\"SearchAction\",\"target\":{\"@type\":\"EntryPoint\",\"urlTemplate\":\"https:\\\/\\\/foliobooks.pl\\\/en\\\/?s={search_term_string}\"},\"query-input\":{\"@type\":\"PropertyValueSpecification\",\"valueRequired\":true,\"valueName\":\"search_term_string\"}}],\"inLanguage\":\"en-US\"}]}<\/script>\n<!-- \/ Yoast SEO plugin. -->","yoast_head_json":{"title":"Yves Saint Laurent at Home (Marianne Haas) - book \/ album - Folio","description":"Wejd\u017a i kup ksi\u0105\u017ck\u0119 Yves Saint Laurent at Home autorstwa Marianne Haas wydan\u0105 przez Assouline (2022-12-08) w formacie 24,8 x 33,0 cm (ISBN: 9781649801234). Zapraszamy!","robots":{"index":"index","follow":"follow","max-snippet":"max-snippet:-1","max-image-preview":"max-image-preview:large","max-video-preview":"max-video-preview:-1"},"canonical":"https:\/\/foliobooks.pl\/en\/shop\/yves-saint-laurent-at-home\/","og_locale":"en_US","og_type":"article","og_title":"Yves Saint Laurent at Home (Marianne Haas) - book \/ album - Folio","og_description":"Wejd\u017a i kup ksi\u0105\u017ck\u0119 Yves Saint Laurent at Home autorstwa Marianne Haas wydan\u0105 przez Assouline (2022-12-08) w formacie 24,8 x 33,0 cm (ISBN: 9781649801234). Zapraszamy!","og_url":"https:\/\/foliobooks.pl\/en\/shop\/yves-saint-laurent-at-home\/","og_site_name":"Folio","article_modified_time":"2025-03-12T13:13:48+00:00","og_image":[{"width":570,"height":708,"url":"https:\/\/foliobooks.pl\/wp-content\/uploads\/2023\/08\/9781649801234.png","type":"image\/png"}],"twitter_card":"summary_large_image","twitter_misc":{"Est. reading time":"1 minute"},"schema":{"@context":"https:\/\/schema.org","@graph":[{"@type":"WebPage","@id":"https:\/\/foliobooks.pl\/en\/shop\/yves-saint-laurent-at-home\/","url":"https:\/\/foliobooks.pl\/en\/shop\/yves-saint-laurent-at-home\/","name":"Yves Saint Laurent at Home (Marianne Haas) - book \/ album - Folio","isPartOf":{"@id":"https:\/\/foliobooks.pl\/en\/#website"},"primaryImageOfPage":{"@id":"https:\/\/foliobooks.pl\/en\/shop\/yves-saint-laurent-at-home\/#primaryimage"},"image":{"@id":"https:\/\/foliobooks.pl\/en\/shop\/yves-saint-laurent-at-home\/#primaryimage"},"thumbnailUrl":"https:\/\/foliobooks.pl\/wp-content\/uploads\/2023\/08\/9781649801234.png","datePublished":"2023-08-16T11:10:04+00:00","dateModified":"2025-03-12T13:13:48+00:00","description":"Wejd\u017a i kup ksi\u0105\u017ck\u0119 Yves Saint Laurent at Home autorstwa Marianne Haas wydan\u0105 przez Assouline (2022-12-08) w formacie 24,8 x 33,0 cm (ISBN: 9781649801234). Zapraszamy!","breadcrumb":{"@id":"https:\/\/foliobooks.pl\/en\/shop\/yves-saint-laurent-at-home\/#breadcrumb"},"inLanguage":"en-US","potentialAction":[{"@type":"ReadAction","target":["https:\/\/foliobooks.pl\/en\/shop\/yves-saint-laurent-at-home\/"]}]},{"@type":"ImageObject","inLanguage":"en-US","@id":"https:\/\/foliobooks.pl\/en\/shop\/yves-saint-laurent-at-home\/#primaryimage","url":"https:\/\/foliobooks.pl\/wp-content\/uploads\/2023\/08\/9781649801234.png","contentUrl":"https:\/\/foliobooks.pl\/wp-content\/uploads\/2023\/08\/9781649801234.png","width":570,"height":708},{"@type":"BreadcrumbList","@id":"https:\/\/foliobooks.pl\/en\/shop\/yves-saint-laurent-at-home\/#breadcrumb","itemListElement":[{"@type":"ListItem","position":1,"name":"Strona g\u0142\u00f3wna","item":"https:\/\/foliobooks.pl\/en\/"},{"@type":"ListItem","position":2,"name":"Shop","item":"https:\/\/foliobooks.pl\/en\/shop\/"},{"@type":"ListItem","position":3,"name":"Yves Saint Laurent at Home"}]},{"@type":"WebSite","@id":"https:\/\/foliobooks.pl\/en\/#website","url":"https:\/\/foliobooks.pl\/en\/","name":"Folio","description":"Ksi\u0119garnia internetowa","potentialAction":[{"@type":"SearchAction","target":{"@type":"EntryPoint","urlTemplate":"https:\/\/foliobooks.pl\/en\/?s={search_term_string}"},"query-input":{"@type":"PropertyValueSpecification","valueRequired":true,"valueName":"search_term_string"}}],"inLanguage":"en-US"}]}},"_links":{"self":[{"href":"https:\/\/foliobooks.pl\/en\/wp-json\/wp\/v2\/product\/91257","targetHints":{"allow":["GET"]}}],"collection":[{"href":"https:\/\/foliobooks.pl\/en\/wp-json\/wp\/v2\/product"}],"about":[{"href":"https:\/\/foliobooks.pl\/en\/wp-json\/wp\/v2\/types\/product"}],"replies":[{"embeddable":true,"href":"https:\/\/foliobooks.pl\/en\/wp-json\/wp\/v2\/comments?post=91257"}],"wp:featuredmedia":[{"embeddable":true,"href":"https:\/\/foliobooks.pl\/en\/wp-json\/wp\/v2\/media\/91240"}],"wp:attachment":[{"href":"https:\/\/foliobooks.pl\/en\/wp-json\/wp\/v2\/media?parent=91257"}],"wp:term":[{"taxonomy":"product_brand","embeddable":true,"href":"https:\/\/foliobooks.pl\/en\/wp-json\/wp\/v2\/product_brand?post=91257"},{"taxonomy":"product_cat","embeddable":true,"href":"https:\/\/foliobooks.pl\/en\/wp-json\/wp\/v2\/product_cat?post=91257"},{"taxonomy":"product_tag","embeddable":true,"href":"https:\/\/foliobooks.pl\/en\/wp-json\/wp\/v2\/product_tag?post=91257"}],"curies":[{"name":"wp","href":"https:\/\/api.w.org\/{rel}","templated":true}]}}