{"id":91237,"date":"2023-08-16T12:44:05","date_gmt":"2023-08-16T10:44:05","guid":{"rendered":"https:\/\/foliobooks.pl\/sklep\/cairo-eternal\/"},"modified":"2026-02-18T16:21:49","modified_gmt":"2026-02-18T15:21:49","slug":"cairo-eternal","status":"publish","type":"product","link":"https:\/\/foliobooks.pl\/en\/shop\/cairo-eternal\/","title":{"rendered":"Cairo Eternal"},"content":{"rendered":"<p>Discover the rich culture and stunning aesthetics of Egypt&#8217;s vibrant capital, from the iconic Great Pyramids of Giza to the bustling Khan El Khalili bazaar.\u00a0<em>Cairo Eternal<\/em>\u00a0is the first Egyptian destination in the Travel Series and showcases a unique culture and its one-of-a-kind aesthetic. This book takes readers on an unforgettable journey through the heart of the city, showcasing its deep cultural roots and modern touches.<\/p>\n<p>Experience the vibrant energy of Cairo&#8217;s streets, complemented by a serene sunset ride down the Nile on a traditional felucca. With stunning photography and engaging storytelling,\u00a0<em>Cairo Eternal<\/em>\u00a0captures the essence of this dynamic city, where tradition meets modernity.<\/p>\n","protected":false},"excerpt":{"rendered":"<p>Discover the rich culture and stunning aesthetics of Egypt&#8217;s vibrant capital, from the iconic Great Pyramids of Giza to the bustling Khan El Khalili bazaar.\u00a0Cairo Eternal\u00a0is the first Egyptian destination in the Travel Series and showcases a unique culture and its one-of-a-kind aesthetic. This book takes readers on an unforgettable journey through the heart of&#8230;<\/p>\n","protected":false},"featured_media":91223,"comment_status":"closed","ping_status":"closed","template":"","meta":[],"product_brand":[],"product_cat":[13533,4517],"product_tag":[10792,6121,516,156],"class_list":{"0":"post-91237","1":"product","2":"type-product","3":"status-publish","4":"has-post-thumbnail","6":"product_cat-books","7":"product_cat-photography-en","8":"product_tag-africa-en","9":"product_tag-photography","10":"product_tag-places-en","11":"product_tag-travel","12":"pa_author_att-mai-eldib-en","13":"pa_cover-hardcover","14":"pa_format-25-x-33-cm-en","15":"pa_isbn-9781649801968-en","16":"pa_language-eng","17":"pa_pages-288-en-2","18":"pa_published-2023-03-01-en","19":"pa_publisher-assouline-en","21":"first","22":"instock","23":"sale","24":"sold-individually","25":"shipping-taxable","26":"purchasable","27":"product-type-simple"},"yoast_head":"<!-- This site is optimized with the Yoast SEO plugin v27.4 - https:\/\/yoast.com\/product\/yoast-seo-wordpress\/ -->\n<title>Cairo Eternal (Mai Eldib) - book \/ album - Folio<\/title>\n<meta name=\"description\" content=\"Wejd\u017a i kup ksi\u0105\u017ck\u0119 Cairo Eternal autorstwa Mai Eldib wydan\u0105 przez Assouline (2023-03-01) w formacie 25 x 33 cm (ISBN: 9781649801968). Zapraszamy!\" \/>\n<meta name=\"robots\" content=\"index, follow, max-snippet:-1, max-image-preview:large, max-video-preview:-1\" \/>\n<link rel=\"canonical\" href=\"https:\/\/foliobooks.pl\/en\/shop\/cairo-eternal\/\" \/>\n<meta property=\"og:locale\" content=\"en_US\" \/>\n<meta property=\"og:type\" content=\"article\" \/>\n<meta property=\"og:title\" content=\"Cairo Eternal (Mai Eldib) - book \/ album - Folio\" \/>\n<meta property=\"og:description\" content=\"Wejd\u017a i kup ksi\u0105\u017ck\u0119 Cairo Eternal autorstwa Mai Eldib wydan\u0105 przez Assouline (2023-03-01) w formacie 25 x 33 cm (ISBN: 9781649801968). Zapraszamy!\" \/>\n<meta property=\"og:url\" content=\"https:\/\/foliobooks.pl\/en\/shop\/cairo-eternal\/\" \/>\n<meta property=\"og:site_name\" content=\"Folio\" \/>\n<meta property=\"article:modified_time\" content=\"2026-02-18T15:21:49+00:00\" \/>\n<meta property=\"og:image\" content=\"https:\/\/foliobooks.pl\/wp-content\/uploads\/2023\/08\/cover.png\" \/>\n\t<meta property=\"og:image:width\" content=\"570\" \/>\n\t<meta property=\"og:image:height\" content=\"708\" \/>\n\t<meta property=\"og:image:type\" content=\"image\/png\" \/>\n<meta name=\"twitter:card\" content=\"summary_large_image\" \/>\n<meta name=\"twitter:label1\" content=\"Est. reading time\" \/>\n\t<meta name=\"twitter:data1\" content=\"1 minute\" \/>\n<script type=\"application\/ld+json\" class=\"yoast-schema-graph\">{\"@context\":\"https:\\\/\\\/schema.org\",\"@graph\":[{\"@type\":\"WebPage\",\"@id\":\"https:\\\/\\\/foliobooks.pl\\\/en\\\/shop\\\/cairo-eternal\\\/\",\"url\":\"https:\\\/\\\/foliobooks.pl\\\/en\\\/shop\\\/cairo-eternal\\\/\",\"name\":\"Cairo Eternal (Mai Eldib) - book \\\/ album - Folio\",\"isPartOf\":{\"@id\":\"https:\\\/\\\/foliobooks.pl\\\/en\\\/#website\"},\"primaryImageOfPage\":{\"@id\":\"https:\\\/\\\/foliobooks.pl\\\/en\\\/shop\\\/cairo-eternal\\\/#primaryimage\"},\"image\":{\"@id\":\"https:\\\/\\\/foliobooks.pl\\\/en\\\/shop\\\/cairo-eternal\\\/#primaryimage\"},\"thumbnailUrl\":\"https:\\\/\\\/foliobooks.pl\\\/wp-content\\\/uploads\\\/2023\\\/08\\\/cover.png\",\"datePublished\":\"2023-08-16T10:44:05+00:00\",\"dateModified\":\"2026-02-18T15:21:49+00:00\",\"description\":\"Wejd\u017a i kup ksi\u0105\u017ck\u0119 Cairo Eternal autorstwa Mai Eldib wydan\u0105 przez Assouline (2023-03-01) w formacie 25 x 33 cm (ISBN: 9781649801968). Zapraszamy!\",\"breadcrumb\":{\"@id\":\"https:\\\/\\\/foliobooks.pl\\\/en\\\/shop\\\/cairo-eternal\\\/#breadcrumb\"},\"inLanguage\":\"en-US\",\"potentialAction\":[{\"@type\":\"ReadAction\",\"target\":[\"https:\\\/\\\/foliobooks.pl\\\/en\\\/shop\\\/cairo-eternal\\\/\"]}]},{\"@type\":\"ImageObject\",\"inLanguage\":\"en-US\",\"@id\":\"https:\\\/\\\/foliobooks.pl\\\/en\\\/shop\\\/cairo-eternal\\\/#primaryimage\",\"url\":\"https:\\\/\\\/foliobooks.pl\\\/wp-content\\\/uploads\\\/2023\\\/08\\\/cover.png\",\"contentUrl\":\"https:\\\/\\\/foliobooks.pl\\\/wp-content\\\/uploads\\\/2023\\\/08\\\/cover.png\",\"width\":570,\"height\":708},{\"@type\":\"BreadcrumbList\",\"@id\":\"https:\\\/\\\/foliobooks.pl\\\/en\\\/shop\\\/cairo-eternal\\\/#breadcrumb\",\"itemListElement\":[{\"@type\":\"ListItem\",\"position\":1,\"name\":\"Strona g\u0142\u00f3wna\",\"item\":\"https:\\\/\\\/foliobooks.pl\\\/en\\\/\"},{\"@type\":\"ListItem\",\"position\":2,\"name\":\"Shop\",\"item\":\"https:\\\/\\\/foliobooks.pl\\\/en\\\/shop\\\/\"},{\"@type\":\"ListItem\",\"position\":3,\"name\":\"Cairo Eternal\"}]},{\"@type\":\"WebSite\",\"@id\":\"https:\\\/\\\/foliobooks.pl\\\/en\\\/#website\",\"url\":\"https:\\\/\\\/foliobooks.pl\\\/en\\\/\",\"name\":\"Folio\",\"description\":\"Ksi\u0119garnia internetowa\",\"potentialAction\":[{\"@type\":\"SearchAction\",\"target\":{\"@type\":\"EntryPoint\",\"urlTemplate\":\"https:\\\/\\\/foliobooks.pl\\\/en\\\/?s={search_term_string}\"},\"query-input\":{\"@type\":\"PropertyValueSpecification\",\"valueRequired\":true,\"valueName\":\"search_term_string\"}}],\"inLanguage\":\"en-US\"}]}<\/script>\n<!-- \/ Yoast SEO plugin. -->","yoast_head_json":{"title":"Cairo Eternal (Mai Eldib) - book \/ album - Folio","description":"Wejd\u017a i kup ksi\u0105\u017ck\u0119 Cairo Eternal autorstwa Mai Eldib wydan\u0105 przez Assouline (2023-03-01) w formacie 25 x 33 cm (ISBN: 9781649801968). Zapraszamy!","robots":{"index":"index","follow":"follow","max-snippet":"max-snippet:-1","max-image-preview":"max-image-preview:large","max-video-preview":"max-video-preview:-1"},"canonical":"https:\/\/foliobooks.pl\/en\/shop\/cairo-eternal\/","og_locale":"en_US","og_type":"article","og_title":"Cairo Eternal (Mai Eldib) - book \/ album - Folio","og_description":"Wejd\u017a i kup ksi\u0105\u017ck\u0119 Cairo Eternal autorstwa Mai Eldib wydan\u0105 przez Assouline (2023-03-01) w formacie 25 x 33 cm (ISBN: 9781649801968). Zapraszamy!","og_url":"https:\/\/foliobooks.pl\/en\/shop\/cairo-eternal\/","og_site_name":"Folio","article_modified_time":"2026-02-18T15:21:49+00:00","og_image":[{"width":570,"height":708,"url":"https:\/\/foliobooks.pl\/wp-content\/uploads\/2023\/08\/cover.png","type":"image\/png"}],"twitter_card":"summary_large_image","twitter_misc":{"Est. reading time":"1 minute"},"schema":{"@context":"https:\/\/schema.org","@graph":[{"@type":"WebPage","@id":"https:\/\/foliobooks.pl\/en\/shop\/cairo-eternal\/","url":"https:\/\/foliobooks.pl\/en\/shop\/cairo-eternal\/","name":"Cairo Eternal (Mai Eldib) - book \/ album - Folio","isPartOf":{"@id":"https:\/\/foliobooks.pl\/en\/#website"},"primaryImageOfPage":{"@id":"https:\/\/foliobooks.pl\/en\/shop\/cairo-eternal\/#primaryimage"},"image":{"@id":"https:\/\/foliobooks.pl\/en\/shop\/cairo-eternal\/#primaryimage"},"thumbnailUrl":"https:\/\/foliobooks.pl\/wp-content\/uploads\/2023\/08\/cover.png","datePublished":"2023-08-16T10:44:05+00:00","dateModified":"2026-02-18T15:21:49+00:00","description":"Wejd\u017a i kup ksi\u0105\u017ck\u0119 Cairo Eternal autorstwa Mai Eldib wydan\u0105 przez Assouline (2023-03-01) w formacie 25 x 33 cm (ISBN: 9781649801968). Zapraszamy!","breadcrumb":{"@id":"https:\/\/foliobooks.pl\/en\/shop\/cairo-eternal\/#breadcrumb"},"inLanguage":"en-US","potentialAction":[{"@type":"ReadAction","target":["https:\/\/foliobooks.pl\/en\/shop\/cairo-eternal\/"]}]},{"@type":"ImageObject","inLanguage":"en-US","@id":"https:\/\/foliobooks.pl\/en\/shop\/cairo-eternal\/#primaryimage","url":"https:\/\/foliobooks.pl\/wp-content\/uploads\/2023\/08\/cover.png","contentUrl":"https:\/\/foliobooks.pl\/wp-content\/uploads\/2023\/08\/cover.png","width":570,"height":708},{"@type":"BreadcrumbList","@id":"https:\/\/foliobooks.pl\/en\/shop\/cairo-eternal\/#breadcrumb","itemListElement":[{"@type":"ListItem","position":1,"name":"Strona g\u0142\u00f3wna","item":"https:\/\/foliobooks.pl\/en\/"},{"@type":"ListItem","position":2,"name":"Shop","item":"https:\/\/foliobooks.pl\/en\/shop\/"},{"@type":"ListItem","position":3,"name":"Cairo Eternal"}]},{"@type":"WebSite","@id":"https:\/\/foliobooks.pl\/en\/#website","url":"https:\/\/foliobooks.pl\/en\/","name":"Folio","description":"Ksi\u0119garnia internetowa","potentialAction":[{"@type":"SearchAction","target":{"@type":"EntryPoint","urlTemplate":"https:\/\/foliobooks.pl\/en\/?s={search_term_string}"},"query-input":{"@type":"PropertyValueSpecification","valueRequired":true,"valueName":"search_term_string"}}],"inLanguage":"en-US"}]}},"_links":{"self":[{"href":"https:\/\/foliobooks.pl\/en\/wp-json\/wp\/v2\/product\/91237","targetHints":{"allow":["GET"]}}],"collection":[{"href":"https:\/\/foliobooks.pl\/en\/wp-json\/wp\/v2\/product"}],"about":[{"href":"https:\/\/foliobooks.pl\/en\/wp-json\/wp\/v2\/types\/product"}],"replies":[{"embeddable":true,"href":"https:\/\/foliobooks.pl\/en\/wp-json\/wp\/v2\/comments?post=91237"}],"wp:featuredmedia":[{"embeddable":true,"href":"https:\/\/foliobooks.pl\/en\/wp-json\/wp\/v2\/media\/91223"}],"wp:attachment":[{"href":"https:\/\/foliobooks.pl\/en\/wp-json\/wp\/v2\/media?parent=91237"}],"wp:term":[{"taxonomy":"product_brand","embeddable":true,"href":"https:\/\/foliobooks.pl\/en\/wp-json\/wp\/v2\/product_brand?post=91237"},{"taxonomy":"product_cat","embeddable":true,"href":"https:\/\/foliobooks.pl\/en\/wp-json\/wp\/v2\/product_cat?post=91237"},{"taxonomy":"product_tag","embeddable":true,"href":"https:\/\/foliobooks.pl\/en\/wp-json\/wp\/v2\/product_tag?post=91237"}],"curies":[{"name":"wp","href":"https:\/\/api.w.org\/{rel}","templated":true}]}}