{"id":91219,"date":"2023-08-16T12:07:12","date_gmt":"2023-08-16T10:07:12","guid":{"rendered":"https:\/\/foliobooks.pl\/sklep\/lake-como-idyll\/"},"modified":"2026-04-09T17:10:46","modified_gmt":"2026-04-09T15:10:46","slug":"lake-como-idyll","status":"publish","type":"product","link":"https:\/\/foliobooks.pl\/en\/shop\/lake-como-idyll\/","title":{"rendered":"Lake Como Idyll"},"content":{"rendered":"<p>Discover the allure of Lake Como, Italy&#8217;s stunning vacation destination nestled in the Alps. With picturesque towns lining its shores, including the charming Bellagio where the lake&#8217;s two arms meet, Lake Como offers a mystical old-fashioned feel. Experience the beauty of Villa d&#8217;Este, Passalacqua, and Villa del Balbianello with their lush gardens and fragrant greenery. Enjoy scenic walks, lazy lakeside days, and luxurious boat rides across the sparkling water.<\/p>\n","protected":false},"excerpt":{"rendered":"<p>Discover the allure of Lake Como, Italy&#8217;s stunning vacation destination nestled in the Alps. With picturesque towns lining its shores, including the charming Bellagio where the lake&#8217;s two arms meet, Lake Como offers a mystical old-fashioned feel. Experience the beauty of Villa d&#8217;Este, Passalacqua, and Villa del Balbianello with their lush gardens and fragrant greenery&#8230;.<\/p>\n","protected":false},"featured_media":91204,"comment_status":"closed","ping_status":"closed","template":"","meta":[],"product_brand":[],"product_cat":[13533,4517],"product_tag":[11524,6121,516,156],"class_list":{"0":"post-91219","1":"product","2":"type-product","3":"status-publish","4":"has-post-thumbnail","6":"product_cat-books","7":"product_cat-photography-en","8":"product_tag-italy-en","9":"product_tag-photography","10":"product_tag-places-en","11":"product_tag-travel","12":"pa_author_att-massimo-nava-en","13":"pa_cover-hardcover","14":"pa_format-25-x-33-cm-en","15":"pa_isbn-9781649802019-en","16":"pa_language-eng","17":"pa_pages-296-en","18":"pa_published-2023-06-01-en","19":"pa_publisher-assouline-en","21":"first","22":"instock","23":"sale","24":"sold-individually","25":"shipping-taxable","26":"purchasable","27":"product-type-simple"},"yoast_head":"<!-- This site is optimized with the Yoast SEO plugin v27.4 - https:\/\/yoast.com\/product\/yoast-seo-wordpress\/ -->\n<title>Lake Como Idyll (Massimo Nava) - book \/ album - Folio<\/title>\n<meta name=\"description\" content=\"Wejd\u017a i kup ksi\u0105\u017ck\u0119 Lake Como Idyll autorstwa Massimo Nava wydan\u0105 przez Assouline (2023-06-01) w formacie 25 x 33 cm (ISBN: 9781649802019). Zapraszamy!\" \/>\n<meta name=\"robots\" content=\"index, follow, max-snippet:-1, max-image-preview:large, max-video-preview:-1\" \/>\n<link rel=\"canonical\" href=\"https:\/\/foliobooks.pl\/en\/shop\/lake-como-idyll\/\" \/>\n<meta property=\"og:locale\" content=\"en_US\" \/>\n<meta property=\"og:type\" content=\"article\" \/>\n<meta property=\"og:title\" content=\"Lake Como Idyll (Massimo Nava) - book \/ album - Folio\" \/>\n<meta property=\"og:description\" content=\"Wejd\u017a i kup ksi\u0105\u017ck\u0119 Lake Como Idyll autorstwa Massimo Nava wydan\u0105 przez Assouline (2023-06-01) w formacie 25 x 33 cm (ISBN: 9781649802019). Zapraszamy!\" \/>\n<meta property=\"og:url\" content=\"https:\/\/foliobooks.pl\/en\/shop\/lake-como-idyll\/\" \/>\n<meta property=\"og:site_name\" content=\"Folio\" \/>\n<meta property=\"article:modified_time\" content=\"2026-04-09T15:10:46+00:00\" \/>\n<meta property=\"og:image\" content=\"https:\/\/foliobooks.pl\/wp-content\/uploads\/2023\/08\/9781649802019.png\" \/>\n\t<meta property=\"og:image:width\" content=\"570\" \/>\n\t<meta property=\"og:image:height\" content=\"708\" \/>\n\t<meta property=\"og:image:type\" content=\"image\/png\" \/>\n<meta name=\"twitter:card\" content=\"summary_large_image\" \/>\n<meta name=\"twitter:label1\" content=\"Est. reading time\" \/>\n\t<meta name=\"twitter:data1\" content=\"1 minute\" \/>\n<script type=\"application\/ld+json\" class=\"yoast-schema-graph\">{\"@context\":\"https:\\\/\\\/schema.org\",\"@graph\":[{\"@type\":\"WebPage\",\"@id\":\"https:\\\/\\\/foliobooks.pl\\\/en\\\/shop\\\/lake-como-idyll\\\/\",\"url\":\"https:\\\/\\\/foliobooks.pl\\\/en\\\/shop\\\/lake-como-idyll\\\/\",\"name\":\"Lake Como Idyll (Massimo Nava) - book \\\/ album - Folio\",\"isPartOf\":{\"@id\":\"https:\\\/\\\/foliobooks.pl\\\/en\\\/#website\"},\"primaryImageOfPage\":{\"@id\":\"https:\\\/\\\/foliobooks.pl\\\/en\\\/shop\\\/lake-como-idyll\\\/#primaryimage\"},\"image\":{\"@id\":\"https:\\\/\\\/foliobooks.pl\\\/en\\\/shop\\\/lake-como-idyll\\\/#primaryimage\"},\"thumbnailUrl\":\"https:\\\/\\\/foliobooks.pl\\\/wp-content\\\/uploads\\\/2023\\\/08\\\/9781649802019.png\",\"datePublished\":\"2023-08-16T10:07:12+00:00\",\"dateModified\":\"2026-04-09T15:10:46+00:00\",\"description\":\"Wejd\u017a i kup ksi\u0105\u017ck\u0119 Lake Como Idyll autorstwa Massimo Nava wydan\u0105 przez Assouline (2023-06-01) w formacie 25 x 33 cm (ISBN: 9781649802019). Zapraszamy!\",\"breadcrumb\":{\"@id\":\"https:\\\/\\\/foliobooks.pl\\\/en\\\/shop\\\/lake-como-idyll\\\/#breadcrumb\"},\"inLanguage\":\"en-US\",\"potentialAction\":[{\"@type\":\"ReadAction\",\"target\":[\"https:\\\/\\\/foliobooks.pl\\\/en\\\/shop\\\/lake-como-idyll\\\/\"]}]},{\"@type\":\"ImageObject\",\"inLanguage\":\"en-US\",\"@id\":\"https:\\\/\\\/foliobooks.pl\\\/en\\\/shop\\\/lake-como-idyll\\\/#primaryimage\",\"url\":\"https:\\\/\\\/foliobooks.pl\\\/wp-content\\\/uploads\\\/2023\\\/08\\\/9781649802019.png\",\"contentUrl\":\"https:\\\/\\\/foliobooks.pl\\\/wp-content\\\/uploads\\\/2023\\\/08\\\/9781649802019.png\",\"width\":570,\"height\":708},{\"@type\":\"BreadcrumbList\",\"@id\":\"https:\\\/\\\/foliobooks.pl\\\/en\\\/shop\\\/lake-como-idyll\\\/#breadcrumb\",\"itemListElement\":[{\"@type\":\"ListItem\",\"position\":1,\"name\":\"Strona g\u0142\u00f3wna\",\"item\":\"https:\\\/\\\/foliobooks.pl\\\/en\\\/\"},{\"@type\":\"ListItem\",\"position\":2,\"name\":\"Shop\",\"item\":\"https:\\\/\\\/foliobooks.pl\\\/en\\\/shop\\\/\"},{\"@type\":\"ListItem\",\"position\":3,\"name\":\"Lake Como Idyll\"}]},{\"@type\":\"WebSite\",\"@id\":\"https:\\\/\\\/foliobooks.pl\\\/en\\\/#website\",\"url\":\"https:\\\/\\\/foliobooks.pl\\\/en\\\/\",\"name\":\"Folio\",\"description\":\"Ksi\u0119garnia internetowa\",\"potentialAction\":[{\"@type\":\"SearchAction\",\"target\":{\"@type\":\"EntryPoint\",\"urlTemplate\":\"https:\\\/\\\/foliobooks.pl\\\/en\\\/?s={search_term_string}\"},\"query-input\":{\"@type\":\"PropertyValueSpecification\",\"valueRequired\":true,\"valueName\":\"search_term_string\"}}],\"inLanguage\":\"en-US\"}]}<\/script>\n<!-- \/ Yoast SEO plugin. -->","yoast_head_json":{"title":"Lake Como Idyll (Massimo Nava) - book \/ album - Folio","description":"Wejd\u017a i kup ksi\u0105\u017ck\u0119 Lake Como Idyll autorstwa Massimo Nava wydan\u0105 przez Assouline (2023-06-01) w formacie 25 x 33 cm (ISBN: 9781649802019). Zapraszamy!","robots":{"index":"index","follow":"follow","max-snippet":"max-snippet:-1","max-image-preview":"max-image-preview:large","max-video-preview":"max-video-preview:-1"},"canonical":"https:\/\/foliobooks.pl\/en\/shop\/lake-como-idyll\/","og_locale":"en_US","og_type":"article","og_title":"Lake Como Idyll (Massimo Nava) - book \/ album - Folio","og_description":"Wejd\u017a i kup ksi\u0105\u017ck\u0119 Lake Como Idyll autorstwa Massimo Nava wydan\u0105 przez Assouline (2023-06-01) w formacie 25 x 33 cm (ISBN: 9781649802019). Zapraszamy!","og_url":"https:\/\/foliobooks.pl\/en\/shop\/lake-como-idyll\/","og_site_name":"Folio","article_modified_time":"2026-04-09T15:10:46+00:00","og_image":[{"width":570,"height":708,"url":"https:\/\/foliobooks.pl\/wp-content\/uploads\/2023\/08\/9781649802019.png","type":"image\/png"}],"twitter_card":"summary_large_image","twitter_misc":{"Est. reading time":"1 minute"},"schema":{"@context":"https:\/\/schema.org","@graph":[{"@type":"WebPage","@id":"https:\/\/foliobooks.pl\/en\/shop\/lake-como-idyll\/","url":"https:\/\/foliobooks.pl\/en\/shop\/lake-como-idyll\/","name":"Lake Como Idyll (Massimo Nava) - book \/ album - Folio","isPartOf":{"@id":"https:\/\/foliobooks.pl\/en\/#website"},"primaryImageOfPage":{"@id":"https:\/\/foliobooks.pl\/en\/shop\/lake-como-idyll\/#primaryimage"},"image":{"@id":"https:\/\/foliobooks.pl\/en\/shop\/lake-como-idyll\/#primaryimage"},"thumbnailUrl":"https:\/\/foliobooks.pl\/wp-content\/uploads\/2023\/08\/9781649802019.png","datePublished":"2023-08-16T10:07:12+00:00","dateModified":"2026-04-09T15:10:46+00:00","description":"Wejd\u017a i kup ksi\u0105\u017ck\u0119 Lake Como Idyll autorstwa Massimo Nava wydan\u0105 przez Assouline (2023-06-01) w formacie 25 x 33 cm (ISBN: 9781649802019). Zapraszamy!","breadcrumb":{"@id":"https:\/\/foliobooks.pl\/en\/shop\/lake-como-idyll\/#breadcrumb"},"inLanguage":"en-US","potentialAction":[{"@type":"ReadAction","target":["https:\/\/foliobooks.pl\/en\/shop\/lake-como-idyll\/"]}]},{"@type":"ImageObject","inLanguage":"en-US","@id":"https:\/\/foliobooks.pl\/en\/shop\/lake-como-idyll\/#primaryimage","url":"https:\/\/foliobooks.pl\/wp-content\/uploads\/2023\/08\/9781649802019.png","contentUrl":"https:\/\/foliobooks.pl\/wp-content\/uploads\/2023\/08\/9781649802019.png","width":570,"height":708},{"@type":"BreadcrumbList","@id":"https:\/\/foliobooks.pl\/en\/shop\/lake-como-idyll\/#breadcrumb","itemListElement":[{"@type":"ListItem","position":1,"name":"Strona g\u0142\u00f3wna","item":"https:\/\/foliobooks.pl\/en\/"},{"@type":"ListItem","position":2,"name":"Shop","item":"https:\/\/foliobooks.pl\/en\/shop\/"},{"@type":"ListItem","position":3,"name":"Lake Como Idyll"}]},{"@type":"WebSite","@id":"https:\/\/foliobooks.pl\/en\/#website","url":"https:\/\/foliobooks.pl\/en\/","name":"Folio","description":"Ksi\u0119garnia internetowa","potentialAction":[{"@type":"SearchAction","target":{"@type":"EntryPoint","urlTemplate":"https:\/\/foliobooks.pl\/en\/?s={search_term_string}"},"query-input":{"@type":"PropertyValueSpecification","valueRequired":true,"valueName":"search_term_string"}}],"inLanguage":"en-US"}]}},"_links":{"self":[{"href":"https:\/\/foliobooks.pl\/en\/wp-json\/wp\/v2\/product\/91219","targetHints":{"allow":["GET"]}}],"collection":[{"href":"https:\/\/foliobooks.pl\/en\/wp-json\/wp\/v2\/product"}],"about":[{"href":"https:\/\/foliobooks.pl\/en\/wp-json\/wp\/v2\/types\/product"}],"replies":[{"embeddable":true,"href":"https:\/\/foliobooks.pl\/en\/wp-json\/wp\/v2\/comments?post=91219"}],"wp:featuredmedia":[{"embeddable":true,"href":"https:\/\/foliobooks.pl\/en\/wp-json\/wp\/v2\/media\/91204"}],"wp:attachment":[{"href":"https:\/\/foliobooks.pl\/en\/wp-json\/wp\/v2\/media?parent=91219"}],"wp:term":[{"taxonomy":"product_brand","embeddable":true,"href":"https:\/\/foliobooks.pl\/en\/wp-json\/wp\/v2\/product_brand?post=91219"},{"taxonomy":"product_cat","embeddable":true,"href":"https:\/\/foliobooks.pl\/en\/wp-json\/wp\/v2\/product_cat?post=91219"},{"taxonomy":"product_tag","embeddable":true,"href":"https:\/\/foliobooks.pl\/en\/wp-json\/wp\/v2\/product_tag?post=91219"}],"curies":[{"name":"wp","href":"https:\/\/api.w.org\/{rel}","templated":true}]}}