{"id":91159,"date":"2023-08-14T17:41:09","date_gmt":"2023-08-14T15:41:09","guid":{"rendered":"https:\/\/foliobooks.pl\/sklep\/tennis-the-ultimate-book\/"},"modified":"2025-07-01T18:24:35","modified_gmt":"2025-07-01T16:24:35","slug":"tennis-the-ultimate-book","status":"publish","type":"product","link":"https:\/\/foliobooks.pl\/en\/shop\/tennis-the-ultimate-book\/","title":{"rendered":"Tennis &#8211; The Ultimate Book"},"content":{"rendered":"<p>Formerly reserved for the elite, tennis has become a popular popular sport over the years. And even if you don&#8217;t play yourself, the tennis lifestyle exerts a certain fascination. It&#8217;s not uncommon at Grand Slams like Wimbledon to find it more interesting who&#8217;s watching from the stands than who&#8217;s down on the court. But famous tennis personalities also provide topics of conversation, just remember the infamous outbursts of John McEnroe.<\/p>\n<p><iframe loading=\"lazy\" title=\"Tennis: The Ultimate Book - teNeues\" width=\"640\" height=\"360\" src=\"https:\/\/www.youtube.com\/embed\/BBImfYVmOSw?feature=oembed\" frameborder=\"0\" allow=\"accelerometer; autoplay; clipboard-write; encrypted-media; gyroscope; picture-in-picture; web-share\" referrerpolicy=\"strict-origin-when-cross-origin\" allowfullscreen><\/iframe><\/p>\n<p>&#8220;Tennis &#8211; The Ultimate Book&#8221; is dedicated to the stories on and off the court, it explains the history of the sport, shows the most important courts and tournaments, the most exciting competitions and legendary athletes. Tennis fashion and equipment are also covered, and who knows, maybe after reading this entertaining tennis compendium you will feel the need to pick up a racket.<\/p>\n","protected":false},"excerpt":{"rendered":"<p>Formerly reserved for the elite, tennis has become a popular popular sport over the years. And even if you don&#8217;t play yourself, the tennis lifestyle exerts a certain fascination. It&#8217;s not uncommon at Grand Slams like Wimbledon to find it more interesting who&#8217;s watching from the stands than who&#8217;s down on the court. But famous&#8230;<\/p>\n","protected":false},"featured_media":91146,"comment_status":"closed","ping_status":"closed","template":"","meta":[],"product_brand":[],"product_cat":[13533,4517],"product_tag":[1681,1488],"class_list":{"0":"post-91159","1":"product","2":"type-product","3":"status-publish","4":"has-post-thumbnail","6":"product_cat-books","7":"product_cat-photography-en","8":"product_tag-history","9":"product_tag-sport-en","10":"pa_author_att-stefan-maiwald-en","11":"pa_cover-hardcover","12":"pa_format-245-x-314-cm-en","13":"pa_isbn-9783961714438-en","14":"pa_language-eng","15":"pa_pages-224-2-en","16":"pa_published-2023-04-15-en","17":"pa_publisher-teneues-en","19":"first","20":"outofstock","21":"sold-individually","22":"shipping-taxable","23":"purchasable","24":"product-type-simple"},"yoast_head":"<!-- This site is optimized with the Yoast SEO plugin v27.4 - https:\/\/yoast.com\/product\/yoast-seo-wordpress\/ -->\n<title>Tennis - The Ultimate Book (Stefan Maiwald) - book \/ album - Folio<\/title>\n<meta name=\"description\" content=\"Wejd\u017a i kup ksi\u0105\u017ck\u0119 Tennis - The Ultimate Book autorstwa Stefan Maiwald wydan\u0105 przez teNeues (2023-04-15) w formacie 24,5 x 31,4 cm (ISBN: 9783961714438). Zapraszamy!\" \/>\n<meta name=\"robots\" content=\"index, follow, max-snippet:-1, max-image-preview:large, max-video-preview:-1\" \/>\n<link rel=\"canonical\" href=\"https:\/\/foliobooks.pl\/en\/shop\/tennis-the-ultimate-book\/\" \/>\n<meta property=\"og:locale\" content=\"en_US\" \/>\n<meta property=\"og:type\" content=\"article\" \/>\n<meta property=\"og:title\" content=\"Tennis - The Ultimate Book (Stefan Maiwald) - book \/ album - Folio\" \/>\n<meta property=\"og:description\" content=\"Wejd\u017a i kup ksi\u0105\u017ck\u0119 Tennis - The Ultimate Book autorstwa Stefan Maiwald wydan\u0105 przez teNeues (2023-04-15) w formacie 24,5 x 31,4 cm (ISBN: 9783961714438). Zapraszamy!\" \/>\n<meta property=\"og:url\" content=\"https:\/\/foliobooks.pl\/en\/shop\/tennis-the-ultimate-book\/\" \/>\n<meta property=\"og:site_name\" content=\"Folio\" \/>\n<meta property=\"article:modified_time\" content=\"2025-07-01T16:24:35+00:00\" \/>\n<meta property=\"og:image\" content=\"https:\/\/foliobooks.pl\/wp-content\/uploads\/2023\/08\/9783961714438.png\" \/>\n\t<meta property=\"og:image:width\" content=\"570\" \/>\n\t<meta property=\"og:image:height\" content=\"708\" \/>\n\t<meta property=\"og:image:type\" content=\"image\/png\" \/>\n<meta name=\"twitter:card\" content=\"summary_large_image\" \/>\n<meta name=\"twitter:label1\" content=\"Est. reading time\" \/>\n\t<meta name=\"twitter:data1\" content=\"1 minute\" \/>\n<script type=\"application\/ld+json\" class=\"yoast-schema-graph\">{\"@context\":\"https:\\\/\\\/schema.org\",\"@graph\":[{\"@type\":\"WebPage\",\"@id\":\"https:\\\/\\\/foliobooks.pl\\\/en\\\/shop\\\/tennis-the-ultimate-book\\\/\",\"url\":\"https:\\\/\\\/foliobooks.pl\\\/en\\\/shop\\\/tennis-the-ultimate-book\\\/\",\"name\":\"Tennis - The Ultimate Book (Stefan Maiwald) - book \\\/ album - Folio\",\"isPartOf\":{\"@id\":\"https:\\\/\\\/foliobooks.pl\\\/en\\\/#website\"},\"primaryImageOfPage\":{\"@id\":\"https:\\\/\\\/foliobooks.pl\\\/en\\\/shop\\\/tennis-the-ultimate-book\\\/#primaryimage\"},\"image\":{\"@id\":\"https:\\\/\\\/foliobooks.pl\\\/en\\\/shop\\\/tennis-the-ultimate-book\\\/#primaryimage\"},\"thumbnailUrl\":\"https:\\\/\\\/foliobooks.pl\\\/wp-content\\\/uploads\\\/2023\\\/08\\\/9783961714438.png\",\"datePublished\":\"2023-08-14T15:41:09+00:00\",\"dateModified\":\"2025-07-01T16:24:35+00:00\",\"description\":\"Wejd\u017a i kup ksi\u0105\u017ck\u0119 Tennis - The Ultimate Book autorstwa Stefan Maiwald wydan\u0105 przez teNeues (2023-04-15) w formacie 24,5 x 31,4 cm (ISBN: 9783961714438). Zapraszamy!\",\"breadcrumb\":{\"@id\":\"https:\\\/\\\/foliobooks.pl\\\/en\\\/shop\\\/tennis-the-ultimate-book\\\/#breadcrumb\"},\"inLanguage\":\"en-US\",\"potentialAction\":[{\"@type\":\"ReadAction\",\"target\":[\"https:\\\/\\\/foliobooks.pl\\\/en\\\/shop\\\/tennis-the-ultimate-book\\\/\"]}]},{\"@type\":\"ImageObject\",\"inLanguage\":\"en-US\",\"@id\":\"https:\\\/\\\/foliobooks.pl\\\/en\\\/shop\\\/tennis-the-ultimate-book\\\/#primaryimage\",\"url\":\"https:\\\/\\\/foliobooks.pl\\\/wp-content\\\/uploads\\\/2023\\\/08\\\/9783961714438.png\",\"contentUrl\":\"https:\\\/\\\/foliobooks.pl\\\/wp-content\\\/uploads\\\/2023\\\/08\\\/9783961714438.png\",\"width\":570,\"height\":708},{\"@type\":\"BreadcrumbList\",\"@id\":\"https:\\\/\\\/foliobooks.pl\\\/en\\\/shop\\\/tennis-the-ultimate-book\\\/#breadcrumb\",\"itemListElement\":[{\"@type\":\"ListItem\",\"position\":1,\"name\":\"Strona g\u0142\u00f3wna\",\"item\":\"https:\\\/\\\/foliobooks.pl\\\/en\\\/\"},{\"@type\":\"ListItem\",\"position\":2,\"name\":\"Shop\",\"item\":\"https:\\\/\\\/foliobooks.pl\\\/en\\\/shop\\\/\"},{\"@type\":\"ListItem\",\"position\":3,\"name\":\"Tennis &#8211; The Ultimate Book\"}]},{\"@type\":\"WebSite\",\"@id\":\"https:\\\/\\\/foliobooks.pl\\\/en\\\/#website\",\"url\":\"https:\\\/\\\/foliobooks.pl\\\/en\\\/\",\"name\":\"Folio\",\"description\":\"Ksi\u0119garnia internetowa\",\"potentialAction\":[{\"@type\":\"SearchAction\",\"target\":{\"@type\":\"EntryPoint\",\"urlTemplate\":\"https:\\\/\\\/foliobooks.pl\\\/en\\\/?s={search_term_string}\"},\"query-input\":{\"@type\":\"PropertyValueSpecification\",\"valueRequired\":true,\"valueName\":\"search_term_string\"}}],\"inLanguage\":\"en-US\"}]}<\/script>\n<!-- \/ Yoast SEO plugin. -->","yoast_head_json":{"title":"Tennis - The Ultimate Book (Stefan Maiwald) - book \/ album - Folio","description":"Wejd\u017a i kup ksi\u0105\u017ck\u0119 Tennis - The Ultimate Book autorstwa Stefan Maiwald wydan\u0105 przez teNeues (2023-04-15) w formacie 24,5 x 31,4 cm (ISBN: 9783961714438). Zapraszamy!","robots":{"index":"index","follow":"follow","max-snippet":"max-snippet:-1","max-image-preview":"max-image-preview:large","max-video-preview":"max-video-preview:-1"},"canonical":"https:\/\/foliobooks.pl\/en\/shop\/tennis-the-ultimate-book\/","og_locale":"en_US","og_type":"article","og_title":"Tennis - The Ultimate Book (Stefan Maiwald) - book \/ album - Folio","og_description":"Wejd\u017a i kup ksi\u0105\u017ck\u0119 Tennis - The Ultimate Book autorstwa Stefan Maiwald wydan\u0105 przez teNeues (2023-04-15) w formacie 24,5 x 31,4 cm (ISBN: 9783961714438). Zapraszamy!","og_url":"https:\/\/foliobooks.pl\/en\/shop\/tennis-the-ultimate-book\/","og_site_name":"Folio","article_modified_time":"2025-07-01T16:24:35+00:00","og_image":[{"width":570,"height":708,"url":"https:\/\/foliobooks.pl\/wp-content\/uploads\/2023\/08\/9783961714438.png","type":"image\/png"}],"twitter_card":"summary_large_image","twitter_misc":{"Est. reading time":"1 minute"},"schema":{"@context":"https:\/\/schema.org","@graph":[{"@type":"WebPage","@id":"https:\/\/foliobooks.pl\/en\/shop\/tennis-the-ultimate-book\/","url":"https:\/\/foliobooks.pl\/en\/shop\/tennis-the-ultimate-book\/","name":"Tennis - The Ultimate Book (Stefan Maiwald) - book \/ album - Folio","isPartOf":{"@id":"https:\/\/foliobooks.pl\/en\/#website"},"primaryImageOfPage":{"@id":"https:\/\/foliobooks.pl\/en\/shop\/tennis-the-ultimate-book\/#primaryimage"},"image":{"@id":"https:\/\/foliobooks.pl\/en\/shop\/tennis-the-ultimate-book\/#primaryimage"},"thumbnailUrl":"https:\/\/foliobooks.pl\/wp-content\/uploads\/2023\/08\/9783961714438.png","datePublished":"2023-08-14T15:41:09+00:00","dateModified":"2025-07-01T16:24:35+00:00","description":"Wejd\u017a i kup ksi\u0105\u017ck\u0119 Tennis - The Ultimate Book autorstwa Stefan Maiwald wydan\u0105 przez teNeues (2023-04-15) w formacie 24,5 x 31,4 cm (ISBN: 9783961714438). Zapraszamy!","breadcrumb":{"@id":"https:\/\/foliobooks.pl\/en\/shop\/tennis-the-ultimate-book\/#breadcrumb"},"inLanguage":"en-US","potentialAction":[{"@type":"ReadAction","target":["https:\/\/foliobooks.pl\/en\/shop\/tennis-the-ultimate-book\/"]}]},{"@type":"ImageObject","inLanguage":"en-US","@id":"https:\/\/foliobooks.pl\/en\/shop\/tennis-the-ultimate-book\/#primaryimage","url":"https:\/\/foliobooks.pl\/wp-content\/uploads\/2023\/08\/9783961714438.png","contentUrl":"https:\/\/foliobooks.pl\/wp-content\/uploads\/2023\/08\/9783961714438.png","width":570,"height":708},{"@type":"BreadcrumbList","@id":"https:\/\/foliobooks.pl\/en\/shop\/tennis-the-ultimate-book\/#breadcrumb","itemListElement":[{"@type":"ListItem","position":1,"name":"Strona g\u0142\u00f3wna","item":"https:\/\/foliobooks.pl\/en\/"},{"@type":"ListItem","position":2,"name":"Shop","item":"https:\/\/foliobooks.pl\/en\/shop\/"},{"@type":"ListItem","position":3,"name":"Tennis &#8211; The Ultimate Book"}]},{"@type":"WebSite","@id":"https:\/\/foliobooks.pl\/en\/#website","url":"https:\/\/foliobooks.pl\/en\/","name":"Folio","description":"Ksi\u0119garnia internetowa","potentialAction":[{"@type":"SearchAction","target":{"@type":"EntryPoint","urlTemplate":"https:\/\/foliobooks.pl\/en\/?s={search_term_string}"},"query-input":{"@type":"PropertyValueSpecification","valueRequired":true,"valueName":"search_term_string"}}],"inLanguage":"en-US"}]}},"_links":{"self":[{"href":"https:\/\/foliobooks.pl\/en\/wp-json\/wp\/v2\/product\/91159","targetHints":{"allow":["GET"]}}],"collection":[{"href":"https:\/\/foliobooks.pl\/en\/wp-json\/wp\/v2\/product"}],"about":[{"href":"https:\/\/foliobooks.pl\/en\/wp-json\/wp\/v2\/types\/product"}],"replies":[{"embeddable":true,"href":"https:\/\/foliobooks.pl\/en\/wp-json\/wp\/v2\/comments?post=91159"}],"wp:featuredmedia":[{"embeddable":true,"href":"https:\/\/foliobooks.pl\/en\/wp-json\/wp\/v2\/media\/91146"}],"wp:attachment":[{"href":"https:\/\/foliobooks.pl\/en\/wp-json\/wp\/v2\/media?parent=91159"}],"wp:term":[{"taxonomy":"product_brand","embeddable":true,"href":"https:\/\/foliobooks.pl\/en\/wp-json\/wp\/v2\/product_brand?post=91159"},{"taxonomy":"product_cat","embeddable":true,"href":"https:\/\/foliobooks.pl\/en\/wp-json\/wp\/v2\/product_cat?post=91159"},{"taxonomy":"product_tag","embeddable":true,"href":"https:\/\/foliobooks.pl\/en\/wp-json\/wp\/v2\/product_tag?post=91159"}],"curies":[{"name":"wp","href":"https:\/\/api.w.org\/{rel}","templated":true}]}}