{"id":91110,"date":"2023-08-13T14:22:32","date_gmt":"2023-08-13T12:22:32","guid":{"rendered":"https:\/\/foliobooks.pl\/sklep\/bauhaus-style\/"},"modified":"2026-02-18T15:12:24","modified_gmt":"2026-02-18T14:12:24","slug":"bauhaus-style","status":"publish","type":"product","link":"https:\/\/foliobooks.pl\/en\/shop\/bauhaus-style\/","title":{"rendered":"Bauhaus Style"},"content":{"rendered":"<p>Discover the fascinating world of the Bauhaus, the most influential art school of the twentieth century, and its lasting impact on modern culture. From architecture and art to design, fashion, film, and photography, the Bauhaus revolutionized interdisciplinary practices and inspired generations of artists worldwide. This community of like-minded individuals generated an enormous concentration of artistic energy and continues to shape the modern aesthetic we know today.<\/p>\n<p>Assouline&#8217;s Style series celebrates the iconic art movements and design styles that have shaped our world. This volume, curated by respected curator Mateo Kries of the Vitra Design Museum, showcases impactful images of architecture, art, objects, graphic design, and fashion from the past 100 years, revealing the enduring modernity of Bauhaus Style. With insightful text, this book offers new perspectives and surprising insights, providing inspiration for designers of interiors, furniture, consumer products, fashion, and architecture. Experience the power of the Bauhaus and its societal critique, and discover why it remains as relevant today as it did in its revolutionary beginnings.<\/p>\n","protected":false},"excerpt":{"rendered":"<p>Discover the fascinating world of the Bauhaus, the most influential art school of the twentieth century, and its lasting impact on modern culture. From architecture and art to design, fashion, film, and photography, the Bauhaus revolutionized interdisciplinary practices and inspired generations of artists worldwide. This community of like-minded individuals generated an enormous concentration of artistic&#8230;<\/p>\n","protected":false},"featured_media":91095,"comment_status":"closed","ping_status":"closed","template":"","meta":[],"product_brand":[],"product_cat":[4522,13533],"product_tag":[9083,159],"class_list":{"0":"post-91110","1":"product","2":"type-product","3":"status-publish","4":"has-post-thumbnail","6":"product_cat-art-en","7":"product_cat-books","8":"product_tag-art-en","9":"product_tag-art-movements-en","10":"pa_author_att-mateo-kries-en","11":"pa_cover-hardcover","12":"pa_format-33-x-25-cm-en","13":"pa_isbn-9781649802026-en","14":"pa_language-eng","15":"pa_pages-288-2-en","16":"pa_published-2023-05-02-en","17":"pa_publisher-assouline-en","19":"first","20":"instock","21":"sale","22":"sold-individually","23":"shipping-taxable","24":"purchasable","25":"product-type-simple"},"yoast_head":"<!-- This site is optimized with the Yoast SEO plugin v27.4 - https:\/\/yoast.com\/product\/yoast-seo-wordpress\/ -->\n<title>Bauhaus Style (Mateo Kries) - book \/ album - Folio<\/title>\n<meta name=\"description\" content=\"Wejd\u017a i kup ksi\u0105\u017ck\u0119 Bauhaus Style autorstwa Mateo Kries wydan\u0105 przez Assouline (2023-05-02) w formacie 33 x 25 cm (ISBN: 9781649802026). Zapraszamy!\" \/>\n<meta name=\"robots\" content=\"index, follow, max-snippet:-1, max-image-preview:large, max-video-preview:-1\" \/>\n<link rel=\"canonical\" href=\"https:\/\/foliobooks.pl\/en\/shop\/bauhaus-style\/\" \/>\n<meta property=\"og:locale\" content=\"en_US\" \/>\n<meta property=\"og:type\" content=\"article\" \/>\n<meta property=\"og:title\" content=\"Bauhaus Style (Mateo Kries) - book \/ album - Folio\" \/>\n<meta property=\"og:description\" content=\"Wejd\u017a i kup ksi\u0105\u017ck\u0119 Bauhaus Style autorstwa Mateo Kries wydan\u0105 przez Assouline (2023-05-02) w formacie 33 x 25 cm (ISBN: 9781649802026). Zapraszamy!\" \/>\n<meta property=\"og:url\" content=\"https:\/\/foliobooks.pl\/en\/shop\/bauhaus-style\/\" \/>\n<meta property=\"og:site_name\" content=\"Folio\" \/>\n<meta property=\"article:modified_time\" content=\"2026-02-18T14:12:24+00:00\" \/>\n<meta property=\"og:image\" content=\"https:\/\/foliobooks.pl\/wp-content\/uploads\/2023\/08\/9781649802026.png\" \/>\n\t<meta property=\"og:image:width\" content=\"570\" \/>\n\t<meta property=\"og:image:height\" content=\"708\" \/>\n\t<meta property=\"og:image:type\" content=\"image\/png\" \/>\n<meta name=\"twitter:card\" content=\"summary_large_image\" \/>\n<meta name=\"twitter:label1\" content=\"Est. reading time\" \/>\n\t<meta name=\"twitter:data1\" content=\"1 minute\" \/>\n<script type=\"application\/ld+json\" class=\"yoast-schema-graph\">{\"@context\":\"https:\\\/\\\/schema.org\",\"@graph\":[{\"@type\":\"WebPage\",\"@id\":\"https:\\\/\\\/foliobooks.pl\\\/en\\\/shop\\\/bauhaus-style\\\/\",\"url\":\"https:\\\/\\\/foliobooks.pl\\\/en\\\/shop\\\/bauhaus-style\\\/\",\"name\":\"Bauhaus Style (Mateo Kries) - book \\\/ album - Folio\",\"isPartOf\":{\"@id\":\"https:\\\/\\\/foliobooks.pl\\\/en\\\/#website\"},\"primaryImageOfPage\":{\"@id\":\"https:\\\/\\\/foliobooks.pl\\\/en\\\/shop\\\/bauhaus-style\\\/#primaryimage\"},\"image\":{\"@id\":\"https:\\\/\\\/foliobooks.pl\\\/en\\\/shop\\\/bauhaus-style\\\/#primaryimage\"},\"thumbnailUrl\":\"https:\\\/\\\/foliobooks.pl\\\/wp-content\\\/uploads\\\/2023\\\/08\\\/9781649802026.png\",\"datePublished\":\"2023-08-13T12:22:32+00:00\",\"dateModified\":\"2026-02-18T14:12:24+00:00\",\"description\":\"Wejd\u017a i kup ksi\u0105\u017ck\u0119 Bauhaus Style autorstwa Mateo Kries wydan\u0105 przez Assouline (2023-05-02) w formacie 33 x 25 cm (ISBN: 9781649802026). Zapraszamy!\",\"breadcrumb\":{\"@id\":\"https:\\\/\\\/foliobooks.pl\\\/en\\\/shop\\\/bauhaus-style\\\/#breadcrumb\"},\"inLanguage\":\"en-US\",\"potentialAction\":[{\"@type\":\"ReadAction\",\"target\":[\"https:\\\/\\\/foliobooks.pl\\\/en\\\/shop\\\/bauhaus-style\\\/\"]}]},{\"@type\":\"ImageObject\",\"inLanguage\":\"en-US\",\"@id\":\"https:\\\/\\\/foliobooks.pl\\\/en\\\/shop\\\/bauhaus-style\\\/#primaryimage\",\"url\":\"https:\\\/\\\/foliobooks.pl\\\/wp-content\\\/uploads\\\/2023\\\/08\\\/9781649802026.png\",\"contentUrl\":\"https:\\\/\\\/foliobooks.pl\\\/wp-content\\\/uploads\\\/2023\\\/08\\\/9781649802026.png\",\"width\":570,\"height\":708},{\"@type\":\"BreadcrumbList\",\"@id\":\"https:\\\/\\\/foliobooks.pl\\\/en\\\/shop\\\/bauhaus-style\\\/#breadcrumb\",\"itemListElement\":[{\"@type\":\"ListItem\",\"position\":1,\"name\":\"Strona g\u0142\u00f3wna\",\"item\":\"https:\\\/\\\/foliobooks.pl\\\/en\\\/\"},{\"@type\":\"ListItem\",\"position\":2,\"name\":\"Shop\",\"item\":\"https:\\\/\\\/foliobooks.pl\\\/en\\\/shop\\\/\"},{\"@type\":\"ListItem\",\"position\":3,\"name\":\"Bauhaus Style\"}]},{\"@type\":\"WebSite\",\"@id\":\"https:\\\/\\\/foliobooks.pl\\\/en\\\/#website\",\"url\":\"https:\\\/\\\/foliobooks.pl\\\/en\\\/\",\"name\":\"Folio\",\"description\":\"Ksi\u0119garnia internetowa\",\"potentialAction\":[{\"@type\":\"SearchAction\",\"target\":{\"@type\":\"EntryPoint\",\"urlTemplate\":\"https:\\\/\\\/foliobooks.pl\\\/en\\\/?s={search_term_string}\"},\"query-input\":{\"@type\":\"PropertyValueSpecification\",\"valueRequired\":true,\"valueName\":\"search_term_string\"}}],\"inLanguage\":\"en-US\"}]}<\/script>\n<!-- \/ Yoast SEO plugin. -->","yoast_head_json":{"title":"Bauhaus Style (Mateo Kries) - book \/ album - Folio","description":"Wejd\u017a i kup ksi\u0105\u017ck\u0119 Bauhaus Style autorstwa Mateo Kries wydan\u0105 przez Assouline (2023-05-02) w formacie 33 x 25 cm (ISBN: 9781649802026). Zapraszamy!","robots":{"index":"index","follow":"follow","max-snippet":"max-snippet:-1","max-image-preview":"max-image-preview:large","max-video-preview":"max-video-preview:-1"},"canonical":"https:\/\/foliobooks.pl\/en\/shop\/bauhaus-style\/","og_locale":"en_US","og_type":"article","og_title":"Bauhaus Style (Mateo Kries) - book \/ album - Folio","og_description":"Wejd\u017a i kup ksi\u0105\u017ck\u0119 Bauhaus Style autorstwa Mateo Kries wydan\u0105 przez Assouline (2023-05-02) w formacie 33 x 25 cm (ISBN: 9781649802026). Zapraszamy!","og_url":"https:\/\/foliobooks.pl\/en\/shop\/bauhaus-style\/","og_site_name":"Folio","article_modified_time":"2026-02-18T14:12:24+00:00","og_image":[{"width":570,"height":708,"url":"https:\/\/foliobooks.pl\/wp-content\/uploads\/2023\/08\/9781649802026.png","type":"image\/png"}],"twitter_card":"summary_large_image","twitter_misc":{"Est. reading time":"1 minute"},"schema":{"@context":"https:\/\/schema.org","@graph":[{"@type":"WebPage","@id":"https:\/\/foliobooks.pl\/en\/shop\/bauhaus-style\/","url":"https:\/\/foliobooks.pl\/en\/shop\/bauhaus-style\/","name":"Bauhaus Style (Mateo Kries) - book \/ album - Folio","isPartOf":{"@id":"https:\/\/foliobooks.pl\/en\/#website"},"primaryImageOfPage":{"@id":"https:\/\/foliobooks.pl\/en\/shop\/bauhaus-style\/#primaryimage"},"image":{"@id":"https:\/\/foliobooks.pl\/en\/shop\/bauhaus-style\/#primaryimage"},"thumbnailUrl":"https:\/\/foliobooks.pl\/wp-content\/uploads\/2023\/08\/9781649802026.png","datePublished":"2023-08-13T12:22:32+00:00","dateModified":"2026-02-18T14:12:24+00:00","description":"Wejd\u017a i kup ksi\u0105\u017ck\u0119 Bauhaus Style autorstwa Mateo Kries wydan\u0105 przez Assouline (2023-05-02) w formacie 33 x 25 cm (ISBN: 9781649802026). Zapraszamy!","breadcrumb":{"@id":"https:\/\/foliobooks.pl\/en\/shop\/bauhaus-style\/#breadcrumb"},"inLanguage":"en-US","potentialAction":[{"@type":"ReadAction","target":["https:\/\/foliobooks.pl\/en\/shop\/bauhaus-style\/"]}]},{"@type":"ImageObject","inLanguage":"en-US","@id":"https:\/\/foliobooks.pl\/en\/shop\/bauhaus-style\/#primaryimage","url":"https:\/\/foliobooks.pl\/wp-content\/uploads\/2023\/08\/9781649802026.png","contentUrl":"https:\/\/foliobooks.pl\/wp-content\/uploads\/2023\/08\/9781649802026.png","width":570,"height":708},{"@type":"BreadcrumbList","@id":"https:\/\/foliobooks.pl\/en\/shop\/bauhaus-style\/#breadcrumb","itemListElement":[{"@type":"ListItem","position":1,"name":"Strona g\u0142\u00f3wna","item":"https:\/\/foliobooks.pl\/en\/"},{"@type":"ListItem","position":2,"name":"Shop","item":"https:\/\/foliobooks.pl\/en\/shop\/"},{"@type":"ListItem","position":3,"name":"Bauhaus Style"}]},{"@type":"WebSite","@id":"https:\/\/foliobooks.pl\/en\/#website","url":"https:\/\/foliobooks.pl\/en\/","name":"Folio","description":"Ksi\u0119garnia internetowa","potentialAction":[{"@type":"SearchAction","target":{"@type":"EntryPoint","urlTemplate":"https:\/\/foliobooks.pl\/en\/?s={search_term_string}"},"query-input":{"@type":"PropertyValueSpecification","valueRequired":true,"valueName":"search_term_string"}}],"inLanguage":"en-US"}]}},"_links":{"self":[{"href":"https:\/\/foliobooks.pl\/en\/wp-json\/wp\/v2\/product\/91110","targetHints":{"allow":["GET"]}}],"collection":[{"href":"https:\/\/foliobooks.pl\/en\/wp-json\/wp\/v2\/product"}],"about":[{"href":"https:\/\/foliobooks.pl\/en\/wp-json\/wp\/v2\/types\/product"}],"replies":[{"embeddable":true,"href":"https:\/\/foliobooks.pl\/en\/wp-json\/wp\/v2\/comments?post=91110"}],"wp:featuredmedia":[{"embeddable":true,"href":"https:\/\/foliobooks.pl\/en\/wp-json\/wp\/v2\/media\/91095"}],"wp:attachment":[{"href":"https:\/\/foliobooks.pl\/en\/wp-json\/wp\/v2\/media?parent=91110"}],"wp:term":[{"taxonomy":"product_brand","embeddable":true,"href":"https:\/\/foliobooks.pl\/en\/wp-json\/wp\/v2\/product_brand?post=91110"},{"taxonomy":"product_cat","embeddable":true,"href":"https:\/\/foliobooks.pl\/en\/wp-json\/wp\/v2\/product_cat?post=91110"},{"taxonomy":"product_tag","embeddable":true,"href":"https:\/\/foliobooks.pl\/en\/wp-json\/wp\/v2\/product_tag?post=91110"}],"curies":[{"name":"wp","href":"https:\/\/api.w.org\/{rel}","templated":true}]}}