{"id":91092,"date":"2023-08-13T14:12:25","date_gmt":"2023-08-13T12:12:25","guid":{"rendered":"https:\/\/foliobooks.pl\/sklep\/pop-art-style\/"},"modified":"2026-02-18T15:12:44","modified_gmt":"2026-02-18T14:12:44","slug":"pop-art-style","status":"publish","type":"product","link":"https:\/\/foliobooks.pl\/en\/shop\/pop-art-style\/","title":{"rendered":"Pop Art Style"},"content":{"rendered":"<p>In the 1950s, a young man from Pittsburgh named Andy Warhol was earning a comfortable living as a commercial illustrator in New York City. But his ambitions went well beyond that; soon he was painting Coca-Cola bottles and filling a gallery with paintings of Campbell\u2019s Soup cans. He certainly wasn\u2019t the first to make a Pop work, but Warhol soon became a brand name himself, synonymous with the new art form that embodied everything youthful, subversive, bright and fresh.<\/p>\n<p>From the proto-supermodel Twiggy rocking false eyelashes and a Union Jack dress in Swinging London to Eero Aarnio\u2019s trippy, enveloping Ball chair, Pop seeped into fashion, furniture and product design so profoundly that it is hard to separate the look and vibe of the 1960s and \u201970s from the art of the era. No doubt to Warhol\u2019s giddy delight, Pop didn\u2019t just draw from pop culture, it became pop culture.<\/p>\n<p>After this first wave, the movement never really went away. Each succeeding generation of artists and designers has revived Pop\u2019s life force while also giving it new direction. Indeed, with Instagram and TikTok on ubiquitous Pop-colored iPhones, social media is to today\u2019s adherents what advertising and Hollywood were to Pop artists sixty years ago.<\/p>\n<p>Following our successful Travel series, Assouline introduces the Style series, spotlighting some of the most iconic art movements and design styles, revealing their historical impact and continuing influence on our culture today. This colorful volume brings together dynamic images from diverse eras and media to express the energy and exuberance of sixty years of Pop Art Style.<\/p>\n","protected":false},"excerpt":{"rendered":"<p>In the 1950s, a young man from Pittsburgh named Andy Warhol was earning a comfortable living as a commercial illustrator in New York City. But his ambitions went well beyond that; soon he was painting Coca-Cola bottles and filling a gallery with paintings of Campbell\u2019s Soup cans. He certainly wasn\u2019t the first to make a&#8230;<\/p>\n","protected":false},"featured_media":91079,"comment_status":"closed","ping_status":"closed","template":"","meta":[],"product_brand":[],"product_cat":[4522,13533],"product_tag":[9083,979],"class_list":{"0":"post-91092","1":"product","2":"type-product","3":"status-publish","4":"has-post-thumbnail","6":"product_cat-art-en","7":"product_cat-books","8":"product_tag-art-en","9":"product_tag-contemporary-art-en","10":"pa_author_att-julie-belcove-en","11":"pa_cover-hardcover","12":"pa_format-33-x-25-cm-en","13":"pa_isbn-9781649800732-en","14":"pa_language-eng","15":"pa_pages-272-en-2","16":"pa_published-2022-10-01-en","17":"pa_publisher-assouline-en","19":"first","20":"instock","21":"sale","22":"sold-individually","23":"shipping-taxable","24":"purchasable","25":"product-type-simple"},"yoast_head":"<!-- This site is optimized with the Yoast SEO plugin v27.4 - https:\/\/yoast.com\/product\/yoast-seo-wordpress\/ -->\n<title>Pop Art Style (Julie Belcove) - book \/ album - Folio<\/title>\n<meta name=\"description\" content=\"Wejd\u017a i kup ksi\u0105\u017ck\u0119 Pop Art Style autorstwa Julie Belcove wydan\u0105 przez Assouline (2022-10-01) w formacie 33 x 25 cm (ISBN: 9781649800732). Zapraszamy!\" \/>\n<meta name=\"robots\" content=\"index, follow, max-snippet:-1, max-image-preview:large, max-video-preview:-1\" \/>\n<link rel=\"canonical\" href=\"https:\/\/foliobooks.pl\/en\/shop\/pop-art-style\/\" \/>\n<meta property=\"og:locale\" content=\"en_US\" \/>\n<meta property=\"og:type\" content=\"article\" \/>\n<meta property=\"og:title\" content=\"Pop Art Style (Julie Belcove) - book \/ album - Folio\" \/>\n<meta property=\"og:description\" content=\"Wejd\u017a i kup ksi\u0105\u017ck\u0119 Pop Art Style autorstwa Julie Belcove wydan\u0105 przez Assouline (2022-10-01) w formacie 33 x 25 cm (ISBN: 9781649800732). Zapraszamy!\" \/>\n<meta property=\"og:url\" content=\"https:\/\/foliobooks.pl\/en\/shop\/pop-art-style\/\" \/>\n<meta property=\"og:site_name\" content=\"Folio\" \/>\n<meta property=\"article:modified_time\" content=\"2026-02-18T14:12:44+00:00\" \/>\n<meta property=\"og:image\" content=\"https:\/\/foliobooks.pl\/wp-content\/uploads\/2023\/08\/9781649800732.png\" \/>\n\t<meta property=\"og:image:width\" content=\"570\" \/>\n\t<meta property=\"og:image:height\" content=\"708\" \/>\n\t<meta property=\"og:image:type\" content=\"image\/png\" \/>\n<meta name=\"twitter:card\" content=\"summary_large_image\" \/>\n<meta name=\"twitter:label1\" content=\"Est. reading time\" \/>\n\t<meta name=\"twitter:data1\" content=\"2 minutes\" \/>\n<script type=\"application\/ld+json\" class=\"yoast-schema-graph\">{\"@context\":\"https:\\\/\\\/schema.org\",\"@graph\":[{\"@type\":\"WebPage\",\"@id\":\"https:\\\/\\\/foliobooks.pl\\\/en\\\/shop\\\/pop-art-style\\\/\",\"url\":\"https:\\\/\\\/foliobooks.pl\\\/en\\\/shop\\\/pop-art-style\\\/\",\"name\":\"Pop Art Style (Julie Belcove) - book \\\/ album - Folio\",\"isPartOf\":{\"@id\":\"https:\\\/\\\/foliobooks.pl\\\/en\\\/#website\"},\"primaryImageOfPage\":{\"@id\":\"https:\\\/\\\/foliobooks.pl\\\/en\\\/shop\\\/pop-art-style\\\/#primaryimage\"},\"image\":{\"@id\":\"https:\\\/\\\/foliobooks.pl\\\/en\\\/shop\\\/pop-art-style\\\/#primaryimage\"},\"thumbnailUrl\":\"https:\\\/\\\/foliobooks.pl\\\/wp-content\\\/uploads\\\/2023\\\/08\\\/9781649800732.png\",\"datePublished\":\"2023-08-13T12:12:25+00:00\",\"dateModified\":\"2026-02-18T14:12:44+00:00\",\"description\":\"Wejd\u017a i kup ksi\u0105\u017ck\u0119 Pop Art Style autorstwa Julie Belcove wydan\u0105 przez Assouline (2022-10-01) w formacie 33 x 25 cm (ISBN: 9781649800732). Zapraszamy!\",\"breadcrumb\":{\"@id\":\"https:\\\/\\\/foliobooks.pl\\\/en\\\/shop\\\/pop-art-style\\\/#breadcrumb\"},\"inLanguage\":\"en-US\",\"potentialAction\":[{\"@type\":\"ReadAction\",\"target\":[\"https:\\\/\\\/foliobooks.pl\\\/en\\\/shop\\\/pop-art-style\\\/\"]}]},{\"@type\":\"ImageObject\",\"inLanguage\":\"en-US\",\"@id\":\"https:\\\/\\\/foliobooks.pl\\\/en\\\/shop\\\/pop-art-style\\\/#primaryimage\",\"url\":\"https:\\\/\\\/foliobooks.pl\\\/wp-content\\\/uploads\\\/2023\\\/08\\\/9781649800732.png\",\"contentUrl\":\"https:\\\/\\\/foliobooks.pl\\\/wp-content\\\/uploads\\\/2023\\\/08\\\/9781649800732.png\",\"width\":570,\"height\":708},{\"@type\":\"BreadcrumbList\",\"@id\":\"https:\\\/\\\/foliobooks.pl\\\/en\\\/shop\\\/pop-art-style\\\/#breadcrumb\",\"itemListElement\":[{\"@type\":\"ListItem\",\"position\":1,\"name\":\"Strona g\u0142\u00f3wna\",\"item\":\"https:\\\/\\\/foliobooks.pl\\\/en\\\/\"},{\"@type\":\"ListItem\",\"position\":2,\"name\":\"Shop\",\"item\":\"https:\\\/\\\/foliobooks.pl\\\/en\\\/shop\\\/\"},{\"@type\":\"ListItem\",\"position\":3,\"name\":\"Pop Art Style\"}]},{\"@type\":\"WebSite\",\"@id\":\"https:\\\/\\\/foliobooks.pl\\\/en\\\/#website\",\"url\":\"https:\\\/\\\/foliobooks.pl\\\/en\\\/\",\"name\":\"Folio\",\"description\":\"Ksi\u0119garnia internetowa\",\"potentialAction\":[{\"@type\":\"SearchAction\",\"target\":{\"@type\":\"EntryPoint\",\"urlTemplate\":\"https:\\\/\\\/foliobooks.pl\\\/en\\\/?s={search_term_string}\"},\"query-input\":{\"@type\":\"PropertyValueSpecification\",\"valueRequired\":true,\"valueName\":\"search_term_string\"}}],\"inLanguage\":\"en-US\"}]}<\/script>\n<!-- \/ Yoast SEO plugin. -->","yoast_head_json":{"title":"Pop Art Style (Julie Belcove) - book \/ album - Folio","description":"Wejd\u017a i kup ksi\u0105\u017ck\u0119 Pop Art Style autorstwa Julie Belcove wydan\u0105 przez Assouline (2022-10-01) w formacie 33 x 25 cm (ISBN: 9781649800732). Zapraszamy!","robots":{"index":"index","follow":"follow","max-snippet":"max-snippet:-1","max-image-preview":"max-image-preview:large","max-video-preview":"max-video-preview:-1"},"canonical":"https:\/\/foliobooks.pl\/en\/shop\/pop-art-style\/","og_locale":"en_US","og_type":"article","og_title":"Pop Art Style (Julie Belcove) - book \/ album - Folio","og_description":"Wejd\u017a i kup ksi\u0105\u017ck\u0119 Pop Art Style autorstwa Julie Belcove wydan\u0105 przez Assouline (2022-10-01) w formacie 33 x 25 cm (ISBN: 9781649800732). Zapraszamy!","og_url":"https:\/\/foliobooks.pl\/en\/shop\/pop-art-style\/","og_site_name":"Folio","article_modified_time":"2026-02-18T14:12:44+00:00","og_image":[{"width":570,"height":708,"url":"https:\/\/foliobooks.pl\/wp-content\/uploads\/2023\/08\/9781649800732.png","type":"image\/png"}],"twitter_card":"summary_large_image","twitter_misc":{"Est. reading time":"2 minutes"},"schema":{"@context":"https:\/\/schema.org","@graph":[{"@type":"WebPage","@id":"https:\/\/foliobooks.pl\/en\/shop\/pop-art-style\/","url":"https:\/\/foliobooks.pl\/en\/shop\/pop-art-style\/","name":"Pop Art Style (Julie Belcove) - book \/ album - Folio","isPartOf":{"@id":"https:\/\/foliobooks.pl\/en\/#website"},"primaryImageOfPage":{"@id":"https:\/\/foliobooks.pl\/en\/shop\/pop-art-style\/#primaryimage"},"image":{"@id":"https:\/\/foliobooks.pl\/en\/shop\/pop-art-style\/#primaryimage"},"thumbnailUrl":"https:\/\/foliobooks.pl\/wp-content\/uploads\/2023\/08\/9781649800732.png","datePublished":"2023-08-13T12:12:25+00:00","dateModified":"2026-02-18T14:12:44+00:00","description":"Wejd\u017a i kup ksi\u0105\u017ck\u0119 Pop Art Style autorstwa Julie Belcove wydan\u0105 przez Assouline (2022-10-01) w formacie 33 x 25 cm (ISBN: 9781649800732). Zapraszamy!","breadcrumb":{"@id":"https:\/\/foliobooks.pl\/en\/shop\/pop-art-style\/#breadcrumb"},"inLanguage":"en-US","potentialAction":[{"@type":"ReadAction","target":["https:\/\/foliobooks.pl\/en\/shop\/pop-art-style\/"]}]},{"@type":"ImageObject","inLanguage":"en-US","@id":"https:\/\/foliobooks.pl\/en\/shop\/pop-art-style\/#primaryimage","url":"https:\/\/foliobooks.pl\/wp-content\/uploads\/2023\/08\/9781649800732.png","contentUrl":"https:\/\/foliobooks.pl\/wp-content\/uploads\/2023\/08\/9781649800732.png","width":570,"height":708},{"@type":"BreadcrumbList","@id":"https:\/\/foliobooks.pl\/en\/shop\/pop-art-style\/#breadcrumb","itemListElement":[{"@type":"ListItem","position":1,"name":"Strona g\u0142\u00f3wna","item":"https:\/\/foliobooks.pl\/en\/"},{"@type":"ListItem","position":2,"name":"Shop","item":"https:\/\/foliobooks.pl\/en\/shop\/"},{"@type":"ListItem","position":3,"name":"Pop Art Style"}]},{"@type":"WebSite","@id":"https:\/\/foliobooks.pl\/en\/#website","url":"https:\/\/foliobooks.pl\/en\/","name":"Folio","description":"Ksi\u0119garnia internetowa","potentialAction":[{"@type":"SearchAction","target":{"@type":"EntryPoint","urlTemplate":"https:\/\/foliobooks.pl\/en\/?s={search_term_string}"},"query-input":{"@type":"PropertyValueSpecification","valueRequired":true,"valueName":"search_term_string"}}],"inLanguage":"en-US"}]}},"_links":{"self":[{"href":"https:\/\/foliobooks.pl\/en\/wp-json\/wp\/v2\/product\/91092","targetHints":{"allow":["GET"]}}],"collection":[{"href":"https:\/\/foliobooks.pl\/en\/wp-json\/wp\/v2\/product"}],"about":[{"href":"https:\/\/foliobooks.pl\/en\/wp-json\/wp\/v2\/types\/product"}],"replies":[{"embeddable":true,"href":"https:\/\/foliobooks.pl\/en\/wp-json\/wp\/v2\/comments?post=91092"}],"wp:featuredmedia":[{"embeddable":true,"href":"https:\/\/foliobooks.pl\/en\/wp-json\/wp\/v2\/media\/91079"}],"wp:attachment":[{"href":"https:\/\/foliobooks.pl\/en\/wp-json\/wp\/v2\/media?parent=91092"}],"wp:term":[{"taxonomy":"product_brand","embeddable":true,"href":"https:\/\/foliobooks.pl\/en\/wp-json\/wp\/v2\/product_brand?post=91092"},{"taxonomy":"product_cat","embeddable":true,"href":"https:\/\/foliobooks.pl\/en\/wp-json\/wp\/v2\/product_cat?post=91092"},{"taxonomy":"product_tag","embeddable":true,"href":"https:\/\/foliobooks.pl\/en\/wp-json\/wp\/v2\/product_tag?post=91092"}],"curies":[{"name":"wp","href":"https:\/\/api.w.org\/{rel}","templated":true}]}}