{"id":91060,"date":"2023-08-13T13:45:21","date_gmt":"2023-08-13T11:45:21","guid":{"rendered":"https:\/\/foliobooks.pl\/sklep\/new-york-unseen\/"},"modified":"2023-12-14T16:09:54","modified_gmt":"2023-12-14T15:09:54","slug":"new-york-unseen","status":"publish","type":"product","link":"https:\/\/foliobooks.pl\/en\/shop\/new-york-unseen\/","title":{"rendered":"New York Unseen"},"content":{"rendered":"<p>A unique collection of photographs of the real, authentic New York &#8211; off the beaten tourist track.<\/p>\n<p>No other coffee-table book about New York takes such an authentic look at the people, the streets and the architecture of this cosmopolitan metropolis.<\/p>\n<p>&#8220;New York Unseen&#8221;, like the first part of the &#8220;Unseen series&#8221; (London Unseen), is an authentic approach to the character of a world metropolis. It is the first illustrated book that tries to capture the soul of the Big Apple without focusing on tourist highlights like the Statue of Liberty and Central Park.<\/p>\n<p><iframe loading=\"lazy\" title=\"New York Unseen - teNeues\" width=\"640\" height=\"360\" src=\"https:\/\/www.youtube.com\/embed\/zeM5GJA26LQ?feature=oembed\" frameborder=\"0\" allow=\"accelerometer; autoplay; clipboard-write; encrypted-media; gyroscope; picture-in-picture; web-share\" referrerpolicy=\"strict-origin-when-cross-origin\" allowfullscreen><\/iframe><\/p>\n<p>Instead, Luc Kordas focuses on intimate encounters with the protagonists of the East Coast metropolis: its inhabitants. Embedded in their &#8220;natural habitat&#8221;, the mostly black-and-white pictures of people from the city&#8217;s streets, backyards, flats or trains often tell much more than the thousandth picture of the Empire State Building could.<\/p>\n<p>The result is a photographic smorgasbord of looks, gestures, situations that capture the soul of New York. The city is thus seen from its edges, and at the same time from its innermost &#8211; an unprecedented view of what is probably the most photographed city in the world.<\/p>\n","protected":false},"excerpt":{"rendered":"<p>A unique collection of photographs of the real, authentic New York &#8211; off the beaten tourist track. No other coffee-table book about New York takes such an authentic look at the people, the streets and the architecture of this cosmopolitan metropolis. &#8220;New York Unseen&#8221;, like the first part of the &#8220;Unseen series&#8221; (London Unseen), is&#8230;<\/p>\n","protected":false},"featured_media":91043,"comment_status":"closed","ping_status":"closed","template":"","meta":[],"product_brand":[],"product_cat":[13533,4517],"product_tag":[6143,6121,156],"class_list":{"0":"post-91060","1":"product","2":"type-product","3":"status-publish","4":"has-post-thumbnail","6":"product_cat-books","7":"product_cat-photography-en","8":"product_tag-city","9":"product_tag-photography","10":"product_tag-travel","11":"pa_author_att-luc-kordas-en","12":"pa_cover-hardcover","13":"pa_format-22-x-22-cm-en","14":"pa_isbn-9783961714537-en","15":"pa_language-eng","16":"pa_pages-208-en-3","17":"pa_published-2023-05-02-en","18":"pa_publisher-teneues-en","20":"first","21":"outofstock","22":"sold-individually","23":"shipping-taxable","24":"purchasable","25":"product-type-simple"},"yoast_head":"<!-- This site is optimized with the Yoast SEO plugin v27.6 - https:\/\/yoast.com\/product\/yoast-seo-wordpress\/ -->\n<title>New York Unseen (Luc Kordas) - book \/ album - Folio<\/title>\n<meta name=\"description\" content=\"Wejd\u017a i kup ksi\u0105\u017ck\u0119 New York Unseen autorstwa Luc Kordas wydan\u0105 przez teNeues (2023-05-02) w formacie 22 x 22 cm (ISBN: 9783961714537). Zapraszamy!\" \/>\n<meta name=\"robots\" content=\"index, follow, max-snippet:-1, max-image-preview:large, max-video-preview:-1\" \/>\n<link rel=\"canonical\" href=\"https:\/\/foliobooks.pl\/en\/shop\/new-york-unseen\/\" \/>\n<meta property=\"og:locale\" content=\"en_US\" \/>\n<meta property=\"og:type\" content=\"article\" \/>\n<meta property=\"og:title\" content=\"New York Unseen (Luc Kordas) - book \/ album - Folio\" \/>\n<meta property=\"og:description\" content=\"Wejd\u017a i kup ksi\u0105\u017ck\u0119 New York Unseen autorstwa Luc Kordas wydan\u0105 przez teNeues (2023-05-02) w formacie 22 x 22 cm (ISBN: 9783961714537). Zapraszamy!\" \/>\n<meta property=\"og:url\" content=\"https:\/\/foliobooks.pl\/en\/shop\/new-york-unseen\/\" \/>\n<meta property=\"og:site_name\" content=\"Folio\" \/>\n<meta property=\"article:modified_time\" content=\"2023-12-14T15:09:54+00:00\" \/>\n<meta property=\"og:image\" content=\"https:\/\/foliobooks.pl\/wp-content\/uploads\/2023\/08\/9783961714537.png\" \/>\n\t<meta property=\"og:image:width\" content=\"570\" \/>\n\t<meta property=\"og:image:height\" content=\"708\" \/>\n\t<meta property=\"og:image:type\" content=\"image\/png\" \/>\n<meta name=\"twitter:card\" content=\"summary_large_image\" \/>\n<meta name=\"twitter:label1\" content=\"Est. reading time\" \/>\n\t<meta name=\"twitter:data1\" content=\"2 minutes\" \/>\n<script type=\"application\/ld+json\" class=\"yoast-schema-graph\">{\"@context\":\"https:\\\/\\\/schema.org\",\"@graph\":[{\"@type\":\"WebPage\",\"@id\":\"https:\\\/\\\/foliobooks.pl\\\/en\\\/shop\\\/new-york-unseen\\\/\",\"url\":\"https:\\\/\\\/foliobooks.pl\\\/en\\\/shop\\\/new-york-unseen\\\/\",\"name\":\"New York Unseen (Luc Kordas) - book \\\/ album - Folio\",\"isPartOf\":{\"@id\":\"https:\\\/\\\/foliobooks.pl\\\/en\\\/#website\"},\"primaryImageOfPage\":{\"@id\":\"https:\\\/\\\/foliobooks.pl\\\/en\\\/shop\\\/new-york-unseen\\\/#primaryimage\"},\"image\":{\"@id\":\"https:\\\/\\\/foliobooks.pl\\\/en\\\/shop\\\/new-york-unseen\\\/#primaryimage\"},\"thumbnailUrl\":\"https:\\\/\\\/foliobooks.pl\\\/wp-content\\\/uploads\\\/2023\\\/08\\\/9783961714537.png\",\"datePublished\":\"2023-08-13T11:45:21+00:00\",\"dateModified\":\"2023-12-14T15:09:54+00:00\",\"description\":\"Wejd\u017a i kup ksi\u0105\u017ck\u0119 New York Unseen autorstwa Luc Kordas wydan\u0105 przez teNeues (2023-05-02) w formacie 22 x 22 cm (ISBN: 9783961714537). Zapraszamy!\",\"breadcrumb\":{\"@id\":\"https:\\\/\\\/foliobooks.pl\\\/en\\\/shop\\\/new-york-unseen\\\/#breadcrumb\"},\"inLanguage\":\"en-US\",\"potentialAction\":[{\"@type\":\"ReadAction\",\"target\":[\"https:\\\/\\\/foliobooks.pl\\\/en\\\/shop\\\/new-york-unseen\\\/\"]}]},{\"@type\":\"ImageObject\",\"inLanguage\":\"en-US\",\"@id\":\"https:\\\/\\\/foliobooks.pl\\\/en\\\/shop\\\/new-york-unseen\\\/#primaryimage\",\"url\":\"https:\\\/\\\/foliobooks.pl\\\/wp-content\\\/uploads\\\/2023\\\/08\\\/9783961714537.png\",\"contentUrl\":\"https:\\\/\\\/foliobooks.pl\\\/wp-content\\\/uploads\\\/2023\\\/08\\\/9783961714537.png\",\"width\":570,\"height\":708},{\"@type\":\"BreadcrumbList\",\"@id\":\"https:\\\/\\\/foliobooks.pl\\\/en\\\/shop\\\/new-york-unseen\\\/#breadcrumb\",\"itemListElement\":[{\"@type\":\"ListItem\",\"position\":1,\"name\":\"Strona g\u0142\u00f3wna\",\"item\":\"https:\\\/\\\/foliobooks.pl\\\/en\\\/\"},{\"@type\":\"ListItem\",\"position\":2,\"name\":\"Shop\",\"item\":\"https:\\\/\\\/foliobooks.pl\\\/en\\\/shop\\\/\"},{\"@type\":\"ListItem\",\"position\":3,\"name\":\"New York Unseen\"}]},{\"@type\":\"WebSite\",\"@id\":\"https:\\\/\\\/foliobooks.pl\\\/en\\\/#website\",\"url\":\"https:\\\/\\\/foliobooks.pl\\\/en\\\/\",\"name\":\"Folio\",\"description\":\"Ksi\u0119garnia internetowa\",\"potentialAction\":[{\"@type\":\"SearchAction\",\"target\":{\"@type\":\"EntryPoint\",\"urlTemplate\":\"https:\\\/\\\/foliobooks.pl\\\/en\\\/?s={search_term_string}\"},\"query-input\":{\"@type\":\"PropertyValueSpecification\",\"valueRequired\":true,\"valueName\":\"search_term_string\"}}],\"inLanguage\":\"en-US\"}]}<\/script>\n<!-- \/ Yoast SEO plugin. -->","yoast_head_json":{"title":"New York Unseen (Luc Kordas) - book \/ album - Folio","description":"Wejd\u017a i kup ksi\u0105\u017ck\u0119 New York Unseen autorstwa Luc Kordas wydan\u0105 przez teNeues (2023-05-02) w formacie 22 x 22 cm (ISBN: 9783961714537). Zapraszamy!","robots":{"index":"index","follow":"follow","max-snippet":"max-snippet:-1","max-image-preview":"max-image-preview:large","max-video-preview":"max-video-preview:-1"},"canonical":"https:\/\/foliobooks.pl\/en\/shop\/new-york-unseen\/","og_locale":"en_US","og_type":"article","og_title":"New York Unseen (Luc Kordas) - book \/ album - Folio","og_description":"Wejd\u017a i kup ksi\u0105\u017ck\u0119 New York Unseen autorstwa Luc Kordas wydan\u0105 przez teNeues (2023-05-02) w formacie 22 x 22 cm (ISBN: 9783961714537). Zapraszamy!","og_url":"https:\/\/foliobooks.pl\/en\/shop\/new-york-unseen\/","og_site_name":"Folio","article_modified_time":"2023-12-14T15:09:54+00:00","og_image":[{"width":570,"height":708,"url":"https:\/\/foliobooks.pl\/wp-content\/uploads\/2023\/08\/9783961714537.png","type":"image\/png"}],"twitter_card":"summary_large_image","twitter_misc":{"Est. reading time":"2 minutes"},"schema":{"@context":"https:\/\/schema.org","@graph":[{"@type":"WebPage","@id":"https:\/\/foliobooks.pl\/en\/shop\/new-york-unseen\/","url":"https:\/\/foliobooks.pl\/en\/shop\/new-york-unseen\/","name":"New York Unseen (Luc Kordas) - book \/ album - Folio","isPartOf":{"@id":"https:\/\/foliobooks.pl\/en\/#website"},"primaryImageOfPage":{"@id":"https:\/\/foliobooks.pl\/en\/shop\/new-york-unseen\/#primaryimage"},"image":{"@id":"https:\/\/foliobooks.pl\/en\/shop\/new-york-unseen\/#primaryimage"},"thumbnailUrl":"https:\/\/foliobooks.pl\/wp-content\/uploads\/2023\/08\/9783961714537.png","datePublished":"2023-08-13T11:45:21+00:00","dateModified":"2023-12-14T15:09:54+00:00","description":"Wejd\u017a i kup ksi\u0105\u017ck\u0119 New York Unseen autorstwa Luc Kordas wydan\u0105 przez teNeues (2023-05-02) w formacie 22 x 22 cm (ISBN: 9783961714537). Zapraszamy!","breadcrumb":{"@id":"https:\/\/foliobooks.pl\/en\/shop\/new-york-unseen\/#breadcrumb"},"inLanguage":"en-US","potentialAction":[{"@type":"ReadAction","target":["https:\/\/foliobooks.pl\/en\/shop\/new-york-unseen\/"]}]},{"@type":"ImageObject","inLanguage":"en-US","@id":"https:\/\/foliobooks.pl\/en\/shop\/new-york-unseen\/#primaryimage","url":"https:\/\/foliobooks.pl\/wp-content\/uploads\/2023\/08\/9783961714537.png","contentUrl":"https:\/\/foliobooks.pl\/wp-content\/uploads\/2023\/08\/9783961714537.png","width":570,"height":708},{"@type":"BreadcrumbList","@id":"https:\/\/foliobooks.pl\/en\/shop\/new-york-unseen\/#breadcrumb","itemListElement":[{"@type":"ListItem","position":1,"name":"Strona g\u0142\u00f3wna","item":"https:\/\/foliobooks.pl\/en\/"},{"@type":"ListItem","position":2,"name":"Shop","item":"https:\/\/foliobooks.pl\/en\/shop\/"},{"@type":"ListItem","position":3,"name":"New York Unseen"}]},{"@type":"WebSite","@id":"https:\/\/foliobooks.pl\/en\/#website","url":"https:\/\/foliobooks.pl\/en\/","name":"Folio","description":"Ksi\u0119garnia internetowa","potentialAction":[{"@type":"SearchAction","target":{"@type":"EntryPoint","urlTemplate":"https:\/\/foliobooks.pl\/en\/?s={search_term_string}"},"query-input":{"@type":"PropertyValueSpecification","valueRequired":true,"valueName":"search_term_string"}}],"inLanguage":"en-US"}]}},"_links":{"self":[{"href":"https:\/\/foliobooks.pl\/en\/wp-json\/wp\/v2\/product\/91060","targetHints":{"allow":["GET"]}}],"collection":[{"href":"https:\/\/foliobooks.pl\/en\/wp-json\/wp\/v2\/product"}],"about":[{"href":"https:\/\/foliobooks.pl\/en\/wp-json\/wp\/v2\/types\/product"}],"replies":[{"embeddable":true,"href":"https:\/\/foliobooks.pl\/en\/wp-json\/wp\/v2\/comments?post=91060"}],"wp:featuredmedia":[{"embeddable":true,"href":"https:\/\/foliobooks.pl\/en\/wp-json\/wp\/v2\/media\/91043"}],"wp:attachment":[{"href":"https:\/\/foliobooks.pl\/en\/wp-json\/wp\/v2\/media?parent=91060"}],"wp:term":[{"taxonomy":"product_brand","embeddable":true,"href":"https:\/\/foliobooks.pl\/en\/wp-json\/wp\/v2\/product_brand?post=91060"},{"taxonomy":"product_cat","embeddable":true,"href":"https:\/\/foliobooks.pl\/en\/wp-json\/wp\/v2\/product_cat?post=91060"},{"taxonomy":"product_tag","embeddable":true,"href":"https:\/\/foliobooks.pl\/en\/wp-json\/wp\/v2\/product_tag?post=91060"}],"curies":[{"name":"wp","href":"https:\/\/api.w.org\/{rel}","templated":true}]}}