{"id":9059,"date":"2015-08-27T13:46:08","date_gmt":"2015-08-27T11:46:08","guid":{"rendered":"http:\/\/foliobooks.pl\/shop\/leonardo-da-vinci-2\/"},"modified":"2021-03-12T16:32:47","modified_gmt":"2021-03-12T15:32:47","slug":"leonardo-da-vinci","status":"publish","type":"product","link":"https:\/\/foliobooks.pl\/en\/shop\/leonardo-da-vinci\/","title":{"rendered":"Leonardo da Vinci"},"content":{"rendered":"<p>Leonardo da Vinci (1452-1519) possessed one of the greatest minds of all time; his importance and influence are inestimable. This two-volume, midsize format comprehensive survey is the most complete book ever made on the subject of this Italian painter, sculptor, architect, engineer, scientist and all-around genius. With huge, full-bleed details of Leonardo\u2019s masterworks, this highly original publication allows the reader to inspect the subtlest facets of his brushstrokes.<\/p>\n<ul>\n<li>Part I explores Leonardo\u2019s life and work in ten chapters. All of his paintings are interpreted in depth, with <em>The Annunciation<\/em> and <em>The Last Supper<\/em> featured on large double-spreads.<\/li>\n<li>Part II comprises a <em>catalogue raisonn\u00e9<\/em> of Leonardo\u2019s paintings, which covers all of his surviving and lost painted works and includes texts describing their states of preservation.<\/li>\n<li>Part III contains an extensive catalogue of his drawings (numbering in the thousands, they cannot all be reproduced in one book); 663 are presented, arranged by category (architecture, technical, anatomical, figures, proportion, cartography, etc).<\/li>\n<\/ul>\n","protected":false},"excerpt":{"rendered":"<p>Leonardo da Vinci (1452-1519) possessed one of the greatest minds of all time; his importance and influence are inestimable. This two-volume, midsize format comprehensive survey is the most complete book ever made on the subject of this Italian painter, sculptor, architect, engineer, scientist and all-around genius. With huge, full-bleed details of Leonardo\u2019s masterworks, this highly&#8230;<\/p>\n","protected":false},"featured_media":8962,"comment_status":"closed","ping_status":"closed","template":"","meta":[],"product_brand":[],"product_cat":[4522],"product_tag":[159,1146,154,524],"class_list":{"0":"post-9059","1":"product","2":"type-product","3":"status-publish","4":"has-post-thumbnail","6":"product_cat-art-en","7":"product_tag-art-movements-en","8":"product_tag-great-masters-en","9":"product_tag-monographs","10":"product_tag-painting-en","11":"pa_author_att-frank-zollner-en","12":"pa_author_att-johannes-nathan-en","13":"pa_cover-softcover-slipcase","14":"pa_format-22-x-29-cm-en","15":"pa_isbn-9783836529754-en","16":"pa_language-eng","17":"pa_pages-700-en","18":"pa_published-2011-08-29-en","19":"pa_publisher-taschen-en-en","21":"first","22":"outofstock","23":"sold-individually","24":"shipping-taxable","25":"purchasable","26":"product-type-simple"},"yoast_head":"<!-- This site is optimized with the Yoast SEO plugin v27.4 - https:\/\/yoast.com\/product\/yoast-seo-wordpress\/ -->\n<title>Leonardo da Vinci (Frank Z\u00f6llner, Johannes Nathan) - book \/ album - Folio<\/title>\n<meta name=\"description\" content=\"Wejd\u017a i kup ksi\u0105\u017ck\u0119 Leonardo da Vinci autorstwa Frank Z\u00f6llner, Johannes Nathan wydan\u0105 przez TASCHEN (2011-08-29) w formacie 22 x 29 cm (ISBN: 9783836529754). Zapraszamy!\" \/>\n<meta name=\"robots\" content=\"index, follow, max-snippet:-1, max-image-preview:large, max-video-preview:-1\" \/>\n<link rel=\"canonical\" href=\"https:\/\/foliobooks.pl\/en\/shop\/leonardo-da-vinci\/\" \/>\n<meta property=\"og:locale\" content=\"en_US\" \/>\n<meta property=\"og:type\" content=\"article\" \/>\n<meta property=\"og:title\" content=\"Leonardo da Vinci (Frank Z\u00f6llner, Johannes Nathan) - book \/ album - Folio\" \/>\n<meta property=\"og:description\" content=\"Wejd\u017a i kup ksi\u0105\u017ck\u0119 Leonardo da Vinci autorstwa Frank Z\u00f6llner, Johannes Nathan wydan\u0105 przez TASCHEN (2011-08-29) w formacie 22 x 29 cm (ISBN: 9783836529754). Zapraszamy!\" \/>\n<meta property=\"og:url\" content=\"https:\/\/foliobooks.pl\/en\/shop\/leonardo-da-vinci\/\" \/>\n<meta property=\"og:site_name\" content=\"Folio\" \/>\n<meta property=\"article:modified_time\" content=\"2021-03-12T15:32:47+00:00\" \/>\n<meta property=\"og:image\" content=\"https:\/\/foliobooks.pl\/wp-content\/uploads\/2015\/08\/9783836529754.png\" \/>\n\t<meta property=\"og:image:width\" content=\"570\" \/>\n\t<meta property=\"og:image:height\" content=\"708\" \/>\n\t<meta property=\"og:image:type\" content=\"image\/png\" \/>\n<meta name=\"twitter:card\" content=\"summary_large_image\" \/>\n<meta name=\"twitter:label1\" content=\"Est. reading time\" \/>\n\t<meta name=\"twitter:data1\" content=\"1 minute\" \/>\n<script type=\"application\/ld+json\" class=\"yoast-schema-graph\">{\"@context\":\"https:\\\/\\\/schema.org\",\"@graph\":[{\"@type\":\"WebPage\",\"@id\":\"https:\\\/\\\/foliobooks.pl\\\/en\\\/shop\\\/leonardo-da-vinci\\\/\",\"url\":\"https:\\\/\\\/foliobooks.pl\\\/en\\\/shop\\\/leonardo-da-vinci\\\/\",\"name\":\"Leonardo da Vinci (Frank Z\u00f6llner, Johannes Nathan) - book \\\/ album - Folio\",\"isPartOf\":{\"@id\":\"https:\\\/\\\/foliobooks.pl\\\/en\\\/#website\"},\"primaryImageOfPage\":{\"@id\":\"https:\\\/\\\/foliobooks.pl\\\/en\\\/shop\\\/leonardo-da-vinci\\\/#primaryimage\"},\"image\":{\"@id\":\"https:\\\/\\\/foliobooks.pl\\\/en\\\/shop\\\/leonardo-da-vinci\\\/#primaryimage\"},\"thumbnailUrl\":\"https:\\\/\\\/foliobooks.pl\\\/wp-content\\\/uploads\\\/2015\\\/08\\\/9783836529754.png\",\"datePublished\":\"2015-08-27T11:46:08+00:00\",\"dateModified\":\"2021-03-12T15:32:47+00:00\",\"description\":\"Wejd\u017a i kup ksi\u0105\u017ck\u0119 Leonardo da Vinci autorstwa Frank Z\u00f6llner, Johannes Nathan wydan\u0105 przez TASCHEN (2011-08-29) w formacie 22 x 29 cm (ISBN: 9783836529754). Zapraszamy!\",\"breadcrumb\":{\"@id\":\"https:\\\/\\\/foliobooks.pl\\\/en\\\/shop\\\/leonardo-da-vinci\\\/#breadcrumb\"},\"inLanguage\":\"en-US\",\"potentialAction\":[{\"@type\":\"ReadAction\",\"target\":[\"https:\\\/\\\/foliobooks.pl\\\/en\\\/shop\\\/leonardo-da-vinci\\\/\"]}]},{\"@type\":\"ImageObject\",\"inLanguage\":\"en-US\",\"@id\":\"https:\\\/\\\/foliobooks.pl\\\/en\\\/shop\\\/leonardo-da-vinci\\\/#primaryimage\",\"url\":\"https:\\\/\\\/foliobooks.pl\\\/wp-content\\\/uploads\\\/2015\\\/08\\\/9783836529754.png\",\"contentUrl\":\"https:\\\/\\\/foliobooks.pl\\\/wp-content\\\/uploads\\\/2015\\\/08\\\/9783836529754.png\",\"width\":570,\"height\":708},{\"@type\":\"BreadcrumbList\",\"@id\":\"https:\\\/\\\/foliobooks.pl\\\/en\\\/shop\\\/leonardo-da-vinci\\\/#breadcrumb\",\"itemListElement\":[{\"@type\":\"ListItem\",\"position\":1,\"name\":\"Strona g\u0142\u00f3wna\",\"item\":\"https:\\\/\\\/foliobooks.pl\\\/en\\\/\"},{\"@type\":\"ListItem\",\"position\":2,\"name\":\"Shop\",\"item\":\"https:\\\/\\\/foliobooks.pl\\\/en\\\/shop\\\/\"},{\"@type\":\"ListItem\",\"position\":3,\"name\":\"Leonardo da Vinci\"}]},{\"@type\":\"WebSite\",\"@id\":\"https:\\\/\\\/foliobooks.pl\\\/en\\\/#website\",\"url\":\"https:\\\/\\\/foliobooks.pl\\\/en\\\/\",\"name\":\"Folio\",\"description\":\"Ksi\u0119garnia internetowa\",\"potentialAction\":[{\"@type\":\"SearchAction\",\"target\":{\"@type\":\"EntryPoint\",\"urlTemplate\":\"https:\\\/\\\/foliobooks.pl\\\/en\\\/?s={search_term_string}\"},\"query-input\":{\"@type\":\"PropertyValueSpecification\",\"valueRequired\":true,\"valueName\":\"search_term_string\"}}],\"inLanguage\":\"en-US\"}]}<\/script>\n<!-- \/ Yoast SEO plugin. -->","yoast_head_json":{"title":"Leonardo da Vinci (Frank Z\u00f6llner, Johannes Nathan) - book \/ album - Folio","description":"Wejd\u017a i kup ksi\u0105\u017ck\u0119 Leonardo da Vinci autorstwa Frank Z\u00f6llner, Johannes Nathan wydan\u0105 przez TASCHEN (2011-08-29) w formacie 22 x 29 cm (ISBN: 9783836529754). Zapraszamy!","robots":{"index":"index","follow":"follow","max-snippet":"max-snippet:-1","max-image-preview":"max-image-preview:large","max-video-preview":"max-video-preview:-1"},"canonical":"https:\/\/foliobooks.pl\/en\/shop\/leonardo-da-vinci\/","og_locale":"en_US","og_type":"article","og_title":"Leonardo da Vinci (Frank Z\u00f6llner, Johannes Nathan) - book \/ album - Folio","og_description":"Wejd\u017a i kup ksi\u0105\u017ck\u0119 Leonardo da Vinci autorstwa Frank Z\u00f6llner, Johannes Nathan wydan\u0105 przez TASCHEN (2011-08-29) w formacie 22 x 29 cm (ISBN: 9783836529754). Zapraszamy!","og_url":"https:\/\/foliobooks.pl\/en\/shop\/leonardo-da-vinci\/","og_site_name":"Folio","article_modified_time":"2021-03-12T15:32:47+00:00","og_image":[{"width":570,"height":708,"url":"https:\/\/foliobooks.pl\/wp-content\/uploads\/2015\/08\/9783836529754.png","type":"image\/png"}],"twitter_card":"summary_large_image","twitter_misc":{"Est. reading time":"1 minute"},"schema":{"@context":"https:\/\/schema.org","@graph":[{"@type":"WebPage","@id":"https:\/\/foliobooks.pl\/en\/shop\/leonardo-da-vinci\/","url":"https:\/\/foliobooks.pl\/en\/shop\/leonardo-da-vinci\/","name":"Leonardo da Vinci (Frank Z\u00f6llner, Johannes Nathan) - book \/ album - Folio","isPartOf":{"@id":"https:\/\/foliobooks.pl\/en\/#website"},"primaryImageOfPage":{"@id":"https:\/\/foliobooks.pl\/en\/shop\/leonardo-da-vinci\/#primaryimage"},"image":{"@id":"https:\/\/foliobooks.pl\/en\/shop\/leonardo-da-vinci\/#primaryimage"},"thumbnailUrl":"https:\/\/foliobooks.pl\/wp-content\/uploads\/2015\/08\/9783836529754.png","datePublished":"2015-08-27T11:46:08+00:00","dateModified":"2021-03-12T15:32:47+00:00","description":"Wejd\u017a i kup ksi\u0105\u017ck\u0119 Leonardo da Vinci autorstwa Frank Z\u00f6llner, Johannes Nathan wydan\u0105 przez TASCHEN (2011-08-29) w formacie 22 x 29 cm (ISBN: 9783836529754). Zapraszamy!","breadcrumb":{"@id":"https:\/\/foliobooks.pl\/en\/shop\/leonardo-da-vinci\/#breadcrumb"},"inLanguage":"en-US","potentialAction":[{"@type":"ReadAction","target":["https:\/\/foliobooks.pl\/en\/shop\/leonardo-da-vinci\/"]}]},{"@type":"ImageObject","inLanguage":"en-US","@id":"https:\/\/foliobooks.pl\/en\/shop\/leonardo-da-vinci\/#primaryimage","url":"https:\/\/foliobooks.pl\/wp-content\/uploads\/2015\/08\/9783836529754.png","contentUrl":"https:\/\/foliobooks.pl\/wp-content\/uploads\/2015\/08\/9783836529754.png","width":570,"height":708},{"@type":"BreadcrumbList","@id":"https:\/\/foliobooks.pl\/en\/shop\/leonardo-da-vinci\/#breadcrumb","itemListElement":[{"@type":"ListItem","position":1,"name":"Strona g\u0142\u00f3wna","item":"https:\/\/foliobooks.pl\/en\/"},{"@type":"ListItem","position":2,"name":"Shop","item":"https:\/\/foliobooks.pl\/en\/shop\/"},{"@type":"ListItem","position":3,"name":"Leonardo da Vinci"}]},{"@type":"WebSite","@id":"https:\/\/foliobooks.pl\/en\/#website","url":"https:\/\/foliobooks.pl\/en\/","name":"Folio","description":"Ksi\u0119garnia internetowa","potentialAction":[{"@type":"SearchAction","target":{"@type":"EntryPoint","urlTemplate":"https:\/\/foliobooks.pl\/en\/?s={search_term_string}"},"query-input":{"@type":"PropertyValueSpecification","valueRequired":true,"valueName":"search_term_string"}}],"inLanguage":"en-US"}]}},"_links":{"self":[{"href":"https:\/\/foliobooks.pl\/en\/wp-json\/wp\/v2\/product\/9059","targetHints":{"allow":["GET"]}}],"collection":[{"href":"https:\/\/foliobooks.pl\/en\/wp-json\/wp\/v2\/product"}],"about":[{"href":"https:\/\/foliobooks.pl\/en\/wp-json\/wp\/v2\/types\/product"}],"replies":[{"embeddable":true,"href":"https:\/\/foliobooks.pl\/en\/wp-json\/wp\/v2\/comments?post=9059"}],"wp:featuredmedia":[{"embeddable":true,"href":"https:\/\/foliobooks.pl\/en\/wp-json\/wp\/v2\/media\/8962"}],"wp:attachment":[{"href":"https:\/\/foliobooks.pl\/en\/wp-json\/wp\/v2\/media?parent=9059"}],"wp:term":[{"taxonomy":"product_brand","embeddable":true,"href":"https:\/\/foliobooks.pl\/en\/wp-json\/wp\/v2\/product_brand?post=9059"},{"taxonomy":"product_cat","embeddable":true,"href":"https:\/\/foliobooks.pl\/en\/wp-json\/wp\/v2\/product_cat?post=9059"},{"taxonomy":"product_tag","embeddable":true,"href":"https:\/\/foliobooks.pl\/en\/wp-json\/wp\/v2\/product_tag?post=9059"}],"curies":[{"name":"wp","href":"https:\/\/api.w.org\/{rel}","templated":true}]}}